{"id":128,"date":"2016-02-23T12:12:52","date_gmt":"2016-02-23T18:12:52","guid":{"rendered":"http:\/\/memoriasdehacienda.colmex.mx\/mhwp\/?page_id=128"},"modified":"2023-03-16T12:52:11","modified_gmt":"2023-03-16T18:52:11","slug":"1830-2","status":"publish","type":"page","link":"https:\/\/memoriasdehacienda.institutomora.edu.mx\/?page_id=128","title":{"rendered":"1830"},"content":{"rendered":"<table style=\"text-align: left; border-color: #ffffff;\" border=\"0\" width=\"800\" cellspacing=\"6\" cellpadding=\"0\">\n<tbody>\n<tr style=\"height: 24px; text-align: justify;\">\n<td style=\"height: 24px; border-color: #ffffff; width: 591px; text-align: justify;\" valign=\"top\" width=\"591\"><span style=\"font-size: 12pt; color: #000000;\"><span style=\"font-size: 13pt;\">11.-<\/span> <a href=\"https:\/\/memoriasdehacienda.institutomora.edu.mx\/?page_id=567\"><span style=\"color: #0000ff;\">Memoria del Secretario del Despacho de Hacienda. Le\u00edda en la C\u00e1mara de Diputados el d\u00eda 24, y en la de Senadores el 27 de enero de 1831.<\/span><\/a><\/span><\/td>\n<\/tr>\n<tr style=\"height: 48px; text-align: justify;\">\n<td style=\"height: 24px; border-color: #ffffff; width: 591px;\" valign=\"top\" width=\"591\"><span style=\"font-size: 12pt; color: #000000;\"><span style=\"font-size: 13pt;\">12.- <a href=\"https:\/\/memoriasdehacienda.institutomora.edu.mx\/?page_id=569\"><span style=\"color: #0000ff;\">Memoria del Secretario del Despacho de Hacienda. Le\u00edda en la c\u00e1mara de senadores el d\u00eda 15, y en la de diputados el 17 de febrero de 1832.<\/span><\/a><\/span><\/span><\/td>\n<\/tr>\n<tr style=\"height: 48px; text-align: justify;\">\n<td style=\"height: 24px; border-color: #ffffff; width: 591px;\" valign=\"top\" width=\"591\"><span style=\"font-size: 12pt; color: #000000;\"><span style=\"font-size: 13pt;\">13.- <\/span><a href=\"https:\/\/memoriasdehacienda.institutomora.edu.mx\/?page_id=571\"><span style=\"color: #0000ff;\">Memoria del Secretario del despacho de Hacienda, le\u00edda en las c\u00e1maras del Congreso General el d\u00eda 20 de mayo de 1833.<\/span><\/a><\/span><\/td>\n<\/tr>\n<tr style=\"height: 72px; text-align: justify;\">\n<td style=\"height: 24px; border-color: #ffffff; width: 591px;\" valign=\"top\" width=\"591\"><span style=\"font-size: 12pt; color: #000000;\"><span style=\"font-size: 13pt;\">14.- <\/span><a href=\"https:\/\/memoriasdehacienda.institutomora.edu.mx\/?page_id=573\"><span style=\"color: #0000ff;\">Memoria hasta hoy in\u00e9dita que de la Hacienda Federal de los Estados Unidos Mexicanos form\u00f3 con fecha de abril de 1834 el secretario del ramo don Antonio Garay para presentarla al Congreso General de la Uni\u00f3n. Impresa por acuerdo de 14 de marzo de 1913.<\/span><\/a><\/span><\/td>\n<\/tr>\n<tr style=\"height: 72px; text-align: justify;\">\n<td style=\"height: 24px; border-color: #ffffff; width: 591px;\" valign=\"top\" width=\"591\"><span style=\"font-size: 12pt; color: #000000;\"><span style=\"font-size: 13pt;\">15.- <\/span><a href=\"https:\/\/memoriasdehacienda.institutomora.edu.mx\/?page_id=575\"><span style=\"color: #0000ff;\">Memoria de la Hacienda Federal de los Estados Unidos Mexicanos, presentada al Congreso general de la Uni\u00f3n por el secretario del ramo en 22 de mayo de 1835. <\/span><\/a><\/span><\/td>\n<\/tr>\n<tr style=\"height: 48px; text-align: justify;\">\n<td style=\"height: 24px; border-color: #ffffff; width: 591px;\" valign=\"top\" width=\"591\"><span style=\"font-size: 12pt; color: #000000;\"><span style=\"font-size: 13pt;\">16.- <\/span><a href=\"https:\/\/memoriasdehacienda.institutomora.edu.mx\/?page_id=577\"><span style=\"color: #0000ff;\">Memoria de la Hacienda General de la Rep\u00fablica Mexicana, presentada a las C\u00e1maras por el Ministro del Ramo en 29 de julio de 1837.<\/span><\/a><\/span><\/td>\n<\/tr>\n<tr style=\"height: 48px; text-align: justify;\">\n<td style=\"height: 24px; border-color: #ffffff; width: 591px;\" valign=\"top\" width=\"591\"><span style=\"font-size: 12pt; color: #000000;\"><span style=\"font-size: 13pt;\">17.- <\/span><a href=\"https:\/\/memoriasdehacienda.institutomora.edu.mx\/?page_id=579\"><span style=\"color: #0000ff;\">Memoria de la hacienda nacional de la Rep\u00fablica Mexicana, presentada a las c\u00e1maras por el ministro del ramo en julio de 1838, (primera parte).<\/span><\/a><\/span><\/td>\n<\/tr>\n<tr style=\"height: 48px; text-align: justify;\">\n<td style=\"height: 24px; border-color: #ffffff; width: 591px;\" valign=\"top\" width=\"591\"><span style=\"font-size: 12pt; color: #000000;\"><span style=\"font-size: 13pt;\">17(A).- <\/span><a href=\"https:\/\/memoriasdehacienda.institutomora.edu.mx\/?page_id=1015\"><span style=\"color: #0000ff;\">Memoria de la hacienda nacional de la Rep\u00fablica Mexicana, presentada a las c\u00e1maras por el ministro del ramo en julio de 1838, (segunda parte).<\/span><\/a><\/span><\/td>\n<\/tr>\n<tr style=\"height: 48px; text-align: justify;\">\n<td style=\"height: 24px; border-color: #ffffff; width: 591px;\" valign=\"top\" width=\"591\"><span style=\"font-size: 12pt; color: #000000;\"><span style=\"font-size: 13pt;\">18.- <\/span><a href=\"https:\/\/memoriasdehacienda.institutomora.edu.mx\/?page_id=581\"><span style=\"color: #0000ff;\">Memoria de la Hacienda Nacional de la Rep\u00fablica Mexicana, presentada a las C\u00e1maras por el Ministro del ramo en julio de 1839.<\/span><\/a><\/span><\/td>\n<\/tr>\n<tr style=\"height: 48px;\">\n<td style=\"height: 24px; border-color: #ffffff; width: 591px; text-align: justify;\" valign=\"top\" width=\"591\"><span style=\"font-size: 12pt; color: #000000;\"><span style=\"font-size: 13pt;\">19.- <\/span><a href=\"https:\/\/memoriasdehacienda.institutomora.edu.mx\/?page_id=583\"><span style=\"color: #0000ff;\">Memoria de Hacienda, durante el tiempo en que Francisco Mar\u00eda Lombardo fue Secretario de Estado y del Despacho de la misma, 1839.<\/span><\/a><\/span><\/td>\n<\/tr>\n<\/tbody>\n<\/table>\n","protected":false},"excerpt":{"rendered":"<p>11.- Memoria del Secretario del Despacho de Hacienda. Le\u00edda en la C\u00e1mara de Diputados el d\u00eda 24, y en la de Senadores el 27 de enero de 1831. 12.- Memoria del Secretario del Despacho de Hacienda. Le\u00edda en la c\u00e1mara de senadores el d\u00eda 15, y en la de diputados el 17 de febrero de<\/p>\n<p><a href=\"https:\/\/memoriasdehacienda.institutomora.edu.mx\/?page_id=128\" class=\"more-link themebutton\">Read More<\/a><\/p>\n","protected":false},"author":2,"featured_media":0,"parent":0,"menu_order":0,"comment_status":"closed","ping_status":"closed","template":"","meta":[],"_links":{"self":[{"href":"https:\/\/memoriasdehacienda.institutomora.edu.mx\/index.php?rest_route=\/wp\/v2\/pages\/128"}],"collection":[{"href":"https:\/\/memoriasdehacienda.institutomora.edu.mx\/index.php?rest_route=\/wp\/v2\/pages"}],"about":[{"href":"https:\/\/memoriasdehacienda.institutomora.edu.mx\/index.php?rest_route=\/wp\/v2\/types\/page"}],"author":[{"embeddable":true,"href":"https:\/\/memoriasdehacienda.institutomora.edu.mx\/index.php?rest_route=\/wp\/v2\/users\/2"}],"replies":[{"embeddable":true,"href":"https:\/\/memoriasdehacienda.institutomora.edu.mx\/index.php?rest_route=%2Fwp%2Fv2%2Fcomments&post=128"}],"version-history":[{"count":19,"href":"https:\/\/memoriasdehacienda.institutomora.edu.mx\/index.php?rest_route=\/wp\/v2\/pages\/128\/revisions"}],"predecessor-version":[{"id":8625,"href":"https:\/\/memoriasdehacienda.institutomora.edu.mx\/index.php?rest_route=\/wp\/v2\/pages\/128\/revisions\/8625"}],"wp:attachment":[{"href":"https:\/\/memoriasdehacienda.institutomora.edu.mx\/index.php?rest_route=%2Fwp%2Fv2%2Fmedia&parent=128"}],"curies":[{"name":"wp","href":"https:\/\/api.w.org\/{rel}","templated":true}]}}