{"id":132,"date":"2016-02-23T12:16:21","date_gmt":"2016-02-23T18:16:21","guid":{"rendered":"http:\/\/memoriasdehacienda.colmex.mx\/mhwp\/?page_id=132"},"modified":"2023-03-16T12:54:40","modified_gmt":"2023-03-16T18:54:40","slug":"1840-2","status":"publish","type":"page","link":"https:\/\/memoriasdehacienda.institutomora.edu.mx\/?page_id=132","title":{"rendered":"1840"},"content":{"rendered":"<table style=\"text-align: left; border-color: #ffffff;\" border=\"0\" width=\"800\" cellspacing=\"6\" cellpadding=\"0\">\n<tbody>\n<tr style=\"height: 24px; text-align: justify;\">\n<td style=\"height: 24px; border-color: #ffffff; width: 591px;text-align: justify;\" valign=\"top\" width=\"591\"><span style=\"font-size: 13pt;><span style=\" font-size:=\"\" 13pt;=\"\"><span style=\"color: #000000;\">20.-<\/span><a href=\"https:\/\/memoriasdehacienda.institutomora.edu.mx\/?page_id=585\"><span style=\"color: #0000ff;\">Memoria de la Hacienda Nacional de la Rep\u00fablica Mexicana, presentada a las C\u00e1maras por el ministro del ramo en julio de 1840.<\/span><\/a><\/span><\/td>\n<\/tr>\n<tr style=\"height: 24px; text-align: justify;\">\n<td style=\"height: 24px; border-color: #ffffff; width: 591px;\" valign=\"top\" width=\"591\"><span style=\"font-size: 13pt;\"><span style=\"font-size: 13pt;\"><span style=\"color: #000000;\">21.- <a href=\"https:\/\/memoriasdehacienda.institutomora.edu.mx\/?page_id=587\"><span style=\"color: #0000ff;\">Memoria de la Hacienda Nacional de la Rep\u00fablica Mexicana presentada a las C\u00e1maras por el ministro del ramo en julio de 1841. Primera parte.<\/span><\/a><\/span><\/span><\/span><\/td>\n<\/tr>\n<tr style=\"height: 48px; text-align: justify;\">\n<td style=\"height: 24px; border-color: #ffffff; width: 591px;\" valign=\"top\" width=\"591\"><span style=\"font-size: 12pt;\"><span style=\"font-size: 13pt;\"><span style=\"color: #000000;\">22.- <\/span><a href=\"https:\/\/memoriasdehacienda.institutomora.edu.mx\/?page_id=589\"><span style=\"color: #0000ff;\">Memoria de Hacienda que presenta el Secretario de Estado y de Hacienda, en cumplimiento del decreto de 3 de octubre de 1843, present\u00f3 a las c\u00e1maras del Congreso general, y ley\u00f3 en la de diputados en los d\u00edas 3 y 6 de febrero y en la de senadores en 12 y 13 de febrero.<\/span><\/a><\/span><\/span><\/td>\n<\/tr>\n<tr style=\"height: 72px; text-align: justify;\">\n<td style=\"height: 24px; border-color: #ffffff; width: 591px;\" valign=\"top\" width=\"591\"><span style=\"font-size: 12pt;\"><span style=\"font-size: 13pt;\"><span style=\"color: #000000;\">23.- <\/span><a href=\"https:\/\/memoriasdehacienda.institutomora.edu.mx\/?page_id=591\"><span style=\"color: #0000ff;\">Memoria de la Hacienda Nacional de la Rep\u00fablica Mexicana, presentada a las C\u00e1maras por el Ministro del ramo, en julio de 1844. Primera Parte.<\/span><\/a><\/span><\/span><\/td>\n<\/tr>\n<tr style=\"height: 72px; text-align: justify;\">\n<td style=\"height: 24px; border-color: #ffffff; width: 591px;\" valign=\"top\" width=\"591\"><span style=\"font-size: 12pt;\"><span style=\"font-size: 13pt;\"><span style=\"color: #000000;\">23(A).- <\/span><a href=\"https:\/\/memoriasdehacienda.institutomora.edu.mx\/?page_id=1024\"><span style=\"color: #0000ff;\">Memoria de la Hacienda Nacional de la Rep\u00fablica Mexicana, presentada a las C\u00e1maras por el Ministro del ramo, en julio de 1844. Segunda parte.<\/span><\/a><\/span><\/span><\/td>\n<\/tr>\n<tr style=\"height: 48px; text-align: justify;\">\n<td style=\"height: 24px; border-color: #ffffff; width: 591px;\" valign=\"top\" width=\"591\"><span style=\"font-size: 12pt;\"><span style=\"font-size: 13pt;\"><span style=\"color: #000000;\">24.- <\/span><a href=\"https:\/\/memoriasdehacienda.institutomora.edu.mx\/?page_id=593\"><span style=\"color: #0000ff;\">Memoria que sobre el estado de la Hacienda Nacional de la Rep\u00fablica Mexicana, present\u00f3 a las C\u00e1maras el Ministro del ramo en julio de 1845.<\/span><\/a><\/span><\/span><\/td>\n<\/tr>\n<tr style=\"height: 48px; text-align: justify;\">\n<td style=\"height: 24px; border-color: #ffffff; width: 591px;\" valign=\"top\" width=\"591\"><span style=\"font-size: 12pt;\"><span style=\"font-size: 13pt;\"><span style=\"color: #000000;\">25.- <\/span><a href=\"https:\/\/memoriasdehacienda.institutomora.edu.mx\/?page_id=595\"><span style=\"color: #0000ff;\">Exposici\u00f3n que al Congreso General dirige el ministro de Hacienda sobre el estado de la Hacienda P\u00fablica de la Federaci\u00f3n en fin de julio de 1848.<\/span><\/a><\/span><\/span><\/td>\n<\/tr>\n<tr style=\"height: 48px; text-align: justify;\">\n<td style=\"height: 24px; border-color: #ffffff; width: 591px;\" valign=\"top\" width=\"591\"><span style=\"font-size: 12pt;\"><span style=\"font-size: 13pt;\"><span style=\"color: #000000;\">26.- <\/span><a href=\"https:\/\/memoriasdehacienda.institutomora.edu.mx\/?page_id=597\"><span style=\"color: #0000ff;\">Exposici\u00f3n con que el Excelent\u00edsimo Sr. ministro de Hacienda present\u00f3 a la C\u00e1mara de Diputados de la naci\u00f3n el d\u00eda 2 de enero de 1849, el presupuesto general de gastos para el mismo a\u00f1o.<\/span><\/a><\/span><\/span><\/td>\n<\/tr>\n<tr style=\"height: 48px; text-align: justify;\">\n<td style=\"height: 24px; border-color: #ffffff; width: 591px;\" valign=\"top\" width=\"591\"><span style=\"font-size: 12pt;\"><span style=\"font-size: 13pt;\"><span style=\"color: #000000;\">27.- <\/span><a href=\"https:\/\/memoriasdehacienda.institutomora.edu.mx\/?page_id=599\"><span style=\"color: #0000ff;\">Memoria de Hacienda, presentada en 5 de marzo de 1849.<\/span><\/a><\/span><\/span><\/td>\n<\/tr>\n<tr style=\"height: 48px; text-align: justify;\">\n<td style=\"height: 24px; border-color: #ffffff; width: 591px;\" valign=\"top\" width=\"591\"><span style=\"font-size: 12pt;\"><span style=\"font-size: 13pt;\"><span style=\"color: #000000;\">28.- <\/span><a href=\"https:\/\/memoriasdehacienda.institutomora.edu.mx\/?page_id=601\"><span style=\"color: #0000ff;\">Memoria de la hacienda nacional de la Rep\u00fablica Mexicana, presentada por el secretario del ramo en febrero 1850.<\/span><\/a><\/span><\/span><\/td>\n<\/tr>\n<tr style=\"height: 48px;\">\n<td style=\"height: 24px; border-color: #ffffff; width: 591px; text-align: justify;\" valign=\"top\" width=\"591\"><span style=\"font-size: 12pt;\"><span style=\"font-size: 13pt;\"><span style=\"color: #000000;\">29.- <\/span><a href=\"https:\/\/memoriasdehacienda.institutomora.edu.mx\/?page_id=603\"><span style=\"color: #0000ff;\">Exposici\u00f3n que el ministro de Hacienda dirige a las c\u00e1maras sobre el estado de la Hacienda P\u00fablica en el presenta a\u00f1o, e iniciativas correspondientes para establecer impuestos para el erario federal y arreglar la administraci\u00f3n y distribuci\u00f3n de las rentas que se le consignen.<\/span><\/a><\/span><\/span><\/td>\n<\/tr>\n<\/tbody>\n<\/table>\n","protected":false},"excerpt":{"rendered":"<p>20.-Memoria de la Hacienda Nacional de la Rep\u00fablica Mexicana, presentada a las C\u00e1maras por el ministro del ramo en julio de 1840. 21.- Memoria de la Hacienda Nacional de la Rep\u00fablica Mexicana presentada a las C\u00e1maras por el ministro del ramo en julio de 1841. Primera parte. 22.- Memoria de Hacienda que presenta el Secretario<\/p>\n<p><a href=\"https:\/\/memoriasdehacienda.institutomora.edu.mx\/?page_id=132\" class=\"more-link themebutton\">Read More<\/a><\/p>\n","protected":false},"author":2,"featured_media":0,"parent":0,"menu_order":0,"comment_status":"closed","ping_status":"closed","template":"","meta":[],"_links":{"self":[{"href":"https:\/\/memoriasdehacienda.institutomora.edu.mx\/index.php?rest_route=\/wp\/v2\/pages\/132"}],"collection":[{"href":"https:\/\/memoriasdehacienda.institutomora.edu.mx\/index.php?rest_route=\/wp\/v2\/pages"}],"about":[{"href":"https:\/\/memoriasdehacienda.institutomora.edu.mx\/index.php?rest_route=\/wp\/v2\/types\/page"}],"author":[{"embeddable":true,"href":"https:\/\/memoriasdehacienda.institutomora.edu.mx\/index.php?rest_route=\/wp\/v2\/users\/2"}],"replies":[{"embeddable":true,"href":"https:\/\/memoriasdehacienda.institutomora.edu.mx\/index.php?rest_route=%2Fwp%2Fv2%2Fcomments&post=132"}],"version-history":[{"count":22,"href":"https:\/\/memoriasdehacienda.institutomora.edu.mx\/index.php?rest_route=\/wp\/v2\/pages\/132\/revisions"}],"predecessor-version":[{"id":8627,"href":"https:\/\/memoriasdehacienda.institutomora.edu.mx\/index.php?rest_route=\/wp\/v2\/pages\/132\/revisions\/8627"}],"wp:attachment":[{"href":"https:\/\/memoriasdehacienda.institutomora.edu.mx\/index.php?rest_route=%2Fwp%2Fv2%2Fmedia&parent=132"}],"curies":[{"name":"wp","href":"https:\/\/api.w.org\/{rel}","templated":true}]}}