{"id":135,"date":"2016-02-23T12:17:49","date_gmt":"2016-02-23T18:17:49","guid":{"rendered":"http:\/\/memoriasdehacienda.colmex.mx\/mhwp\/?page_id=135"},"modified":"2023-03-16T12:56:20","modified_gmt":"2023-03-16T18:56:20","slug":"1850-2","status":"publish","type":"page","link":"https:\/\/memoriasdehacienda.institutomora.edu.mx\/?page_id=135","title":{"rendered":"1850"},"content":{"rendered":"<table style=\"text-align: left; border-color: #ffffff;\" border=\"0\" width=\"800\" cellspacing=\"6\" cellpadding=\"0\">\n<tbody>\n<tr style=\"height: 24px; text-align: justify;\">\n<td style=\"height: 24px; border-color: #ffffff; width: 591px;text-align: justify;\" valign=\"top\" width=\"591\"><span style=\"font-size: 13pt;\"><span style=\"font-size: 13pt;\"><span style=\"color: #000000;\">30.-<\/span> <a href=\"https:\/\/memoriasdehacienda.institutomora.edu.mx\/?page_id=605\"><span style=\"color: #0000ff;\">Memoria de la Hacienda Nacional de la Rep\u00fablica Mexicana presentada por el Secretario del Ramo en julio de 1851. <\/span><\/a><\/span><\/span><\/td>\n<\/tr>\n<tr style=\"height: 24px; text-align: justify;\">\n<td style=\"height: 24px; border-color: #ffffff; width: 591px;\" valign=\"top\" width=\"591\"><span style=\"font-size: 13pt;\"><span style=\"font-size: 13pt;\"><span style=\"color: #000000;\">31.- <a href=\"https:\/\/memoriasdehacienda.institutomora.edu.mx\/?page_id=607\"><span style=\"color: #0000ff;\">Exposici\u00f3n que dirige al Excelent\u00edsimo Se\u00f1or Presidente de la Rep\u00fablica, su ministro de Hacienda ciudadano Jos\u00e9 Ignacio Esteva.<\/span><\/a><\/span><\/span><\/span><\/td>\n<\/tr>\n<tr style=\"height: 48px; text-align: justify;\">\n<td style=\"height: 24px; border-color: #ffffff; width: 591px; background-color: ebe8e8;\" valign=\"top\" width=\"591\"><span style=\"font-size: 12pt;\"><span style=\"font-size: 13pt;\"><span style=\"color: #000000;\">32.- <\/span><a href=\"https:\/\/memoriasdehacienda.institutomora.edu.mx\/?page_id=609\"><span style=\"color: #0000ff;\">Exposici\u00f3n que el Ministro de Hacienda dirige a las C\u00e1maras, al darles cuenta de los recursos con que ha contado el gobierno desde el d\u00eda 3 al 25 de julio de 1850, y de las medidas que ha dictado en diversos ramos de los que forman el erario. <\/span><\/a><\/span><\/span><\/td>\n<\/tr>\n<tr style=\"height: 72px; text-align: justify;\">\n<td style=\"height: 24px; border-color: #ffffff; width: 591px;\" valign=\"top\" width=\"591\"><span style=\"font-size: 12pt;\"><span style=\"font-size: 13pt;\"><span style=\"color: #000000;\">33.- <\/span><a href=\"https:\/\/memoriasdehacienda.institutomora.edu.mx\/?page_id=611\"><span style=\"color: #0000ff;\">Exposici\u00f3n que dirige a la C\u00e1mara el Ministro de Hacienda, en solicitud de los auxilios indispensables para la marcha de la administraci\u00f3n p\u00fablica.<\/span><\/a><\/span><\/span><\/td>\n<\/tr>\n<tr style=\"height: 72px; text-align: justify;\">\n<td style=\"height: 24px; border-color: #ffffff; width: 591px;\" valign=\"top\" width=\"591\"><span style=\"font-size: 12pt;\"><span style=\"font-size: 13pt;\"><span style=\"color: #000000;\">34.- <\/span><a href=\"https:\/\/memoriasdehacienda.institutomora.edu.mx\/?page_id=613\"><span style=\"color: #0000ff;\">Rese\u00f1a sobre el estado de los principales ramos de la Hacienda P\u00fablica, escrita por el C. Manuel Payno, para su sucesor en el despacho de la Secretar\u00eda de la Hacienda, Lic. Jos\u00e9 I. Esteva.<\/span><\/a><\/span><\/span><\/td>\n<\/tr>\n<tr style=\"height: 48px; text-align: justify;\">\n<td style=\"height: 24px; border-color: #ffffff; width: 591px;\" valign=\"top\" width=\"591\"><span style=\"font-size: 12pt;\"><span style=\"font-size: 13pt;\"><span style=\"color: #000000;\">35.- <\/span><a href=\"https:\/\/memoriasdehacienda.institutomora.edu.mx\/?page_id=615\"><span style=\"color: #0000ff;\">Memoria de la Hacienda Nacional de la Rep\u00fablica Mexicana presentada por el secretario del ramo en febrero de 1852.<\/span><\/a><\/span><\/span><\/td>\n<\/tr>\n<tr style=\"height: 48px; text-align: justify;\">\n<td style=\"height: 24px; border-color: #ffffff; width: 591px;\" valign=\"top\" width=\"591\"><span style=\"font-size: 12pt;\"><span style=\"font-size: 13pt;\"><span style=\"color: #000000;\">36.- <\/span><a href=\"https:\/\/memoriasdehacienda.institutomora.edu.mx\/?page_id=617\"><span style=\"color: #0000ff;\">Exposici\u00f3n que el ministro de Justicia y Negocios Eclesi\u00e1sticos encargado provisionalmente del despacho de Hacienda, dirige a la c\u00e1mara de diputados del Congreso General en 9 de abril del presente a\u00f1o, sobre el estado actual de la Hacienda P\u00fablica de la naci\u00f3n.<\/span><\/a><\/span><\/span><\/td>\n<\/tr>\n<tr style=\"height: 48px; text-align: justify;\">\n<td style=\"height: 24px; border-color: #ffffff; width: 591px;\" valign=\"top\" width=\"591\"><span style=\"font-size: 12pt;\"><span style=\"font-size: 13pt;\"><span style=\"color: #000000;\">37.- <\/span><a href=\"https:\/\/memoriasdehacienda.institutomora.edu.mx\/?page_id=619\"><span style=\"color: #0000ff;\">Exposici\u00f3n e iniciativas que el ministerio de Hacienda ha dirigido a la C\u00e1mara de Diputados en 2 y 3 de junio de 1851, sobre consignaci\u00f3n de fondos para la deuda interior y recursos con que cubrir el deficiente del erario federal.<\/span><\/a><\/span><\/span><\/td>\n<\/tr>\n<tr style=\"height: 48px; text-align: justify;\">\n<td style=\"height: 24px; border-color: #ffffff; width: 591px;\" valign=\"top\" width=\"591\"><span style=\"font-size: 12pt;\"><span style=\"font-size: 13pt;\"><span style=\"color: #000000;\">38- <\/span><a href=\"https:\/\/memoriasdehacienda.institutomora.edu.mx\/?page_id=621\"><span style=\"color: #0000ff;\">Informes le\u00eddos en la C\u00e1mara de Diputados por el ministro de Hacienda, relativos al estado que guardan los diversos ramos del erario, y sobre las \u00faltimas operaciones practicadas en la deuda exterior e interior de la Rep\u00fablica Mexicana.<\/span><\/a><\/span><\/span><\/td>\n<\/tr>\n<tr style=\"height: 48px; text-align: justify;\">\n<td style=\"height: 24px; border-color: #ffffff; width: 591px;\" valign=\"top\" width=\"591\"><span style=\"font-size: 12pt;\"><span style=\"font-size: 13pt;\"><span style=\"color: #000000;\">39.- <\/span><a href=\"https:\/\/memoriasdehacienda.institutomora.edu.mx\/?page_id=623\"><span style=\"color: #0000ff;\">Instrucci\u00f3n que deja Guillermo Prieto sobre los negocios pendientes en la Secretar\u00eda que estuvo a su cargo, a su sucesor el Excelent\u00edsimo Sr. Ministro de Hacienda, Lic. Jos\u00e9 Mar\u00eda Urquidi.<\/span><\/a><\/span><\/span><\/td>\n<\/tr>\n<tr style=\"height: 48px; text-align: justify;\">\n<td style=\"height: 24px; border-color: #ffffff; width: 591px;\" valign=\"top\" width=\"591\"><span style=\"font-size: 12pt;\"><span style=\"font-size: 13pt;\"><span style=\"color: #000000;\">40.- <\/span><a href=\"https:\/\/memoriasdehacienda.institutomora.edu.mx\/?page_id=625\"><span style=\"color: #0000ff;\">Informe presentado al Excelent\u00edsimo Sr. Presidente de la Rep\u00fablica, por el Ministro de Hacienda, sobre los puntos que en \u00e9l trata.<\/span><\/a><\/span><\/span><\/td>\n<\/tr>\n<tr style=\"height: 48px; text-align: justify;\">\n<td style=\"height: 24px; border-color: #ffffff; width: 591px;\" valign=\"top\" width=\"591\"><span style=\"font-size: 12pt;\"><span style=\"font-size: 13pt;\"><span style=\"color: #000000;\">41.- <\/span><a href=\"https:\/\/memoriasdehacienda.institutomora.edu.mx\/?page_id=627\"><span style=\"color: #0000ff;\">Informe que por orden de su Alteza Seren\u00edsima presenta al supremo gobierno sobre el estado de la Hacienda P\u00fablica y sus reformas, M. Olasagarre.<\/span><\/a><\/span><\/span><\/td>\n<\/tr>\n<tr style=\"height: 48px; text-align: justify;\">\n<td style=\"height: 24px; border-color: #ffffff; width: 591px;\" valign=\"top\" width=\"591\"><span style=\"font-size: 12pt;\"><span style=\"font-size: 13pt;\"><span style=\"color: #000000;\">42.- <\/span><a href=\"https:\/\/memoriasdehacienda.institutomora.edu.mx\/?page_id=629\"><span style=\"color: #0000ff;\">Memoria de Hacienda presentada al Excmo. Sr. Presidente de la Rep\u00fablica, por el ciudadano Manuel Payno. Comprende el per\u00edodo de diciembre de 1855, a mayo de 1856, en que estuvo a su cargo el ministerio del ramo.<\/span><\/a><\/span><\/span><\/td>\n<\/tr>\n<tr style=\"height: 48px;\">\n<td style=\"height: 24px; border-color: #ffffff; width: 591px; text-align: justify;\" valign=\"top\" width=\"591\"><span style=\"font-size: 12pt;\"><span style=\"font-size: 13pt;\"><span style=\"color: #000000;\">43.- <\/span><a href=\"https:\/\/memoriasdehacienda.institutomora.edu.mx\/?page_id=631\"><span style=\"color: #0000ff;\">Memoria presentada al Excmo. sr. presidente sustituto de la rep\u00fablica por el C. Miguel Lerdo de Tejada dando cuenta de la marcha que han seguido los negocios de la hacienda p\u00fablica, en el tiempo que tuvo a su cargo la secretar\u00eda del ramo.<\/span><\/a><\/span><\/span><\/td>\n<\/tr>\n<\/tbody>\n<\/table>\n","protected":false},"excerpt":{"rendered":"<p>30.- Memoria de la Hacienda Nacional de la Rep\u00fablica Mexicana presentada por el Secretario del Ramo en julio de 1851. 31.- Exposici\u00f3n que dirige al Excelent\u00edsimo Se\u00f1or Presidente de la Rep\u00fablica, su ministro de Hacienda ciudadano Jos\u00e9 Ignacio Esteva. 32.- Exposici\u00f3n que el Ministro de Hacienda dirige a las C\u00e1maras, al darles cuenta de los<\/p>\n<p><a href=\"https:\/\/memoriasdehacienda.institutomora.edu.mx\/?page_id=135\" class=\"more-link themebutton\">Read More<\/a><\/p>\n","protected":false},"author":2,"featured_media":0,"parent":0,"menu_order":0,"comment_status":"closed","ping_status":"closed","template":"","meta":[],"_links":{"self":[{"href":"https:\/\/memoriasdehacienda.institutomora.edu.mx\/index.php?rest_route=\/wp\/v2\/pages\/135"}],"collection":[{"href":"https:\/\/memoriasdehacienda.institutomora.edu.mx\/index.php?rest_route=\/wp\/v2\/pages"}],"about":[{"href":"https:\/\/memoriasdehacienda.institutomora.edu.mx\/index.php?rest_route=\/wp\/v2\/types\/page"}],"author":[{"embeddable":true,"href":"https:\/\/memoriasdehacienda.institutomora.edu.mx\/index.php?rest_route=\/wp\/v2\/users\/2"}],"replies":[{"embeddable":true,"href":"https:\/\/memoriasdehacienda.institutomora.edu.mx\/index.php?rest_route=%2Fwp%2Fv2%2Fcomments&post=135"}],"version-history":[{"count":10,"href":"https:\/\/memoriasdehacienda.institutomora.edu.mx\/index.php?rest_route=\/wp\/v2\/pages\/135\/revisions"}],"predecessor-version":[{"id":8629,"href":"https:\/\/memoriasdehacienda.institutomora.edu.mx\/index.php?rest_route=\/wp\/v2\/pages\/135\/revisions\/8629"}],"wp:attachment":[{"href":"https:\/\/memoriasdehacienda.institutomora.edu.mx\/index.php?rest_route=%2Fwp%2Fv2%2Fmedia&parent=135"}],"curies":[{"name":"wp","href":"https:\/\/api.w.org\/{rel}","templated":true}]}}