{"id":138,"date":"2016-02-23T12:18:50","date_gmt":"2016-02-23T18:18:50","guid":{"rendered":"http:\/\/memoriasdehacienda.colmex.mx\/mhwp\/?page_id=138"},"modified":"2023-03-16T12:57:04","modified_gmt":"2023-03-16T18:57:04","slug":"1860-2","status":"publish","type":"page","link":"https:\/\/memoriasdehacienda.institutomora.edu.mx\/?page_id=138","title":{"rendered":"1860"},"content":{"rendered":"<table style=\"text-align: left; border-color: #ffffff;\" border=\"0\" width=\"800\" cellspacing=\"6\" cellpadding=\"0\">\n<tbody>\n<tr style=\"height: 24px;\">\n<td style=\"height: 24px; border-color: #ffffff; width: 591px; text-align: justify;\" valign=\"top\" width=\"591\"><span style=\"font-size: 13pt;\"><span style=\"font-size: 13pt;\"><span style=\"color: #000000;\">44.-<\/span> <a href=\"https:\/\/memoriasdehacienda.institutomora.edu.mx\/?page_id=633\"><span style=\"color: #0000ff;\">Cuentas, gastos, acreedores y otros asuntos del tiempo de la intervenci\u00f3n francesa y del imperio. Obra escrita y publicada de orden del gobierno constitucional de la rep\u00fablica, por Manuel Payno. <\/span><\/a><\/span><\/span><\/td>\n<\/tr>\n<tr style=\"height: 24px; text-align: justify;\">\n<td style=\"height: 24px; border-color: #ffffff; width: 591px;\" valign=\"top\" width=\"591\"><span style=\"font-size: 13pt;\"><span style=\"font-size: 13pt;\"><span style=\"color: #000000;\">45.- <a href=\"https:\/\/memoriasdehacienda.institutomora.edu.mx\/?page_id=635\"><span style=\"color: #0000ff;\">Memoria de Hacienda, por Jos\u00e9 Mar\u00eda Mata.<\/span><\/a><\/span><\/span><\/span><\/td>\n<\/tr>\n<tr style=\"height: 48px; text-align: justify;\">\n<td style=\"height: 24px; border-color: #ffffff; width: 591px; background-color: ebe8e8;\" valign=\"top\" width=\"591\"><span style=\"font-size: 12pt;\"><span style=\"font-size: 13pt;\"><span style=\"color: #000000;\">46.- <\/span><a href=\"https:\/\/memoriasdehacienda.institutomora.edu.mx\/?page_id=637\"><span style=\"color: #0000ff;\">Memoria que el Secretario de Estado y del despacho de Hacienda y, Cr\u00e9dito P\u00fablico presenta al Congreso de la Uni\u00f3n.<\/span><\/a><\/span><\/span><\/td>\n<\/tr>\n<tr style=\"height: 72px; text-align: justify;\">\n<td style=\"height: 24px; border-color: #ffffff; width: 591px;\" valign=\"top\" width=\"591\"><span style=\"font-size: 12pt;\"><span style=\"font-size: 13pt;\"><span style=\"color: #000000;\">47.- <\/span><a href=\"https:\/\/memoriasdehacienda.institutomora.edu.mx\/?page_id=639\"><span style=\"color: #0000ff;\">Memoria que el Secretario de Estado y del despacho de Hacienda y Cr\u00e9dito P\u00fablico presenta al Congreso de la Uni\u00f3n, en virtud de lo prevenido en el art\u00edculo 89 de la constituci\u00f3n federal, el 31 de enero de 1868.<\/span><\/a><\/span><\/span><\/td>\n<\/tr>\n<tr style=\"height: 72px; text-align: justify;\">\n<td style=\"height: 24px; border-color: #ffffff; width: 591px;\" valign=\"top\" width=\"591\"><span style=\"font-size: 12pt;\"><span style=\"font-size: 13pt;\"><span style=\"color: #000000;\">48.- <\/span><a href=\"https:\/\/memoriasdehacienda.institutomora.edu.mx\/?page_id=641\"><span style=\"color: #0000ff;\">Memoria de Hacienda y Cr\u00e9dito P\u00fablico, que el secretario del ramo presenta al Congreso de la Uni\u00f3n, el 28 de septiembre de 1868.<\/span><\/a><\/span><\/span><\/td>\n<\/tr>\n<tr style=\"height: 48px;\">\n<td style=\"height: 24px; border-color: #ffffff; width: 591px; text-align: justify;\" valign=\"top\" width=\"591\"><span style=\"font-size: 12pt;\"><span style=\"font-size: 13pt;\"><span style=\"color: #000000;\">49.- <\/span><a href=\"https:\/\/memoriasdehacienda.institutomora.edu.mx\/?page_id=643\"><span style=\"color: #0000ff;\">Memoria que el Secretario de Hacienda y Cr\u00e9dito P\u00fablico presenta al Congreso de la Uni\u00f3n de 16 de septiembre de 1869, y que comprende el a\u00f1o fiscal de 1\u00b0 de julio de 1868 al 30 de junio de 1869.<\/span><\/a><\/span><\/span><\/td>\n<\/tr>\n<\/tbody>\n<\/table>\n","protected":false},"excerpt":{"rendered":"<p>44.- Cuentas, gastos, acreedores y otros asuntos del tiempo de la intervenci\u00f3n francesa y del imperio. Obra escrita y publicada de orden del gobierno constitucional de la rep\u00fablica, por Manuel Payno. 45.- Memoria de Hacienda, por Jos\u00e9 Mar\u00eda Mata. 46.- Memoria que el Secretario de Estado y del despacho de Hacienda y, Cr\u00e9dito P\u00fablico presenta<\/p>\n<p><a href=\"https:\/\/memoriasdehacienda.institutomora.edu.mx\/?page_id=138\" class=\"more-link themebutton\">Read More<\/a><\/p>\n","protected":false},"author":2,"featured_media":0,"parent":0,"menu_order":0,"comment_status":"closed","ping_status":"closed","template":"","meta":[],"_links":{"self":[{"href":"https:\/\/memoriasdehacienda.institutomora.edu.mx\/index.php?rest_route=\/wp\/v2\/pages\/138"}],"collection":[{"href":"https:\/\/memoriasdehacienda.institutomora.edu.mx\/index.php?rest_route=\/wp\/v2\/pages"}],"about":[{"href":"https:\/\/memoriasdehacienda.institutomora.edu.mx\/index.php?rest_route=\/wp\/v2\/types\/page"}],"author":[{"embeddable":true,"href":"https:\/\/memoriasdehacienda.institutomora.edu.mx\/index.php?rest_route=\/wp\/v2\/users\/2"}],"replies":[{"embeddable":true,"href":"https:\/\/memoriasdehacienda.institutomora.edu.mx\/index.php?rest_route=%2Fwp%2Fv2%2Fcomments&post=138"}],"version-history":[{"count":7,"href":"https:\/\/memoriasdehacienda.institutomora.edu.mx\/index.php?rest_route=\/wp\/v2\/pages\/138\/revisions"}],"predecessor-version":[{"id":8630,"href":"https:\/\/memoriasdehacienda.institutomora.edu.mx\/index.php?rest_route=\/wp\/v2\/pages\/138\/revisions\/8630"}],"wp:attachment":[{"href":"https:\/\/memoriasdehacienda.institutomora.edu.mx\/index.php?rest_route=%2Fwp%2Fv2%2Fmedia&parent=138"}],"curies":[{"name":"wp","href":"https:\/\/api.w.org\/{rel}","templated":true}]}}