{"id":147,"date":"2016-02-23T12:22:57","date_gmt":"2016-02-23T18:22:57","guid":{"rendered":"http:\/\/memoriasdehacienda.colmex.mx\/mhwp\/?page_id=147"},"modified":"2023-03-16T13:00:20","modified_gmt":"2023-03-16T19:00:20","slug":"1890-2","status":"publish","type":"page","link":"https:\/\/memoriasdehacienda.institutomora.edu.mx\/?page_id=147","title":{"rendered":"1890"},"content":{"rendered":"<table style=\"text-align: left; border-color: #ffffff;\" border=\"0\" width=\"800\" cellspacing=\"6\" cellpadding=\"0\">\n<tbody>\n<tr style=\"height: 24px; text-align: justify;\">\n<td style=\"height: 24px; border-color: #ffffff; width: 591px;\" valign=\"top\" width=\"591\"><span style=\"font-size: 13pt;\"><span style=\"font-size: 13pt;\"><span style=\"color: #000000;\">70.-<\/span> <a href=\"https:\/\/memoriasdehacienda.institutomora.edu.mx\/?page_id=3011\"><span style=\"color: #0000ff;\">Memoria de Hacienda y Cr\u00e9dito P\u00fablico correspondiente al sexag\u00e9simo s\u00e9ptimo a\u00f1o econ\u00f3mico de 1\u00b0 de julio de 1891 a 30 de junio de 1892 presentada por el secretario de Hacienda al d\u00e9cimo sexto Congreso de la Uni\u00f3n. <\/span><\/a><\/span><\/span><\/td>\n<\/tr>\n<tr style=\"height: 24px; text-align: justify;\">\n<td style=\"height: 24px; border-color: #ffffff; width: 591px;\" valign=\"top\" width=\"591\"><span style=\"font-size: 13pt;\"><span style=\"font-size: 13pt;\"><span style=\"color: #000000;\">71.- <a href=\"https:\/\/memoriasdehacienda.institutomora.edu.mx\/?page_id=3013\"> <span style=\"color: #0000ff;\">Memoria de Hacienda y Cr\u00e9dito P\u00fablico correspondiente al sexag\u00e9simo octavo a\u00f1o econ\u00f3mico de 1\u00b0 de julio de 1892 a 30 de junio de 1893 presentada por el secretario de Hacienda al Congreso de la Uni\u00f3n.<\/span><\/a><\/span><\/span><\/span><\/td>\n<\/tr>\n<tr style=\"height: 48px; text-align: justify;\">\n<td style=\"height: 24px; border-color: #ffffff; width: 591px; background-color: ebe8e8;\" valign=\"top\" width=\"591\"><span style=\"font-size: 12pt;\"><span style=\"font-size: 13pt;\"><span style=\"color: #000000;\">72.- <\/span><a href=\"https:\/\/memoriasdehacienda.institutomora.edu.mx\/?page_id=3015\"><span style=\"color: #0000ff;\">Memoria de Hacienda y Cr\u00e9dito P\u00fablico correspondiente al sexag\u00e9simo noveno a\u00f1o econ\u00f3mico de 1\u00b0 de julio de 1893 a 30 de junio de 1894 presentada por el secretario de Hacienda al Congreso de la Uni\u00f3n.<\/span><\/a><\/span><\/span><\/td>\n<\/tr>\n<tr style=\"height: 72px; text-align: justify;\">\n<td style=\"height: 24px; border-color: #ffffff; width: 591px;\" valign=\"top\" width=\"591\"><span style=\"font-size: 12pt;\"><span style=\"font-size: 13pt;\"><span style=\"color: #000000;\">73.- <\/span><a href=\"https:\/\/memoriasdehacienda.institutomora.edu.mx\/?page_id=3017\"><span style=\"color: #0000ff;\">Memoria de Hacienda y Cr\u00e9dito P\u00fablico correspondiente al septuag\u00e9simo a\u00f1o econ\u00f3mico de 1\u00b0 de julio de 1894 a 30 de junio de 1895 presentada por el secretario de Hacienda al Congreso de la Uni\u00f3n.<\/span><\/a><\/span><\/span><\/td>\n<\/tr>\n<tr style=\"height: 72px; text-align: justify;\">\n<td style=\"height: 24px; border-color: #ffffff; width: 591px;\" valign=\"top\" width=\"591\"><span style=\"font-size: 12pt;\"><span style=\"font-size: 13pt;\"><span style=\"color: #000000;\">74.- <\/span><a href=\"https:\/\/memoriasdehacienda.institutomora.edu.mx\/?page_id=3019\"><span style=\"color: #0000ff;\">Memoria de Hacienda y Cr\u00e9dito P\u00fablico correspondiente al septuag\u00e9simo primero a\u00f1o econ\u00f3mico de 1\u00b0 de julio de 1895 a 30 de junio de 1896 presentada por el secretario de Hacienda al Congreso de la Uni\u00f3n.<\/span><\/a><\/span><\/span><\/td>\n<\/tr>\n<tr style=\"height: 48px; text-align: justify;\">\n<td style=\"height: 24px; border-color: #ffffff; width: 591px;\" valign=\"top\" width=\"591\"><span style=\"font-size: 12pt;\"><span style=\"font-size: 13pt;\"><span style=\"color: #000000;\">75.- <\/span> <a href=\"https:\/\/memoriasdehacienda.institutomora.edu.mx\/?page_id=3021\"><span style=\"color: #0000ff;\">Memoria de Hacienda y Cr\u00e9dito P\u00fablico correspondiente a\u00f1o econ\u00f3mico de 1\u00b0 de julio de 1896 a 30 de junio de 1897 presentada por el secretario de Hacienda al Congreso de la Uni\u00f3n.<\/span><\/a><\/span><\/span><\/td>\n<\/tr>\n<tr style=\"height: 48px; text-align: justify;\">\n<td style=\"height: 24px; border-color: #ffffff; width: 591px;\" valign=\"top\" width=\"591\"><span style=\"font-size: 12pt;\"><span style=\"font-size: 13pt;\"><span style=\"color: #000000;\">76.- <\/span> <a href=\"https:\/\/memoriasdehacienda.institutomora.edu.mx\/?page_id=3023\"><span style=\"color: #0000ff;\">Memoria de Hacienda y Cr\u00e9dito P\u00fablico correspondiente al septuag\u00e9simo tercero a\u00f1o econ\u00f3mico de 1\u00b0 de julio de 1897 a 30 de junio de 1898 presentada por el secretario de Hacienda al Congreso de la Uni\u00f3n.<\/span><\/a><\/span><\/span><\/td>\n<\/tr>\n<tr style=\"height: 48px; text-align: justify;\">\n<td style=\"height: 24px; border-color: #ffffff; width: 591px;\" valign=\"top\" width=\"591\"><span style=\"font-size: 12pt;\"><span style=\"font-size: 13pt;\"><span style=\"color: #000000;\">77.- <\/span> <a href=\"https:\/\/memoriasdehacienda.institutomora.edu.mx\/?page_id=3025\"><span style=\"color: #0000ff;\">Memoria de Hacienda y Cr\u00e9dito P\u00fablico correspondiente al a\u00f1o econ\u00f3mico de 1\u00b0 de julio de 1898 a 30 de junio de 1899 presentada por el secretario de Hacienda al Congreso de la Uni\u00f3n.<\/span><\/a><\/span><\/span><\/td>\n<\/tr>\n<tr style=\"height: 48px;\">\n<td style=\"height: 24px; border-color: #ffffff; width: 591px; text-align: justify;\" valign=\"top\" width=\"591\"><span style=\"font-size: 12pt;\"><span style=\"font-size: 13pt;\"><span style=\"color: #000000;\">78.- <\/span> <a href=\"https:\/\/memoriasdehacienda.institutomora.edu.mx\/?page_id=3027\"><span style=\"color: #0000ff;\">Memoria de Hacienda y Cr\u00e9dito P\u00fablico correspondiente al a\u00f1o econ\u00f3mico 1\u00b0 de julio de 1899 a 30 de junio de 1900, presentada por el secretario de Hacienda al Congreso de la Uni\u00f3n.<\/span><\/a><\/span><\/span><\/td>\n<\/tr>\n<\/tbody>\n<\/table>\n","protected":false},"excerpt":{"rendered":"<p>70.- Memoria de Hacienda y Cr\u00e9dito P\u00fablico correspondiente al sexag\u00e9simo s\u00e9ptimo a\u00f1o econ\u00f3mico de 1\u00b0 de julio de 1891 a 30 de junio de 1892 presentada por el secretario de Hacienda al d\u00e9cimo sexto Congreso de la Uni\u00f3n. 71.- Memoria de Hacienda y Cr\u00e9dito P\u00fablico correspondiente al sexag\u00e9simo octavo a\u00f1o econ\u00f3mico de 1\u00b0 de julio<\/p>\n<p><a href=\"https:\/\/memoriasdehacienda.institutomora.edu.mx\/?page_id=147\" class=\"more-link themebutton\">Read More<\/a><\/p>\n","protected":false},"author":2,"featured_media":0,"parent":0,"menu_order":0,"comment_status":"closed","ping_status":"closed","template":"","meta":[],"_links":{"self":[{"href":"https:\/\/memoriasdehacienda.institutomora.edu.mx\/index.php?rest_route=\/wp\/v2\/pages\/147"}],"collection":[{"href":"https:\/\/memoriasdehacienda.institutomora.edu.mx\/index.php?rest_route=\/wp\/v2\/pages"}],"about":[{"href":"https:\/\/memoriasdehacienda.institutomora.edu.mx\/index.php?rest_route=\/wp\/v2\/types\/page"}],"author":[{"embeddable":true,"href":"https:\/\/memoriasdehacienda.institutomora.edu.mx\/index.php?rest_route=\/wp\/v2\/users\/2"}],"replies":[{"embeddable":true,"href":"https:\/\/memoriasdehacienda.institutomora.edu.mx\/index.php?rest_route=%2Fwp%2Fv2%2Fcomments&post=147"}],"version-history":[{"count":8,"href":"https:\/\/memoriasdehacienda.institutomora.edu.mx\/index.php?rest_route=\/wp\/v2\/pages\/147\/revisions"}],"predecessor-version":[{"id":8634,"href":"https:\/\/memoriasdehacienda.institutomora.edu.mx\/index.php?rest_route=\/wp\/v2\/pages\/147\/revisions\/8634"}],"wp:attachment":[{"href":"https:\/\/memoriasdehacienda.institutomora.edu.mx\/index.php?rest_route=%2Fwp%2Fv2%2Fmedia&parent=147"}],"curies":[{"name":"wp","href":"https:\/\/api.w.org\/{rel}","templated":true}]}}