{"id":2926,"date":"2016-06-22T12:02:04","date_gmt":"2016-06-22T18:02:04","guid":{"rendered":"http:\/\/memoriasdehacienda.colmex.mx\/mhwp\/?page_id=2926"},"modified":"2017-08-07T14:31:41","modified_gmt":"2017-08-07T20:31:41","slug":"memoria-51a","status":"publish","type":"page","link":"https:\/\/memoriasdehacienda.institutomora.edu.mx\/?page_id=2926","title":{"rendered":"Memoria 51A"},"content":{"rendered":"<p style=\"text-align: justify;\"><span style=\"font-size: 11pt; color: #ff6600;\"><strong>(51A)\u00a0 Cuenta General del Erario de la federaci\u00f3n correspondiente al cuadrag\u00e9simo quinto a\u00f1o econ\u00f3mico de 1\u00b0 de julio de 1869 a 30 de junio de 1870 y estad\u00edstica fiscal correspondiente al mismo a\u00f1o, formada por la secci\u00f3n quinta de la Secretar\u00eda de Hacienda con un ap\u00e9ndice que contiene la cuenta de la Tesorer\u00eda, correspondiente al mismo a\u00f1o econ\u00f3mico. Segundo cuaderno anexo a la memoria de hacienda de 16 de septiembre de 1870. M\u00e9xico, Imprenta del Gobierno, en Palacio, 1870, 494 pp. + cuadros.<\/strong><\/span><\/p>\n<p><span style=\"color: #000000;\">Per\u00edodo que cubre: 1869-1870<\/span><\/p>\n<p><span style=\"color: #000000;\">Mat\u00edas Romero.<\/span><\/p>\n<p><span style=\"color: #000000;\">Se localiza: <span class=\"tooltips \" style=\"\" title=\"Biblioteca del Instituto de Investigaciones &quot;Dr. Jos\u00e9 Mar\u00eda Luis Mora&quot; (material en micropel\u00edcula).\">BIM-Mfilm<\/span>, <span class=\"tooltips \" style=\"\" title=\"Biblioteca &quot;Daniel Cos\u00edo Villegas&quot;, El Colegio de M\u00e9xico (material en micropel\u00edcula).\">BColmex-Mfilm<\/span>.<\/span><\/p>\n<p><span style=\"color: #000000;\"><strong>Tiene anexos y cuadros.<\/strong><\/span> [read more=&#8221;Ver anexos estad\u00edsticos&#8221; less=&#8221;ver menos&#8221;]<\/p>\n<p><span style=\"color: #0000ff;\"><strong>Anexos<\/strong><\/span><\/p>\n<p>Acuerdo del secretario de hacienda para que informen las secciones de lo que a su juicio deba tenerse presente al escribir la memoria, pp. 3, (1870), (<strong>51A<\/strong>)<\/p>\n<p>Informe de la Secci\u00f3n Primera, Aduanas mar\u00edtimas y fronterizas, jul. 1869-jun. 1870, p. 3 (<strong>51A<\/strong>)<\/p>\n<p>Informe de la Secci\u00f3n Segunda, Secciones liquidatorias, deuda p\u00fablica, jul. 1869-jun. 1870, p. 6 (<strong>51A<\/strong>)<\/p>\n<p>Noticia de las personas contra las que se ha procedido en virtud de la ley de secuestro, jul. 1869-jun. 1870, p. 8 (<strong>51A<\/strong>)<\/p>\n<p>Noticia de los cr\u00e9ditos reconocidos y desechados por las secciones liquidatorias, jul. 1869-jun. 1870, p.9 (<strong>51A<\/strong>)<\/p>\n<p>Informe de la Secci\u00f3n Tercera, Contribuciones, ramos menores, jefaturas de hacienda, casas de moneda, jul. 1869-jun. 1870, p. 10 (<strong>51A<\/strong>)<\/p>\n<p>Informe de la Secci\u00f3n Cuarta, contabilidad fiscal, jul. 1869-jun. 1870, p. 21 (<strong>51A<\/strong>)<\/p>\n<p>Informe de la Secci\u00f3n Quinta, cuentas de la federaci\u00f3n, jul. 1869-jun. 1870, p. 28 (<strong>51A<\/strong>)<\/p>\n<p>Indice de cuentas de las oficinas de la federaci\u00f3n, jul. 1869-jun. 1870, p. 32 (<strong>51A<\/strong>)<\/p>\n<p>Aduana mar\u00edtima de Acapulco, Cuenta de la, jul. 1869-jun. 1870, p. 33 (<strong>51A<\/strong>)<\/p>\n<p>Jefatura de hacienda de la Baja-California, Cuenta de la, jul. 1869-jun. 1870, p. 34 (<strong>51A<\/strong>)<\/p>\n<p>Ensaye de cajas de Zacatecas, Cuenta del, jul. 1869-jun. 1870, p. 35 (<strong>51A<\/strong>)<\/p>\n<p>Informe de la Secci\u00f3n Sexta, Nacionalizaci\u00f3n de bienes, jul. 1869-jun. 1870, p. 35 (<strong>51A<\/strong>)<\/p>\n<p>Cuenta del erario federal, Cuenta general de la federaci\u00f3n, p.36 (<strong>51A<\/strong>)<\/p>\n<p>Exportaci\u00f3n e importaci\u00f3n, Estad\u00edstica fiscal, jul. 1869-jun. 1870, p. 97 (<strong>51A<\/strong>)<\/p>\n<p>Aduana Mar\u00edtima de Acapulco, jul. 1869-jun. 1870, p. 101 (<strong>51A<\/strong>)<\/p>\n<p>Aduana Mar\u00edtima de Campeche, jul. 1869-jun. 1870, p. 105 (<strong>51A<\/strong>)<\/p>\n<p>Aduana Mar\u00edtima de Coatzacoalcos, jul. 1869-jun. 1870, p. 109 (<strong>51A<\/strong>)<\/p>\n<p>Aduana Mar\u00edtima de Guaymas, jul. 1869-jun. 1870, p. 112 (<strong>51A<\/strong>)<\/p>\n<p>Aduana Mar\u00edtima de Isla del Carmen, jul. 1869-jun. 1870, p. 115 (<strong>51A<\/strong>)<\/p>\n<p>Aduana Mar\u00edtima de Manzanillo, jul. 1869-jun. 1870, p. 118 (<strong>51A<\/strong>)<\/p>\n<p>Aduana Mar\u00edtima de Matamoros, jul. 1869-jun. 1870, p. 123 (<strong>51A<\/strong>)<\/p>\n<p>Aduana Mar\u00edtima de Mazatl\u00e1n, jul. 1869-jun. 1870, p. 127 (<strong>51A<\/strong>)<\/p>\n<p>Aduana Mar\u00edtima de La Paz, jul. 1869-jun. 1870, p. 131 (<strong>51A<\/strong>)<\/p>\n<p>Aduana Mar\u00edtima de Puerto Angel, jul. 1869-jun. 1870, p. 135 (<strong>51A<\/strong>)<\/p>\n<p>Aduana Mar\u00edtima de San Blas, jul. 1869-jun. 1870, p. 136 (<strong>51A<\/strong>)<\/p>\n<p>Aduana Mar\u00edtima de Sisal, jul. 1869-jun. 1870, p. 138 (<strong>51A<\/strong>)<\/p>\n<p>Aduana Mar\u00edtima de Tabasco, jul. 1869-jun. 1870, p. 142 (<strong>51A<\/strong>)<\/p>\n<p>Aduana Mar\u00edtima de Tampico, jul. 1869-jun. 1870, p. 146 (<strong>51A<\/strong>)<\/p>\n<p>Aduana Mar\u00edtima de Tonal\u00e1, jul. 1869-jun. 1870, p. 150 (<strong>51A<\/strong>)<\/p>\n<p>Aduana Mar\u00edtima de Tuxpan, jul. 1869-jun. 1870, p. 152 (<strong>51A<\/strong>)<\/p>\n<p>Aduana Mar\u00edtima de Ventosa, jul. 1869-jun. 1870, p. 155 (<strong>51A<\/strong>)<\/p>\n<p>Aduana Mar\u00edtima de Veracruz, jul. 1869-jun. 1870, p. 158 (<strong>51A<\/strong>)<\/p>\n<p>Aduana Fronteriza de Camargo, jul. 1869-jun. 1870, p. 163 (<strong>51A<\/strong>)<\/p>\n<p>Aduana Fronteriza de Guerrero, jul. 1869-jun. 1870, p. 166 (<strong>51A<\/strong>)<\/p>\n<p>Aduana Fronteriza de Mier, jul. 1869-jun. 1870, p. 169 (<strong>51A<\/strong>)<\/p>\n<p>Aduana Fronteriza de Monterrey Laredo, jul. 1869-jun. 1870, p. 172 (<strong>51A<\/strong>)<\/p>\n<p>Aduana Fronteriza de Paso del Norte, jul. 1869-jun. 1870, p. 175 (<strong>51A<\/strong>)<\/p>\n<p>Aduana Fronteriza de Piedras Negras, jul. 1869-jun. 1870, p. 178 (<strong>51A<\/strong>)<\/p>\n<p>Aduana Fronteriza de Presidio del Norte, jul. 1869-jun. 1870, p. 180 (<strong>51A<\/strong>)<\/p>\n<p>Aduana Fronteriza de Reynosa, jul. 1869-jun. 1870, p. 182 (<strong>51A<\/strong>)<\/p>\n<p>Aduana Fronteriza de Zapatula, jul. 1869-jun. 1870, p. 185 (<strong>51A<\/strong>)<\/p>\n<p>Aduana Fronteriza de Magdalena, jul. 1869-jun. 1870, p. 188 (<strong>51A<\/strong>)<\/p>\n<p>Aduanas Mar\u00edtimas y Fronterizas, Productos por orden de aduanas, jul. 1869-jun. 1870, p. 189, (<strong>51A<\/strong>)<\/p>\n<p>Aduanas Mar\u00edtimas y Fronterizas, Productos por orden de derechos, jul. 1869-jun. 1870, p. 190, (<strong>51A<\/strong>)<\/p>\n<p>Aduanas Mar\u00edtimas y Fronterizas, Cuadro comparativo de productos en los dos \u00faltimos a\u00f1os, jul. 1868-jun. 1869, jul. y 1869-jun. 1870, p. 191, (<strong>51A<\/strong>)<\/p>\n<p>Administraci\u00f3n principal de rentas, p. 192, jul. 1869-jun. 1870, (<strong>51A<\/strong>)<\/p>\n<p>Administraci\u00f3n general de papel sellado, estado de ingresos, p. 195, jul. 1869-jun. 1870, (<strong>51A<\/strong>)<\/p>\n<p>Contribuciones del Distrito, Direcci\u00f3n de, p. 196, jul. 1869-jun. 1870, (<strong>51A<\/strong>)<\/p>\n<p>Bienes nacionalzados, Productos de, p. 201, jul. 1869-jun. 1870, (<strong>51A<\/strong>)<\/p>\n<p>Productos de ensayes de cajas, p. 201, jul. 1869-jun. 1870, (<strong>51A<\/strong>)<\/p>\n<p>Producto del ensaye de Alamos, p. 201, jul. 1869-jun. 1870, (<strong>51A<\/strong>)<\/p>\n<p>Producto del ensaye de Hermosillo, p. 202, jul. 1869-jun. 1870, (<strong>51A<\/strong>)<\/p>\n<p>Producto del ensaye de Culiac\u00e1n, p. 203, jul. 1869-jun. 1870, (<strong>51A<\/strong>)<\/p>\n<p>Producto del ensaye de Chihuahua, p. 204, jul. 1869-jun. 1870, (<strong>51A<\/strong>)<\/p>\n<p>Producto del ensaye de Durango, p. 204, jul. 1869-jun. 1870, (<strong>51A<\/strong>)<\/p>\n<p>Producto del ensaye de Zacatecas, p. 205, jul. 1869-jun. 1870, (<strong>51A<\/strong>)<\/p>\n<p>Producto del ensaye de Guadalajara, p. 206, jul. 1869-jun. 1870, (<strong>51A<\/strong>)<\/p>\n<p>Producto del ensaye de San Luis Potos\u00ed, p. 206, jul. 1869-jun. 1870, (<strong>51A<\/strong>)<\/p>\n<p>Producto del ensaye de Guanajuato, p. 207, jul. 1869-jun. 1870, (<strong>51A<\/strong>)<\/p>\n<p>Producto del ensaye de Oaxaca, p. 208, jul. 1869-jun. 1870, (<strong>51A<\/strong>)<\/p>\n<p>Producto del ensaye de Mayor, p. 208, jul. 1869-jun. 1870, (<strong>51A<\/strong>)<\/p>\n<p>Amonedaci\u00f3n, Resumen General de la amonedaci\u00f3n de las Casas de Moneda de la Rep\u00fablica, p. 209, jul. 1869-jun. 1870, (<strong>51A<\/strong>)<\/p>\n<p>Acu\u00f1aci\u00f3n, Casas de Moneda derechos de, p. 209, jul. 1869-jun. 1870, (<strong>51A<\/strong>)<\/p>\n<p>Bienes de Instrucci\u00f3n p\u00fablica. p. 210, jul. 1869-jun. 1870, (<strong>51A<\/strong>)<\/p>\n<p>Correo, Productos de la renta del, p. 210, jul. 1869-jun. 1870, (<strong>51A<\/strong>)<\/p>\n<p>Productos sobre premios y cambios, terrenos bald\u00edos y ramos menores, p. 210, jul. 1869-jun. 1870, (<strong>51A<\/strong>)<\/p>\n<p>Rezagos de jefaturas, p. 211, jul. 1869-jun. 1870, (<strong>51A<\/strong>)<\/p>\n<p>Ingresos de las rentas federales, Resumen general, p. 211, jul. 1869-jun. 1870, (<strong>51A<\/strong>)<\/p>\n<p>Noticias de amonedaci\u00f3n, procedencia y exportaci\u00f3n de plata y oro, jul. 1869-jun.1870, p. 213, (<strong>51A<\/strong>)<\/p>\n<p>Amonedaci\u00f3n, Noticia de la amonedaci\u00f3n habida en la Rep\u00fablica, desde el establecimiento de las Casas de Moneda hasta el a\u00f1o 1870, jul. 1869-jun. 1870, (<strong>51A<\/strong>)<\/p>\n<p>Casa de Moneda, de M\u00e9xico. Gobierno Colonial (1537-1821), p. 253, jul. 1869-jun. 1870, (<strong>51A<\/strong>)<\/p>\n<p>Casa de Moneda, de Zacatecas, p. 254, jul. 1869-jun. 1870, (<strong>51A<\/strong>)<\/p>\n<p>Casa de Moneda de Guanajuato, p. 255, jul. 1869-jun. 1870, (<strong>51A<\/strong>)<\/p>\n<p>Casa de Moneda de San Luis Potos\u00ed, p. 256, jul. 1869-jun. 1870, (<strong>51A<\/strong>)<\/p>\n<p>Casa de Moneda de Durango, p. 257, jul. 1869-jun. 1870, (<strong>51A<\/strong>)<\/p>\n<p>Casa de Moneda de Guadalajara, p. 258, jul. 1869-jun. 1870, (<strong>51A<\/strong>)<\/p>\n<p>Casa de Moneda de Chihuahua, p. 259, jul. 1869-jun. 1870, (<strong>51A<\/strong>)<\/p>\n<p>Casa de Moneda de Culiac\u00e1n, p. 260, jul. 1869-jun. 1870, (<strong>51A<\/strong>)<\/p>\n<p>Casa de Moneda de Guadalupe y Calvo, p. 261 (<strong>51A<\/strong>)<\/p>\n<p>Casa de Moneda de Oaxaca, p. 261, jul. 1869-jun. 1870, (<strong>51A<\/strong>)<\/p>\n<p>Casa de Moneda de Sombrerete, p. 262, jul. 1869-jun. 1870, (<strong>51A<\/strong>)<\/p>\n<p>Casa de Moneda de Tlalpan, p. 262, jul. 1869-jun. 1870, (<strong>51A<\/strong>)<\/p>\n<p>Casa de Moneda de Hermosillo, p. 263, jul. 1869-jun. 1870, (<strong>51A<\/strong>)<\/p>\n<p>Casa de Moneda de Alamos, p. 263, jul. 1869-jun. 1870, (<strong>51A<\/strong>)<\/p>\n<p>Acu\u00f1aci\u00f3n, Resumen General de la acu\u00f1aci\u00f3n en todas las Casas de Moneda. 1537-1870, p. 264. Gobierno Colonial. Independencia, jul. 1869-jun. 1870, (<strong>51A<\/strong>)<\/p>\n<p>Casa de Moneda y ensaye de cajas, de Hermosillo, p. I, jul. 1869-jun. 1870, (<strong>51A<\/strong>)<\/p>\n<p>Casa de Moneda y ensaye de cajas, de Alamos, p. II, jul. 1869-jun. 1870, (<strong>51A<\/strong>)<\/p>\n<p>Casa de Moneda y ensaye de cajas, de Chihuahua, p. III, jul. 1869-jun. 1870, (<strong>51A<\/strong>)<\/p>\n<p>Casa de Moneda y ensaye de cajas, de Culiac\u00e1n, p. IV, jul. 1869-jun. 1870, (<strong>51A<\/strong>)<\/p>\n<p>Casa de Moneda y ensaye de cajas, de Durango, p. V, jul. 1869-jun. 1870, (<strong>51A<\/strong>)<\/p>\n<p>Casa de Moneda y ensaye de cajas, de Zacatecas, p. VI, jul. 1869-jun. 1870, (<strong>51A<\/strong>)<\/p>\n<p>Casa de Moneda y ensaye de cajas, de San Luis Potos\u00ed, p. VII, jul. 1869-jun. 1870, (<strong>51A<\/strong>)<\/p>\n<p>Casa de Moneda y ensaye de cajas, de Guadalajara, p. VIII, jul. 1869-jun. 1870, (<strong>51A<\/strong>)<\/p>\n<p>Casa de Moneda y ensaye de cajas, de Guanajuato, p. IX, jul. 1869-jun. 1870, (<strong>51A<\/strong>)<\/p>\n<p>Casa de Moneda y ensaye de cajas, de Oaxaca, p. X, jul. 1869-jun. 1870, (<strong>51A<\/strong>)<\/p>\n<p>Casa de Moneda y ensaye de cajas, de M\u00e9xico, p. XI. jul. 1869-jun. 1870, (<strong>51A<\/strong>)<\/p>\n<p>Amonedaci\u00f3n en todas las Casas de Moneda. p. XII, jul. 1869-jun. 1870, (<strong>51A<\/strong>)<\/p>\n<p>Introducci\u00f3n de metales en los ensayes de cajas, p. XII, jul. 1869-jun. 1870, (<strong>51A<\/strong>)<\/p>\n<p>Noticia de los minerales que han hecho las introducciones (de metales en los ensayes de cajas), p. XIII, jul. 1869-jun. 1870, (<strong>51A<\/strong>)<\/p>\n<p>Cuadro comparativo entre amonedaci\u00f3n y exportaci\u00f3n, p. XIV, jul. 1869-jun. 1870, (<strong>51A<\/strong>)<\/p>\n<p>[\/read]<\/p>\n<div><\/div>\n","protected":false},"excerpt":{"rendered":"<p>(51A)\u00a0 Cuenta General del Erario de la federaci\u00f3n correspondiente al cuadrag\u00e9simo quinto a\u00f1o econ\u00f3mico de 1\u00b0 de julio de 1869 a 30 de junio de 1870 y estad\u00edstica fiscal correspondiente al mismo a\u00f1o, formada por la secci\u00f3n quinta de la Secretar\u00eda de Hacienda con un ap\u00e9ndice que contiene la cuenta de la Tesorer\u00eda, correspondiente al<\/p>\n<p><a href=\"https:\/\/memoriasdehacienda.institutomora.edu.mx\/?page_id=2926\" class=\"more-link themebutton\">Read More<\/a><\/p>\n","protected":false},"author":2,"featured_media":0,"parent":0,"menu_order":0,"comment_status":"closed","ping_status":"closed","template":"","meta":[],"_links":{"self":[{"href":"https:\/\/memoriasdehacienda.institutomora.edu.mx\/index.php?rest_route=\/wp\/v2\/pages\/2926"}],"collection":[{"href":"https:\/\/memoriasdehacienda.institutomora.edu.mx\/index.php?rest_route=\/wp\/v2\/pages"}],"about":[{"href":"https:\/\/memoriasdehacienda.institutomora.edu.mx\/index.php?rest_route=\/wp\/v2\/types\/page"}],"author":[{"embeddable":true,"href":"https:\/\/memoriasdehacienda.institutomora.edu.mx\/index.php?rest_route=\/wp\/v2\/users\/2"}],"replies":[{"embeddable":true,"href":"https:\/\/memoriasdehacienda.institutomora.edu.mx\/index.php?rest_route=%2Fwp%2Fv2%2Fcomments&post=2926"}],"version-history":[{"count":6,"href":"https:\/\/memoriasdehacienda.institutomora.edu.mx\/index.php?rest_route=\/wp\/v2\/pages\/2926\/revisions"}],"predecessor-version":[{"id":8281,"href":"https:\/\/memoriasdehacienda.institutomora.edu.mx\/index.php?rest_route=\/wp\/v2\/pages\/2926\/revisions\/8281"}],"wp:attachment":[{"href":"https:\/\/memoriasdehacienda.institutomora.edu.mx\/index.php?rest_route=%2Fwp%2Fv2%2Fmedia&parent=2926"}],"curies":[{"name":"wp","href":"https:\/\/api.w.org\/{rel}","templated":true}]}}