{"id":2939,"date":"2016-06-22T12:18:22","date_gmt":"2016-06-22T18:18:22","guid":{"rendered":"http:\/\/memoriasdehacienda.colmex.mx\/mhwp\/?page_id=2939"},"modified":"2016-12-13T17:17:17","modified_gmt":"2016-12-13T23:17:17","slug":"memoria-57a","status":"publish","type":"page","link":"https:\/\/memoriasdehacienda.institutomora.edu.mx\/?page_id=2939","title":{"rendered":"Memoria 57A (16 septiembre 1875)"},"content":{"rendered":"<p style=\"text-align: justify;\"><span style=\"font-size: 11pt; color: #ff6600;\"><strong>(57A)\u00a0 Ap\u00e9ndice al Informe (Memoria) de Hacienda de 16 septiembre 1875.<\/strong><\/span><\/p>\n<p><span style=\"color: #0000ff;\"><strong>Anexos al Ap\u00e9ndice<\/strong>:<\/span><\/p>\n<p>Decretos, ordenes y circulares, de la secci\u00f3n primera y del Departamento de Ajustes, jul. 1874-jun. 1875, p. 3, Doc. 1 (<strong>57A<\/strong>)<\/p>\n<p>Seis Cartas Geogr\u00e1ficas, (Plano mar\u00edtimo de Baja California, Golfo de Cort\u00e9s y costas de Sonora y Sinaloa, Bah\u00eda, del Puertos de la Paz, Plano de la frontera de Baja California y parte de los Estados de Sonora, Plano de la desembocadura del R\u00edo Colorado, Plano de la Bah\u00eda de Magdalena y Plano Topogr\u00e1fico de la Isla Roca) jul. 1874-jun. 1875, p. 13, Doc. 2 (<strong>57A<\/strong>)<\/p>\n<p>Comisi\u00f3n Pesquisadora de la Frontera del Norte, jul. 1874-jun. 1875, p. 15, Doc. 4 (<strong>57A<\/strong>)<\/p>\n<p>Secretar\u00eda de Estado y del Despacho de Hacienda, jul. 1874-jun. 1875, p. 17, Doc. 3 (<strong>57A<\/strong>)<\/p>\n<p>Aduanas Mar\u00edtimas, Introducci\u00f3n de mercanc\u00edas, jul. 1874-jun. 1875, p. 17, Doc. 5 (<strong>57A<\/strong>)<\/p>\n<p>A los Comerciantes (art\u00edculo publicado en la &#8220;Estrella de Panam\u00e1&#8221;), jul. 1874-jun. 1875, p. 29, Doc. 6 (<strong>57A<\/strong>)<\/p>\n<p>Aduanas Mar\u00edtimas y Fronterizas, Introducci\u00f3n de mercanc\u00edas, jul. 1874-jun. 1875, pp. 31-33, Doc. 7 (<strong>57A<\/strong>)<\/p>\n<p>Deuda p\u00fablica, Propuesta del arreglo de la deuda en Londres, jul. 1874-jun. 1875, p. 34, Doc. 8 (<strong>57A<\/strong>)<\/p>\n<p>Noticia de los cr\u00e9ditos de ciudadanos mexicanos reconocidos por Washington, jul. 1874-jun. 1875, p. 35, Doc. 9 (<strong>57A<\/strong>)<\/p>\n<p>Deuda p\u00fablica, Noticia de los cr\u00e9ditos que han sido reconocidos a favor de ciudadanos americanos, jul. 1874-jun. 1875, p. 37, Doc. 10 (<strong>57A<\/strong>)<\/p>\n<p>Aduanas Mar\u00edtimas, Noticia que manifiestan las cantidades recaudadas en las, jul. 1874-jun. 1875, p. 38, Doc. 11 (<strong>57A<\/strong>)<\/p>\n<p>Ministerio de Guerra, N\u00f3minas de las clases pasivas y militares que perciben haberes del Erario, jul. 1874-jun. 1875, p. 39, Doc. 12 (<strong>57A<\/strong>)<\/p>\n<p>Inventario de inmuebles y muebles del Tesoro Federal que comprendes todos los valores, jul. 1874-jun. 1875, p. 107, Doc. 13 (<strong>57A<\/strong>)<\/p>\n<p>Reglamento para la Secci\u00f3n de Catastro del Distrito Federal, jul. 1874-jun. 1875, p. 115, Doc. 14 (<strong>57A<\/strong>)<\/p>\n<p>Estado que manifiesta el movimiento que ha tenido la cuenta que lleva esta Tesorer\u00eda de los capitales que se le reconocen al erario, jul. 1874-jun. 1875, p. 117, Doc. 15 (<strong>57A<\/strong>)<\/p>\n<p>Herencias transversales, Estado que manifiesta el valor de las diversas pensiones por herencias transversales que administra la Tesorer\u00eda, jul. 1874-jun. 1875, p. 119, Doc. 16 (<strong>57A<\/strong>)<\/p>\n<p>Jefaturas de Hacienda, Movimiento de caudales en las, jul. 1873-jun. 1874, p. 123, Doc. 17 (<strong>57A<\/strong>)<\/p>\n<p>Loter\u00edas, Noticia de las Loter\u00edas que existen en la Ciudad de M\u00e9xico, jul. 1873-jun. 1874, p. 153, Doc. 18 (<strong>57A<\/strong>)<\/p>\n<p>Deuda p\u00fablica, Relaci\u00f3n de los ramos por cuenta de los que se han pagado varias cantidades con cargo a saldos acreedores, jul. 1872-jun. 1873, p. 155, Doc. 19 (<strong>57A<\/strong>)<\/p>\n<p>Cuenta del erario federal, Estado General de la Federaci\u00f3n, jul. 1873-jun. 1874, p. 159, Doc. 20 (<strong>57A<\/strong>)<\/p>\n<p>Acu\u00f1aci\u00f3n de metales preciosos Casas de Moneda, jul. 1873-jun. 1874, p. 169, Doc. 21 (<strong>57A<\/strong>)<\/p>\n<p>Bienes Nacionalizados, jul. 1873-jun. 1874, p. 183, Doc. 22 (<strong>57A<\/strong>)<\/p>\n<p>Escribanos, Noticia de los funcionarios que tienen protocolos corrientes, poblaciones de su ubicaci\u00f3n y encargados de los oficios de Hipotecas, (1874), p. 191, Doc. 23 (<strong>57A<\/strong>)<\/p>\n<p>Escribanos, N\u00famero de protocolos corrientes en las poblaciones que se citan, (1874), p. 215, Doc. 23bis (<strong>57A<\/strong>)<\/p>\n<p>Escribanos, Noticia alfab\u00e9tica de los escribanos que han formado protocolos, 1525-1874, p. 229, Doc. 24 (<strong>57A<\/strong>)<\/p>\n<p>Escribanos, Noticia de los conventos que exist\u00edan en la Rep\u00fablica y algunas observaciones del destino que se les ha dado, (1874), p. 249, Doc. 25 (<strong>57A<\/strong>)<\/p>\n<p>Escribanos, Datos examinados para formar la anterior noticia, (1874), p. 260, Doc. 26 (<strong>57A<\/strong>)<\/p>\n<p>Bienes nacionalizados, Relaci\u00f3n de las iglesias, capillas, conventos y establecimientos de instrucci\u00f3n y beneficencia que exist\u00edan a cargo de corporaciones antes y despu\u00e9s de las Leyes de Reforma, (1974), p. 269, Doc. 27 (<strong>57A<\/strong>)<\/p>\n<p>&nbsp;<\/p>\n","protected":false},"excerpt":{"rendered":"<p>(57A)\u00a0 Ap\u00e9ndice al Informe (Memoria) de Hacienda de 16 septiembre 1875. Anexos al Ap\u00e9ndice: Decretos, ordenes y circulares, de la secci\u00f3n primera y del Departamento de Ajustes, jul. 1874-jun. 1875, p. 3, Doc. 1 (57A) Seis Cartas Geogr\u00e1ficas, (Plano mar\u00edtimo de Baja California, Golfo de Cort\u00e9s y costas de Sonora y Sinaloa, Bah\u00eda, del Puertos<\/p>\n<p><a href=\"https:\/\/memoriasdehacienda.institutomora.edu.mx\/?page_id=2939\" class=\"more-link themebutton\">Read More<\/a><\/p>\n","protected":false},"author":2,"featured_media":0,"parent":0,"menu_order":0,"comment_status":"closed","ping_status":"closed","template":"","meta":[],"_links":{"self":[{"href":"https:\/\/memoriasdehacienda.institutomora.edu.mx\/index.php?rest_route=\/wp\/v2\/pages\/2939"}],"collection":[{"href":"https:\/\/memoriasdehacienda.institutomora.edu.mx\/index.php?rest_route=\/wp\/v2\/pages"}],"about":[{"href":"https:\/\/memoriasdehacienda.institutomora.edu.mx\/index.php?rest_route=\/wp\/v2\/types\/page"}],"author":[{"embeddable":true,"href":"https:\/\/memoriasdehacienda.institutomora.edu.mx\/index.php?rest_route=\/wp\/v2\/users\/2"}],"replies":[{"embeddable":true,"href":"https:\/\/memoriasdehacienda.institutomora.edu.mx\/index.php?rest_route=%2Fwp%2Fv2%2Fcomments&post=2939"}],"version-history":[{"count":6,"href":"https:\/\/memoriasdehacienda.institutomora.edu.mx\/index.php?rest_route=\/wp\/v2\/pages\/2939\/revisions"}],"predecessor-version":[{"id":7402,"href":"https:\/\/memoriasdehacienda.institutomora.edu.mx\/index.php?rest_route=\/wp\/v2\/pages\/2939\/revisions\/7402"}],"wp:attachment":[{"href":"https:\/\/memoriasdehacienda.institutomora.edu.mx\/index.php?rest_route=%2Fwp%2Fv2%2Fmedia&parent=2939"}],"curies":[{"name":"wp","href":"https:\/\/api.w.org\/{rel}","templated":true}]}}