{"id":2991,"date":"2016-06-26T07:57:41","date_gmt":"2016-06-26T13:57:41","guid":{"rendered":"http:\/\/memoriasdehacienda.colmex.mx\/mhwp\/?page_id=2991"},"modified":"2017-08-09T13:41:26","modified_gmt":"2017-08-09T19:41:26","slug":"memoria-61","status":"publish","type":"page","link":"https:\/\/memoriasdehacienda.institutomora.edu.mx\/?page_id=2991","title":{"rendered":"Memoria 61 (16 de septiembre de 1880)"},"content":{"rendered":"<p style=\"text-align: justify;\"><span style=\"font-size: 11pt; color: #ff6600;\"><strong>(61) Memoria de Hacienda y Cr\u00e9dito P\u00fablico correspondiente al a\u00f1o econ\u00f3mico quincuag\u00e9simo quinto, transcurrido de 1\u00b0 de julio de 1879 a 30 de junio de 1880; presentada por el secretario del ramo al Congreso de la Uni\u00f3n el 16 de septiembre de 1880. M\u00e9xico, Tipograf\u00eda de G.A. Esteva, 1881, 158, 580, 158, 99, 98, 98 pp. [sic], cuadros, tablas.<\/strong><\/span><\/p>\n<p style=\"text-align: justify;\"><span style=\"color: #000000;\">Firmada por Manuel J. Toro.<\/span><\/p>\n<p style=\"text-align: justify;\"><span style=\"color: #000000;\">Per\u00edodo: 1872-1880<\/span><\/p>\n<p style=\"text-align: justify;\"><span style=\"color: #000000;\">Se localiza:\u00a0<span class=\"tooltips \" style=\"\" title=\"Biblioteca &quot;Miguel Lerdo de Tejada&quot;, Secretar\u00eda de Hacienda y Cr\u00e9dito P\u00fablico.\">BH<\/span>,\u00a0<span class=\"tooltips \" style=\"\" title=\"Biblioteca de la Sociedad Mexicana de Geograf\u00eda y Estad\u00edstica.\">BSMGE<\/span>,\u00a0<span class=\"tooltips \" style=\"\" title=\"Biblioteca del Centro de Estudios de Historia de M\u00e9xico, CONDUMEX.\">Bcondumex<\/span>.<\/span><\/p>\n<p style=\"text-align: justify;\"><strong><span style=\"color: #000000;\">Tiene anexos, cuadros y tablas.<\/span><\/strong><\/p>\n<p style=\"text-align: justify;\"><strong><span style=\"color: #000000;\">S\u00edntesis del contenido:<\/span><\/strong><\/p>\n<p style=\"text-align: justify;\"><span style=\"color: #000000;\">Manuel del Toro destaca que el incremento de los ingresos a permitido cubrir con regularidad los salarios de la administraci\u00f3n y al ej\u00e9rcito. En seguida presenta su informe dividi\u00e9ndolo en cinco secciones que conformaban la estructura administrativa de la secretar\u00eda a su cargo. Exist\u00eda una Sexta Secci\u00f3n, pero fue cancelada y sus actividades pasaron a la Segunda.<\/span><\/p>\n<p style=\"text-align: justify;\"><span style=\"color: #000000;\">La Primera Secci\u00f3n, que se encarga de las Aduanas mar\u00edtimas, fronterizas e interiores de la capital y territorios, manifiesta un aumento en sus productos. Comenta sobre los impuestos que afectan la exportaci\u00f3n de oro y plata, as\u00ed como de amonedaci\u00f3n, ensaye y apartado, los que considera adecuados, asimismo, sugiere algunos elementos para el arreglo del contrabando; en seguida habla de la iniciativa para exentar de impuestos la exportaci\u00f3n de dinero y metales (oro y plata); a su vez indica algunas reformas relacionadas con el funcionamiento de las aduanas y menciona los documentos importantes de su secci\u00f3n que se anexan.<\/span><\/p>\n<p style=\"text-align: justify;\"><span style=\"color: #000000;\">De la Segunda Secci\u00f3n, que estaba al cuidado del activo y pasivo del erario, lo contencioso administrativo y del ramo de pensiones. Informa de la emisi\u00f3n de 20 millones de pesos en billetes del tesoro; hace referencia al contrato celebrado entre el gobierno y Pedro del Valle, representante de un grupo de accionistas, para el establecimiento del Banco Nacional de M\u00e9xico; adem\u00e1s llama la atenci\u00f3n sobre la carencia de una legislaci\u00f3n bancaria y la funci\u00f3n crediticia de los bancos. El siguiente tema que trata es la deuda p\u00fablica, de ella expresa la necesidad de su arreglo y consolidaci\u00f3n; indicando dos ideas en relaci\u00f3n a la deuda, esto es: 1) su clasificaci\u00f3n y depuraci\u00f3n; y 2) tener presente los recursos con los que se contar\u00e1n para pagar, al menos, los r\u00e9ditos. Asimismo de que esta en camino la elaboraci\u00f3n de una ley para consolidar la deuda y el pago &#8220;prudente y equitativo de los r\u00e9ditos leg\u00edtimos&#8221;. Despu\u00e9s de hablar de la deuda con los Estados Unidos, de los donativos patri\u00f3ticos, de los &#8220;Bonos Carbajal&#8221;, la pensi\u00f3n destinada a los descendientes de Moctezuma, de los ferrocarriles y los bonos de subvenci\u00f3n, de la atenci\u00f3n a las reclamaciones por da\u00f1os ocurridos durante el movimiento de la Noria, as\u00ed como del arrendamiento de las Casas de moneda; Toro proporciona datos de la deuda interior, de sus amortizaciones y la cancelaci\u00f3n de escrituras relacionadas con el ramo de bienes nacionalizados.<\/span><\/p>\n<p style=\"text-align: justify;\"><span style=\"color: #000000;\">La Tercera Secci\u00f3n fiscalizaba la recaudaci\u00f3n de impuestos, rentas y ramos productivos, con excepci\u00f3n de las aduanas; al mismo tiempo estaban a su cargo la Tesorer\u00eda general y las Jefaturas de Hacienda. Aqu\u00ed se menciona la renta del timbre, que duplic\u00f3 sus ingresos, adem\u00e1s de haberse creado un impuesto sobre la fabricaci\u00f3n de tejidos nacionales; contin\u00faa con las contribuciones directas del Distrito Federal; y menciona la deuda de los municipios pobres. En este apartado se incluye un informe de la Tesorer\u00eda general, lo mismo que proporciona cifras del gasto militar; aborda el problema del pago de las subvenciones a los vapores; sita la obra estad\u00edstica de Emiliano Busto (de agosto de 1877); y despu\u00e9s de reproducir el informe del viaje de Mauricio Wollheim (oficial primero del Departamento de Ajustes); se indica la necesidad de crear un Departamento de Estad\u00edstica.<\/span><\/p>\n<p style=\"text-align: justify;\"><span style=\"color: #000000;\">La Cuarta y Quinta secciones se presentan juntas, la primera es la oficina encargada de elaborar el presupuesto de ingresos y egresos, la segunda de la estad\u00edstica y la contabilidad fiscal. aqu\u00ed se comenta la reducci\u00f3n de gastos con respecto al ejercicio anterior; se presenta un estado comparativo de los ingresos entre 1867 y 1877. Tambi\u00e9n se comenta que los gastos m\u00e1s significativos fueron las &#8220;mejoras materiales&#8221;, la amortizaci\u00f3n de la deuda y los gastos militares; por \u00faltimo se adjunta una noticia de la acu\u00f1aci\u00f3n e introducci\u00f3n de metales en las Casas de Moneda.<\/span>[read more=&#8221;Ver anexos estad\u00edsticos&#8221; less=&#8221;ver menos&#8221;]<\/p>\n<p>&nbsp;<\/p>\n<p><span style=\"color: #0000ff;\"><strong>Documentos anexos<\/strong>:<\/span><\/p>\n<p>Informe de la secci\u00f3n primera, Doc. 1, (<strong>61<\/strong>)<\/p>\n<p>Exportaci\u00f3n, Buques con destino a puertos extranjeros, Doc. 2, (<strong>61<\/strong>)<\/p>\n<p>Importaci\u00f3n, Aduanas Fronterizas, Doc. 3, (<strong>61<\/strong>)<\/p>\n<p>Importaci\u00f3n, Ajuste de derechos de, Doc. 4, (<strong>61<\/strong>)<\/p>\n<p>Cabotaje, Comercio de, Doc. 5, (<strong>61<\/strong>)<\/p>\n<p>Importaci\u00f3n, Ajuste en las importaciones por aduanas mar\u00edtimas, Doc. 6, (<strong>61<\/strong>)<\/p>\n<p>Exportaci\u00f3n y circulaci\u00f3n en los puertos de plata y oro amonedados, Doc. 7, (<strong>61<\/strong>)<\/p>\n<p>Acu\u00f1aci\u00f3n e introducci\u00f3n de metales Casas de Moneda, jul. 1874-jun. 1879, Doc. 87, (<strong>61<\/strong>)<\/p>\n<p>Cuenta del erario federal, Breve estudio sobre el erario en el \u00faltimo decenio, jul. 1869-jun. 1879, Doc. 88, (<strong>61<\/strong>)<\/p>\n<p>Importaci\u00f3n y exportaci\u00f3n, jul. 1872-jun. 1875, Doc. 89, (<strong>61<\/strong>)<\/p>\n<p>[\/read]<\/p>\n<div><\/div>\n","protected":false},"excerpt":{"rendered":"<p>(61) Memoria de Hacienda y Cr\u00e9dito P\u00fablico correspondiente al a\u00f1o econ\u00f3mico quincuag\u00e9simo quinto, transcurrido de 1\u00b0 de julio de 1879 a 30 de junio de 1880; presentada por el secretario del ramo al Congreso de la Uni\u00f3n el 16 de septiembre de 1880. M\u00e9xico, Tipograf\u00eda de G.A. Esteva, 1881, 158, 580, 158, 99, 98, 98<\/p>\n<p><a href=\"https:\/\/memoriasdehacienda.institutomora.edu.mx\/?page_id=2991\" class=\"more-link themebutton\">Read More<\/a><\/p>\n","protected":false},"author":2,"featured_media":0,"parent":0,"menu_order":0,"comment_status":"closed","ping_status":"closed","template":"","meta":[],"_links":{"self":[{"href":"https:\/\/memoriasdehacienda.institutomora.edu.mx\/index.php?rest_route=\/wp\/v2\/pages\/2991"}],"collection":[{"href":"https:\/\/memoriasdehacienda.institutomora.edu.mx\/index.php?rest_route=\/wp\/v2\/pages"}],"about":[{"href":"https:\/\/memoriasdehacienda.institutomora.edu.mx\/index.php?rest_route=\/wp\/v2\/types\/page"}],"author":[{"embeddable":true,"href":"https:\/\/memoriasdehacienda.institutomora.edu.mx\/index.php?rest_route=\/wp\/v2\/users\/2"}],"replies":[{"embeddable":true,"href":"https:\/\/memoriasdehacienda.institutomora.edu.mx\/index.php?rest_route=%2Fwp%2Fv2%2Fcomments&post=2991"}],"version-history":[{"count":5,"href":"https:\/\/memoriasdehacienda.institutomora.edu.mx\/index.php?rest_route=\/wp\/v2\/pages\/2991\/revisions"}],"predecessor-version":[{"id":8291,"href":"https:\/\/memoriasdehacienda.institutomora.edu.mx\/index.php?rest_route=\/wp\/v2\/pages\/2991\/revisions\/8291"}],"wp:attachment":[{"href":"https:\/\/memoriasdehacienda.institutomora.edu.mx\/index.php?rest_route=%2Fwp%2Fv2%2Fmedia&parent=2991"}],"curies":[{"name":"wp","href":"https:\/\/api.w.org\/{rel}","templated":true}]}}