{"id":2993,"date":"2016-06-26T08:01:16","date_gmt":"2016-06-26T14:01:16","guid":{"rendered":"http:\/\/memoriasdehacienda.colmex.mx\/mhwp\/?page_id=2993"},"modified":"2017-08-09T13:46:09","modified_gmt":"2017-08-09T19:46:09","slug":"memoria-62","status":"publish","type":"page","link":"https:\/\/memoriasdehacienda.institutomora.edu.mx\/?page_id=2993","title":{"rendered":"Memoria 62  (17 de septiembre de 1881)"},"content":{"rendered":"<p style=\"text-align: justify;\"><span style=\"font-size: 11pt; color: #ff6600;\"><strong>(62)\u00a0 Memoria de la Secretar\u00eda de Hacienda correspondiente al a\u00f1o fiscal de 1880 a 1881. M\u00e9xico, Tipograf\u00eda de Gonzalo A. Esteva, 1881, 355, XIII pp., cuadros, tablas.<\/strong><\/span><\/p>\n<p style=\"text-align: justify;\"><span style=\"color: #000000;\">Firmada por F. de Landero y Cos.<\/span><\/p>\n<p style=\"text-align: justify;\"><span style=\"color: #000000;\">Per\u00edodo: julio de 1880 a junio de 1881<\/span><\/p>\n<p style=\"text-align: justify;\"><span style=\"color: #000000;\">Se localiza: <span class=\"tooltips \" style=\"\" title=\"Biblioteca &quot;Miguel Lerdo de Tejada&quot;, Secretar\u00eda de Hacienda y Cr\u00e9dito P\u00fablico.\">BH<\/span>,\u00a0<span class=\"tooltips \" style=\"\" title=\"Biblioteca del Archivo General de la Naci\u00f3n, M\u00e9xico.\">BAGN<\/span>,\u00a0<span class=\"tooltips \" style=\"\" title=\"Biblioteca del Centro de Estudios de Historia de M\u00e9xico, CONDUMEX.\">Bcondumex<\/span>,\u00a0<span class=\"tooltips \" style=\"\" title=\"Biblioteca del Instituto de Investigaciones Hist\u00f3ricas, UNAM.\">BIIH<\/span>, <span class=\"tooltips \" style=\"\" title=\"Biblioteca del Instituto de Investigaciones &quot;Dr. Jos\u00e9 Mar\u00eda Luis Mora&quot; (material en micropel\u00edcula).\">BIM-Mfilm<\/span>, <span class=\"tooltips \" style=\"\" title=\"Biblioteca &quot;Daniel Cos\u00edo Villegas&quot;, El Colegio de M\u00e9xico (material en micropel\u00edcula).\">BColmex-Mfilm<\/span>.<\/span><\/p>\n<p style=\"text-align: justify;\"><strong><span style=\"color: #000000;\">Tiene anexos, cuadros y tablas.<\/span><\/strong><\/p>\n<p style=\"text-align: justify;\"><strong><span style=\"color: #000000;\">S\u00edntesis del contenido:<\/span><\/strong><\/p>\n<p style=\"text-align: justify;\"><span style=\"color: #000000;\">El objetivo de la Memoria consiste en dar cuenta, en la medida de los posible, del movimiento financiero en la rep\u00fablica. Se enfatiza, en tono algo triunfalista, el hecho de que la tesorer\u00eda federal cuenta con sobrantes y que se han logrado realizar con regularidad los pagos salariales a la burocracia civil y al ej\u00e9rcito. Se incluyen cuadros estad\u00edsticos sobre la marcha progresiva del erario federal desde 1869 hasta la fecha.<\/span><\/p>\n<p style=\"text-align: justify;\"><span style=\"color: #000000;\">Se informa que por ley del 30 de mayo de 1881 se ha autorizado al presidente de la rep\u00fablica a reformar las oficinas de Hacienda de la Federaci\u00f3n y se dan a conocer algunos cambios administrativos. Se comenta que la tesorer\u00eda general ser\u00e1 el centro de todas las oficinas de Hacienda federales. Debe a\u00f1adirse que desde esta \u00e9poca, la Tesorer\u00eda comienza a publicar anualmente las Cuentas de la Tesorer\u00eda que proporcionan una informaci\u00f3n contable m\u00e1s organizada que en los decenios anteriores sobre ingresos y egresos de la Federaci\u00f3n.<\/span><\/p>\n<p style=\"text-align: justify;\"><span style=\"color: #000000;\">Se pone \u00e9nfasis en los avances alcanzados en materia de concesiones para la construcci\u00f3n de v\u00edas f\u00e9rreas, especialmente con diversos contratistas norteamericanos. Se proporciona un listado de las subvenciones a los ferrocarriles. Asimismo se indica que gobierno vender\u00e1 al financiero Leo Stein las 36,331 acciones que pose\u00eda en la empresa del Ferrocarril Mexicano.<\/span><\/p>\n<p style=\"text-align: justify;\"><span style=\"color: #000000;\">Por otra parte, se informa del convenio firmado entre representantes del gobierno de M\u00e9xico y el Banco Franco-Egipcio con objeto de promover el establecimiento de un gran banco de descuento, circulaci\u00f3n y emisi\u00f3n. [Dicho banco luego ser\u00eda denominado el Banco Nacional Mexicano.] A su vez, se notifica que simult\u00e1neamente se ha promovido el establecimiento de otro importante banco en la ciudad de M\u00e9xico con el aporte de capital de comerciantes espa\u00f1oles all\u00ed radicados. [Dicho Banco luego ser\u00eda denominado el Banco Mercantil Mexicano].<\/span><\/p>\n<p style=\"text-align: justify;\"><span style=\"color: #000000;\">Se hace hincapi\u00e9 en el impuesto del timbre que ya ha demostrado ser uno de los rubros fiscales m\u00e1s importantes. Se hace referencia a leyes de impuesto sobre el timbre, y arancelarias (1 de junio de 1880, 1 de enero de 1872, 8 de noviembre de 1880, 23 de abril de 1881). Se se\u00f1ala, que en este a\u00f1o, pese a la supresi\u00f3n de la doble cuota del impuesto del timbre, los ingresos federales aumentaron aproximadamente en un mill\u00f3n de pesos al a\u00f1o anterior. \u00a0\u00a0\u00a0\u00a0\u00a0\u00a0\u00a0\u00a0\u00a0\u00a0\u00a0 Se comentan los ingresos por cuenta de las aduanas mar\u00edtimas y fronterizas, constituyendo el rubro fiscal que proporciona la mayor parte de recursos del gobierno federal; se incluye un cuadro de los ingresos aduanales.<\/span><\/p>\n<p style=\"text-align: justify;\"><span style=\"color: #000000;\">Se menciona la situaci\u00f3n de las contribuciones que deben efectuar los diferentes Estados de la rep\u00fablica a la Federaci\u00f3n. El secretario de hacienda nombra una comisi\u00f3n especial cuya meta consiste en determinar con exactitud la contribuci\u00f3n federal, comisi\u00f3n que ya ha presentado el proyecto de trabajo.<\/span><\/p>\n<p style=\"text-align: justify;\"><span style=\"color: #000000;\">Por otra parte, se indica que el 26 de abril de 1881 se envi\u00f3 a la C\u00e1mara de Diputados la iniciativa de ley sobre formaci\u00f3n del Catastro del Distrito Federal y la estad\u00edstica fiscal del mismo Distrito Federal para lograr una recaudaci\u00f3n justa en este terreno. Se agrega que tanto las contribuciones directas en el Distrito Federal como el impuesto sobre el timbre, se han recaudado con puntualidad y en vol\u00famenes ascendientes; se mencionan nuevas leyes al respecto.<\/span><\/p>\n<p style=\"text-align: justify;\"><span style=\"color: #000000;\">Se se\u00f1ala que se agrupar\u00e1 la deuda p\u00fablica en un fondo com\u00fan, cuyos intereses se pagar\u00e1n con regularidad (Diario Oficial, 17 de julio de 1880). Se agrega que en lo referente a la deuda externa, se ha pagado ya el quinto abono a los Estados Unidos ($300,000).<\/span><\/p>\n<p style=\"text-align: justify;\"><span style=\"color: #000000;\">Para concluir, el ministro dice que los pagos federales han sido efectuados con exactitud y que la prosperidad econ\u00f3mica podr\u00e1 alcanzarse si se sigue transitando por el mismo camino que hasta la fecha se ha escogido, consolidando instituciones, integridad, independencia y paz.<\/span><\/p>\n","protected":false},"excerpt":{"rendered":"<p>(62)\u00a0 Memoria de la Secretar\u00eda de Hacienda correspondiente al a\u00f1o fiscal de 1880 a 1881. M\u00e9xico, Tipograf\u00eda de Gonzalo A. Esteva, 1881, 355, XIII pp., cuadros, tablas. Firmada por F. de Landero y Cos. Per\u00edodo: julio de 1880 a junio de 1881 Se localiza: ,\u00a0,\u00a0,\u00a0, , . Tiene anexos, cuadros y tablas. S\u00edntesis del contenido:<\/p>\n<p><a href=\"https:\/\/memoriasdehacienda.institutomora.edu.mx\/?page_id=2993\" class=\"more-link themebutton\">Read More<\/a><\/p>\n","protected":false},"author":2,"featured_media":0,"parent":0,"menu_order":0,"comment_status":"closed","ping_status":"closed","template":"","meta":[],"_links":{"self":[{"href":"https:\/\/memoriasdehacienda.institutomora.edu.mx\/index.php?rest_route=\/wp\/v2\/pages\/2993"}],"collection":[{"href":"https:\/\/memoriasdehacienda.institutomora.edu.mx\/index.php?rest_route=\/wp\/v2\/pages"}],"about":[{"href":"https:\/\/memoriasdehacienda.institutomora.edu.mx\/index.php?rest_route=\/wp\/v2\/types\/page"}],"author":[{"embeddable":true,"href":"https:\/\/memoriasdehacienda.institutomora.edu.mx\/index.php?rest_route=\/wp\/v2\/users\/2"}],"replies":[{"embeddable":true,"href":"https:\/\/memoriasdehacienda.institutomora.edu.mx\/index.php?rest_route=%2Fwp%2Fv2%2Fcomments&post=2993"}],"version-history":[{"count":5,"href":"https:\/\/memoriasdehacienda.institutomora.edu.mx\/index.php?rest_route=\/wp\/v2\/pages\/2993\/revisions"}],"predecessor-version":[{"id":8292,"href":"https:\/\/memoriasdehacienda.institutomora.edu.mx\/index.php?rest_route=\/wp\/v2\/pages\/2993\/revisions\/8292"}],"wp:attachment":[{"href":"https:\/\/memoriasdehacienda.institutomora.edu.mx\/index.php?rest_route=%2Fwp%2Fv2%2Fmedia&parent=2993"}],"curies":[{"name":"wp","href":"https:\/\/api.w.org\/{rel}","templated":true}]}}