{"id":2995,"date":"2016-06-26T08:04:18","date_gmt":"2016-06-26T14:04:18","guid":{"rendered":"http:\/\/memoriasdehacienda.colmex.mx\/mhwp\/?page_id=2995"},"modified":"2017-08-09T13:49:32","modified_gmt":"2017-08-09T19:49:32","slug":"memoria-62a","status":"publish","type":"page","link":"https:\/\/memoriasdehacienda.institutomora.edu.mx\/?page_id=2995","title":{"rendered":"Memoria 62A (17 de septiembre de 1881)"},"content":{"rendered":"<p style=\"text-align: justify;\"><span style=\"font-size: 11pt; color: #ff6600;\"><strong>(62A) Memoria de la Secretar\u00eda de Hacienda correspondiente al a\u00f1o fiscal de 1880 a 1881. Parte Segunda Documentos. Cuaderno I. M\u00e9xico, Tipograf\u00eda de Gonzalo A. Esteva, 1881, 355 + 247 pp., cuadros, tablas.<\/strong><\/span><\/p>\n<p><span style=\"color: #000000;\">Firmada por F. de Landero y Cos\u00a0.<\/span><\/p>\n<p><span style=\"color: #000000;\">Per\u00edodo: julio de 1880 a junio de 1881<\/span><\/p>\n<p><span style=\"color: #000000;\">Se localiza:\u00a0<span class=\"tooltips \" style=\"\" title=\"Biblioteca &quot;Miguel Lerdo de Tejada&quot;, Secretar\u00eda de Hacienda y Cr\u00e9dito P\u00fablico.\">BH<\/span>,\u00a0<span class=\"tooltips \" style=\"\" title=\"Biblioteca del Archivo General de la Naci\u00f3n, M\u00e9xico.\">BAGN<\/span>,\u00a0<span class=\"tooltips \" style=\"\" title=\"Biblioteca del Centro de Estudios de Historia de M\u00e9xico, CONDUMEX.\">Bcondumex<\/span>,\u00a0<span class=\"tooltips \" style=\"\" title=\"Biblioteca del Instituto de Investigaciones Hist\u00f3ricas, UNAM.\">BIIH<\/span>, <span class=\"tooltips \" style=\"\" title=\"Biblioteca del Instituto de Investigaciones &quot;Dr. Jos\u00e9 Mar\u00eda Luis Mora&quot; (material en micropel\u00edcula).\">BIM-Mfilm<\/span>, <span class=\"tooltips \" style=\"\" title=\"Biblioteca &quot;Daniel Cos\u00edo Villegas&quot;, El Colegio de M\u00e9xico (material en micropel\u00edcula).\">BColmex-Mfilm<\/span>.<\/span><\/p>\n<p>[read more=&#8221;Ver anexos estad\u00edsticos&#8221; less=&#8221;ver menos&#8221;]<\/p>\n<p><strong><span style=\"color: #0000ff;\">Anexos<\/span><\/strong><\/p>\n<p>Circular de la Secci\u00f3n 3a. enviada a las oficinas de hacienda pidiendo informes, 22 de julio de 1881, para la elaboraci\u00f3n de la Memoria de Hacienda del a\u00f1o fiscal de 1880-1881, p. 3, Doc. 1 (<strong>62A<\/strong>)<\/p>\n<p>Informe de la Secci\u00f3n Primera encargada del ramo de Aduanas Mar\u00edtimas y Fronterizas, a\u00f1o fiscal 1880-1881, pp. 5-7, Doc. 2 (<strong>62A<\/strong>)<\/p>\n<p>Estado comparativo de los negocios despachados por el Departamento de Ajustes, jul. 1879-jun. 1880 y jul. 1880-jun. 1881, p. 8, Doc. 3 (<strong>62A)<\/strong><\/p>\n<p>Arancel de Aduanas Mar\u00edtimas y Fronterizas, (1881), pp. 9-79, Doc. 4 (<strong>62A<\/strong>)<\/p>\n<p>Informe de la Administraci\u00f3n Principal de Rentas, jul. 1880-jun. 1881, pp. 81-85, Doc. 5 (<strong>62A<\/strong>)<\/p>\n<p>Informe de la Administraci\u00f3n Principal de Rentas del Distrito Federal, 15 de agosto de 1881, pp. 83-85, Doc. 6 (<strong>62A<\/strong>)<\/p>\n<p>Rentas del Distrito Federal, Noticias de los productos de la Administraci\u00f3n Principal de, jul. 1880-jun. 1881, pp. 86-88, Doc. 7 (<strong>62A<\/strong>)<\/p>\n<p>Rentas del Distrito Federal, Noticia de los efectos que se han introducido en la Ciudad de M\u00e9xico y pagaron derechos a la Administraci\u00f3n Principal de, jul. 1880-jun. 1881, pp. 90-96, Doc. 8.3 (<strong>62A<\/strong>)<\/p>\n<p>Rentas del Distrito Federal, Noticia de los productos generales de la Administraci\u00f3n Principal de, jul. 1876-jun. 1881, pp. 97, Doc. 8.4 (<strong>62A<\/strong>)<\/p>\n<p>Informe de la Secci\u00f3n Segunda encargada del Cr\u00e9dito P\u00fablico, julio 30 1881, p. 99, Doc. 9 (<strong>62A<\/strong>)<\/p>\n<p>Deuda p\u00fablica, Noticia de las subvenciones suministradas a las empresas ferrocarrileras, jul. 1880-jun. 1881, p. 100, Doc. 9 (<strong>62A<\/strong>)<\/p>\n<p>Deuda p\u00fablica, T\u00edtulos de la, jul. 1880-jun. 1881, p. 101, Doc. 9 (<strong>62A<\/strong>)<\/p>\n<p>Deuda p\u00fablica, Bonos S\u00e1nchez Ochoa, jul. 1880-jun. 1881, p. 101, Doc. 9 (<strong>62A<\/strong>)<\/p>\n<p>Deuda p\u00fablica externa, Cuadro que manifiesta el estado que guarda la deuda reconocida a los Estados Unidos por la Comisi\u00f3n Mixta, Conversi\u00f3n de 4 de julio de 1868, [1881], p. 102, Doc. 9.1 (<strong>62A<\/strong>)<\/p>\n<p>Acciones del gobierno en el Ferrocarril Mexicano, jul. 1880-jun. 1881, p. 103. (<strong>62A<\/strong>)<\/p>\n<p>Deuda p\u00fablica, Cr\u00e9ditos contra\u00eddos por Lerdo de Tejada, jul. 1880-jun. 1881, p. 103. (<strong>62A<\/strong>)<\/p>\n<p>Deuda p\u00fablica, Noticia de reclamaciones por r\u00e9ditos contra\u00eddos durante la administraci\u00f3n del Sr. Lerdo de Tejada, jul. 1880-jun. 1881, p. 104, Doc. 9.2 (<strong>62A<\/strong>)<\/p>\n<p>Deuda p\u00fablica, Noticia de las reclamaciones por cr\u00e9ditos contra\u00eddos por la Revoluci\u00f3n del Plan de la Noria, [1881], p. 105, Doc. 9.3 (<strong>62A<\/strong>)<\/p>\n<p>Deuda p\u00fablica, Noticia de las reclamaciones por cr\u00e9ditos contra\u00eddos por la Revoluci\u00f3n del Plan de Tuxtepec, [1881], p. 106, Doc. 9.4-5 (<strong>62A<\/strong>)<\/p>\n<p>Deuda p\u00fablica, Cantidades amortizadas con aplicaci\u00f3n a los ramos de la deuda p\u00fablica, datos de los documentos 6 y 7, jul. 1880-jun. 1881, p. 108. (<strong>62A<\/strong>)<\/p>\n<p>Oficio de la Secci\u00f3n Liquidatoria informando sobre la amortizaci\u00f3n de la deuda p\u00fablica, 24 de agosto de 1881, Doc. 9.6 (<strong>62A<\/strong>)<\/p>\n<p>Deuda p\u00fablica, Noticia de la amortizaci\u00f3n de la, jul. 1880-jun. 1881, p. 110, Doc. 9.7 (<strong>62A<\/strong>)<\/p>\n<p>Deuda p\u00fablica, Cr\u00e9ditos Activos, jul. 1880-jun. 1881, p. 111. (<strong>62A<\/strong>)<\/p>\n<p>Deuda p\u00fablica, Donativos, jul. 1880-jun. 1881, p. 111. (<strong>62A<\/strong>)<\/p>\n<p>Deuda p\u00fablica, Noticia de las cantidades recaudadas por donativos voluntarios para el pago de la deuda americana, jul. 1880-jun. 1881, p. 112, Doc. 9.8 (<strong>62A<\/strong>)<\/p>\n<p>Deuda p\u00fablica, Noticia que manifiesta el adeudo a los arrendatarios de Casas de Moneda, jun. 1881, p. 113. (<strong>62A<\/strong>)<\/p>\n<p>Deuda p\u00fablica, Noticia de pensiones civiles y militares, jul. 1880-jun. 1881, pp. 115-116, Doc. 9.9 (<strong>62A<\/strong>)<\/p>\n<p>Bienes Nacionalizados, jul. 1880-jun. 1881, p. 117. (<strong>62A<\/strong>)<\/p>\n<p>Bienes Nacionalizados, Estado que manifiesta las denuncias de fincas, jul. 1880-jun. 1881, p. 118, Doc. 9.1a (<strong>62A<\/strong>)<\/p>\n<p>Bienes Nacionalizados, Estado que manifiesta las denuncias de capitales, jul. 1880-jun. 1881, pp. 119-121, Doc. 9.2a (<strong>62A<\/strong>)<\/p>\n<p>Estado que manifiesta los expedientes girados en la secci\u00f3n segunda con motivo del Reglamento de 20 de abril de 1878, jul. 1880-jun. 1881, pp. 122-124, Doc. 9.3a (<strong>62<\/strong>)<\/p>\n<p>Noticia del n\u00famero de oficios puestos por la secci\u00f3n segunda, jul. 1880-jun. 1881, p. 125, Doc. 9.4a (<strong>62A<\/strong>)<\/p>\n<p>Proyecto de arreglo de la Deuda p\u00fablica, [1881], pp. 126-148, (<strong>62A<\/strong>)<\/p>\n<p>Proyecto de Ley para la consolidaci\u00f3n de la Deuda Nacional, [1881], pp. 149-153, (<strong>62A<\/strong>)<\/p>\n<p>Deuda p\u00fablica, Raz\u00f3n de la deuda p\u00fablica a que se contrae el dictamen de la comisi\u00f3n encargada para su arreglo, jul. 1879-jun. 1880, pp. 154-170, (<strong>62A<\/strong>)<\/p>\n<p>Informe de la Secci\u00f3n Tercera encargada de la Estad\u00edstica, jul. 1880-jun. 1881, pp. 171-178, Doc. 10 (<strong>62A<\/strong>)<\/p>\n<p>Ley del Timbre, [1881], pp. 179-204, Doc. 11 (<strong>62A<\/strong>)<\/p>\n<p>Informe de la Direcci\u00f3n del Contribuciones Directas del Distrito Federal, jul. 1880-jun. 1881, pp. 205-208, Doc. 12 (<strong>62A<\/strong>)<\/p>\n<p>Contribuciones Directas en el Distrito Federal, Estado que manifiesta el debido cobrar por cuenta corriente con arreglo a los padrones formados para la exacci\u00f3n de, jul. 1880-jun. 1881, p. 209, Doc. 12.1 (<strong>62A<\/strong>)<\/p>\n<p>Contribuciones Directas en el Distrito Federal, Estado general de los ingresos y egresos de los ramos de, jul. 1880-jun. 1881, pp. 210-211, Doc. 12.2 (<strong>62A<\/strong>)<\/p>\n<p>Contribuciones Ordinarias en el Distrito Federal, Estado comparativo de los productos habidos por las, jul. 1871-jun. 1881, p. 212, Doc. 12.3 (<strong>62A<\/strong>)<\/p>\n<p>Contribuciones Directas en el Distrito Federal, Estado que manifiesta el debido cobrar por rezagos anteriores de, jul. 1880-jun. 1881, p. 213, Doc. 12.4 (<strong>62A<\/strong>)<\/p>\n<p>Contribuciones Directas en el Distrito Federal, Noticia del debido cobrar, cobrado y pendiente de cobro decretada a las f\u00e1bricas de hilados y tejidos de lana y algod\u00f3n en el Distrito Federal, jul. 1880-jun. 1881, p. 214, Doc. 12.5 (<strong>62A<\/strong>)<\/p>\n<p>Contribuciones Ordinarias y Extraordinarias en el Distrito Federal, Estado que manifiesta los ingresos por rezagos de, jul. 1880-jun. 1881, p. 215, Doc. 12.6 (<strong>62A<\/strong>)<\/p>\n<p>Contribuciones Directas en el Distrito Federal, Estado que manifiesta lo recaudado por cuenta corriente y rezagos de, jul. 1880-jun. 1881, p. 216, Doc. 12.7 (<strong>62A<\/strong>)<\/p>\n<p>Contribuciones en el Distrito Federal, Noticia de giros mercantiles, establecimientos industriales y talleres de artes y oficios que pagaron y estuvieron exceptuados del pago de, jul. 1880-jun. 1881, pp. 217-222, Doc. 12.8 (<strong>62A<\/strong>)<\/p>\n<p>Contribuciones en el Distrito Federal, Noticia de los profesores que pagaron y estuvieron exceptuados del pago de, jul. 1880-jun. 1881, p. 223, Doc. 12.9 (<strong>62A<\/strong>)<\/p>\n<p>Contribuciones en el Distrito Federal, Estado que manifiesta el valor ra\u00edz de la propiedad r\u00fastica y urbana en el Distrito Federal, jul. 1880-jun. 1881, p. 224, Doc. 12.10 (<strong>62A<\/strong>)<\/p>\n<p>Contribuciones en el Distrito Federal, Relaci\u00f3n de edificios nacionales, municipales, de beneficencia p\u00fablica, culto cat\u00f3lico y evang\u00e9lico que no causan contribuci\u00f3n, [1881], pp. 225-227, Doc. 12.11 (<strong>62A<\/strong>)<\/p>\n<p>Contribuciones en el Distrito Federal, Estado que manifiesta los valores de fincas r\u00fasticas y urbanas en el Distrito Federal, jul. 1880-jun. 1881, p. 228, Doc. 12.12 (<strong>62A<\/strong>)<\/p>\n<p>Contribuciones en el Distrito Federal, Estado que manifiesta el movimiento de la propiedad r\u00fastica y urbana en el Distrito Federal, jul. 1880-jun. 1881, p. 229, Doc. 12.13 (<strong>62A<\/strong>)<\/p>\n<p>Contribuciones Directas del Distrito Federal, Estado de los trabajos ejecutados por la secci\u00f3n de correspondencia de la Direcci\u00f3n de, jul. 1880-jun. 1881, p. 230, Doc. 12.14 (<strong>62A<\/strong>)<\/p>\n<p>Administraci\u00f3n General de la Renta del Timbre, (Contiene Proyecto de Ley de Catastro), [1881], pp. 231-232 + VII pp., Doc. 13 (<strong>62<\/strong>)<\/p>\n<p>Informe que rinde el encargado de la secci\u00f3n de libros respecto del estado de productos y gastos de la renta del timbre, jul. 1880-jun. 1881, pp. 233-239, Doc. 14 (<strong>62A<\/strong>)<\/p>\n<p>Timbre, Estado que manifiesta los productos y gastos de la Renta del, jul. 1880-jul. 1881, [cinco hojas plegables] Doc. 15 (<strong>62A<\/strong>)<\/p>\n<p>Timbre, Estado de los ingresos y egresos de la Renta del, ene.-jun. 1881, Doc. 15.1 (<strong>62<\/strong>)<\/p>\n<p>Timbre, Estado de los ingresos y egresos de la Renta del, primer semestre del a\u00f1o fiscal, jul.-dic. 1880, Doc. 15.2 (<strong>62A<\/strong>)<\/p>\n<p>Timbre, Por menor que representa el d\u00e9bito y cr\u00e9dito que han tenido la cuenta de caudales y la del papel en blanco as\u00ed como otros efectos, jul. 1880-jun. 1881, Doc. 15.3 (<strong>62A<\/strong>)<\/p>\n<p>Timbre, Movimiento General de Estampillas, jul. 1880-jun. 1881, Doc. 15.4 (<strong>62A<\/strong>)<\/p>\n<p>Timbre, Estado resumen del de productos y gastos de la Renta del, jul. 1876-jun. 1881, Doc. 15.4 (<strong>62A<\/strong>)<\/p>\n<p>Informe de la Secci\u00f3n Cuarta de la Secretar\u00eda de Hacienda, jul. 1880-jun. 1881, pp. 241-245, Doc. 16 (<strong>62A<\/strong>)<\/p>\n<p>Informe de la Secci\u00f3n Quinta encargada de los ramos de estad\u00edstica y contabilidad directa, jul. 1880-jun. 1881, pp. 247-250, Doc. 17-18 (<strong>62A<\/strong>)<\/p>\n<p>Acu\u00f1aci\u00f3n, Introducci\u00f3n a las noticias de la acu\u00f1aci\u00f3n e introducci\u00f3n de metales, jul. 1879-jun. 1880, pp. 251, Doc. 19 (<strong>62A<\/strong>)<\/p>\n<p>Acu\u00f1aci\u00f3n, Estado de acu\u00f1aci\u00f3n habida en las Casas de Moneda, jul. 1879-jun. 1880, Doc. 19.1 (<strong>62A<\/strong>)<\/p>\n<p>Acu\u00f1aci\u00f3n, Estado comparativo de la acu\u00f1aci\u00f3n verificada en las Casas de Moneda, jun. 1875-jul. 1880, Doc. 19.2 (<strong>62A<\/strong>)<\/p>\n<p>Acu\u00f1aci\u00f3n, Estado que manifiesta los metales introducidos a las Casas de Moneda, jun. 1879-jul. 1880, Doc. 19.3 (<strong>62A<\/strong>)<\/p>\n<p>No hay Doc. 20 (<strong>62A<\/strong>)<\/p>\n<p>No hay Doc. 21 (<strong>62A<\/strong>)<\/p>\n<p>Importaci\u00f3n, Noticia de la cantidad a que ascendieron los derechos de importaci\u00f3n por las bebidas alcoh\u00f3licas, jul. 1873-jun. 1874, p. 253, Doc. 22 (<strong>62A<\/strong>)<\/p>\n<p>Importaci\u00f3n, C\u00e1lculo del peso bruto de las mercanc\u00edas que se importan en un a\u00f1o por el puerto de Veracruz, [1881], pp. 254-255, Doc. 23 (<strong>62A<\/strong>)<\/p>\n<p>Exportaci\u00f3n, C\u00e1lculo del peso bruto de los efectos que se exportan anualmente por la Aduana de Veracruz, [1881], p. 256, Doc. 24 (<strong>62A<\/strong>)<\/p>\n<p>Importaci\u00f3n, C\u00e1lculo del peso bruto de las mercanc\u00edas que se importan en un a\u00f1o por el puerto de Veracruz, [1881], pp. 257-258, Doc. 25 (<strong>62A<\/strong>)<\/p>\n<p>Exportaci\u00f3n, Noticia de la exportaci\u00f3n anual a los Estados Unidos, jul. 1880-jun. 1881, pp. 259-261, Doc. 26 (<strong>62A<\/strong>)<\/p>\n<p>Cuenta del erario federal, Noticias estad\u00edsticas de diferentes ramos de la Hacienda P\u00fablica, jul. 1880-jun. 1881, Doc. 27 (<strong>62A<\/strong>)<\/p>\n<p>Importaci\u00f3n, Cuadro Estad\u00edstico del costo en el mercado de las mercanc\u00edas que se importan y del capital que ocupan en su movimiento comercial, jul. 1880-jun. 1881, pp. 265-266, Doc. 28 (<strong>62A<\/strong>)<\/p>\n<p>Importaci\u00f3n, Noticia del peso bruto de las mercanc\u00eda importadas, jul. 1879-jun. 1880, pp. 267-268, Doc. 29 (<strong>62A<\/strong>)<\/p>\n<p>Rentas Federales, Noticia de las Rentas Federales procedentes de impuestos que causan s\u00f3lo en el Distrito Federal y en el territorio de la Baja California, p. 269, Doc. 30 (<strong>62A<\/strong>)<\/p>\n<p>Casas de Moneda, Metales introducidos a las, jul. 1879-jun. 1880, pp. 270-273, (<strong>62A<\/strong>)<\/p>\n<p>Cuenta del erario federal, Cuadro estad\u00edstico que presenta la marcha progresiva del erario federal, jul. 1869-jun. 1880, p. 274, Doc. 31 (<strong>62A<\/strong>)<\/p>\n<p>Importaci\u00f3n, Cuadro estad\u00edstico que demuestra el aumento progresivo de la importaci\u00f3n de mercanc\u00edas, jul. 1869-jun. 1880 pp. 275-276, Doc. 32 (<strong>62A<\/strong>)<\/p>\n<p>Acu\u00f1aci\u00f3n, Cuadro estad\u00edstico que demuestra el aumento progresivo de la acu\u00f1aci\u00f3n verificada, jul. 1872-jun. 1880, p. 277, Doc. 33 (<strong>62A<\/strong>)<\/p>\n<p>Informe del Departamento de Rezagos, pp. 278-281, Doc. 34 (<strong>62A<\/strong>)<\/p>\n<p>Informe del Departamento de Rezagos, pp. 282-306, Doc. 30 [sic] (<strong>62A<\/strong>)<\/p>\n<p>Bienes Nacionalizados, Noticia de las operaciones de bienes nacionalizados, practicadas por el Departamento de Rezagos, jul. 1880-jun. 1881, pp. 307-315, Doc. 34.1 (<strong>62A<\/strong>)<\/p>\n<p>Rezagos, Noticia sobre los, jul. 1880-jun. 1881, pp. 317-324, Doc. 34.3 (<strong>62A<\/strong>)<\/p>\n<p>Informe sobre varios asuntos relacionados con el Departamento de Rezagos, jul. 1880-jun. 1881, pp. 325-355, Doc. 34.4-34.9 (<strong>62A<\/strong>)<\/p>\n<p>Presupuesto del a\u00f1o fiscal de 1881 a 1882:<\/p>\n<p>Presupuestos, Ley de ingresos y presupuesto de egresos del erario federal para el a\u00f1o fiscal que comienza en 1\u00b0 de julio de 1881, y termina en 30 de junio de 1882, 246 pp., [Doc. 35], (<strong>62A<\/strong>)<\/p>\n<p>Incluye:<\/p>\n<p>Reglamento para la exportaci\u00f3n de plata y oro, 20 de junio de 1881, pp. 243-246, (<strong>62A<\/strong>)<\/p>\n<p>Circular sobre el cobro del impuesto sobre tejidos nacionales, [1881], p. 247. (<strong>62A<\/strong>)<\/p>\n<p>[\/read]<\/p>\n<div><\/div>\n","protected":false},"excerpt":{"rendered":"<p>(62A) Memoria de la Secretar\u00eda de Hacienda correspondiente al a\u00f1o fiscal de 1880 a 1881. Parte Segunda Documentos. Cuaderno I. M\u00e9xico, Tipograf\u00eda de Gonzalo A. Esteva, 1881, 355 + 247 pp., cuadros, tablas. Firmada por F. de Landero y Cos\u00a0. Per\u00edodo: julio de 1880 a junio de 1881 Se localiza:\u00a0,\u00a0,\u00a0,\u00a0, , . [read more=&#8221;Ver anexos<\/p>\n<p><a href=\"https:\/\/memoriasdehacienda.institutomora.edu.mx\/?page_id=2995\" class=\"more-link themebutton\">Read More<\/a><\/p>\n","protected":false},"author":2,"featured_media":0,"parent":0,"menu_order":0,"comment_status":"closed","ping_status":"closed","template":"","meta":[],"_links":{"self":[{"href":"https:\/\/memoriasdehacienda.institutomora.edu.mx\/index.php?rest_route=\/wp\/v2\/pages\/2995"}],"collection":[{"href":"https:\/\/memoriasdehacienda.institutomora.edu.mx\/index.php?rest_route=\/wp\/v2\/pages"}],"about":[{"href":"https:\/\/memoriasdehacienda.institutomora.edu.mx\/index.php?rest_route=\/wp\/v2\/types\/page"}],"author":[{"embeddable":true,"href":"https:\/\/memoriasdehacienda.institutomora.edu.mx\/index.php?rest_route=\/wp\/v2\/users\/2"}],"replies":[{"embeddable":true,"href":"https:\/\/memoriasdehacienda.institutomora.edu.mx\/index.php?rest_route=%2Fwp%2Fv2%2Fcomments&post=2995"}],"version-history":[{"count":7,"href":"https:\/\/memoriasdehacienda.institutomora.edu.mx\/index.php?rest_route=\/wp\/v2\/pages\/2995\/revisions"}],"predecessor-version":[{"id":8293,"href":"https:\/\/memoriasdehacienda.institutomora.edu.mx\/index.php?rest_route=\/wp\/v2\/pages\/2995\/revisions\/8293"}],"wp:attachment":[{"href":"https:\/\/memoriasdehacienda.institutomora.edu.mx\/index.php?rest_route=%2Fwp%2Fv2%2Fmedia&parent=2995"}],"curies":[{"name":"wp","href":"https:\/\/api.w.org\/{rel}","templated":true}]}}