{"id":2997,"date":"2016-06-26T08:04:37","date_gmt":"2016-06-26T14:04:37","guid":{"rendered":"http:\/\/memoriasdehacienda.colmex.mx\/mhwp\/?page_id=2997"},"modified":"2017-08-09T13:51:39","modified_gmt":"2017-08-09T19:51:39","slug":"memoria-63","status":"publish","type":"page","link":"https:\/\/memoriasdehacienda.institutomora.edu.mx\/?page_id=2997","title":{"rendered":"Memoria 63  (30 de septiembre de 1884)"},"content":{"rendered":"<p style=\"text-align: justify;\"><span style=\"font-size: 11pt; color: #ff6600;\"><strong>(63)\u00a0\u00a0 Memoria de Hacienda y Cr\u00e9dito P\u00fablico correspondiente al a\u00f1o fiscal transcurrido de 1\u00b0 de julio de 1883 a 30 de junio de 1884, presentada por el secretario de estado y el despacho de Hacienda y Cr\u00e9dito Publico, general Miguel de la Pe\u00f1a, al Congreso de la Uni\u00f3n el 30 de septiembre de 1884. Primer cuaderno. Parte expositiva y disposiciones dictadas en el a\u00f1o fiscal. M\u00e9xico, Tipograf\u00eda &#8220;La Luz&#8221; de Antonio B. Lara, 1884, CIV pp., cuadros, tablas.<\/strong><\/span><\/p>\n<p style=\"text-align: justify;\"><span style=\"color: #000000;\">Firmada por Miguel de la Pe\u00f1a.<\/span><\/p>\n<p style=\"text-align: justify;\"><span style=\"color: #000000;\">Per\u00edodo: 1883 a 1884<\/span><\/p>\n<p style=\"text-align: justify;\"><span style=\"color: #000000;\">Se localiza: <span class=\"tooltips \" style=\"\" title=\"Biblioteca &quot;Miguel Lerdo de Tejada&quot;, Secretar\u00eda de Hacienda y Cr\u00e9dito P\u00fablico.\">BH<\/span>,\u00a0<span class=\"tooltips \" style=\"\" title=\"Biblioteca del Archivo General de la Naci\u00f3n, M\u00e9xico.\">BAGN<\/span>, <span class=\"tooltips \" style=\"\" title=\"Biblioteca del Instituto de Investigaciones &quot;Dr. Jos\u00e9 Mar\u00eda Luis Mora&quot; (material en micropel\u00edcula).\">BIM-Mfilm<\/span>, <span class=\"tooltips \" style=\"\" title=\"Biblioteca &quot;Daniel Cos\u00edo Villegas&quot;, El Colegio de M\u00e9xico (material en micropel\u00edcula).\">BColmex-Mfilm<\/span>. <\/span><\/p>\n<p style=\"text-align: justify;\"><strong><span style=\"color: #000000;\">Tiene anexos, cuadros y tablas.<\/span><\/strong><\/p>\n<p style=\"text-align: justify;\"><strong><span style=\"color: #000000;\">S\u00edntesis del contenido:<\/span><\/strong><\/p>\n<p style=\"text-align: justify;\"><span style=\"color: #000000;\">Esta memoria se divide en dos partes: la primera del 1 de julio de 1883 a febrero de 1884- cuando estuvo a cargo de la Secretar\u00eda de Hacienda Jes\u00fas Fuentes y Mu\u00f1iz-, y la segunda, de febrero de 1884 a junio del mismo a\u00f1o- cuando estuvo bajo la direcci\u00f3n de Miguel de la Pe\u00f1a.<\/span><\/p>\n<p style=\"text-align: justify;\"><span style=\"color: #000000;\">El ministro de la Pe\u00f1a comienza su informe se\u00f1alando la existencia de una crisis econ\u00f3mica en el pa\u00eds que se manifiesta en p\u00e9rdidas de cosechas y crisis agr\u00edcola, una escasa actividad industrial, la suspensi\u00f3n de la actividad de construcci\u00f3n de los ferrocarriles, y una crisis bancaria, provocando un alza en las tasas de inter\u00e9s.<\/span><\/p>\n<p style=\"text-align: justify;\"><span style=\"color: #000000;\">Se comenta la necesidad impulsar en mayor grado la exportaci\u00f3n de los productos agr\u00edcolas y mineros mexicanos con objeto de poder saldar la balanza comercial sin depender tan estrechamente de las exportaciones de plata acu\u00f1ada (que todav\u00eda cubren 75% de las importaciones).<\/span><\/p>\n<p style=\"text-align: justify;\"><span style=\"color: #000000;\">Se rese\u00f1a bastante detalladamente los principales rubros fiscales, comenzando con aduanas mar\u00edtimas y fronterizas, contribuciones interiores, timbre, loter\u00eda, derecho de portazgo, etc\u00e9tera Se se\u00f1ala la oposici\u00f3n de los gobernadores de los estados a la propuesta abolici\u00f3n de las alcabalas como fuente de ingresos estatales. Se indica que, en comparaci\u00f3n con a\u00f1os anteriores, se ha producido una disminuci\u00f3n sustancial de los egresos ordinarios, pero tambi\u00e9n se indica que los compromisos extraordinarios han provocado un aumento de la deuda flotante.<\/span><\/p>\n<p style=\"text-align: justify;\"><span style=\"color: #000000;\">Se abre una nueva secci\u00f3n en la Memoria que se refiere a los bancos de la capital, incluyendo los balances de los mismos. Se comenta la crisis del Monte de Piedad y la fusi\u00f3n del Banco Mercantil Mexicano y Banco Nacional Mexicano que se transforman en Banco Nacional de M\u00e9xico (1884), el cual funcionar\u00e1 a partir de entonces como banco de gobierno, a\u00fan cuando sigue siendo un banco de propiedad privada.<\/span><\/p>\n<p style=\"text-align: justify;\"><span style=\"color: #000000;\">Se rese\u00f1an las numerosas subvenciones a las empresas de ferrocarriles, indicando que la mayor parte de los fondos se derivan de la hipoteca de ramos aduanales de los principales puertos, por lo que se observa una ca\u00edda en los ingresos directos a la Hacienda por cuenta de aduanas.<\/span><\/p>\n<p style=\"text-align: justify;\"><span style=\"color: #000000;\">Finalmente se pasa revista a la deuda p\u00fablica, indicando que se ha producido una disminuci\u00f3n de la deuda interna. Por su parte, est\u00e1 en proceso de renegociaci\u00f3n la deuda externa a trav\u00e9s del agente del gobierno mexicano en Londres, Carlos Rivas, llev\u00e1ndose negociaciones para ratificar el &#8220;Contrato Noetzlin&#8221; de reconocimiento y conversi\u00f3n de la vieja deuda inglesa, que se propone podr\u00e1 canjearse por nuevos bonos a emitirse en los mercados de capitales europeos.<\/span><\/p>\n<p style=\"text-align: justify;\"><span style=\"color: #000000;\">No obstante los avances administrativos, fiscales y financieros alcanzados, se concluye observando la precariedad de la situaci\u00f3n debido a la hipoteca de las aduanas para el pago de la deuda flotante, en proceso de r\u00e1pida expansi\u00f3n.<\/span>[read more=&#8221;Ver anexos estad\u00edsticos&#8221; less=&#8221;ver menos&#8221;]<\/p>\n<p>&nbsp;<\/p>\n<p><strong><span style=\"color: #0000ff;\">Cuadros incluidos en la parte expositiva:<\/span><\/strong><\/p>\n<p>Presupuesto de egresos, jul. 1883-jun. 1884, p. X, (<strong>63<\/strong>)<\/p>\n<p>Presupuestos, Cuadro comparativo de presupuesto de egresos, jul. 1882-jun. 1883, jul. 1883-jun. 1884, p. X, (<strong>63<\/strong>)<\/p>\n<p>Presupuestos, Cuadro comparativo de presupuesto de ingresos por derechos aduanales, por aduanas, jul. 1882-jun. 1883, jul. 1883-jun. 1884, p. XVI, (<strong>63<\/strong>)<\/p>\n<p>Importaci\u00f3n, Noticia de buques y trenes de carros y ferrocarriles [que llegaron a las aduanas], jul. 1883-jun. 1884, p. XIX, (<strong>63<\/strong>)<\/p>\n<p>Cuenta del erario federal, jul. 1883-jun. 1884, p. XX, (<strong>63<\/strong>)<\/p>\n<p>Herencias transversales, Estado que manifiesta las liquidaciones que por pensi\u00f3n de herencias transversales ha practicado la defensor\u00eda fiscal, jul. 1883-jun. 1884, p. XLI, (<strong>63<\/strong>)<\/p>\n<p>Exportaci\u00f3n, Monto de la exportaci\u00f3n por cada aduana, jul.-sep. 1883, p. XLII, (<strong>63<\/strong>)<\/p>\n<p>Exportaci\u00f3n, Cuadro comparativo de las mercanc\u00edas exportadas, jul. 1882-jun. 1884, XLVI, (<strong>63<\/strong>)<\/p>\n<p>Rentas federales, Cuadro comparativo de las, jul. 1874-jun. 1884, p. XLVIII, (<strong>63<\/strong>)<\/p>\n<p>Aduanas Mar\u00edtimas y Fronterizas, grav\u00e1menes de que son objeto sus productos, [1884], p. LXXI, (<strong>63<\/strong>)<\/p>\n<p>Documentos anexos a la Memoria de Hacienda del a\u00f1o econ\u00f3mico de 1\u00b0 de julio de 1883 a 30 de junio de 1884 &#8230;, M\u00e9xico, Tipograf\u00eda &#8220;La Luz&#8221; de Antonio B. Lara, 1884, 248 pp., cuadros, tablas.<\/p>\n<p>Leyes, decretos, circulares, reglamentos, acuerdos y determinaciones:<\/p>\n<p>Secci\u00f3n Primera. Aduanas Mar\u00edtimas y Fronterizas. Departamento Administrativo, Doc. 1-25 (<strong>63<\/strong>)<\/p>\n<p>Secci\u00f3n Segunda. Bienes Nacionalizados, Doc. 26-28 (<strong>63<\/strong>)<\/p>\n<p>Bienes Nacionalizados, Noticia de los Capitales de Redenci\u00f3n, Doc. 29 (<strong>63<\/strong>)<\/p>\n<p>Secci\u00f3n Tercera. Contribuciones, Timbre y Ramos menores, Doc. 30-58 (<strong>63<\/strong>)<\/p>\n<p>Secci\u00f3n Cuarta. Contabilidad, Doc. 59-60 (<strong>63<\/strong>)<\/p>\n<p>Secci\u00f3n Quinta. Pagos y presupuestos, Doc. 61-69 (<strong>63<\/strong>)<\/p>\n<p>Presupuesto, Resumen general del presupuesto de egresos, Doc. 67 (<strong>63<\/strong>)<\/p>\n<p>Secci\u00f3n Sexta. Cr\u00e9dito P\u00fablico, Doc. 70-93 (<strong>63<\/strong>)<\/p>\n<p>[\/read]<\/p>\n<div><\/div>\n","protected":false},"excerpt":{"rendered":"<p>(63)\u00a0\u00a0 Memoria de Hacienda y Cr\u00e9dito P\u00fablico correspondiente al a\u00f1o fiscal transcurrido de 1\u00b0 de julio de 1883 a 30 de junio de 1884, presentada por el secretario de estado y el despacho de Hacienda y Cr\u00e9dito Publico, general Miguel de la Pe\u00f1a, al Congreso de la Uni\u00f3n el 30 de septiembre de 1884. Primer<\/p>\n<p><a href=\"https:\/\/memoriasdehacienda.institutomora.edu.mx\/?page_id=2997\" class=\"more-link themebutton\">Read More<\/a><\/p>\n","protected":false},"author":2,"featured_media":0,"parent":0,"menu_order":0,"comment_status":"closed","ping_status":"closed","template":"","meta":[],"_links":{"self":[{"href":"https:\/\/memoriasdehacienda.institutomora.edu.mx\/index.php?rest_route=\/wp\/v2\/pages\/2997"}],"collection":[{"href":"https:\/\/memoriasdehacienda.institutomora.edu.mx\/index.php?rest_route=\/wp\/v2\/pages"}],"about":[{"href":"https:\/\/memoriasdehacienda.institutomora.edu.mx\/index.php?rest_route=\/wp\/v2\/types\/page"}],"author":[{"embeddable":true,"href":"https:\/\/memoriasdehacienda.institutomora.edu.mx\/index.php?rest_route=\/wp\/v2\/users\/2"}],"replies":[{"embeddable":true,"href":"https:\/\/memoriasdehacienda.institutomora.edu.mx\/index.php?rest_route=%2Fwp%2Fv2%2Fcomments&post=2997"}],"version-history":[{"count":6,"href":"https:\/\/memoriasdehacienda.institutomora.edu.mx\/index.php?rest_route=\/wp\/v2\/pages\/2997\/revisions"}],"predecessor-version":[{"id":8294,"href":"https:\/\/memoriasdehacienda.institutomora.edu.mx\/index.php?rest_route=\/wp\/v2\/pages\/2997\/revisions\/8294"}],"wp:attachment":[{"href":"https:\/\/memoriasdehacienda.institutomora.edu.mx\/index.php?rest_route=%2Fwp%2Fv2%2Fmedia&parent=2997"}],"curies":[{"name":"wp","href":"https:\/\/api.w.org\/{rel}","templated":true}]}}