{"id":2999,"date":"2016-06-26T08:05:12","date_gmt":"2016-06-26T14:05:12","guid":{"rendered":"http:\/\/memoriasdehacienda.colmex.mx\/mhwp\/?page_id=2999"},"modified":"2017-08-09T13:53:23","modified_gmt":"2017-08-09T19:53:23","slug":"memoria-64","status":"publish","type":"page","link":"https:\/\/memoriasdehacienda.institutomora.edu.mx\/?page_id=2999","title":{"rendered":"Memoria 64 (19 de octubre de 1885)"},"content":{"rendered":"<p style=\"text-align: justify;\"><span style=\"font-size: 11pt; color: #ff6600;\"><strong>(64)\u00a0 Memoria de la Secretar\u00eda de Hacienda correspondiente al ejercicio fiscal de 1884 a 1885 presentada al Congreso de la Uni\u00f3n por el ministro del ramo, lic. Manuel Dubl\u00e1n. M\u00e9xico, Imprenta del Gobierno Federal, en Palacio, dirigida por Sab\u00e1s A. Mungu\u00eda, 1885, 734 pp., cuadros, tablas.<\/strong><\/span><\/p>\n<p style=\"text-align: justify;\"><span style=\"color: #000000;\">Firmada por Manuel Dubl\u00e1n.<\/span><\/p>\n<p style=\"text-align: justify;\"><span style=\"color: #000000;\">Per\u00edodo: julio de 1884-junio de 1885.<\/span><\/p>\n<p style=\"text-align: justify;\"><span style=\"color: #000000;\">Se localiza:\u00a0<span class=\"tooltips \" style=\"\" title=\"Biblioteca &quot;Miguel Lerdo de Tejada&quot;, Secretar\u00eda de Hacienda y Cr\u00e9dito P\u00fablico.\">BH<\/span>,\u00a0<span class=\"tooltips \" style=\"\" title=\"Biblioteca del Archivo General de la Naci\u00f3n, M\u00e9xico.\">BAGN<\/span>,\u00a0<span class=\"tooltips \" style=\"\" title=\"Biblioteca del Instituto de Investigaciones &quot;Dr. Jos\u00e9 Mar\u00eda Luis Mora&quot; (material en micropel\u00edcula).\">BIM-Mfilm<\/span>, <span class=\"tooltips \" style=\"\" title=\"Biblioteca &quot;Daniel Cos\u00edo Villegas&quot;, El Colegio de M\u00e9xico (material en micropel\u00edcula).\">BColmex-Mfilm<\/span>.<\/span><\/p>\n<p style=\"text-align: justify;\"><strong><span style=\"color: #000000;\">Tiene anexos, cuadros y tablas<\/span><\/strong><\/p>\n<p style=\"text-align: justify;\"><strong><span style=\"color: #000000;\">S\u00edntesis del contenido:<\/span><\/strong><\/p>\n<p style=\"text-align: justify;\"><span style=\"color: #000000;\">En esta Memoria se analiza la crisis fiscal y financiera que se produjo al concluir el gobierno de Manuel Gonz\u00e1lez en 1884, y al iniciarse la nueva administraci\u00f3n de Porfirio D\u00edaz en 1885, cuando asumi\u00f3 el cargo de Secretario de Hacienda, Manuel Dubl\u00e1n; quien hace un balance del gravamen sobre los fondos federales hipotecados a diversos acreedores (especialmente bancos y empresas de ferrocarriles) en el momento de tomar el cargo. Cabe mencionar que gran parte de las rentas del Distrito Federal estaban gravadas a favor del Banco Nacional de M\u00e9xico, es decir la totalidad de los ingresos de la oficina de contribuciones, y una renta diaria de la oficina de rentas y la Loter\u00eda. De manera similar, el secretario especifica el monto de las cantidades que pesan sobre las casas de moneda y menciona las hipotecas a favor del Banco Hipotecario sobre edificios y terrenos nacionales en la ciudad de M\u00e9xico. Analiza las hipotecas que pesan sobre el 90% de los ingresos de las aduanas mar\u00edtimas para cubrir pagos sobre la deuda flotante, concluyendo que el erario estaba en una estado de virtual bancarrota.<\/span><\/p>\n<p style=\"text-align: justify;\"><span style=\"color: #000000;\">Enseguida explica los arreglos que se pusieron en pr\u00e1ctica a partir de las leyes del 22 de junio (1885) para aliviar la presi\u00f3n financiera que pesaba sobre el nuevo gobierno de Porfirio D\u00edaz. Entre ellas destacan la modificaci\u00f3n en el monto de las asignaciones que el gobierno deb\u00eda pagar al Banco Nacional y la dr\u00e1stica reducci\u00f3n de pagos de subvenciones a los ferrocarriles. En su conjunto, estas y otra medidas permit\u00edan una reforma al cr\u00e9dito p\u00fablico, facultando al ejecutivo para revisar la deuda flotante y consolidada.<\/span><\/p>\n<p style=\"text-align: justify;\"><span style=\"color: #000000;\">La Memoria tambi\u00e9n llama la atenci\u00f3n sobre la reforma administrativa y de control presupuestal que intentaba vigilar el gasto p\u00fablico y reducir los compromisos pecuniarios del gobierno. Se incluye el presupuesto de egresos y ley de ingresos y se informa que concluy\u00f3 la reforma al arancel de aduanas, proporcion\u00e1ndose informaci\u00f3n sobre los montos recaudados. En seguida menciona diversas modificaciones fiscales y administrativas como la creaci\u00f3n de la Direcci\u00f3n de Contribuciones Directas, reformas de la renta del Timbre, los cambios en el cuerpo de administraci\u00f3n militar, las reformas en la Loter\u00eda, en las herencias transversales, los terrenos bald\u00edos, las salinas, el corte de maderas y el guano. Se incluyen estad\u00edsticas fiscales pertinentes.<\/span><\/p>\n<p style=\"text-align: justify;\"><span style=\"color: #000000;\">Por otra parte, en la Memoria se mencionan algunas medidas administrativas para el control del gasto p\u00fablico como son la revisi\u00f3n de las pensiones militares y civiles y la reorganizaci\u00f3n de la oficina de nacionalizaci\u00f3n.<\/span><\/p>\n<p style=\"text-align: justify;\"><span style=\"color: #000000;\">Por \u00faltimo menciona la revisi\u00f3n del cr\u00e9dito p\u00fablico informando sobre el estado de los contratos ratificados con instituciones de cr\u00e9dito; sobre la deuda al gobierno de Los Estados Unidos y sobre las reclamaciones de algunos de los cr\u00e9ditos reconocidos de la revuelta de Tuxtepec. En cuanto a los ferrocarriles especifica las cantidades pagadas por subvenci\u00f3n por l\u00edneas y tramos.<\/span><\/p>\n<p style=\"text-align: justify;\"><span style=\"color: #000000;\">Concluye afirmando que las medidas son positivas pues se ha incrementado la recaudaci\u00f3n, por lo que es necesario continuar con ellas en el marco de los principios liberales.<\/span>[read more=&#8221;Ver anexos estad\u00edsticos&#8221; less=&#8221;ver menos&#8221;]<\/p>\n<p>&nbsp;<\/p>\n<p><span style=\"color: #0000ff;\"><strong>Cuadros incluidos en la parte expositiva:<\/strong><\/span><\/p>\n<p>&nbsp;<\/p>\n<p>Deuda p\u00fablica, Noticia de las obligaciones que pesaban sobre las Casas de Moneda, dic. 1884, p. 8, (<strong>64<\/strong>)<\/p>\n<p>Presupuesto de ingresos y egreso, jul. 1884-jun. 1885, p. 20, (<strong>64<\/strong>)<\/p>\n<p>Banco Hipotecario Mexicano, Balances mensuales, jul. 1884-jun. 1885, p. 35, (<strong>64<\/strong>)<\/p>\n<p>Banco de Empleados, Balances mensuales, jul. 1884-jun. 1885, p. 37, (<strong>64<\/strong>)<\/p>\n<p>Banco Nacional de M\u00e9xico, Balances mensuales, jul. 1884-jun. 1885, p. 38, (<strong>64<\/strong>)<\/p>\n<p>Exportaci\u00f3n, Tabla de exportaci\u00f3n, jul. 1878-jun. 1883 y jul. 1882-jun. 1884, p. 52, (<strong>64<\/strong>)<\/p>\n<p>Exportaci\u00f3n de metales, Tabla de exportaci\u00f3n de metales preciosos, jul. 1878-jun. 1883 y jul. 1882-jun. 1884, p. 53, (<strong>64<\/strong>)<\/p>\n<p><strong>Documentos anexos<\/strong><\/p>\n<p>Presupuesto de egresos de la federaci\u00f3n, jul. 1884-jun. 1885, p. 57. (<strong>64<\/strong>)<\/p>\n<p>Cuenta del erario federal, Ingresos del tesoro federal, jul. 1884-jun. 1885, p. 219, (<strong>64<\/strong>)<\/p>\n<p>Leyes, decretos, circulares, ordenes, reglamentos, acuerdos y determinaciones, jul. 1884-jun. 1885, p. 224 (<strong>64<\/strong>)<\/p>\n<p>Exportaci\u00f3n de mercanc\u00edas, Noticia de la exportaci\u00f3n de mercanc\u00edas, jul. 1883-jun. 1884, p. 243, (<strong>64<\/strong>)<\/p>\n<p>Leyes, decretos, circulares, ordenes, reglamentos, acuerdos y determinaciones, jul. 1884-jun. 1885, p. 267 (<strong>64<\/strong>)<\/p>\n<p>Acu\u00f1aci\u00f3n, Noticias de acu\u00f1aci\u00f3n e introducci\u00f3n de metales en las Casas de moneda, jul. 1883-jun. 1884, p. 529, (<strong>64<\/strong>)<\/p>\n<p>Casas de moneda, Noticia del peso y valor que tuvieron los metales introducidos en las, jul. 1883-jun. 1884, p. 553, (<strong>64<\/strong>)<\/p>\n<p>Casas de moneda, Estado de introducci\u00f3n de metales, con expresi\u00f3n de los minerales productores y los estados a los que pertenecen, [1885], p. 541, (<strong>64<\/strong>)<\/p>\n<p>Leyes, decretos, circulares, ordenes, reglamentos, acuerdos y determinaciones, jul. 1884-jun. 1885, p. 549 (<strong>64<\/strong>)<\/p>\n<p>\u00cdndice de la Parte Expositiva, jul. 1884-jun. 1885, p. 727 (<strong>64<\/strong>)<\/p>\n<p>\u00cdndice de los Documentos, jul. 1884-jun. 1885, p. 731 (<strong>64<\/strong>)<\/p>\n<p>[\/read]<\/p>\n","protected":false},"excerpt":{"rendered":"<p>(64)\u00a0 Memoria de la Secretar\u00eda de Hacienda correspondiente al ejercicio fiscal de 1884 a 1885 presentada al Congreso de la Uni\u00f3n por el ministro del ramo, lic. Manuel Dubl\u00e1n. M\u00e9xico, Imprenta del Gobierno Federal, en Palacio, dirigida por Sab\u00e1s A. Mungu\u00eda, 1885, 734 pp., cuadros, tablas. Firmada por Manuel Dubl\u00e1n. Per\u00edodo: julio de 1884-junio de<\/p>\n<p><a href=\"https:\/\/memoriasdehacienda.institutomora.edu.mx\/?page_id=2999\" class=\"more-link themebutton\">Read More<\/a><\/p>\n","protected":false},"author":2,"featured_media":0,"parent":0,"menu_order":0,"comment_status":"closed","ping_status":"closed","template":"","meta":[],"_links":{"self":[{"href":"https:\/\/memoriasdehacienda.institutomora.edu.mx\/index.php?rest_route=\/wp\/v2\/pages\/2999"}],"collection":[{"href":"https:\/\/memoriasdehacienda.institutomora.edu.mx\/index.php?rest_route=\/wp\/v2\/pages"}],"about":[{"href":"https:\/\/memoriasdehacienda.institutomora.edu.mx\/index.php?rest_route=\/wp\/v2\/types\/page"}],"author":[{"embeddable":true,"href":"https:\/\/memoriasdehacienda.institutomora.edu.mx\/index.php?rest_route=\/wp\/v2\/users\/2"}],"replies":[{"embeddable":true,"href":"https:\/\/memoriasdehacienda.institutomora.edu.mx\/index.php?rest_route=%2Fwp%2Fv2%2Fcomments&post=2999"}],"version-history":[{"count":5,"href":"https:\/\/memoriasdehacienda.institutomora.edu.mx\/index.php?rest_route=\/wp\/v2\/pages\/2999\/revisions"}],"predecessor-version":[{"id":8295,"href":"https:\/\/memoriasdehacienda.institutomora.edu.mx\/index.php?rest_route=\/wp\/v2\/pages\/2999\/revisions\/8295"}],"wp:attachment":[{"href":"https:\/\/memoriasdehacienda.institutomora.edu.mx\/index.php?rest_route=%2Fwp%2Fv2%2Fmedia&parent=2999"}],"curies":[{"name":"wp","href":"https:\/\/api.w.org\/{rel}","templated":true}]}}