{"id":3001,"date":"2016-06-26T08:07:00","date_gmt":"2016-06-26T14:07:00","guid":{"rendered":"http:\/\/memoriasdehacienda.colmex.mx\/mhwp\/?page_id=3001"},"modified":"2017-08-09T13:57:54","modified_gmt":"2017-08-09T19:57:54","slug":"memoria-65","status":"publish","type":"page","link":"https:\/\/memoriasdehacienda.institutomora.edu.mx\/?page_id=3001","title":{"rendered":"Memoria 65 (julio de 1885-junio de 1886)"},"content":{"rendered":"<p style=\"text-align: justify;\"><span style=\"font-size: 11pt; color: #ff6600;\"><strong>(65) Memoria de la Secretar\u00eda de Hacienda correspondiente al ejercicio fiscal de 1885 a 1886 presentada al Congreso de la Uni\u00f3n por el ministro del ramo lic. Manuel Dubl\u00e1n. M\u00e9xico, Imprenta de Ignacio Cumplido, 1887, XXXII + 390 pp., cuadros, tablas.<\/strong><\/span><\/p>\n<p style=\"text-align: justify;\"><span style=\"color: #000000;\">Firmada por Manuel Dubl\u00e1n.<\/span><\/p>\n<p style=\"text-align: justify;\"><span style=\"color: #000000;\">Per\u00edodo: julio de 1885-junio de 1886.<\/span><\/p>\n<p style=\"text-align: justify;\"><span style=\"color: #000000;\">Se localiza:\u00a0<span class=\"tooltips \" style=\"\" title=\"Biblioteca &quot;Miguel Lerdo de Tejada&quot;, Secretar\u00eda de Hacienda y Cr\u00e9dito P\u00fablico.\">BH<\/span>,\u00a0<span class=\"tooltips \" style=\"\" title=\"Biblioteca del Banco de M\u00e9xico.\">BBM<\/span>,\u00a0<span class=\"tooltips \" style=\"\" title=\"Biblioteca del Archivo General de la Naci\u00f3n, M\u00e9xico.\">BAGN<\/span>,\u00a0<span class=\"tooltips \" style=\"\" title=\"Biblioteca del Instituto de Investigaciones &quot;Dr. Jos\u00e9 Mar\u00eda Luis Mora&quot; (material en micropel\u00edcula).\">BIM-Mfilm<\/span>, <span class=\"tooltips \" style=\"\" title=\"Biblioteca &quot;Daniel Cos\u00edo Villegas&quot;, El Colegio de M\u00e9xico (material en micropel\u00edcula).\">BColmex-Mfilm<\/span>.<\/span><\/p>\n<p style=\"text-align: justify;\"><strong><span style=\"color: #000000;\">Tiene anexos, cuadros y tablas.<\/span><\/strong><\/p>\n<p style=\"text-align: justify;\"><strong><span style=\"color: #000000;\">S\u00edntesis del contenido:<\/span><\/strong><\/p>\n<p style=\"text-align: justify;\"><span style=\"color: #000000;\">El secretario Dubl\u00e1n rese\u00f1a los efectos de las medidas adoptadas a mediados de 1885 con objeto de reducir gastos ordinarios y de la deuda flotante; es decir, los trabajos encargados por la presidencia preferentemente se encaminaron a efectuar, con regularidad, los pagos de los servicios federales; a procurar la recaudaci\u00f3n efectiva y el gasto razonado de las &#8220;rentas p\u00fablicas&#8221;, pero fundamentalmente a mantener el cr\u00e9dito de la naci\u00f3n.<\/span><\/p>\n<p style=\"text-align: justify;\"><span style=\"color: #000000;\">En la Memoria se describen una serie de reformas fiscales que se refieren a las ordenanzas de aduanas, y medidas para el cobro de impuestos de predial, patentes y profesiones. Se indica que la recaudaci\u00f3n declin\u00f3 ligeramente, logr\u00e1ndose reunir aproximadamente 28 millones de pesos por medio de los recursos fiscales ordinarios. Por otra parte, se incluye una detallada rese\u00f1a hist\u00f3rica de las diferentes leyes que han tenido que ver con la cuenta del erario p\u00fablico desde la independencia hasta la fecha.<\/span><\/p>\n<p style=\"text-align: justify;\"><span style=\"color: #000000;\">Se se\u00f1ala que si bien el presupuesto autorizado es de 38 millones de pesos- algo superior a\u00f1os anteriores- en la pr\u00e1ctica representa una reducci\u00f3n pues ahora no se autorizan partidas extraordinarias excepto por un monto reducido. Se efect\u00faa un control m\u00e1s riguroso de las asignaciones y se cesan empleados supernumerarios de Hacienda. En resumidas cuentas, se autorizan gastos efectivos por 31 millones de pesos, pag\u00e1ndose 26 millones, por lo que pasa a la deuda flotante unos 5 millones, cantidad similar a los a\u00f1os 1882-1884.<\/span><\/p>\n<p style=\"text-align: justify;\"><span style=\"color: #000000;\">Se hace especial hincapi\u00e9 en los avances alcanzados en el reconocimiento y consolidaci\u00f3n de la deuda publica. Se establecen oficinas especiales en Londres para encargarse de la renegociaci\u00f3n de la deuda externa y en M\u00e9xico para el reconocimiento y servicio de la deuda interna. Se comienzan a efectuar pagos m\u00e1s regulares sobre dicha deuda. Asimismo, se transcribe el acuerdo para arreglar la deuda del gobierno mexicano con el Comit\u00e9 de tenedores de bonos mexicanos en Londres.<\/span><\/p>\n<p style=\"text-align: justify;\"><span style=\"color: #000000;\">Despu\u00e9s de indicar que las acciones m\u00e1s importantes en el ramo de Casas de moneda fueron la acu\u00f1aci\u00f3n de moneda de cobre y la autorizaci\u00f3n concedida a la empresa arrendadora de la Casa de moneda de San Luis Potos\u00ed para comprar nueva maquinaria.<\/span><\/p>\n<p style=\"text-align: justify;\"><span style=\"color: #000000;\">En su conclusi\u00f3n, con base a los resultados del a\u00f1o fiscal 1885-1886, Dubl\u00e1n ve con optimismo el futuro de las finanzas nacionales. La situaci\u00f3n la califica de &#8220;relativamente favorable&#8221;, con &#8220;resultados satisfactorios&#8221; puesto que con los fondos de la administraci\u00f3n federal se han atendido a todas las necesidades, una vez que se ha mejorado la legislaci\u00f3n arancelaria, el despacho de aduanas, y el sistema de contribuciones, as\u00ed como la contabilidad fiscal.<\/span><\/p>\n<p style=\"text-align: justify;\"><span style=\"color: #000000;\">Lo m\u00e1s importante, al parecer del ministro, es el arreglo de la deuda publica y el pago puntual de la misma. Todo ser\u00e1 posible con el apoyo de las C\u00e1maras, y &#8220;el sosiego publico que permite al Ejecutivo apartar su acci\u00f3n de las esferas de la pol\u00edtica y convertirla por completo en trabajos administrativos&#8230; punto de partida para la regeneraci\u00f3n econ\u00f3mica de la Rep\u00fablica&#8230;&#8221;<\/span>[read more=&#8221;Ver anexos estad\u00edsticos&#8221; less=&#8221;ver menos&#8221;]<\/p>\n<p><span style=\"color: #0000ff;\"><strong>Documentos anexos<\/strong>:<\/span><\/p>\n<p>Presupuesto, Ley de ingresos, jul. 1885-jun. 1886, p. 1, Doc. 1 (<strong>65<\/strong>)<\/p>\n<p>Presupuesto de egresos, por ramos (Poderes y Secretar\u00edas), jul. 1885-jun. 1886, p. 4, Doc. 2 (<strong>65<\/strong>)<\/p>\n<p>Leyes, decretos, circulares, ordenes, reglamentos, acuerdos y determinaciones, jul. 1885-jun. 1886, p. 138 Doc. 3-194 (<strong>65<\/strong>)<\/p>\n<p>Timbre, Noticia de los productos de la Renta del, jul. 1881-jun. 1886, p. 255, Doc. 195 (<strong>65<\/strong>)<\/p>\n<p>Timbre, Productos del timbre en el Distrito Federal, jul. 1881-jun. 1886, p. 256, Doc. 196 (<strong>65<\/strong>)<\/p>\n<p>Contribuciones, Ingresos habidos en la Direcci\u00f3n de, jul. 1885-jun. 1886, p. 257, Doc. 197 (<strong>65<\/strong>)<\/p>\n<p>Contribuciones en el Distrito Federal, Estado comparativo de los productos de, jul. 1884-jun. 1886, p. 259, Doc. 198 (<strong>65<\/strong>)<\/p>\n<p>Cuenta del erario federal, Noticia de las cantidades que en numerario y en cr\u00e9ditos ha percibido la Tesorer\u00eda por adeudos pendientes, jul. 1885-jun. 1886, p. 261, Doc. 199 (<strong>65<\/strong>)<\/p>\n<p>Orizaba, Estado de las operaciones practicadas por el comisionado de la Secretar\u00eda de Hacienda en Orizaba, jul. 1885-jun. 1886, p. 263, Doc. 200 (<strong>65<\/strong>)<\/p>\n<p>Guanajuato, Estado y operaciones practicadas por el comisionado de la Secretar\u00eda de Hacienda en Guanajuato, jul. 1885-jun. 1886, p. 265, Doc. 201-202 (<strong>65<\/strong>)<\/p>\n<p>Cobros verificados por el Visitador de la Jefatura de Hacienda en Guanajuato, jul. 1885-jun. 1886, p. 269, Doc. 203 (<strong>65<\/strong>)<\/p>\n<p>Deuda p\u00fablica, Estado que manifiesta las operaciones de redenci\u00f3n, jul. 1885-jun. 1886, p. 270, Doc. 204 (<strong>65<\/strong>)<\/p>\n<p>Herencias transversales, Noticia relativa al ramo de, jul. 1885-jun. 1886, p. 272, Doc. 205 (<strong>65<\/strong>)<\/p>\n<p>Jefaturas de Hacienda, Estado que manifiesta las liquidaciones enviadas por las, jul. 1885-jun. 1886, p. 273, Doc. 206 (<strong>65<\/strong>)<\/p>\n<p>Estado que manifiesta las cancelaciones practicadas en la secci\u00f3n segunda, jul. 1885-jun. 1886, p. 275, Doc. 207 (<strong>65<\/strong>)<\/p>\n<p>Estado que manifiesta los expedientes terminados en la secci\u00f3n segunda, jul. 1885-jun. 1886, p. 277, Doc. 208 (<strong>65<\/strong>)<\/p>\n<p>Bienes Nacionalizados, Resumen general del producto en efectivo y cr\u00e9ditos por, jul. 1885-jun. 1886, p. 279, Doc. 209 (<strong>65<\/strong>)<\/p>\n<p>Acu\u00f1aci\u00f3n, Noticia de la acu\u00f1aci\u00f3n hecha en las Casas de moneda, [1537]-jun. 1886, p. 281, Doc. 210 (<strong>65<\/strong>)<\/p>\n<p>Acu\u00f1aci\u00f3n, Total, jul. 1885-jun. 1886, p. 282, Doc. 211, Doc. , Doc. <strong>65<\/strong>)<\/p>\n<p>Casa de Moneda de Alamos, jul. 1885-jun. 1886, p. 283, Doc. 212 (<strong>65<\/strong>)<\/p>\n<p>Casa de Moneda de Culiac\u00e1n, jul. 1885-jun. 1886, p. 284, Doc. 213 (<strong>65<\/strong>)<\/p>\n<p>Casa de Moneda de Chihuahua, jul. 1885-jun. 1886, p. 285, Doc. 214 (<strong>65<\/strong>)<\/p>\n<p>Casa de Moneda de Durango, jul. 1885-jun. 1886, p. 286, Doc. 215 (<strong>65<\/strong>)<\/p>\n<p>Casa de Moneda de Guadalajara, jul. 1885-jun. 1886, p. 287, Doc. 216 (<strong>65<\/strong>)<\/p>\n<p>Casa de Moneda de Guanajuato, jul. 1885-jun. 1886, p. 288, Doc. 217 (<strong>65<\/strong>)<\/p>\n<p>Casa de Moneda de Hermosillo, jul. 1885-jun. 1886, p. 289, Doc. 218 (<strong>65<\/strong>)<\/p>\n<p>Casa de Moneda de M\u00e9xico, jul. 1885-jun. 1886, p. 290, Doc. 219 (<strong>65<\/strong>)<\/p>\n<p>Casa de Moneda de Oaxaca, jul. 1885-jun. 1886, p. 291, Doc. 220 (<strong>65<\/strong>)<\/p>\n<p>Casa de Moneda de San Luis Potos\u00ed, jul. 1885-jun. 1886, p. 292, Doc. 221 (<strong>65<\/strong>)<\/p>\n<p>Casa de Moneda de Zacatecas, jul. 1885-jun. 1886, p. 293, Doc. 222 (<strong>65<\/strong>)<\/p>\n<p>Acu\u00f1aci\u00f3n, Resumen general de la acu\u00f1aci\u00f3n en todas las Casas de Moneda, jul. 1885-jun. 1886, p. 294, Doc. 223 (<strong>65<\/strong>)<\/p>\n<p>Acu\u00f1aci\u00f3n, Acu\u00f1aciones practicadas mes por mes, jul. 1885-jun. 1886, p. 295, Doc. 224-235 (<strong>65<\/strong>)<\/p>\n<p>Acu\u00f1aci\u00f3n, Valor de las acu\u00f1aciones de moneda de oro, plata y n\u00edquel, jul. 1876-junio 1886, p. 307, Doc. 236 (<strong>65<\/strong>)<\/p>\n<p>Acu\u00f1aci\u00f3n, Valor de las acu\u00f1aciones de moneda de oro, jul. 1876-junio 1886, p. 308, Doc. 237 (<strong>65<\/strong>)<\/p>\n<p>Acu\u00f1aci\u00f3n, Valor de las acu\u00f1aciones de moneda de plata, jul. 1876-junio 1886, p. 309, Doc. 238 (<strong>65<\/strong>)<\/p>\n<p>Acu\u00f1aci\u00f3n, Valor de las acu\u00f1aciones de moneda de n\u00edquel, jul. 1876-junio 1886, p. 310, Doc. 239 (<strong>65<\/strong>)<\/p>\n<p>Casas de Moneda, Resumen de la introducci\u00f3n de metales preciosos a las, jul. 1886-junio 1887, p. 311, Doc. 240 (<strong>65<\/strong>)<\/p>\n<p>Casas de Moneda, Noticia que manifiesta la importaci\u00f3n de la introducci\u00f3n de metales preciosos con expresi\u00f3n de los Estados y Minerales y sistemas de beneficio en las, jul. 1886-junio 1887, p. 312, Doc. 241 (<strong>65<\/strong>)<\/p>\n<p>Casas de Moneda, Noticias que manifiesta la importaci\u00f3n de la introducci\u00f3n de metales preciosos en las, jul. 1885-junio 1886, pp. 313-321, Doc. 241-249 (<strong>65<\/strong>)<\/p>\n<p>Casas de Moneda, Resumen por Estados de metales preciosos introducidos a las, jul. 1885-jun. 1886, p. 322, Doc. 250 (<strong>65<\/strong>)<\/p>\n<p>Casas de Moneda, Noticias que manifiestan el peso y valor de los metales preciosos introducidos a las casas de moneda procedentes de los Estados, jul. 1885-jun. 1886, pp. 323-331, Doc. 251-257 (<strong>65<\/strong>)<\/p>\n<p>Casa de Moneda, Introducci\u00f3n de metales a las, jul. 1885-jun. 1886, pp. 332-354, Doc. 258-280 (<strong>65<\/strong>)<\/p>\n<p>Casa de Moneda, Resumen de la introducci\u00f3n de metales a las, jul. 1885-jun. 1886, p. 355, Doc. 281 (<strong>65<\/strong>)<\/p>\n<p>Casas de Moneda, Cantidades de oro y plata destinadas a la exportaci\u00f3n, jul. 1885-jun. 1886, p. 356, Doc. 282 (<strong>65<\/strong>)<\/p>\n<p>Banco de Empleados, balances mensuales, jul. 1885-jun. 1886, p. 357, Doc. 283 (<strong>65<\/strong>)<\/p>\n<p>Banco Hipotecario Mexicano, balances mensuales, jul. 1885-jun. 1886, p. 358, Doc. 284 (<strong>65<\/strong>)<\/p>\n<p>Banco Nacional de M\u00e9xico, balances mensuales, jul. 1885-jun. 1886, p. 359, Doc. 285 (<strong>65<\/strong>)<\/p>\n<p>Noticia de la amortizaci\u00f3n de bonos Carbajal, jul. 1885-jun. 1886, p. 361, Doc. 286 (<strong>65<\/strong>)<\/p>\n<p>Deuda p\u00fablica, Instrucciones para la conversi\u00f3n y canje de t\u00edtulos de la deuda, jul. 1885-jun. 1886, p. 361, Doc. 287 (<strong>65<\/strong>)<\/p>\n<p>Deuda p\u00fablica, Noticia sobre operaciones de conversi\u00f3n, p. 362, Doc. 288 (<strong>65<\/strong>)<\/p>\n<p>Deuda p\u00fablica, Noticia de inscripciones de cr\u00e9ditos, pp. 363, Doc. 289 (<strong>65<\/strong>)<\/p>\n<p>Deuda p\u00fablica, Acuerdo sobre t\u00e9rminos en que debe amortizarse los certificados de construcci\u00f3n del ferrocarril, jul. 1885-jun. 1886, p. 364, Doc. 290 (<strong>65<\/strong>)<\/p>\n<p>Pensiones civil y militar, Noticia de patentes de, jul. 1885-jun. 1886, p. 364, Doc. 291 (<strong>65<\/strong>)<\/p>\n<p>Exportaci\u00f3n hecha por las aduanas, jul. 1885-jun. 1886, p. 365, Doc. 292 (<strong>65<\/strong>)<\/p>\n<p>Exportaci\u00f3n de metales, Metales preciosos exportados, jul. 1885-jun. 1886, p. 383, Doc. 293 (<strong>65<\/strong>)<\/p>\n<p>Exportaci\u00f3n, Monto la exportaci\u00f3n por cada aduana, jul. 1885-jun. 1886, p. 385, Doc. 294 (<strong>65<\/strong>)<\/p>\n<p>Exportaci\u00f3n, Noticia comparativa del valor de las mercanc\u00edas exportadas, jul. 1881-jun. 1886, p. 386, Doc. 295 (<strong>65<\/strong>)<\/p>\n<p>Exportaci\u00f3n, Noticia comparativa, jul. 1884-jun. 1885, jul. 1885-jun. 1886 y jul. 1881-jun. 1886, , p. 387, Doc. 296 (<strong>65<\/strong>)<\/p>\n<p>\u00cdndice de la Parte Expositiva, p. 391 (<strong>65<\/strong>)<\/p>\n<p>\u00cdndice de los Documentos, p. 393 (<strong>65<\/strong>)<\/p>\n<p>[\/read]<\/p>\n<div><\/div>\n","protected":false},"excerpt":{"rendered":"<p>(65) Memoria de la Secretar\u00eda de Hacienda correspondiente al ejercicio fiscal de 1885 a 1886 presentada al Congreso de la Uni\u00f3n por el ministro del ramo lic. Manuel Dubl\u00e1n. M\u00e9xico, Imprenta de Ignacio Cumplido, 1887, XXXII + 390 pp., cuadros, tablas. Firmada por Manuel Dubl\u00e1n. Per\u00edodo: julio de 1885-junio de 1886. Se localiza:\u00a0,\u00a0,\u00a0,\u00a0, . Tiene<\/p>\n<p><a href=\"https:\/\/memoriasdehacienda.institutomora.edu.mx\/?page_id=3001\" class=\"more-link themebutton\">Read More<\/a><\/p>\n","protected":false},"author":2,"featured_media":0,"parent":0,"menu_order":0,"comment_status":"closed","ping_status":"closed","template":"","meta":[],"_links":{"self":[{"href":"https:\/\/memoriasdehacienda.institutomora.edu.mx\/index.php?rest_route=\/wp\/v2\/pages\/3001"}],"collection":[{"href":"https:\/\/memoriasdehacienda.institutomora.edu.mx\/index.php?rest_route=\/wp\/v2\/pages"}],"about":[{"href":"https:\/\/memoriasdehacienda.institutomora.edu.mx\/index.php?rest_route=\/wp\/v2\/types\/page"}],"author":[{"embeddable":true,"href":"https:\/\/memoriasdehacienda.institutomora.edu.mx\/index.php?rest_route=\/wp\/v2\/users\/2"}],"replies":[{"embeddable":true,"href":"https:\/\/memoriasdehacienda.institutomora.edu.mx\/index.php?rest_route=%2Fwp%2Fv2%2Fcomments&post=3001"}],"version-history":[{"count":5,"href":"https:\/\/memoriasdehacienda.institutomora.edu.mx\/index.php?rest_route=\/wp\/v2\/pages\/3001\/revisions"}],"predecessor-version":[{"id":7422,"href":"https:\/\/memoriasdehacienda.institutomora.edu.mx\/index.php?rest_route=\/wp\/v2\/pages\/3001\/revisions\/7422"}],"wp:attachment":[{"href":"https:\/\/memoriasdehacienda.institutomora.edu.mx\/index.php?rest_route=%2Fwp%2Fv2%2Fmedia&parent=3001"}],"curies":[{"name":"wp","href":"https:\/\/api.w.org\/{rel}","templated":true}]}}