{"id":3003,"date":"2016-06-26T08:07:25","date_gmt":"2016-06-26T14:07:25","guid":{"rendered":"http:\/\/memoriasdehacienda.colmex.mx\/mhwp\/?page_id=3003"},"modified":"2017-08-10T12:31:50","modified_gmt":"2017-08-10T18:31:50","slug":"memoria-66","status":"publish","type":"page","link":"https:\/\/memoriasdehacienda.institutomora.edu.mx\/?page_id=3003","title":{"rendered":"Memoria 66 (20 de octubre de 1887)"},"content":{"rendered":"<p style=\"text-align: justify;\"><span style=\"font-size: 11pt; color: #ff6600;\"><strong>(66)\u00a0\u00a0 Memoria de la Secretar\u00eda de Hacienda correspondiente al ejercicio fiscal de 1886 a 1887 presentada al Congreso de la Uni\u00f3n por el ministro del ramo lic. Manuel Dubl\u00e1n. M\u00e9xico, Imprenta del Gobierno Federal, en el ex-Arzobispado, dirigida por Sab\u00e1s A. y Mungu\u00eda, 1888, LVII + 537 pp., cuadros, tablas.<\/strong><\/span><\/p>\n<p style=\"text-align: justify;\"><span style=\"color: #000000;\">Firmada por Manuel Dubl\u00e1n .<\/span><\/p>\n<p style=\"text-align: justify;\"><span style=\"color: #000000;\">Per\u00edodo: julio 1886-junio 1887.<\/span><\/p>\n<p style=\"text-align: justify;\"><span style=\"color: #000000;\">Se localiza:\u00a0<span class=\"tooltips \" style=\"\" title=\"Biblioteca &quot;Miguel Lerdo de Tejada&quot;, Secretar\u00eda de Hacienda y Cr\u00e9dito P\u00fablico.\">BH<\/span>,\u00a0<span class=\"tooltips \" style=\"\" title=\"Biblioteca del Banco de M\u00e9xico.\">BBM<\/span>,\u00a0<span class=\"tooltips \" style=\"\" title=\"Biblioteca del Archivo General de la Naci\u00f3n, M\u00e9xico.\">BAGN<\/span>,\u00a0<span class=\"tooltips \" style=\"\" title=\"Biblioteca del Instituto de Investigaciones &quot;Dr. Jos\u00e9 Mar\u00eda Luis Mora&quot; (material en micropel\u00edcula).\">BIM-Mfilm<\/span>, <span class=\"tooltips \" style=\"\" title=\"Biblioteca &quot;Daniel Cos\u00edo Villegas&quot;, El Colegio de M\u00e9xico (material en micropel\u00edcula).\">BColmex-Mfilm<\/span>.<\/span><\/p>\n<p style=\"text-align: justify;\"><strong><span style=\"color: #000000;\">Tiene anexos, cuadros y tablas.<\/span><\/strong><\/p>\n<p style=\"text-align: justify;\"><span style=\"color: #000000;\"><strong>S\u00edntesis del contenido:<\/strong><\/span><\/p>\n<p style=\"text-align: justify;\"><span style=\"color: #000000;\">En esta Memoria se incluye una revisi\u00f3n sint\u00e9tica de la evoluci\u00f3n de los ingresos fiscales y del presupuesto, aunque el \u00e9nfasis est\u00e1 claramente puesto en los acuerdos alcanzados para la conversi\u00f3n de la deuda externa con los banqueros europeos.<\/span><\/p>\n<p style=\"text-align: justify;\"><span style=\"color: #000000;\">A nivel de ingresos, se se\u00f1ala que hubo pocas modificaciones a nivel de ingresos, aunque se observa un aumento de aproximadamente 4 millones de pesos con respecto al a\u00f1o anterior. Se comenta que se intenta hacer frente a una serie de compromisos contra\u00eddos por administraciones anteriores pero que la situaci\u00f3n se torna dif\u00edcil por la depreciaci\u00f3n de la plata en los mercados europeos. No obstante, se ve el futuro con optimismo en tanto la recaudaci\u00f3n de impuestos se realiza con mayor eficacia, se han reducido los gastos p\u00fablicos y el producto de las rentas va mejorando &#8220;notablemente&#8221;.<\/span><\/p>\n<p style=\"text-align: justify;\"><span style=\"color: #000000;\">Se incluye en la Memoria una relaci\u00f3n detallada de los principales ramos de ingresos que resulta de gran inter\u00e9s por cuanto indica un mayor nivel de su racionalizaci\u00f3n administrativa. Los tres ramos generales son: (1) el conjunto de impuestos sobre importaciones y exportaciones; (2) las &#8220;contribuciones interiores&#8221; que se refieren a impuestos directos, loter\u00eda, impuestos vinculados a la acu\u00f1aci\u00f3n y grav\u00e1menes a herencias; (3) los ingresos derivados de servicios p\u00fablicos (correos, tel\u00e9grafos, etc\u00e9tera) de bienes nacionalizados y tierras bald\u00edas y de una gran variedad de ramos menores. A su vez, se lograron reducciones sustanciales en los egresos.<\/span><\/p>\n<p style=\"text-align: justify;\"><span style=\"color: #000000;\">El punto m\u00e1s destacado en esta Memoria consiste en el anuncio de la ratificaci\u00f3n de los acuerdos alcanzados entre el gobierno mexicano y los representantes de los comit\u00e9s de tenedores de bonos en Europa. Dicho acuerdo, ratificado por el presidente el 15 de julio de 1886, implica una reducci\u00f3n de unos 43 millones de pesos del monto reconocido de la deuda. Igualmente importante resulta el hecho de que se vuelva a aceptar la cotizaci\u00f3n oficial de los bonos mexicanos en la Bolsa de Londres, facilitando a la vez la emisi\u00f3n y cotizaci\u00f3n (en ese gran mercado) de los valores de empresas con actividades en M\u00e9xico. Se confirma la reanudaci\u00f3n regular del servicio de las deudas en el exterior, habi\u00e9ndose pagado &#8220;con exactitud los dividendos vencidos de la deuda, adem\u00e1s del 11\u00ba abono de la deuda americana.&#8221;<\/span><\/p>\n<p style=\"text-align: justify;\"><span style=\"color: #000000;\">Para concluir, Dubl\u00e1n considera que aunque los resultados arrojados por la Hacienda p\u00fablica no fueron tan exitosos como el gobierno esperaba, su administraci\u00f3n iba depurando y regulando el sistema hacendario, a tal grado que en algunos a\u00f1os m\u00e1s se obtendr\u00eda -dice- &#8220;no tan s\u00f3lo [la] nivelaci\u00f3n de los presupuestos, sino un excedente de ingresos&#8221; para impulsar el desarrollo de la econom\u00eda nacional. Para alcanzar dicho objetivo, a decir de Dubl\u00e1n, &#8220;se necesita antes que nada, perseverar, &#8230;, en el camino del orden de la econom\u00eda y del religioso cumplimiento de las obligaciones contra\u00eddas&#8221;, lo mismo que modificar algunos aspectos de &#8220;la legislaci\u00f3n fiscal y poner el servicio administrativo en armon\u00eda con las necesidades creadas por la evoluci\u00f3n econ\u00f3mica &#8230;&#8221;.<\/span>[read more=&#8221;Ver anexos estad\u00edsticos&#8221; less=&#8221;ver menos&#8221;]<\/p>\n<p><strong><span style=\"color: #0000ff;\">Cuadros incluidos en la parte expositiva:<\/span><\/strong><\/p>\n<p>Cuenta del erario federal, Cuadro [general] comparativo de ingresos, jul 1885-jun. 1887, p. V.<\/p>\n<p>Cuenta del erario federal, Cuadro [general] comparativo de ingresos por derechos de importaci\u00f3n e impuestos del timbre, jul 1885-jun. 1887, p. VI.<\/p>\n<p>Cuenta del erario federal, Cuadro [general] comparativo de egresos, jul 1885-jun. 1887, p. XVI.<\/p>\n<p>Aduanas Mar\u00edtimas y Fronterizas, productos recaudados, jul. 1886-jun. 1887, p. XXXII.<\/p>\n<p>Deuda p\u00fablica externa, Estado general de los cr\u00e9ditos reconocidos por la deuda contra\u00edda en Londres y conversi\u00f3n que se ha hecho, jun. 1887, p. XLVII.<\/p>\n<p>Deuda p\u00fablica externa, Estado los cr\u00e9ditos convertidos seg\u00fan la clasificaci\u00f3n que se expresa, jun. 1887, p. XLVIII.<\/p>\n<p>Banco de Londres, M\u00e9xico y Sud-Am\u00e9rica, Balances mensuales, oct. 1886-jun. 1887, p. LIII.<\/p>\n<p>Banco Hipotecario Mexicano, Balances mensuales, oct. 1886-jun. 1887, p. LIV.<\/p>\n<p>Banco Nacional de M\u00e9xico, Balances mensuales, oct. 1886-jun. 1887, p. LV.<\/p>\n<p><strong>Documentos anexos<\/strong><\/p>\n<p>Leyes, decretos, circulares, ordenes, reglamentos, acuerdos y determinaciones, jul. 1886-jun. 1887, pp. 3-476, Doc. 1-185 (<strong>66<\/strong>)<\/p>\n<p>Bienes Nacionalizados, Estado que manifiesta las cantidades enteradas en la Tesorer\u00eda por los adeudos pendientes que corresponden a operaciones de nacionalizaci\u00f3n, jul. 1886-jun. 1887, p. 477, Doc. 186 (<strong>66<\/strong>)<\/p>\n<p>Bienes Nacionalizados, Estado que manifiesta las operaciones de nacionalizaci\u00f3n practicadas en Orizaba por el comisionado de la Secretar\u00eda de Hacienda, Lic. Luis G. Medrano, jul.-ago. 1886, p. 480, Doc. 187 (<strong>66<\/strong>)<\/p>\n<p>Bienes Nacionalizados, Estado que manifiesta las operaciones de nacionalizaci\u00f3n practicadas en el Estado de Guanajuato por el comisionado de la Secretar\u00eda de Hacienda, Lic. Luis G. Labastida, jul. 1886-jun. 1887, p. 481, Doc. 188 (<strong>66<\/strong>)<\/p>\n<p>Bienes Nacionalizados, Estado que manifiesta las operaciones de nacionalizaci\u00f3n por el mismo comisionado Labastida, ene. 1887, p. 487, Doc. 189 (<strong>66<\/strong>)<\/p>\n<p>Bienes Nacionalizados, Estado que manifiesta las operaciones de redenci\u00f3n practicadas en la Tesorer\u00eda General, jul. 1886-jun. 1887, p. 489, Doc. 190 (<strong>66<\/strong>)<\/p>\n<p>Bienes Nacionalizados, estado que manifiesta las liquidaciones de operaciones de nacionalizaci\u00f3n remitidas por las Jefaturas de Hacienda, jul. 1886-jun. 1887, p. 491, Doc. 191 (<strong>66<\/strong>)<\/p>\n<p>Herencias transversales, Estado que manifiesta los productos de la pensi\u00f3n de, jul. 1886-jun. 1887, p. 494, Doc. 192 (<strong>66<\/strong>)<\/p>\n<p>Bienes Nacionalizados, Estado que manifiesta las cancelaciones que se han mandado practicar por operaciones de nacionalizaci\u00f3n, jul. 1886-jun. 1887, p. 496, Doc. 193 (<strong>66<\/strong>)<\/p>\n<p>Bienes Nacionalizados, Estado que manifiesta los expedientes de nacionalizaci\u00f3n terminados y archivados, jul. 1886-jun. 1887, p. 500, Doc. 194 (<strong>66<\/strong>)<\/p>\n<p>Bienes Nacionalizados y herencias transversales, Resumen del producto de, jul. 1886-jun. 1887, p. 508, Doc. 195 (<strong>66<\/strong>)<\/p>\n<p>Comercio exterior, Resumen de la navegaci\u00f3n, jul. 1886-jun. 1887, p. 509, Doc. 196, (<strong>66<\/strong>)<\/p>\n<p>Casas de Moneda, Resumen de la introducci\u00f3n de metales en las, jul. 1886-jun. 1887, p. 523, Doc. 197, (<strong>66<\/strong>)<\/p>\n<p>Casas de Moneda, Cantidades de plata y oro destinadas a la exportaci\u00f3n introducidas a las, jul. 1886-jun. 1887, p. 524, Doc. 198, (<strong>66<\/strong>)<\/p>\n<p>Casas de Moneda, Valor de las introducciones de oro hechas a las, jul. 1877-jun. 1887, p. 526, Doc. 199, (<strong>66<\/strong>)<\/p>\n<p>Casas de Moneda, Valor de las introducciones de plata hechas a las, jul. 1877-jun. 1887, p. 526, Doc. 200. (<strong>66<\/strong>) ???<\/p>\n<p>Casas de Moneda, Resumen del valor de las introducciones de oro y plata hechas a las, jul. 1877-jun. 1887, p. 527, Doc. 201, (<strong>66<\/strong>)<\/p>\n<p>Casas de Moneda, Cuadro comparativo de las introducciones de metales preciosos en las, jul. 1885-jun. 1887, p. 528, Doc. 202, (<strong>66<\/strong>)<\/p>\n<p>Exportaci\u00f3n, Resumen de exportaci\u00f3n, jul. 1886-jun. 1887, p. 529, Doc. 203, (<strong>66<\/strong>)<\/p>\n<p>[\/read]<\/p>\n<div><\/div>\n","protected":false},"excerpt":{"rendered":"<p>(66)\u00a0\u00a0 Memoria de la Secretar\u00eda de Hacienda correspondiente al ejercicio fiscal de 1886 a 1887 presentada al Congreso de la Uni\u00f3n por el ministro del ramo lic. Manuel Dubl\u00e1n. M\u00e9xico, Imprenta del Gobierno Federal, en el ex-Arzobispado, dirigida por Sab\u00e1s A. y Mungu\u00eda, 1888, LVII + 537 pp., cuadros, tablas. Firmada por Manuel Dubl\u00e1n .<\/p>\n<p><a href=\"https:\/\/memoriasdehacienda.institutomora.edu.mx\/?page_id=3003\" class=\"more-link themebutton\">Read More<\/a><\/p>\n","protected":false},"author":2,"featured_media":0,"parent":0,"menu_order":0,"comment_status":"closed","ping_status":"closed","template":"","meta":[],"_links":{"self":[{"href":"https:\/\/memoriasdehacienda.institutomora.edu.mx\/index.php?rest_route=\/wp\/v2\/pages\/3003"}],"collection":[{"href":"https:\/\/memoriasdehacienda.institutomora.edu.mx\/index.php?rest_route=\/wp\/v2\/pages"}],"about":[{"href":"https:\/\/memoriasdehacienda.institutomora.edu.mx\/index.php?rest_route=\/wp\/v2\/types\/page"}],"author":[{"embeddable":true,"href":"https:\/\/memoriasdehacienda.institutomora.edu.mx\/index.php?rest_route=\/wp\/v2\/users\/2"}],"replies":[{"embeddable":true,"href":"https:\/\/memoriasdehacienda.institutomora.edu.mx\/index.php?rest_route=%2Fwp%2Fv2%2Fcomments&post=3003"}],"version-history":[{"count":6,"href":"https:\/\/memoriasdehacienda.institutomora.edu.mx\/index.php?rest_route=\/wp\/v2\/pages\/3003\/revisions"}],"predecessor-version":[{"id":8297,"href":"https:\/\/memoriasdehacienda.institutomora.edu.mx\/index.php?rest_route=\/wp\/v2\/pages\/3003\/revisions\/8297"}],"wp:attachment":[{"href":"https:\/\/memoriasdehacienda.institutomora.edu.mx\/index.php?rest_route=%2Fwp%2Fv2%2Fmedia&parent=3003"}],"curies":[{"name":"wp","href":"https:\/\/api.w.org\/{rel}","templated":true}]}}