{"id":3005,"date":"2016-06-26T08:08:16","date_gmt":"2016-06-26T14:08:16","guid":{"rendered":"http:\/\/memoriasdehacienda.colmex.mx\/mhwp\/?page_id=3005"},"modified":"2017-08-10T12:34:17","modified_gmt":"2017-08-10T18:34:17","slug":"memoria-67","status":"publish","type":"page","link":"https:\/\/memoriasdehacienda.institutomora.edu.mx\/?page_id=3005","title":{"rendered":"Memoria 67"},"content":{"rendered":"<p style=\"text-align: justify;\"><span style=\"color: #ff6600; font-size: 11pt;\"><strong>(67)\u00a0 Memoria de la Secretaria de Hacienda correspondiente al ejercicio fiscal de 1887-1888 presentada al Congreso de la Uni\u00f3n por el secretario de estado y del despacho de Hacienda y Cr\u00e9dito P\u00fablico lic. Manuel Dubl\u00e1n. M\u00e9xico, Imprenta del Gobierno Federal, 1890, LXXVII + 508 pp., cuadros, tablas.<\/strong><\/span><\/p>\n<p style=\"text-align: justify;\"><span style=\"color: #000000;\">Firmada por Manuel Dubl\u00e1n (14 de diciembre de 1889).<\/span><\/p>\n<p style=\"text-align: justify;\"><span style=\"color: #000000;\">Per\u00edodo: julio de 1887-junio de 1888.<\/span><\/p>\n<p style=\"text-align: justify;\"><span style=\"color: #000000;\">Se localiza: <span class=\"tooltips \" style=\"\" title=\"Biblioteca &quot;Miguel Lerdo de Tejada&quot;, Secretar\u00eda de Hacienda y Cr\u00e9dito P\u00fablico.\">BH<\/span>,\u00a0<span class=\"tooltips \" style=\"\" title=\"Biblioteca del Archivo General de la Naci\u00f3n, M\u00e9xico.\">BAGN<\/span>,\u00a0<span class=\"tooltips \" style=\"\" title=\"Biblioteca del Instituto de Investigaciones &quot;Dr. Jos\u00e9 Mar\u00eda Luis Mora&quot; (material en micropel\u00edcula).\">BIM-Mfilm<\/span>, <span class=\"tooltips \" style=\"\" title=\"Biblioteca &quot;Daniel Cos\u00edo Villegas&quot;, El Colegio de M\u00e9xico (material en micropel\u00edcula).\">BColmex-Mfilm<\/span>.<\/span><\/p>\n<p style=\"text-align: justify;\"><strong><span style=\"color: #000000;\">Tiene anexos, cuadros y tablas.<\/span><\/strong><\/p>\n<p style=\"text-align: justify;\"><strong><span style=\"color: #000000;\">S\u00edntesis del contenido:<\/span><\/strong><\/p>\n<p style=\"text-align: justify;\"><span style=\"color: #000000;\">Dubl\u00e1n se congratula de varios logros en el a\u00f1o, el primero siendo el que se haya logrado por primera vez en decenios un super\u00e1vit fiscal, y el segundo siendo la firma del gran empr\u00e9stito externo en Berl\u00edn, se\u00f1alando el regreso del gobierno de M\u00e9xico a los mercados de capitales internacionales despu\u00e9s de una larga exclusi\u00f3n.<\/span><\/p>\n<p style=\"text-align: justify;\"><span style=\"color: #000000;\">Se\u00f1ala que las modificaciones administrativas en el rubro de ingresos han sido escasas. En total se han recaudado por los tres ramos de ingresos ordinarios aproximadamente 40 millones de pesos (ver Cuadros con datos exactos), componi\u00e9ndose de m\u00e1s de 19 millones por impuestos sobre importaciones y exportaciones, cerca de 12 millones por &#8220;contribuciones interiores&#8221;, incluyendo el timbre, y un poco m\u00e1s de 9 millones por el ramo de &#8220;servicios, aprovechamientos y ramos menores&#8221;. A ello hay que agregar 24 millones de pesos procedentes &#8220;de pr\u00e9stamos de pronto reintegro y, en su mayor parte, del empr\u00e9stito contra\u00eddo en Berl\u00edn.&#8221;<\/span><\/p>\n<p style=\"text-align: justify;\"><span style=\"color: #000000;\">Luego sigue una descripci\u00f3n de los aumentos o disminuciones del gasto p\u00fablico. La secretar\u00eda que registr\u00f3 un mayor aumento en sus gastos fue la de Guerra ($ 1,784,781) que representa un poco m\u00e1s del 50% del total de los aumentos ($3,014,962).<\/span><\/p>\n<p style=\"text-align: justify;\"><span style=\"color: #000000;\">Tambi\u00e9n se incluye una detallada s\u00edntesis de la informaci\u00f3n presentada en la Cuenta del Tesoro Federal, 1887-1888 a nivel de ingresos, egresos y deuda p\u00fablica. De esta manera se explica como se va liquidando una parte importante de la deuda flotante, especialmente con el Banco Nacional de M\u00e9xico.<\/span><\/p>\n<p style=\"text-align: justify;\"><span style=\"color: #000000;\">Se detalla, por fin, los resultados financieros del gran empr\u00e9stito externo emitido bajo la direcci\u00f3n de la banca Bleichroeder en Berl\u00edn. Se se\u00f1ala porque el monto de los ingresos l\u00edquidos del pr\u00e9stamo es mucho menor al total del valor de los bonos emitidos. A continuaci\u00f3n se rese\u00f1a la liquidaci\u00f3n y conversi\u00f3n de la deuda p\u00fablica interior, incluyendo la emisi\u00f3n de bonos del 3% que se canjean en M\u00e9xico y en Londres por los viejos t\u00edtulos de deuda interior que circulan ampliamente.<\/span><\/p>\n<p style=\"text-align: justify;\"><span style=\"color: #000000;\">Para concluir, Dubl\u00e1n expresa que la situaci\u00f3n de la Hacienda p\u00fablica como satisfactoria, sobre todo si se le compara con \u00e9pocas anteriores. Los alcances as\u00ed lo constataban, la deuda hab\u00eda sido arreglada, por lo que el cr\u00e9dito nacional ocupaba un sitio distinguido en los &#8220;mercados extranjeros&#8221;; esto, a su vez permiti\u00f3, la contrataci\u00f3n de un pr\u00e9stamo &#8220;que permiti\u00f3 convertir al 40 por ciento la antigua deuda contra\u00edda en Europa desde los primeros a\u00f1os de la Independencia y amortizar la deuda flotante, cuyo crecidos intereses imped\u00edan la nivelaciones de los presupuestos, por ello puede afirmarse que esta despejado el camino para la reconstrucci\u00f3n hacendaria del pa\u00eds y para el desarrollo de sus\u00a0elementos de riqueza&#8221;.<\/span>[read more=&#8221;Ver anexos estad\u00edsticos&#8221; less=&#8221;ver menos&#8221;]<\/p>\n<p>&nbsp;<\/p>\n<p><span style=\"color: #0000ff;\"><strong>Cuadros incluidos en la parte expositiva:<\/strong><\/span><\/p>\n<p>&nbsp;<\/p>\n<p>Cuenta del erario federal, [Cuadro comparativo de egresos, por ramo, jul. 1876-jun. 1878], p. XXVIII, (<strong>67<\/strong>)<\/p>\n<p>Cuenta del erario federal, jul. 1887-jun. 1888, p. XVIII, (<strong>67<\/strong>)<\/p>\n<p>Exportaci\u00f3n, [Principales productos exportados, jul. 1887-jun. 1888, p. LXXIII, (<strong>67<\/strong>)<\/p>\n<p>Exportaci\u00f3n, [Monto de las exportaciones a los Estados Unidos, jul. 1887-jun. 1888, p. LXXIV, (<strong>67<\/strong>)<\/p>\n<p>Amonedaciones e introducciones de metales preciosos a las Casas de Moneda, jul. 1887-jun. 1888, p. LXXVI, (<strong>67<\/strong>)<\/p>\n<p><strong>Documentos anexos<\/strong><\/p>\n<p>Decretos, circulares, ordenes, noticias, reglas, admisiones, emisiones, listas, cat\u00e1logos, subvenciones, estampillas, tarifas, contratos, preescripciones, jul. 1887-jun. 1888, pp. 3-202, Doc. 1-194 (<strong>67<\/strong>)<\/p>\n<p>Deuda p\u00fablica, Noticia de las operaciones de conversi\u00f3n practicadas por la Direcci\u00f3n de Deuda, jul. 1887-jun. 1888, Doc. 23, 52, 65, 80, 91, 110, 121, 130, 139, 152, 170 y 194 (<strong>67<\/strong>)<\/p>\n<p>Deuda p\u00fablica, Noticia de las operaciones de conversi\u00f3n practicadas por la Tesorer\u00eda general, jul. 1887-jun. 1888, Doc. 39, 55, 67, 85, 102, 114, 124, 131, 144, 157 y 175 (<strong>67<\/strong>)<\/p>\n<p>Deuda p\u00fablica, Subvenci\u00f3n que debe abonarse a las compa\u00f1\u00edas ferrocarrileras, jun. 1888, Doc. 178, (<strong>67<\/strong>)<\/p>\n<p>Presupuesto de egresos, por ramos, jul. 1888-jun. 1889, p. 206, Doc. 196 (<strong>67<\/strong>)<\/p>\n<p>Cuenta del erario federal, Estado que manifiesta las cantidades que en numerario y cr\u00e9ditos ha percibido la Tesorer\u00eda General de la Federaci\u00f3n por adeudos pendientes, jul. 1887-jun. 1888, p. 424, Doc. 195 (bis) (<strong>67<\/strong>)<\/p>\n<p>Bienes Nacionalizados, Estado que manifiesta las operaciones de nacionalizaci\u00f3n practicadas de varios adeudos sobre fincas urbanas y r\u00fasticas en el Estado de Guanajuato, jul. 1887-jun. 1888, p. 427, Doc. 196 (bis) (<strong>67<\/strong>)<\/p>\n<p>Bienes Nacionalizados, Estado que manifiesta las operaciones de redenci\u00f3n que se han practicado en la Tesorer\u00eda General de la Federaci\u00f3n, jul. 1887-jun. 1888, p. 429, Doc. 197 (<strong>67<\/strong>)<\/p>\n<p>Bienes Nacionalizados, Estado que manifiesta las liquidaciones que han sido remitidas por las Jefaturas de Hacienda, jul. 1887-jun. 1888, p. 431, Doc. 198 (<strong>67<\/strong>)<\/p>\n<p>Herencias transversales, Estado que manifiesta los productos que por pensi\u00f3n de herencias transversales ha percibido la Tesorer\u00eda General de la Naci\u00f3n, jul. 1887-jun. 1888, p. 433, Doc. 199 (<strong>67<\/strong>)<\/p>\n<p>Estado que manifiesta las cancelaciones que se han practicado, jul. 1887-jun. 1888, p. 436, Doc. 200 (<strong>67<\/strong>)<\/p>\n<p>Timbre, Estado que manifiesta los trabajos de grabado, impresiones, litograf\u00edas y tipograf\u00edas, libros construidos y dem\u00e1s labores ejecutadas en los talleres de la Oficina Impresora del, jul. 1887-jun. 1888, p. 439, Doc. 201 (<strong>67<\/strong>)<\/p>\n<p>Exportaci\u00f3n hecha por las aduanas y proporci\u00f3n respectiva en que se encuentran sus valores, jul. 1887-jun. 1888, p. 440, Doc. 202 (<strong>67<\/strong>)<\/p>\n<p>Exportaci\u00f3n hecha por la rep\u00fablica mexicana, jul. 1886-jun. 1888, p. 493, Doc. 203 (<strong>67<\/strong>)<\/p>\n<p>Exportaci\u00f3n, Valor de la exportaci\u00f3n a las naciones que se expresan, jul. 1886-jun. 1888, pp. 497, Doc. 205 (<strong>67<\/strong>)<\/p>\n<p>Exportaci\u00f3n, Valor de la exportaci\u00f3n que se hizo por cada una de las aduanas, jul. 1886-jun. 1888, pp. 500-504, Doc. 206-207 (<strong>67<\/strong>)<\/p>\n<p>Indice de la Parte Expositiva, p. 509 (<strong>67<\/strong>)<\/p>\n<p>Indice de los Documentos Anexos, p. 509 (<strong>67<\/strong>)<\/p>\n<p>[\/read]<\/p>\n<div><\/div>\n","protected":false},"excerpt":{"rendered":"<p>(67)\u00a0 Memoria de la Secretaria de Hacienda correspondiente al ejercicio fiscal de 1887-1888 presentada al Congreso de la Uni\u00f3n por el secretario de estado y del despacho de Hacienda y Cr\u00e9dito P\u00fablico lic. Manuel Dubl\u00e1n. M\u00e9xico, Imprenta del Gobierno Federal, 1890, LXXVII + 508 pp., cuadros, tablas. Firmada por Manuel Dubl\u00e1n (14 de diciembre de<\/p>\n<p><a href=\"https:\/\/memoriasdehacienda.institutomora.edu.mx\/?page_id=3005\" class=\"more-link themebutton\">Read More<\/a><\/p>\n","protected":false},"author":2,"featured_media":0,"parent":0,"menu_order":0,"comment_status":"closed","ping_status":"closed","template":"","meta":[],"_links":{"self":[{"href":"https:\/\/memoriasdehacienda.institutomora.edu.mx\/index.php?rest_route=\/wp\/v2\/pages\/3005"}],"collection":[{"href":"https:\/\/memoriasdehacienda.institutomora.edu.mx\/index.php?rest_route=\/wp\/v2\/pages"}],"about":[{"href":"https:\/\/memoriasdehacienda.institutomora.edu.mx\/index.php?rest_route=\/wp\/v2\/types\/page"}],"author":[{"embeddable":true,"href":"https:\/\/memoriasdehacienda.institutomora.edu.mx\/index.php?rest_route=\/wp\/v2\/users\/2"}],"replies":[{"embeddable":true,"href":"https:\/\/memoriasdehacienda.institutomora.edu.mx\/index.php?rest_route=%2Fwp%2Fv2%2Fcomments&post=3005"}],"version-history":[{"count":5,"href":"https:\/\/memoriasdehacienda.institutomora.edu.mx\/index.php?rest_route=\/wp\/v2\/pages\/3005\/revisions"}],"predecessor-version":[{"id":8298,"href":"https:\/\/memoriasdehacienda.institutomora.edu.mx\/index.php?rest_route=\/wp\/v2\/pages\/3005\/revisions\/8298"}],"wp:attachment":[{"href":"https:\/\/memoriasdehacienda.institutomora.edu.mx\/index.php?rest_route=%2Fwp%2Fv2%2Fmedia&parent=3005"}],"curies":[{"name":"wp","href":"https:\/\/api.w.org\/{rel}","templated":true}]}}