{"id":3007,"date":"2016-06-26T08:09:00","date_gmt":"2016-06-26T14:09:00","guid":{"rendered":"http:\/\/memoriasdehacienda.colmex.mx\/mhwp\/?page_id=3007"},"modified":"2017-08-10T12:36:13","modified_gmt":"2017-08-10T18:36:13","slug":"memoria-68","status":"publish","type":"page","link":"https:\/\/memoriasdehacienda.institutomora.edu.mx\/?page_id=3007","title":{"rendered":"Memoria 68 (julio de 1888-junio de 1889)"},"content":{"rendered":"<p style=\"text-align: justify;\"><span style=\"font-size: 11pt; color: #ff6600;\"><strong>(68)\u00a0\u00a0\u00a0 Memoria de Hacienda y Cr\u00e9dito P\u00fablico correspondiente al a\u00f1o econ\u00f3mico 1888 a 1889 presentada por el secretario del ramo lic. Manuel Dubl\u00e1n al Congreso de la Uni\u00f3n. M\u00e9xico, Imprenta de Ignacio Escalante, 1891, XLVII + 571 pp., cuadros, tablas.<\/strong><\/span><\/p>\n<p style=\"text-align: justify;\"><span style=\"color: #000000;\">Firmada por Manuel Dubl\u00e1n.<\/span><\/p>\n<p style=\"text-align: justify;\"><span style=\"color: #000000;\">Per\u00edodo: julio de 1888-junio de 1889.<\/span><\/p>\n<p style=\"text-align: justify;\"><span style=\"color: #000000;\">Se localiza:\u00a0<span class=\"tooltips \" style=\"\" title=\"Biblioteca &quot;Miguel Lerdo de Tejada&quot;, Secretar\u00eda de Hacienda y Cr\u00e9dito P\u00fablico.\">BH<\/span>,\u00a0<span class=\"tooltips \" style=\"\" title=\"Biblioteca del Archivo General de la Naci\u00f3n, M\u00e9xico.\">BAGN<\/span>,\u00a0<span class=\"tooltips \" style=\"\" title=\"Biblioteca del Instituto de Investigaciones &quot;Dr. Jos\u00e9 Mar\u00eda Luis Mora&quot; (material en micropel\u00edcula).\">BIM-Mfilm<\/span>, <span class=\"tooltips \" style=\"\" title=\"Biblioteca &quot;Daniel Cos\u00edo Villegas&quot;, El Colegio de M\u00e9xico (material en micropel\u00edcula).\">BColmex-Mfilm<\/span>.<\/span><\/p>\n<p style=\"text-align: justify;\"><strong><span style=\"color: #000000;\">Tiene anexos, cuadros y tablas<\/span><\/strong><\/p>\n<p style=\"text-align: justify;\"><strong><span style=\"color: #000000;\">S\u00edntesis del contenido:<\/span><\/strong><\/p>\n<p style=\"text-align: justify;\"><span style=\"color: #000000;\">Al analizar los ramos que conforman el ingreso del erario p\u00fablico, Dubl\u00e1n indica que la \u00fanica alteraci\u00f3n al presupuesto de ingresos aprobado por el Congreso, fue la abolici\u00f3n de medio por ciento sobre el valor de plata en pasta y un cuatro por ciento sobre el oro en pasta y en polvo (definidos en la ley del 26 de mayo de 1882 y circular Hacienda del 15 de septiembre del mismo a\u00f1o)<\/span><\/p>\n<p style=\"text-align: justify;\"><span style=\"color: #000000;\">Para analizar la cuenta del erario, de acuerdo a la ley 30 de mayo de 1881 sobre gasto publico, Dubl\u00e1n presenta dos cuadros conteniendo los renglones referidos a ingresos y egresos y los rubros clasificados bajo cr\u00e9dito p\u00fablico y &#8220;valores&#8221; y procede a explicar como se pueden evaluar las cifras para tener una idea exacta de la evoluci\u00f3n del erario p\u00fablico.<\/span><\/p>\n<p style=\"text-align: justify;\"><span style=\"color: #000000;\">Se\u00f1ala que la recaudaci\u00f3n en efectivo fue mayor con respecto al a\u00f1o anterior adem\u00e1s de lograrse algunos ahorros. Estos hechos permitir\u00e1n &#8220;con toda probabilidad, que no pasar\u00e1 mucho tiempo sin que las rentas del Gobierno alcancen a cubrir por completo los gastos p\u00fablicos&#8221;. Entre los ingresos extraordinarios se\u00f1ala los del empr\u00e9stito Bleichroeder, los de la cuenta corriente del Banco Nacional de M\u00e9xico y, por \u00faltimo, otros de menor importancia.<\/span><\/p>\n<p style=\"text-align: justify;\"><span style=\"color: #000000;\">El secretario argumenta que lo elevado del monto de los egresos fue debido a que fue cubierta la redenci\u00f3n de bonos de deuda consolidada (decreto 1\u00ba diciembre de 1887) y de la deuda flotante, \u00e9sta \u00faltima correspondiente a la antigua deuda de Londres, al cr\u00e9dito del ferrocarril de Tehuantepec y a la subvenci\u00f3n del Ferrocarril Nacional Mexicano. Los gastos extraordinarios correspondieron a los pagos efectuados a favor de los arrendatarios de las casas de moneda, al Banco Nacional de M\u00e9xico (contrato del 19 de mayo de 1888) a los certificados del 20% (seg\u00fan decreto del 2 de abril de 1888) a dep\u00f3sitos, pr\u00e9stamos de fondo, reintegros y vales a pagar.<\/span><\/p>\n<p style=\"text-align: justify;\"><span style=\"color: #000000;\">En la cuenta de &#8220;perdidas sufridas por el erario&#8221;, Dubl\u00e1n se\u00f1ala que una p\u00e9rdida por mas de dos millones de pesos. Asimismo menciona una serie de cuestiones fundamentales referidas al cr\u00e9dito p\u00fablico: la liquidaci\u00f3n y conversi\u00f3n de la deuda p\u00fablica interior; la deuda llamada de Londres y de la Convenci\u00f3n Inglesa; la emisi\u00f3n de bonos del 3% de 1886, hecha por el agente financiero de la Rep\u00fablica de Londres; la amortizaci\u00f3n de bonos de la deuda llamada de Londres y de la Convenci\u00f3n Inglesa sin convertir; los bonos del 3% emitidos por la tesorer\u00eda general y amortizados por la misma; los certificados de alcances mandados expedir en las supremas disposiciones del 28 de mayo de 1886 y 10 de noviembre de 1888; la amortizaci\u00f3n de certificados de alcance hasta 30 de junio de 1889; el empr\u00e9stito de 10 5000 000 de libras (o sea por 52 500 000 de pesos) celebrado con la casa de Bleichroeder de Berl\u00edn, el 24 de marzo de 1888.<\/span><\/p>\n<p style=\"text-align: justify;\"><span style=\"color: #000000;\">Sobre otros rubros importantes, como Aduanas, proporciona un resumen de diversos decretos y circulares, ordenando entre otras disposiciones: que todas las aduanas remitan informes a la Direcci\u00f3n General de Estad\u00edstica; el traslado de aduanas en zona de Campeche y Coahuila; acatamiento de acuerdos del Tratado de Amistad Comercio y Navegaci\u00f3n firmado con Suecia y Noruega; revisi\u00f3n de asignaciones y sueldos a empleados en diversas aduanas; y el examen de las tarifas de portazgo para territorio de Tepic y Distrito Federal.<\/span><\/p>\n<p style=\"text-align: justify;\"><span style=\"color: #000000;\">La renta del Timbre es otro tema a destacar, de la cual Dubl\u00e1n hace una rese\u00f1a hist\u00f3rica indicando cuando surgi\u00f3 en sustituci\u00f3n del papel sellado, seg\u00fan disposiciones del Congreso en 1875, con base a la facultad dada al ejecutivo en diciembre de 1872. Destaca un notable aumento en los ingresos por este concepto, sistematizaci\u00f3n creciente de su administraci\u00f3n, as\u00ed como diversas medidas dictadas en ese a\u00f1o fiscal.<\/span><\/p>\n<p style=\"text-align: justify;\"><span style=\"color: #000000;\">Acerca de la nacionalizaci\u00f3n de los bienes eclesi\u00e1sticos, Dubl\u00e1n apunta que, despu\u00e9s de treinta a\u00f1os de dictada esta ley, esta renta era aun una de las fuentes de productos importantes para el erario.<\/span><\/p>\n<p style=\"text-align: justify;\"><span style=\"color: #000000;\">Los cambios en las Contribuciones directas del Distrito Federal son tambi\u00e9n de inter\u00e9s. El 11 de septiembre de 1888 se declar\u00f3 que las construcciones ya iniciadas y las futuras en lotes o terrenos de la capital estar\u00edan exentas de contribuciones quedando sujetas al predial.<\/span><\/p>\n<p style=\"text-align: justify;\"><span style=\"color: #000000;\">El an\u00e1lisis de la deuda exterior de nueva cuenta ocupa una posici\u00f3n relevante en la exposici\u00f3n de la Memoria. Dubl\u00e1n menciona, en primer lugar, el empr\u00e9stito de 1888 y en seguida proporciona informaci\u00f3n sobre el servicio de la deuda; adem\u00e1s se\u00f1ala que se estableci\u00f3 una &#8220;Comisi\u00f3n Mixta Revisora&#8221; formada por Lionel Carden (C\u00f3nsul brit\u00e1nico en M\u00e9xico) y el general Felipe Berriozabal cuyos trabajos ya han concluidos. Se adjuntan cuadros: uno sobre el valor nominal de la totalidad deuda de M\u00e9xico presentado a conversi\u00f3n, el valor de lo convertido hasta 31 de mayo de 1889, y los saldos que quedaron pendientes de presentaci\u00f3n y conversi\u00f3n. Asimismo se presentan cuadros sobre el producto e inversi\u00f3n de los 10 500 000 libras esterlinas del empr\u00e9stito de 1886 contratado con la casa de Bleichroeder de Berl\u00edn.<\/span><\/p>\n<p style=\"text-align: justify;\"><span style=\"color: #000000;\">Los otros temas que se abordan son: la evoluci\u00f3n de los bancos y ferrocarriles mexicanos; las casas de moneda y la amortizaci\u00f3n de moneda y la oferta de moneda fraccionaria.<\/span><\/p>\n<p style=\"text-align: justify;\"><span style=\"color: #000000;\">En su conclusi\u00f3n, Dubl\u00e1n considera que todas las medidas que se pusieron en pr\u00e1ctica: &#8221; han tenido por mira procurar el progreso de los recursos naturales del pa\u00eds, proporcionando facilidades al comercio y a las industrias, mantener en lugar decoroso el nombre de la Naci\u00f3n en el extranjero, por medio del cumplimiento estricto de sus obligaciones, atender cumplidamente los servicios p\u00fablicos, cubriendo con puntualidad las asignaciones que en cada uno de ellos se han devengado; introducir las posibles econom\u00edas en los gastos, cuidar de la exacta recaudaci\u00f3n de los impuestos y de la pureza de su inversi\u00f3n; y, por \u00faltimo, perfeccionar el mecanismo administrativo para que corresponda a las necesidades creadas por el adelanto material de la Rep\u00fablica.&#8221;<\/span>[read more=&#8221;Ver anexos estad\u00edsticos&#8221; less=&#8221;ver menos&#8221;]<\/p>\n<p><span style=\"color: #0000ff;\"><strong>Cuadros incluidos en la parte expositiva:<\/strong><\/span><\/p>\n<p>Cuenta del erario federal, [Cuadro comparativo, jul. 1887-jun. 1889], p. IV, (<strong>68<\/strong>)<\/p>\n<p>Cuenta del erario federal, Cuadros comparativos de los valores de ingresos y egresos, distinguiendo dinero en efectivo, cr\u00e9ditos u operaciones virtuales, jul. 1888-jun. 1889, p. V, (<strong>68<\/strong>)<\/p>\n<p>Deuda p\u00fablica interna, [Cuadros] de la liquidaci\u00f3n y conversi\u00f3n de la deuda p\u00fablica interior, jul. 1886-jun. 1889, p. VIII, (<strong>68<\/strong>)<\/p>\n<p>Deuda p\u00fablica externa, [Cuadros de la deuda exterior], jul. 1886-jun. 1889, p. IX, (<strong>68<\/strong>)<\/p>\n<p>Deuda p\u00fablica, [Cuadro sobre pago de cr\u00e9ditos], jul. 1886-jun. 1889, p. XIV, (<strong>68<\/strong>)<\/p>\n<p>Deuda p\u00fablica, [Resumen de la deuda nacional], jul. 1886-jun. 1889, p. XV, (<strong>68<\/strong>)<\/p>\n<p>Deuda p\u00fablica, Noticia de las operaciones de conversi\u00f3n practicadas por la Direcci\u00f3n de Deuda, jun. 1889, p. XXX, (<strong>68<\/strong>)<\/p>\n<p>Deuda p\u00fablica, Valor nominal de la deuda de M\u00e9xico presentada a convertir y de valor equivalente convertido, con saldos pendientes de presentaci\u00f3n y conversi\u00f3n, may. 1889, p. XXXV, (<strong>68<\/strong>)<\/p>\n<p>Deuda p\u00fablica externa, Producto de la inversi\u00f3n de 10,500,000 de libras del empr\u00e9stito de 1888, contratado con la casa S. Bleichroder, [may. 1888-abr. 1889], p. XXXVI, (<strong>68<\/strong>)<\/p>\n<p>Banco Nacional de M\u00e9xico, Balances mensuales, jul. 1888-jun. 1889, p. XXXVIII, (<strong>68<\/strong>)<\/p>\n<p>Banco de Londres, M\u00e9xico y Sud-Am\u00e9rica, Balances mensuales, jul. 1888-jun. 1889, p. XXXVIII, (<strong>68<\/strong>)<\/p>\n<p>Banco Hipotecario Mexicano, Balances mensuales, jul. 1888-jun. 1889, p. XXXVIII, (<strong>68<\/strong>)<\/p>\n<p>Banco Minero de Chihuahua, Balances mensuales, sep. 1888-jun. 1889, p. XXXVIII, (<strong>68<\/strong>)<\/p>\n<p>Banco Mexicano de Chihuahua, Balances mensuales, sep. 1888-jun. 1889, p. XXXVIII, (<strong>68<\/strong>)<\/p>\n<p><strong>Documentos anexos<\/strong><\/p>\n<p>Leyes, decretos, circulares, ordenes, reglamentos, acuerdos y determinaciones, jul. 1888-jun. 1889, pp. 3-449, Doc. 1-125 (<strong>68<\/strong>)<\/p>\n<p>Presupuestos, Ley de ingresos y presupuesto de egresos, jul. 1888-jun. 1889, p. 107, Doc. 122 (<strong>68<\/strong>)<\/p>\n<p>Exportaci\u00f3n, Noticia de la exportaci\u00f3n de mercanc\u00edas hechas por las aduanas, jul. 1888-jun. 1889, p. 450, Doc. 126 (<strong>68<\/strong>)<\/p>\n<p>[\/read]<\/p>\n<div><\/div>\n","protected":false},"excerpt":{"rendered":"<p>(68)\u00a0\u00a0\u00a0 Memoria de Hacienda y Cr\u00e9dito P\u00fablico correspondiente al a\u00f1o econ\u00f3mico 1888 a 1889 presentada por el secretario del ramo lic. Manuel Dubl\u00e1n al Congreso de la Uni\u00f3n. M\u00e9xico, Imprenta de Ignacio Escalante, 1891, XLVII + 571 pp., cuadros, tablas. Firmada por Manuel Dubl\u00e1n. Per\u00edodo: julio de 1888-junio de 1889. Se localiza:\u00a0,\u00a0,\u00a0, . Tiene anexos,<\/p>\n<p><a href=\"https:\/\/memoriasdehacienda.institutomora.edu.mx\/?page_id=3007\" class=\"more-link themebutton\">Read More<\/a><\/p>\n","protected":false},"author":2,"featured_media":0,"parent":0,"menu_order":0,"comment_status":"closed","ping_status":"closed","template":"","meta":[],"_links":{"self":[{"href":"https:\/\/memoriasdehacienda.institutomora.edu.mx\/index.php?rest_route=\/wp\/v2\/pages\/3007"}],"collection":[{"href":"https:\/\/memoriasdehacienda.institutomora.edu.mx\/index.php?rest_route=\/wp\/v2\/pages"}],"about":[{"href":"https:\/\/memoriasdehacienda.institutomora.edu.mx\/index.php?rest_route=\/wp\/v2\/types\/page"}],"author":[{"embeddable":true,"href":"https:\/\/memoriasdehacienda.institutomora.edu.mx\/index.php?rest_route=\/wp\/v2\/users\/2"}],"replies":[{"embeddable":true,"href":"https:\/\/memoriasdehacienda.institutomora.edu.mx\/index.php?rest_route=%2Fwp%2Fv2%2Fcomments&post=3007"}],"version-history":[{"count":6,"href":"https:\/\/memoriasdehacienda.institutomora.edu.mx\/index.php?rest_route=\/wp\/v2\/pages\/3007\/revisions"}],"predecessor-version":[{"id":8299,"href":"https:\/\/memoriasdehacienda.institutomora.edu.mx\/index.php?rest_route=\/wp\/v2\/pages\/3007\/revisions\/8299"}],"wp:attachment":[{"href":"https:\/\/memoriasdehacienda.institutomora.edu.mx\/index.php?rest_route=%2Fwp%2Fv2%2Fmedia&parent=3007"}],"curies":[{"name":"wp","href":"https:\/\/api.w.org\/{rel}","templated":true}]}}