{"id":3009,"date":"2016-06-26T08:09:31","date_gmt":"2016-06-26T14:09:31","guid":{"rendered":"http:\/\/memoriasdehacienda.colmex.mx\/mhwp\/?page_id=3009"},"modified":"2017-08-10T12:38:57","modified_gmt":"2017-08-10T18:38:57","slug":"memoria-69","status":"publish","type":"page","link":"https:\/\/memoriasdehacienda.institutomora.edu.mx\/?page_id=3009","title":{"rendered":"Memoria 69 (julio de 1889-junio de 1890)"},"content":{"rendered":"<p style=\"text-align: justify;\"><span style=\"font-size: 11pt; color: #ff6600;\"><strong>(69)\u00a0\u00a0 Memoria de Hacienda y Cr\u00e9dito P\u00fablico correspondiente al a\u00f1o econ\u00f3mico 1889 a 1890 presentada por el secretario del ramo lic. Manuel Dubl\u00e1n al Congreso de la Uni\u00f3n. M\u00e9xico, Imprenta de Ignacio Escalante, 1892, LXVIII + 625 pp., cuadros, tablas.<\/strong><\/span><\/p>\n<p style=\"text-align: justify;\"><span style=\"color: #000000;\">Firmada por Manuel Dubl\u00e1n.<\/span><\/p>\n<p style=\"text-align: justify;\"><span style=\"color: #000000;\">Per\u00edodo: julio de 1889-junio de 1890.<\/span><\/p>\n<p style=\"text-align: justify;\"><span style=\"color: #000000;\">Se localiza: <span class=\"tooltips \" style=\"\" title=\"Biblioteca &quot;Miguel Lerdo de Tejada&quot;, Secretar\u00eda de Hacienda y Cr\u00e9dito P\u00fablico.\">BH<\/span>,\u00a0<span class=\"tooltips \" style=\"\" title=\"Biblioteca del Archivo General de la Naci\u00f3n, M\u00e9xico.\">BAGN<\/span>,\u00a0<span class=\"tooltips \" style=\"\" title=\"Biblioteca del Instituto de Investigaciones &quot;Dr. Jos\u00e9 Mar\u00eda Luis Mora&quot; (material en micropel\u00edcula).\">BIM-Mfilm<\/span>, <span class=\"tooltips \" style=\"\" title=\"Biblioteca &quot;Daniel Cos\u00edo Villegas&quot;, El Colegio de M\u00e9xico (material en micropel\u00edcula).\">BColmex-Mfilm<\/span>.<\/span><\/p>\n<p style=\"text-align: justify;\"><span style=\"color: #000000;\"><strong>Tiene anexos, cuadros y tablas.<\/strong><\/span><\/p>\n<p style=\"text-align: justify;\"><span style=\"color: #000000;\"><strong>S\u00edntesis del contenido:<\/strong><\/span><\/p>\n<p style=\"text-align: justify;\"><span style=\"color: #000000;\">Manuel Dubl\u00e1n considera que el apoyo del presidente de la rep\u00fablica y de la opini\u00f3n p\u00fablica le ha permitido permanecer en su cargo de ministro, e insiste que a pesar del mal estado de su salud ha continuado con sus labores porque considera que ello es conducente a la reforma y mejora de las finanzas p\u00fablicas. Despu\u00e9s de esta apreciaci\u00f3n, el secretario entra a rendir su informe sobre la situaci\u00f3n de la Hacienda P\u00fablica y argumenta haber estudiado la situaci\u00f3n financiera para encontrar las soluciones m\u00e1s convenientes. A su vez desea dar a conocer los adelantos obtenidos, advertir posibles problemas y se\u00f1alar de que manera deber\u00eda de organizarse la &#8220;administraci\u00f3n del ramo de hacienda en la forma que exigen las necesidades de la \u00e9poca y el adelanto material del pa\u00eds.&#8221;<\/span><\/p>\n<p style=\"text-align: justify;\"><span style=\"color: #000000;\">Entre los rubros que analiza Dubl\u00e1n destaca el an\u00e1lisis de los ingresos, gastos y cuenta del erario y, en forma similar al a\u00f1o anterior, indica la forma de evaluar la contabilidad del erario p\u00fablico para conocer los verdaderos recursos y gastos, tanto presupuestados como extraordinarios en el ejercicio de 1889 a 1890. Asimismo da cuenta de las p\u00e9rdidas sufridas por el erario y al final inserta un resumen general del importe que tienen los diversos cr\u00e9ditos que constituyen la deuda p\u00fablica de la Rep\u00fablica en 30 de junio de 1890.<\/span><\/p>\n<p style=\"text-align: justify;\"><span style=\"color: #000000;\">De la deuda interior destaca la aprobaci\u00f3n del Congreso de la conversi\u00f3n de los t\u00edtulos de la Convenci\u00f3n espa\u00f1ola (30 de mayo de 1890); adem\u00e1s se revisaron 185 expedientes de t\u00edtulos al portador y cr\u00e9ditos vencidos, emiti\u00e9ndose nuevos t\u00edtulos, de los cuales se incluye un cuadro.<\/span><\/p>\n<p style=\"text-align: justify;\"><span style=\"color: #000000;\">&#8220;Estas operaciones dieron lugar a desechar algunos bonos espurios que se han lanzado a la circulaci\u00f3n en a\u00f1os anteriores, y que, merced a su semejanza con los leg\u00edtimos, hab\u00eda podido ser objeto de transacciones, hasta que fueron definitivamente desechados del grupo legal de bonos que representan la deuda interior&#8221;.<\/span><\/p>\n<p style=\"text-align: justify;\"><span style=\"color: #000000;\">Por otra parte, se informa del pago realizado a adeudos de servidores en el ramo civil y militar, tambi\u00e9n anexando un cuadro y varios contratos conexos del a\u00f1o fiscal que se analiza.<\/span><\/p>\n<p style=\"text-align: justify;\"><span style=\"color: #000000;\">En lo referente a la deuda exterior, Dubl\u00e1n, entre otras cosas, menciona la autorizaci\u00f3n otorgada al presidente por el Congreso para llevar a cabo una operaci\u00f3n financiera encaminada a consolidar y convertir los adeudos con los ferrocarriles, para lo cual contrat\u00f3 un empr\u00e9stito adicional con Bleichroeder por 6 millones de libras (garantizado con el 12% de productos aduanales). Pusieron dificultades para optar por esta operaci\u00f3n las empresas de ferrocarriles el Nacional Mexicano y el Interoce\u00e1nico. El resto del pr\u00e9stamo se destin\u00f3 a descargar la cuenta corriente del gobierno con el Banco Nacional de M\u00e9xico\u00a0(9 253 012 de pesos en adeudo.)<\/span><\/p>\n<p style=\"text-align: justify;\"><span style=\"color: #000000;\">Sobre el servicio de la deuda, el secretario nos dice que est\u00e1 a cargo del Banco Nacional de M\u00e9xico y con base a contratos especiales, por lo cual esta instituci\u00f3n contin\u00faa concentrando los productos de los certificados sobre derechos aduanales, adem\u00e1s de enviar a Europa las sumas correspondientes.<\/span><\/p>\n<p style=\"text-align: justify;\"><span style=\"color: #000000;\">Otro aspecto a destacar es la situaci\u00f3n monetaria, Dubl\u00e1n menciona que la moneda plata del sistema duodecimal era recogida para volverla ha acu\u00f1ar en moneda decimal; que segu\u00eda suspendido el cambio y amortizaci\u00f3n de moneda en forma de tlacos y cuartillas de cobre porque estaba pendiente el convenio con los gobiernos de Guanajuato, Chihuahua, Durango, San Luis Potos\u00ed y Zacatecas, Tambi\u00e9n se refiere a la reducci\u00f3n del monto de los pr\u00e9stamos sin r\u00e9dito al gobierno nacional por arrendatarios de casas de moneda de M\u00e9xico, Guanajuato, Zacatecas, San Luis Potos\u00ed, Guadalajara, Durango, Culiac\u00e1n, Alamos, Hermosillo y Chihuahua. Al finalizar este apartado informa que comenz\u00f3 a circular 132 432 pesos en monedas de centavos de cobre compradas al Banco de Londres y M\u00e9xico.<\/span><\/p>\n<p style=\"text-align: justify;\"><span style=\"color: #000000;\">Otros rubros que se mencionan son: Administraci\u00f3n de rentas del Distrito Federal, Bancos, Pensiones, Aduanas, Bienes Nacionalizados, Defensor\u00eda fiscal, Loter\u00eda Nacional, Timbre y estad\u00edstica fiscal.<\/span><\/p>\n<p style=\"text-align: justify;\"><span style=\"color: #000000;\">En la conclusi\u00f3n considera que a trav\u00e9s de \u00e9ste informe se reconocen los &#8220;adelantos en la obra de reorganizaci\u00f3n hacendaria. La regularidad en la recaudaci\u00f3n de las rentas, la puntualidad en el pago de los servicios p\u00fablicos, la econom\u00eda en los gastos, la sobrevigilancia ejercida para evitar perjuicios al fisco y finalmente, la reforma de algunas leyes y disposiciones en sentido liberal, con objeto de proporcionar facilidades y estimulo al movimiento mercantil, han sido el punto de mira del gobierno, por que considera que en eso estriba la consolidaci\u00f3n del estado bonancible a que han llegado las finanzas del pa\u00eds. Sin duda que falta mucho por hacer; pero no era obvio trabajo el que se ha emprendido y esta llev\u00e1ndose a cabo con el ilustrado concurso del Poder Legislativo, con el apoyo de la opini\u00f3n y a favor de la paz que felizmente, es ya la condici\u00f3n normal de la Rep\u00fablica.<\/span>[read more=&#8221;Ver anexos estad\u00edsticos&#8221; less=&#8221;ver menos&#8221;]<\/p>\n<p><strong><span style=\"color: #0000ff;\">Cuadros incluidos en la parte expositiva:<\/span><\/strong><\/p>\n<p>Cuenta del erario federal, [Cuadros demostrativos], de los valores de ingresos y egresos, distinguiendo dinero en efectivo, cr\u00e9ditos u operaciones virtuales, jul. 1889-jun. 1890, p. IV, (<strong>69<\/strong>)<\/p>\n<p>Deuda p\u00fablica interna, [Cuadro] de la liquidaci\u00f3n y conversi\u00f3n de la deuda p\u00fablica interior, jul. 1886-jun. 1890, p. VIII, (<strong>69<\/strong>)<\/p>\n<p>Deuda p\u00fablica externa, [Cuadros de la deuda exterior], jul. 1886-jun. 1890, p. VIII, (<strong>69<\/strong>)<\/p>\n<p>Deuda p\u00fablica, Resumen general del importe de los diversos cr\u00e9ditos que constituyen la, jun. 1890, p. XVI, (<strong>69<\/strong>)<\/p>\n<p>Deuda p\u00fablica interna, Noticia que comprende las operaciones de conversi\u00f3n de los antiguos t\u00edtulos o bonos de la Convenci\u00f3n Espa\u00f1ola, por la Direcci\u00f3n de Deuda p\u00fablica, sep. 1890, p. XXI, (<strong>69<\/strong>)<\/p>\n<p>Deuda p\u00fablica, Resumen de los t\u00edtulos al portador convertidos, jul. 1889-jun. 1890, p. XXII,\u00a0 (<strong>69<\/strong>)<\/p>\n<p>Presupuestos, Resumen de los alcances l\u00edquidos por, jul. 1889-jun. 1890, p. XXIII, (<strong>69<\/strong>)<\/p>\n<p>Banco Nacional de M\u00e9xico, Balances mensuales, jul. 1889-jun. 1890, p. XXIV, (<strong>69<\/strong>)<\/p>\n<p>Banco de Londres y M\u00e9xico, Balances mensuales, jul. 1889-jun. 1890, p. XXIV, (<strong>69<\/strong>)<\/p>\n<p>Banco Internacional Hipotecario de M\u00e9xico, Balances mensuales, jul. 1889-jun. 1890, p. XXV, (<strong>69<\/strong>)<\/p>\n<p>Banco Minero de Chihuahua, Balances mensuales, jul. 1889-jun. 1890, p. XXVI, (<strong>69<\/strong>)<\/p>\n<p>Banco Mexicano de Chihuahua, Balances mensuales, jul. 1889-jun. 1890, p. XXVII, (<strong>69<\/strong>)<\/p>\n<p>Banco de Chihuahua, Balances mensuales, jul. 1889-jun. 1890, p. XXVIII, (<strong>69<\/strong>)<\/p>\n<p>Banco Yucateco en M\u00e9rida, Balances mensuales, jul. 1889-jun. 1890, p. XXXIX, (<strong>69<\/strong>)<\/p>\n<p>Banco Mercantil de Yucat\u00e1n en M\u00e9rida, Balances mensuales, jul. 1889-jun. 1890, p. XL, (<strong>69<\/strong>)<\/p>\n<p>Banco Nacional de M\u00e9xico, Sucursal del Banco Nacional de El Paso Texas, en Ciudad Ju\u00e1rez, Balances mensuales, jul. 1889-jun. 1890, p. XLI, (<strong>69<\/strong>)<\/p>\n<p>Defensor\u00eda Fiscal, Estado que manifiesta el n\u00famero de liquidaciones que ha practicado la, jun. 1889-jul 1890, p. LVI, (<strong>69<\/strong>)<\/p>\n<p>Loter\u00eda Nacional, Emisi\u00f3n y venta de billetes de, jun. 1889-jul 1890, p. LVIII, (<strong>69<\/strong>)<\/p>\n<p>Loter\u00eda Nacional, utilidades, jun. 1889-jul 1890, p. LIX, (<strong>69<\/strong>)<\/p>\n<p>Exportaci\u00f3n e importaci\u00f3n, jun. 1889-jul 1890, p. LXI, (<strong>69<\/strong>)<\/p>\n<p>Timbre, Estado de ingresos y egresos de la renta del, jun. 1889-jul 1890, p. LX, (<strong>69<\/strong>)<\/p>\n<p><strong>Documentos anexos<\/strong><\/p>\n<p>Presupuestos, Ley de ingresos y presupuesto de egresos, jul. 1889-jun. 1890, p. 3, Doc. 1 (<strong>69<\/strong>)<\/p>\n<p>Leyes, decretos, circulares, ordenes, reglamentos, acuerdos y determinaciones, jul. 1889-jun. 1890, pp. 302-485, Doc. 2-143 (<strong>69<\/strong>)<\/p>\n<p>Exportaci\u00f3n, Noticias de las exportaci\u00f3n de mercanc\u00edas, hecha por las aduanas, jul. 1889-jun. 1890, pp. 486-598, Doc. 144 (<strong>69<\/strong>)<\/p>\n<p>Amonedaciones, Noticia de las amonedaciones e introducciones de metales preciosos, jul. 1889-jun. 1890, pp. 599-625, Doc. 145 (<strong>69<\/strong>)<\/p>\n<p>[\/read]<\/p>\n<div><\/div>\n","protected":false},"excerpt":{"rendered":"<p>(69)\u00a0\u00a0 Memoria de Hacienda y Cr\u00e9dito P\u00fablico correspondiente al a\u00f1o econ\u00f3mico 1889 a 1890 presentada por el secretario del ramo lic. Manuel Dubl\u00e1n al Congreso de la Uni\u00f3n. M\u00e9xico, Imprenta de Ignacio Escalante, 1892, LXVIII + 625 pp., cuadros, tablas. Firmada por Manuel Dubl\u00e1n. Per\u00edodo: julio de 1889-junio de 1890. Se localiza: ,\u00a0,\u00a0, . Tiene<\/p>\n<p><a href=\"https:\/\/memoriasdehacienda.institutomora.edu.mx\/?page_id=3009\" class=\"more-link themebutton\">Read More<\/a><\/p>\n","protected":false},"author":2,"featured_media":0,"parent":0,"menu_order":0,"comment_status":"closed","ping_status":"closed","template":"","meta":[],"_links":{"self":[{"href":"https:\/\/memoriasdehacienda.institutomora.edu.mx\/index.php?rest_route=\/wp\/v2\/pages\/3009"}],"collection":[{"href":"https:\/\/memoriasdehacienda.institutomora.edu.mx\/index.php?rest_route=\/wp\/v2\/pages"}],"about":[{"href":"https:\/\/memoriasdehacienda.institutomora.edu.mx\/index.php?rest_route=\/wp\/v2\/types\/page"}],"author":[{"embeddable":true,"href":"https:\/\/memoriasdehacienda.institutomora.edu.mx\/index.php?rest_route=\/wp\/v2\/users\/2"}],"replies":[{"embeddable":true,"href":"https:\/\/memoriasdehacienda.institutomora.edu.mx\/index.php?rest_route=%2Fwp%2Fv2%2Fcomments&post=3009"}],"version-history":[{"count":6,"href":"https:\/\/memoriasdehacienda.institutomora.edu.mx\/index.php?rest_route=\/wp\/v2\/pages\/3009\/revisions"}],"predecessor-version":[{"id":8300,"href":"https:\/\/memoriasdehacienda.institutomora.edu.mx\/index.php?rest_route=\/wp\/v2\/pages\/3009\/revisions\/8300"}],"wp:attachment":[{"href":"https:\/\/memoriasdehacienda.institutomora.edu.mx\/index.php?rest_route=%2Fwp%2Fv2%2Fmedia&parent=3009"}],"curies":[{"name":"wp","href":"https:\/\/api.w.org\/{rel}","templated":true}]}}