{"id":3015,"date":"2016-06-26T08:12:22","date_gmt":"2016-06-26T14:12:22","guid":{"rendered":"http:\/\/memoriasdehacienda.colmex.mx\/mhwp\/?page_id=3015"},"modified":"2017-08-10T12:53:57","modified_gmt":"2017-08-10T18:53:57","slug":"memoria-72","status":"publish","type":"page","link":"https:\/\/memoriasdehacienda.institutomora.edu.mx\/?page_id=3015","title":{"rendered":"Memoria 72 (16 de septiembre de 1894)"},"content":{"rendered":"<p style=\"text-align: justify;\"><span style=\"font-size: 11pt; color: #ff6600;\"><strong>(72)\u00a0 Memoria de Hacienda y Cr\u00e9dito P\u00fablico correspondiente al sexag\u00e9simo noveno a\u00f1o econ\u00f3mico de 1\u00b0 de julio de 1893 a 30 de junio de 1894 presentada por el secretario de Hacienda al Congreso de la Uni\u00f3n. M\u00e9xico, Tipograf\u00eda de la Oficina Impresora de Estampillas, 1894, LVIII + 595 p., cuadros, tablas.<\/strong><\/span><\/p>\n<p style=\"text-align: justify;\"><span style=\"color: #000000;\">Firmada por Jos\u00e9 Yves Limantour.<\/span><\/p>\n<p style=\"text-align: justify;\"><span style=\"color: #000000;\">Per\u00edodo: julio de 1893-junio de 1894.<\/span><\/p>\n<p style=\"text-align: justify;\"><span style=\"color: #000000;\">Se localiza:\u00a0<span class=\"tooltips \" style=\"\" title=\"Biblioteca &quot;Miguel Lerdo de Tejada&quot;, Secretar\u00eda de Hacienda y Cr\u00e9dito P\u00fablico.\">BH<\/span>,\u00a0<span class=\"tooltips \" style=\"\" title=\"Biblioteca del Banco de M\u00e9xico.\">BBM<\/span>,\u00a0<span class=\"tooltips \" style=\"\" title=\"Biblioteca del Archivo General de la Naci\u00f3n, M\u00e9xico.\">BAGN<\/span>, <span class=\"tooltips \" style=\"\" title=\"Biblioteca del Instituto de Investigaciones &quot;Dr. Jos\u00e9 Mar\u00eda Luis Mora&quot; (material en micropel\u00edcula).\">BIM-Mfilm<\/span>, <span class=\"tooltips \" style=\"\" title=\"Biblioteca &quot;Daniel Cos\u00edo Villegas&quot;, El Colegio de M\u00e9xico (material en micropel\u00edcula).\">BColmex-Mfilm<\/span>.<\/span><\/p>\n<p style=\"text-align: justify;\"><span style=\"color: #000000;\"><strong>Tiene anexos, cuadros y tablas.<\/strong><\/span><\/p>\n<p style=\"text-align: justify;\"><span style=\"color: #000000;\"><strong>S\u00edntesis del contenido:<\/strong><\/span><\/p>\n<p style=\"text-align: justify;\"><span style=\"color: #000000;\">Jos\u00e9 Yves Limantour se\u00f1ala que no han sido est\u00e9riles sus gestiones al frente del ramo ya que se han dominado dificultades a\u00f1ejas y se han echado los cimientos de una situaci\u00f3n hacendaria s\u00f3lida a pesar de que factores como la mala cosecha maicera y la depreciaci\u00f3n mundial de la plata hab\u00edan determinado que este a\u00f1o econ\u00f3mico no fuera bonancible. Ante la merma econ\u00f3mica, Limantour refiere que fue imprescindible buscar nuevos recursos para nivelar la balanza. Para esto se dictaron algunas medidas entre las que destacan el gravamen a la hilaza y todo g\u00e9nero de tejidos de algod\u00f3n nacional y el gravamen decretado a m\u00e1s mercanc\u00edas de importaci\u00f3n. Asimismo se uniform\u00f3, rectific\u00f3 y aument\u00f3 en forma &#8220;equitativa&#8221; la contribuci\u00f3n de predios y terrenos ubicados en el Distrito Federal; se reorganizaron las aduanas, suprimiendo las que no aportaban beneficios; se continu\u00f3 con las negociaciones para rescindir los contratos de las casas de moneda y se abrieron nuevas inscripciones a la miner\u00eda. Estas medidas estuvieron apoyadas por una estricta econom\u00eda y por la realizaci\u00f3n de dos empr\u00e9stitos con casas alemanas que otorgaron recursos extraordinarios. Uno de estos empr\u00e9stitos fue por 3 millones de libras con un inter\u00e9s del 6% anual cuyo objetivo era arreglar la deuda flotante del pa\u00eds. El otro se emplear\u00eda para concluir el ferrocarril de Tehuantepec y para erigir el muelle de Salina Cruz, su monto siendo de 170 mil libras con un inter\u00e9s del 7% anual. Ambos cr\u00e9ditos se hab\u00edan podido contratar como consecuencia de la regularidad con que el pa\u00eds estaba cubriendo los pagos de su deuda p\u00fablica, tanto externa como interna.<\/span><\/p>\n<p style=\"text-align: justify;\"><span style=\"color: #000000;\">Ante el problema de la depreciaci\u00f3n de la plata Limantour menciona que es muy conveniente que M\u00e9xico organizase una Conferencia de Naciones Americanas y Asi\u00e1ticas en las que se concertaran medidas a seguir para uniformar\u00a0el sistema monetario de las mismas y favorecer el consumo del metal blanco.<\/span><\/p>\n<p style=\"text-align: justify;\"><span style=\"color: #000000;\">Cabe mencionar que la memoria esta dividida en cuatro secciones: presupuesto, cuenta del erario, administraci\u00f3n y deuda p\u00fablica. Explica la baja de los ingresos y formula algunas medidas para nivelarlos: gravar los tejidos de algod\u00f3n nacionales, uniformar la contribuci\u00f3n predial de la capital y sus municipios, imponer derechos de importaci\u00f3n al ma\u00edz, reformar las ordenanzas de aduanas y emitir nuevos empr\u00e9stitos, as\u00ed como reducir el gasto de todas las secretar\u00edas del Estado.<\/span><\/p>\n<p style=\"text-align: justify;\"><span style=\"color: #000000;\">Lo m\u00e1s importante de la Memoria es la informaci\u00f3n sobre la Deuda P\u00fablica y los documentos anexos relacionados con los pr\u00e9stamos para la construcci\u00f3n de los ferrocarriles. Para complementar los datos anteriores es de mucha utilidad el informe de Limantour sobre la negociaci\u00f3n de la deuda.<\/span>[read more=&#8221;Ver anexos estad\u00edsticos&#8221; less=&#8221;ver menos&#8221;]<\/p>\n<p><span style=\"color: #0000ff;\"><strong>Cuadros incluidos en la parte expositiva:<\/strong><\/span><\/p>\n<p>Importaci\u00f3n, Resumen de la importaci\u00f3n por las aduanas, jul. 1892-jun. 1894, p. V, (<strong>72<\/strong>)<\/p>\n<p>Cotizaci\u00f3n de la plata, Cuadro del valor m\u00e1ximo, m\u00ednimo y medio de la plata en el mercado de Londres, jul. 1892-jun. 1894, p. VI, (<strong>72<\/strong>)<\/p>\n<p>Presupuesto, jul. 1892-jun. 1893, p. X, (<strong>72<\/strong>)<\/p>\n<p>Presupuestos, jul, 1892-jun. 1894, p. XII, (<strong>72<\/strong>)<\/p>\n<p>Cuenta del erario federal, [Valores que figuran en las cuentas de], jul. 1893-jun. 1894, p. XIV, (<strong>72<\/strong>)<\/p>\n<p>Deuda p\u00fablica, Ingresos y egresos en cr\u00e9ditos que representan la recaudaci\u00f3n en t\u00edtulos de la deuda p\u00fablica por pago de bienes nacionalizados, terrenos bald\u00edos y otras operaciones autorizadas por las leyes, p. XV, (<strong>72<\/strong>)<\/p>\n<p>Cuenta del erario federal, Cuadro comparativo de ingresos y egresos, jul. 1892-jun. 1894, p. XVI, (<strong>72<\/strong>)<\/p>\n<p>Loter\u00eda Nacional, jul. 1893-jun. 1894, p. XXX, (<strong>72<\/strong>)<\/p>\n<p>Exportaci\u00f3n, jul. 1892-jun. 1894, p. XXXIV, (<strong>72<\/strong>)<\/p>\n<p>Importaci\u00f3n, jul. 1892-jun. 1894, p. XXXVII, (<strong>72<\/strong>)<\/p>\n<p>Amonedaciones, jul. 1892-jun. 1894, p. XXXVIII, (<strong>72<\/strong>)<\/p>\n<p>Casas de Moneda, Introducci\u00f3n de metales preciosos a las, jul. 1892-jun. 1894, p. XXXIX, (<strong>72<\/strong>)<\/p>\n<p>Comercio exterior, Resumen del movimiento de buques en los puertos, jul. 1893-jun. 1894, p. XXXIX, (<strong>72<\/strong>)<\/p>\n<p>Deuda exterior, jul. 1893-jun. 1894, p. XL, (<strong>72<\/strong>)<\/p>\n<p>Deuda interior consolidada, jun. 1894, p. XLV, (<strong>72<\/strong>)<\/p>\n<p>Deuda p\u00fablica, Resumen de los diversos cr\u00e9ditos que constituyen la deuda p\u00fablica interior y exterior, jul. 1893-jun. 1894, p. LVI, (<strong>72<\/strong>)<\/p>\n<p><strong>Documentos anexos a la Memoria<\/strong>:<\/p>\n<p>Disposiciones dictadas en el ramo de Aduanas, Doc.1-43 (<strong>72<\/strong>)<\/p>\n<p>Disposiciones dictadas en el ramo de Timbre, Doc.44-205 (<strong>72<\/strong>)<\/p>\n<p>Disposiciones dictadas en los ramos de, miner\u00eda, casas de moneda e instituciones de cr\u00e9dito, Doc.206-254 (<strong>72<\/strong>)<\/p>\n<p>Presupuesto de egresos, jul. 1894 -jun. 1895, Doc. 201 (<strong>72<\/strong>)<\/p>\n<p>Bancos, Estado general de los bancos, Balances en 30 de junio de 1894, Doc. 246 (<strong>72<\/strong>)<\/p>\n<p>Bancos, Cuadro que representa la media anual de los &#8220;Balances Mensuales&#8221; de los bancos, jul. 1893-jun. 1894, Doc. 246 (<strong>72<\/strong>)<\/p>\n<p>Casa de Moneda de M\u00e9xico, Informe de la Casa de Moneda de M\u00e9xico, por su movimiento, feb.-jun. 1893, Doc. 249, (<strong>72<\/strong>)<\/p>\n<p>Casa de Moneda de M\u00e9xico, Informe de la Casa de Moneda de M\u00e9xico, jul. 1893-jun. 1894, Doc. 250, (<strong>72<\/strong>)<\/p>\n<p>Casa de Moneda de M\u00e9xico, Cuenta de gastos y productos de la Casa de Moneda y apartado de M\u00e9xico, jul. 1893-jun. 1894, Doc. 251, (<strong>72<\/strong>)<\/p>\n<p>Disposiciones dictadas en el ramo de montep\u00edo, pagos civiles y militares, jul. 1893-jun. 1894, Doc.255-296 (<strong>72<\/strong>)<\/p>\n<p>Disposiciones y documentos relativos al ramo de la deuda p\u00fablica, jul. 1893-jun. 1894, Doc.297-303 (<strong>72<\/strong>)<\/p>\n<p>Deuda p\u00fablica, Noticia de los expedientes que al extinguirse la Oficina de la Deuda P\u00fablica quedaron pendientes de resoluci\u00f3n, jul. 1893-jun. 1894, Doc.298, (<strong>72<\/strong>)<\/p>\n<p>Deuda p\u00fablica, Noticia de los certificados que quedaron pendientes de entregar por la extinguida Oficina de la Deuda P\u00fablica, jul. 1893-jun. 1894, Doc.299, (<strong>72<\/strong>)<\/p>\n<p>Deuda p\u00fablica, Noticia de los certificados de cr\u00e9ditos expedidos por la extinguida Oficina de la Deuda P\u00fablica y que aun est\u00e1n en los archivos de la misma, jul. 1893-jun. 1894, Doc.300, (<strong>72<\/strong>)<\/p>\n<p>Deuda p\u00fablica, Noticia sobre bonos y cupones Carvajal, jul. 1893-jun. 1894, Doc.301, (<strong>72<\/strong>)<\/p>\n<p>Deuda p\u00fablica, pensiones y montep\u00edos, jul. 1893-jun. 1894, Doc.302, (<strong>72<\/strong>)<\/p>\n<p>Deuda p\u00fablica, Retiros concedidos por la Secretar\u00eda de Guerra, jul. 1893-jun. 1894, Doc.303, (<strong>72<\/strong>)<\/p>\n<p>Documentos relativos al departamento de legislaci\u00f3n, Doc.304-312 (<strong>72<\/strong>)<\/p>\n<p>Disposiciones y documentos relativos al ramo de estad\u00edstica, Doc.313-322 (<strong>72<\/strong>)<\/p>\n<p>Importaci\u00f3n, Resumen de la importaci\u00f3n habida en las Aduanas, jul. 1892-jun. 1894, Doc.315, (<strong>72<\/strong>)<\/p>\n<p>Exportaci\u00f3n, Exportaci\u00f3n habida por las Aduanas, jul. 1892-jun. 1894, Doc.316, (<strong>72<\/strong>)<\/p>\n<p>Importaci\u00f3n y exportaci\u00f3n habidas en las Aduanas, jul. 1892-jun. 1894, Doc.317, (<strong>72<\/strong>)<\/p>\n<p>Comercio exterior, Movimiento de transportes mar\u00edtimos habido en los puertos, jul. 1893-jun. 1894, Doc.318, (<strong>72<\/strong>)<\/p>\n<p>Comercio exterior, Movimiento de transportes terrestres habido en las Aduanas fronterizas, jul. 1893-jun. 1894, Doc.319, (<strong>72<\/strong>)<\/p>\n<p>Casas de Moneda, Noticia de la amonedaci\u00f3n practicada en las, jul. 1893-jun. 1894, Doc.320, (<strong>72<\/strong>)<\/p>\n<p>Casas de Moneda, Cuadro comparativo de los valores de las amonedaciones practicadas en las, jul. 1893-jun. 1894, Doc.321, (<strong>72<\/strong>)<\/p>\n<p>Casas de Moneda, Resumen de las introducciones de metales preciosos hechas en las, jul. 1893-jun. 1894, Doc.322, (<strong>72<\/strong>)<\/p>\n<p>Documentos complementarios de la Memoria de Hacienda, jul. 1893-jun. 1894, Doc.323-328 (<strong>72<\/strong>)<\/p>\n<p>Timbre, Noticia de los productos de la renta del, jul. 1893-jun. 1894, Doc.323, (<strong>72<\/strong>)<\/p>\n<p>Timbre, Noticia de los ingresos y egresos de la renta del, jul. 1893-jun. 1894, Doc.324, (<strong>72<\/strong>)<\/p>\n<p>Timbre, Estado que manifiesta el n\u00famero de estampillas de la renta del Timbre y servicio postal, jul. 1893-jun. 1894, Doc.325, (<strong>72<\/strong>)<\/p>\n<p>Deuda p\u00fablica, Estado que manifiesta el n\u00famero de certificados de cr\u00e9dito impresos, jul. 1893-jun. 1894, Doc.326, (<strong>72<\/strong>)<\/p>\n<p>Timbre, Estado comparativo que manifiesta el n\u00famero de estampillas de la renta del Timbre y servicio postal, jul. 1891-jun. 1894, Doc.327, (<strong>72<\/strong>)<\/p>\n<p>Aduana de Veracruz, Informe [con datos estad\u00edsticos] del Administrador de la, jul. 1893-jun. 1894, Doc.328, (<strong>72<\/strong>)<\/p>\n<p>Cuenta del erario federal, Resumen de la glosa preventiva practicada por la Tesorer\u00eda de las cuentas correspondientes al ejercicio fiscal, jul. 1893-jun. 1894, p. 578, (<strong>72<\/strong>)<\/p>\n<p>Indice de los documentos anexos, p. 587 (<strong>72<\/strong>)<\/p>\n<p>[\/read]<\/p>\n<div><\/div>\n","protected":false},"excerpt":{"rendered":"<p>(72)\u00a0 Memoria de Hacienda y Cr\u00e9dito P\u00fablico correspondiente al sexag\u00e9simo noveno a\u00f1o econ\u00f3mico de 1\u00b0 de julio de 1893 a 30 de junio de 1894 presentada por el secretario de Hacienda al Congreso de la Uni\u00f3n. M\u00e9xico, Tipograf\u00eda de la Oficina Impresora de Estampillas, 1894, LVIII + 595 p., cuadros, tablas. Firmada por Jos\u00e9 Yves<\/p>\n<p><a href=\"https:\/\/memoriasdehacienda.institutomora.edu.mx\/?page_id=3015\" class=\"more-link themebutton\">Read More<\/a><\/p>\n","protected":false},"author":2,"featured_media":0,"parent":0,"menu_order":0,"comment_status":"closed","ping_status":"closed","template":"","meta":[],"_links":{"self":[{"href":"https:\/\/memoriasdehacienda.institutomora.edu.mx\/index.php?rest_route=\/wp\/v2\/pages\/3015"}],"collection":[{"href":"https:\/\/memoriasdehacienda.institutomora.edu.mx\/index.php?rest_route=\/wp\/v2\/pages"}],"about":[{"href":"https:\/\/memoriasdehacienda.institutomora.edu.mx\/index.php?rest_route=\/wp\/v2\/types\/page"}],"author":[{"embeddable":true,"href":"https:\/\/memoriasdehacienda.institutomora.edu.mx\/index.php?rest_route=\/wp\/v2\/users\/2"}],"replies":[{"embeddable":true,"href":"https:\/\/memoriasdehacienda.institutomora.edu.mx\/index.php?rest_route=%2Fwp%2Fv2%2Fcomments&post=3015"}],"version-history":[{"count":5,"href":"https:\/\/memoriasdehacienda.institutomora.edu.mx\/index.php?rest_route=\/wp\/v2\/pages\/3015\/revisions"}],"predecessor-version":[{"id":8303,"href":"https:\/\/memoriasdehacienda.institutomora.edu.mx\/index.php?rest_route=\/wp\/v2\/pages\/3015\/revisions\/8303"}],"wp:attachment":[{"href":"https:\/\/memoriasdehacienda.institutomora.edu.mx\/index.php?rest_route=%2Fwp%2Fv2%2Fmedia&parent=3015"}],"curies":[{"name":"wp","href":"https:\/\/api.w.org\/{rel}","templated":true}]}}