{"id":3017,"date":"2016-06-26T08:13:09","date_gmt":"2016-06-26T14:13:09","guid":{"rendered":"http:\/\/memoriasdehacienda.colmex.mx\/mhwp\/?page_id=3017"},"modified":"2017-08-10T12:56:51","modified_gmt":"2017-08-10T18:56:51","slug":"memoria-73","status":"publish","type":"page","link":"https:\/\/memoriasdehacienda.institutomora.edu.mx\/?page_id=3017","title":{"rendered":"Memoria 73 (16 de diciembre de 1895)"},"content":{"rendered":"<p style=\"text-align: justify;\"><span style=\"font-size: 11pt; color: #ff6600;\"><strong>(73) Memoria de Hacienda y Cr\u00e9dito P\u00fablico correspondiente al septuag\u00e9simo a\u00f1o econ\u00f3mico de 1\u00b0 de julio de 1894 a 30 de junio de 1895 presentada por el secretario de Hacienda al Congreso de la Uni\u00f3n. M\u00e9xico, Tipograf\u00eda de la Oficina Impresora de Estampillas, 1895, 640 p., cuadros, tablas.<\/strong><\/span><\/p>\n<p style=\"text-align: justify;\"><span style=\"color: #000000;\">Firmada por Jos\u00e9 Yves Limantour.<\/span><\/p>\n<p style=\"text-align: justify;\"><span style=\"color: #000000;\">Per\u00edodo: julio 1894-junio 1895.<\/span><\/p>\n<p style=\"text-align: justify;\"><span style=\"color: #000000;\">Se localiza:\u00a0\u00a0<span class=\"tooltips \" style=\"\" title=\"Biblioteca &quot;Miguel Lerdo de Tejada&quot;, Secretar\u00eda de Hacienda y Cr\u00e9dito P\u00fablico.\">BH<\/span>,\u00a0<span class=\"tooltips \" style=\"\" title=\"Biblioteca del Banco de M\u00e9xico.\">BBM<\/span>,\u00a0<span class=\"tooltips \" style=\"\" title=\"Biblioteca del Archivo General de la Naci\u00f3n, M\u00e9xico.\">BAGN<\/span>, <span class=\"tooltips \" style=\"\" title=\"Biblioteca del Instituto de Investigaciones &quot;Dr. Jos\u00e9 Mar\u00eda Luis Mora&quot; (material en micropel\u00edcula).\">BIM-Mfilm<\/span>, <span class=\"tooltips \" style=\"\" title=\"Biblioteca &quot;Daniel Cos\u00edo Villegas&quot;, El Colegio de M\u00e9xico (material en micropel\u00edcula).\">BColmex-Mfilm<\/span>.<\/span><\/p>\n<p style=\"text-align: justify;\"><strong><span style=\"color: #000000;\">Tiene anexos, cuadros y tablas.<\/span><\/strong><\/p>\n<p style=\"text-align: justify;\"><strong><span style=\"color: #000000;\">S\u00edntesis del contenido:<\/span><\/strong><\/p>\n<p style=\"text-align: justify;\"><span style=\"color: #000000;\">En esta memoria Jos\u00e9 Yves Limantour menciona que prosigue con \u00e9xito la marcha de la reconstrucci\u00f3n hacendaria, la agricultura en franca recuperaci\u00f3n y quedando dominado por primera vez el tradicional d\u00e9ficit presupuestal. Entre las medidas llevadas a cabo por su administraci\u00f3n destacan: la clasificaci\u00f3n met\u00f3dica de los ramos de recaudaci\u00f3n normales y los extraordinarios; reformas a la Ordenanza de Aduanas; la disminuci\u00f3n de la importancia de la renta de Aduanas, lo que ha permitido nivelar m\u00e1s f\u00e1cilmente el presupuesto ya que se dej\u00f3 de depender de las fluctuaciones de la plata a nivel internacional y otros factores econ\u00f3micos externos; el impulso a la agricultura de exportaci\u00f3n, sobre todo de henequ\u00e9n, caf\u00e9, maderas, ixtle, chicle, ra\u00edz de zacat\u00f3n y vainilla; el aumento de los derechos de certificaci\u00f3n; el impulso a la peque\u00f1a empresa gravando en forma moderada la introducci\u00f3n de productos elaborados, pero disminuyendo el de la importaci\u00f3n de materia prima.<\/span><\/p>\n<p style=\"text-align: justify;\"><span style=\"color: #000000;\">Limantour conf\u00eda en que &#8220;pronto&#8221; se resolver\u00e1 el sistema hacendario en forma definitiva, sobre todo si se sigue con las siguientes providencias: disminuir los gastos en todos los ramos, excepto en Gobernaci\u00f3n y en lo referente al poder legislativo; abolir las alcabalas para impulsar el desarrollo del pa\u00eds; continuar con el cobro del impuesto de hilazas y tejidos de algod\u00f3n; reparar, construir y mejorar el funcionamiento de las Casas de Moneda ahora administradas por el gobierno y robustecer el cr\u00e9dito del pa\u00eds.<\/span>[read more=&#8221;Ver anexos estad\u00edsticos&#8221; less=&#8221;ver menos&#8221;]<\/p>\n<p><span style=\"color: #0000ff;\"><strong>Cuadros comparativos incluidos en la parte expositiva:<\/strong><\/span><\/p>\n<p>Cuenta del erario federal, Ingreso, jul. 1894-jun. 1895, p. VI, (<strong>73<\/strong>)<\/p>\n<p>Cuenta del erario federal, Ingresos, [Cuadro comparativo], jul. 1893-jun. 1895, p. VI, (<strong>73<\/strong>)<\/p>\n<p>Cuenta del erario federal, Egresos, jul. 1894-jun. 1895, p. XII, (<strong>73<\/strong>)<\/p>\n<p>Cuenta del erario federal, Egresos, [Cuadro comparativo], jul. 1893-jun. 1895, p. XIII, (<strong>73<\/strong>)<\/p>\n<p>Cuenta del erario federal, Cuadro de valores de ingresos y egresos, jul. 1894-jun. 1895, p. XIV, (<strong>73<\/strong>)<\/p>\n<p>Loter\u00eda Nacional, jul. 1894-jun. 1895, p. XXVII, (<strong>73<\/strong>)<\/p>\n<p>Cotizaci\u00f3n de la plata, Cuadro del valor m\u00e1ximo, m\u00ednimo y medio de la plata en el Mercado de Londres, jul. 1894-jun. 1895, p. XXX, (<strong>73<\/strong>)<\/p>\n<p>Importaci\u00f3n, [Cuadro comparativo de], jul. 1893-jun. 1895, p. XXXI, (<strong>73<\/strong>)<\/p>\n<p>Exportaciones, [Cuadro comparativo de], jul. 1893-jun. 1895, p. XXXII, (<strong>73<\/strong>)<\/p>\n<p>Contribuciones del Distrito Federal, [Efectos extranjeros introducidos en la ciudad de M\u00e9xico], jul. 1893-jun. 1895, p. XXXIV, (<strong>73<\/strong>)<\/p>\n<p>Comercio exterior, Resumen de las noticias del movimiento mar\u00edtimo en los puertos, jul. 1893-jun. 1895, p. XXXV, (<strong>73<\/strong>)<\/p>\n<p>Comercio exterior, Resumen de las noticias del movimiento transporte terrestre, jul. 1893-jun. 1895, p. XXXVI, (<strong>73<\/strong>)<\/p>\n<p>Casas de Moneda, Amonedaci\u00f3n en, jul. 1893-jun. 1895, p. XXXVI, (<strong>73<\/strong>)<\/p>\n<p>Casas de Moneda, Valor de la amonedaci\u00f3n por cada casa de moneda, jul. 1893-jun. 1895, p. XXXVII, (<strong>73<\/strong>)<\/p>\n<p>Casas de Moneda, Introducci\u00f3n de metales preciosos a las, jul. 1893-jun. 1895, p. XXXVIII, (<strong>73<\/strong>)<\/p>\n<p>Casas de Moneda y Ensayes federales, Introducci\u00f3n de metales preciosos a las, jul. 1893-jun. 1895, p. XXXVIII, (<strong>73<\/strong>)<\/p>\n<p>Casas de Moneda y Ensayes federales, Valor de metales preciosos introducidos a las, jul. 1893-jun. 1895, p. XXXIX, (<strong>73<\/strong>)<\/p>\n<p>Deuda p\u00fablica externa, jul. 1893-jun. 1895, p. XL, (<strong>73<\/strong>)<\/p>\n<p>Deuda p\u00fablica interna consolidada, jul. 1894-jun. 1895, p. XLIV, (<strong>73<\/strong>)<\/p>\n<p>Deuda p\u00fablica, Resumen de los diversos cr\u00e9ditos que constituyen la deuda p\u00fablica interior y exterior, p. LIX, (<strong>73<\/strong>)<\/p>\n<p><strong>Documentos anexos a la Memoria<\/strong>:<\/p>\n<p>Disposiciones dictadas en el ramo de Aduanas, jul. 1894-jun. 1895, Doc.1-46 (<strong>73<\/strong>)<\/p>\n<p>Disposiciones dictadas en el ramo de Timbre, contribuciones interiores y presupuestos, jul. 1894-jun. 1895, Doc.47-125 (<strong>73<\/strong>)<\/p>\n<p>Presupuesto, jul. 1895-jun. 1896, Doc.114 (<strong>73<\/strong>)<\/p>\n<p>Timbre, Productos de la, jul. 1893-jun. 1894, Doc. 125 (<strong>73<\/strong>)<\/p>\n<p>Disposiciones y reglamentos relativos a empr\u00e9stitos, fluctuaciones de la plata, conversi\u00f3n de la antigua deuda de londres, conversi\u00f3n de subvenciones a ferrocarriles y obras de utilidad P\u00fablica, miner\u00eda, casas de moneda y oficinas de ensaye, instituciones de cr\u00e9dito y caja de ahorros de los empleados federales del ramo de Hacienda, jul. 1894-jun. 1895, pp. 305-307, Doc.126-176 (<strong>73<\/strong>)<\/p>\n<p>Deuda p\u00fablica, Servicio de los empr\u00e9stitos de 1888 y 1890, Doc, 138 (<strong>75<\/strong>)<\/p>\n<p>Cotizaci\u00f3n de la plata, Tabla que demuestra las fluctuaciones mensuales habidas en Londres en el precio de la, 1833-1895, Doc. 139 (<strong>73<\/strong>)<\/p>\n<p>Deuda p\u00fablica externa, Informe [acompa\u00f1ado de estad\u00edsticas] del agente financiero en Londres, relativo a la conversi\u00f3n de la deuda exterior antigua, en bonos del 3 %, 1886 y jun. 1895, Doc. 140 (<strong>73<\/strong>)<\/p>\n<p>Movimiento del registro general de la propiedad minera, jul. 1894-jun. 1895, Doc. 157 (<strong>73<\/strong>)<\/p>\n<p>Casa de Moneda de M\u00e9xico, Informe de la, jul. 1894-jun. 1895, Doc. 163 (<strong>73<\/strong>)<\/p>\n<p>Ensaye mayor, Estado de introducci\u00f3n, jul. 1894-jun. 1895, Doc. 164 (<strong>73<\/strong>)<\/p>\n<p>Ensaye mayor de San Luis Potos\u00ed, Estado de introducci\u00f3n, jul. 1894-jun. 1895, Doc. 165 (<strong>73<\/strong>)<\/p>\n<p>Ensaye mayor de Oaxaca, Estado de introducci\u00f3n, jul. 1894-jun. 1895, Doc. 166 (<strong>73<\/strong>)<\/p>\n<p>Casa de Moneda de M\u00e9xico, Estado de introducci\u00f3n total a la casa de moneda de M\u00e9xico, por ensayes mayores, jul. 1894-jun. 1895, Doc. 167 (<strong>73<\/strong>)<\/p>\n<p>Acu\u00f1aci\u00f3n, Estado de la acu\u00f1aci\u00f3n habida en la Casa de Moneda y Apartado de M\u00e9xico, jul. 1894-jun. 1895, Doc. 168 (<strong>73<\/strong>)<\/p>\n<p>Bancos, Estado general de bancos, seg\u00fan balances, jun. 1895, Doc. 169 (<strong>73<\/strong>)<\/p>\n<p>Bancos, Cuadro [comparativo] que representa la media anual de los balances mensuales jul. 1893-jun. 1895, Doc. 170 (<strong>73<\/strong>)<\/p>\n<p>Disposiciones dictadas en el ramo de pagos civiles y militares, jul. 1894-jun. 1895, pp. 401-403, Doc.177-193 (<strong>73<\/strong>)<\/p>\n<p>Disposiciones y documentos relativos al ramo de la deuda p\u00fablica, jul. 1894-jun. 1895, pp. 411-413, Doc.194-211 (<strong>73<\/strong>)<\/p>\n<p>Deuda p\u00fablica, Noticia de las operaciones de conversi\u00f3n de la deuda nacional practicadas por la Comisi\u00f3n liquidatoria, jun. 1895, Doc. 208 (<strong>73<\/strong>)<\/p>\n<p>Deuda p\u00fablica, Estado que manifiesta las operaciones de conversi\u00f3n de bonos de la deuda consolidada, verificadas por la Tesorer\u00eda General, jul. 1894-jun. 1895, Doc. 209 (<strong>73<\/strong>)<\/p>\n<p>Deuda p\u00fablica, Pensiones y montep\u00edos, jul. 1894-jun. 1895, Doc. 210 (<strong>73<\/strong>)<\/p>\n<p>Deuda p\u00fablica, Retiros concedidos por la Secretar\u00eda de Guerra, jul. 1894-jun. 1895, Doc. 211 (<strong>73<\/strong>)<\/p>\n<p>Documentos relativas al Departamento de Legislaci\u00f3n, p 457-459, jul. 1894-jun. 1895, Doc.212-213 (<strong>73<\/strong>)<\/p>\n<p>Documentos relativos al ramo de estad\u00edstica, jul. 1894-jun. 1895, pp. 461-463, Doc.214-221 (<strong>73<\/strong>)<\/p>\n<p>Importaci\u00f3n, Resumen de la importaci\u00f3n habida por las aduanas, jul. 1893-jun. 1895, Doc. 215 (<strong>73<\/strong>)<\/p>\n<p>Exportaci\u00f3n, Exportaci\u00f3n habida en las aduanas, jul. 1893-jun. 1895, Doc. 216 (<strong>73<\/strong>)<\/p>\n<p>Importaci\u00f3n y exportaci\u00f3n habida por las aduanas, resumen de su valor por las aduanas y por pa\u00edses de procedencia y destino, jul. 1893-jun. 1895, Doc. 217 (<strong>73<\/strong>)<\/p>\n<p>Comercio exterior, Movimiento de transportes mar\u00edtimos habido en los puertos, jul. 1894-jun. 1895, Doc. 218 (<strong>73<\/strong>)<\/p>\n<p>Comercio exterior, Movimiento de transportes terrestres habido en las aduanas fronterizas, jul. 1894-jun. 1895, Doc. 219 (<strong>73<\/strong>)<\/p>\n<p>Amonedaci\u00f3n, Noticia de la amonedaci\u00f3n practicada en las Casa de Moneda de M\u00e9xico, jul. 1894-jun. 1895, Doc. 220 (<strong>73<\/strong>)<\/p>\n<p>Amonedaci\u00f3n, Cuadro comparativo de los valores de amonedaciones practicadas en las Casa de Moneda de M\u00e9xico, jul. 1893-jun. 1895, Doc. 221 (<strong>73<\/strong>)<\/p>\n<p>Casas de Moneda y Ensayes federales, Resumen de las introducciones de metales preciosos a las, jul. 1894-jun. 1895, Doc. 222 (<strong>73<\/strong>)<\/p>\n<p>Iniciativas presentadas al Congreso, jul. 1894-jun. 1895, Doc.223-239 (<strong>73<\/strong>)<\/p>\n<p>Cuenta del erario federal, Nota enviando a la C\u00e1mara de Diputados la, jul. 1894-jun. 1895, Doc. 228 (<strong>73<\/strong>)<\/p>\n<p>Documentos complementarios de la Memoria de Hacienda, jul. 1894-jun. 1895, pp. 547-549, Doc.240-248 (<strong>73<\/strong>)<\/p>\n<p>Aduanas, Noticias mensuales telegr\u00e1ficas sobre productos de las, jul. 1894-jun. 1895, Doc. 240 (<strong>73<\/strong>)<\/p>\n<p>Aduana de Veracruz, Informe [con datos estad\u00edsticos] del administrador de las, jul. 1894-jun. 1895, Doc. 241 (<strong>73<\/strong>)<\/p>\n<p>Aduana de Ciudad Porfirio D\u00edaz, Informe [con datos estad\u00edsticos] del administrador de las, jul. 1894-jun. 1895, Doc. 242 (<strong>73<\/strong>)<\/p>\n<p>Timbre, Estado que manifiesta productos brutos de la renta del, jul. 1894-jun. 1895, Doc. 243 (<strong>73<\/strong>)<\/p>\n<p>Timbre, Estado de los ingresos y egresos de la renta del, jul. 1894-jun. 1895, Doc. 244 (<strong>73<\/strong>)<\/p>\n<p>Timbre, Estado que manifiesta productos brutos de la renta del timbre con expresi\u00f3n de los honorarios devengados, jul. 1894-jun. 1895, Doc. 245 (<strong>73<\/strong>)<\/p>\n<p>Algod\u00f3n, Noticia de las f\u00e1bricas de hilados y tejidos de algod\u00f3n y las cuotizaci\u00f3n que le impusieron, jul.-dic. 1894, Doc. 246, (<strong>73<\/strong>)<\/p>\n<p>Algod\u00f3n, Noticia de las f\u00e1bricas de hilados y tejidos de algod\u00f3n y las cuotizaci\u00f3n que le impusieron, ene.-jun. 1895, Doc. 247, (<strong>73<\/strong>)<\/p>\n<p>Bienes nacionales y nacionalizados, Estado que manifiesta los productos de, jul. 1894-jun. 1895, Doc. 248, (<strong>73<\/strong>)<\/p>\n<p>\u00cdndice de la parte expositiva, p. 631 (<strong>73<\/strong>)<\/p>\n<p>\u00cdndice de los documentos anexos, p. 633 (<strong>73<\/strong>)<\/p>\n<p>[\/read]<\/p>\n<div><\/div>\n","protected":false},"excerpt":{"rendered":"<p>(73) Memoria de Hacienda y Cr\u00e9dito P\u00fablico correspondiente al septuag\u00e9simo a\u00f1o econ\u00f3mico de 1\u00b0 de julio de 1894 a 30 de junio de 1895 presentada por el secretario de Hacienda al Congreso de la Uni\u00f3n. M\u00e9xico, Tipograf\u00eda de la Oficina Impresora de Estampillas, 1895, 640 p., cuadros, tablas. Firmada por Jos\u00e9 Yves Limantour. Per\u00edodo: julio<\/p>\n<p><a href=\"https:\/\/memoriasdehacienda.institutomora.edu.mx\/?page_id=3017\" class=\"more-link themebutton\">Read More<\/a><\/p>\n","protected":false},"author":2,"featured_media":0,"parent":0,"menu_order":0,"comment_status":"closed","ping_status":"closed","template":"","meta":[],"_links":{"self":[{"href":"https:\/\/memoriasdehacienda.institutomora.edu.mx\/index.php?rest_route=\/wp\/v2\/pages\/3017"}],"collection":[{"href":"https:\/\/memoriasdehacienda.institutomora.edu.mx\/index.php?rest_route=\/wp\/v2\/pages"}],"about":[{"href":"https:\/\/memoriasdehacienda.institutomora.edu.mx\/index.php?rest_route=\/wp\/v2\/types\/page"}],"author":[{"embeddable":true,"href":"https:\/\/memoriasdehacienda.institutomora.edu.mx\/index.php?rest_route=\/wp\/v2\/users\/2"}],"replies":[{"embeddable":true,"href":"https:\/\/memoriasdehacienda.institutomora.edu.mx\/index.php?rest_route=%2Fwp%2Fv2%2Fcomments&post=3017"}],"version-history":[{"count":5,"href":"https:\/\/memoriasdehacienda.institutomora.edu.mx\/index.php?rest_route=\/wp\/v2\/pages\/3017\/revisions"}],"predecessor-version":[{"id":8304,"href":"https:\/\/memoriasdehacienda.institutomora.edu.mx\/index.php?rest_route=\/wp\/v2\/pages\/3017\/revisions\/8304"}],"wp:attachment":[{"href":"https:\/\/memoriasdehacienda.institutomora.edu.mx\/index.php?rest_route=%2Fwp%2Fv2%2Fmedia&parent=3017"}],"curies":[{"name":"wp","href":"https:\/\/api.w.org\/{rel}","templated":true}]}}