{"id":3021,"date":"2016-06-26T08:14:57","date_gmt":"2016-06-26T14:14:57","guid":{"rendered":"http:\/\/memoriasdehacienda.colmex.mx\/mhwp\/?page_id=3021"},"modified":"2017-08-10T13:00:12","modified_gmt":"2017-08-10T19:00:12","slug":"memoria-75","status":"publish","type":"page","link":"https:\/\/memoriasdehacienda.institutomora.edu.mx\/?page_id=3021","title":{"rendered":"Memoria 75 (16 de diciembre de 1897)"},"content":{"rendered":"<p style=\"text-align: justify;\"><span style=\"font-size: 12pt; color: #ff6600;\"><strong>(75)\u00a0 Memoria de Hacienda y Cr\u00e9dito P\u00fablico correspondiente a\u00f1o econ\u00f3mico de 1\u00b0 de julio de 1896 a 30 de junio de 1897 presentada por el secretario de Hacienda al Congreso de la Uni\u00f3n. M\u00e9xico, Tipograf\u00eda de la Oficina Impresora de Estampillas, 1897, 508 p., cuadros, tablas.<\/strong><\/span><\/p>\n<p style=\"text-align: justify;\"><span style=\"color: #000000;\">Firmada por Jos\u00e9 Yves Limantour.<\/span><\/p>\n<p style=\"text-align: justify;\"><span style=\"color: #000000;\">Per\u00edodo: julio de 1896-junio de 1897.<\/span><\/p>\n<p style=\"text-align: justify;\"><span style=\"color: #000000;\">Se localiza:\u00a0<span class=\"tooltips \" style=\"\" title=\"Biblioteca &quot;Miguel Lerdo de Tejada&quot;, Secretar\u00eda de Hacienda y Cr\u00e9dito P\u00fablico.\">BH<\/span>,\u00a0<span class=\"tooltips \" style=\"\" title=\"Biblioteca del Banco de M\u00e9xico.\">BBM<\/span>,\u00a0<span class=\"tooltips \" style=\"\" title=\"Biblioteca del Archivo General de la Naci\u00f3n, M\u00e9xico.\">BAGN<\/span>, <span class=\"tooltips \" style=\"\" title=\"Biblioteca del Instituto de Investigaciones &quot;Dr. Jos\u00e9 Mar\u00eda Luis Mora&quot; (material en micropel\u00edcula).\">BIM-Mfilm<\/span>, <span class=\"tooltips \" style=\"\" title=\"Biblioteca &quot;Daniel Cos\u00edo Villegas&quot;, El Colegio de M\u00e9xico (material en micropel\u00edcula).\">BColmex-Mfilm<\/span>.<\/span><\/p>\n<p style=\"text-align: justify;\"><strong><span style=\"color: #000000;\">Tiene anexos, cuadros y tablas.<\/span><\/strong><\/p>\n<p style=\"text-align: justify;\"><strong><span style=\"color: #000000;\">S\u00edntesis del contenido:<\/span><\/strong><\/p>\n<p style=\"text-align: justify;\"><span style=\"color: #000000;\">Limantour comenta que los trabajos m\u00e1s importantes del ejercicio fiscal del informa fueron la expedici\u00f3n de la Ley General de Instituciones de Cr\u00e9dito (19 de marzo de 1896) y la introducci\u00f3n de las reformas y adiciones a la tarifa de ordenanza de aduanas y a sus notas explicativas. Argumenta que la primera de las medidas era necesaria despu\u00e9s de la extinci\u00f3n del sistema alcabalatorio ya que de esta manera se facilitar\u00eda el desarrollo del comercio, la agricultura y todo g\u00e9nero de industrias nacionales por medio de la propagaci\u00f3n de las instituciones de cr\u00e9dito. Respecto a las reformas aduanales dice que su objeto era impulsar la importaci\u00f3n de los productos susceptibles de consumo interno, sin da\u00f1ar los intereses nacionales.<\/span><\/p>\n<p style=\"text-align: justify;\"><span style=\"color: #000000;\">En relaci\u00f3n a la cuenta del erario, se\u00f1ala que aunque hubo disminuci\u00f3n de los ingresos extraordinarios se mantuvo el super\u00e1vit. Asimismo informa que los principales ramos de la hacienda fueron: en primer lugar, el impuesto de 7% sobre importaci\u00f3n de efectos extranjeros (que produjo mayores ingresos); en segundo lugar, el de impuestos de estampillas; en cambio, en relaci\u00f3n al a\u00f1o anterior, fue menor la captaci\u00f3n por la contribuci\u00f3n federal que brindaban los Estados, dado que no la dieron en virtud de no recibir los ingresos productos de las alcabalas que hab\u00edan sido importantes en los erarios estatales.<\/span><\/p>\n<p style=\"text-align: justify;\"><span style=\"color: #000000;\">Con respecto a las instituciones de cr\u00e9dito habla de las reformas a la concesi\u00f3n del Banco Nacional de M\u00e9xico y dice que no se fijaron las bases para el servicio de concentraci\u00f3n y situaci\u00f3n de fondos y para el de la deuda consolidada, as\u00ed como de la cuenta corriente. Informa sobre la apertura de un cr\u00e9dito por 500,000 pesos al Nacional Monte de Piedad y las reformas al estatuto del Banco de Londres y M\u00e9xico; asimismo se otorgaron concesiones para la creaci\u00f3n de bancos en M\u00e9xico, Coahuila y San Luis Potos\u00ed.<\/span><\/p>\n<p style=\"text-align: justify;\"><span style=\"color: #000000;\">Como buen tecn\u00f3crata positivista, Limantour manifiesta en el estilo de sus memorias la concepci\u00f3n de que, en aras de la objetividad, los n\u00fameros dec\u00edan m\u00e1s que la literatura. A ello puede atribuirse la brevedad del texto de la Memoria, mientras que los cuadros estad\u00edsticos son muy frecuentes.<\/span>[read more=&#8221;Ver anexos estad\u00edsticos&#8221; less=&#8221;ver menos&#8221;]<\/p>\n<p><span style=\"color: #0000ff;\"><strong>Cuadros incluidos en la parte expositiva:<\/strong><\/span><\/p>\n<p>Cuenta del erario federal, Resumen general de egresos, jul. 1895-jun. 1896, p. V (<strong>75<\/strong>)<\/p>\n<p>Timbre, Productos de los principales ramos de la, jul. 1895-jun. 1897, p. IX (<strong>75<\/strong>)<\/p>\n<p>Contribuciones, [Productos de la] Direcci\u00f3n de, jul. 1895-jun. 1897, p. XIV (<strong>75<\/strong>)<\/p>\n<p>Cotizaci\u00f3n de la plata, Valor m\u00e1ximo, m\u00ednimo y medio de la plata en el Mercado de Londres, jul. 1896-jun. 1897, p. XVIII (<strong>75<\/strong>)<\/p>\n<p>Importaci\u00f3n, jul. 1896-jun. 1897, p. XIX (<strong>75<\/strong>)<\/p>\n<p>Importaci\u00f3n, [Cuadro comparativo de], jul. 1895-jun. 1897, p. XIX (<strong>75<\/strong>)<\/p>\n<p>Exportaci\u00f3n, jul. 1895-jun. 1897, p. XXI (<strong>75<\/strong>)<\/p>\n<p>Comercio exterior, Movimiento de transportes mar\u00edtimos, jul. 1895-jun. 1897, p. XXIII (<strong>75<\/strong>)<\/p>\n<p>Comercio exterior, Movimiento de transportes terrestres, jul. 1895-jun. 1897, p. XXIII (<strong>75<\/strong>)<\/p>\n<p>Amonedaci\u00f3n, jul. 1895-jun. 1897, p. XXIV (<strong>75<\/strong>)<\/p>\n<p>Casas de Moneda y Ensayes federales, Introducci\u00f3n de metales preciosos a las, jul. 1895-jun. 1897, p. XXV (<strong>75<\/strong>)<\/p>\n<p>Deuda p\u00fablica externa, jul. 1895-jun. 1897, p. XXVII (<strong>75<\/strong>)<\/p>\n<p>Deuda p\u00fablica interina, jul. 1895-jun. 1897, p. XXIX (<strong>75<\/strong>)<\/p>\n<p>Deuda p\u00fablica, Resumen de los diversos cr\u00e9ditos que constituyen la deuda p\u00fablica exterior y exterior, jun. 1897, p. XXXIV (<strong>75<\/strong>)<\/p>\n<p><strong>Documentos anexos a la Memoria<\/strong>:<\/p>\n<p>Disposiciones dictadas en el ramo de Aduanas, jul. 1896-jun. 1897, pp. 3-52, Doc.1-46 (<strong>75<\/strong>)<\/p>\n<p>Disposiciones dictadas en el ramo de Timbre, contribuciones interiores y presupuestos, jul. 1896-jun. 1897, pp. 57-234, Doc.47-102 (<strong>75<\/strong>)<\/p>\n<p>Cuenta del erario federal, Nota enviando a la C\u00e1mara de Diputados la, jul. 1896-jun. 1897, Doc. 69 (<strong>75<\/strong>)<\/p>\n<p>Presupuesto, jul. 1897-jun. 1898, Doc. 94 (<strong>75<\/strong>)<\/p>\n<p>Disposiciones y reglamentos relativos a empr\u00e9stitos, fluctuaciones de la plata, conversi\u00f3n de la antigua deuda de londres, conversi\u00f3n de subvenciones a ferrocarriles y obras de utilidad P\u00fablica, miner\u00eda, casas de moneda y oficinas de ensaye, instituciones de cr\u00e9dito y caja de ahorros de los empleados federales del ramo de Hacienda, jul. 1896-jun. 1897, pp. 235-304, Doc. 103-146 (<strong>75<\/strong>)<\/p>\n<p>Bancos, Estado general de bancos, seg\u00fan balances, jun. 1897, Doc. 145 (<strong>75<\/strong>)<\/p>\n<p>Deuda p\u00fablica, Cuadros de recaudaci\u00f3n y situaci\u00f3n de fondos para el servicios de los empr\u00e9stitos, jul. 1896-jun. 1897, Doc. 146 (<strong>75<\/strong>)<\/p>\n<p>Disposiciones y documentos relativos a pagos de civiles y militares, jul. 1896-jun. 1897, pp. 305-315, Doc.147-163 (<strong>75<\/strong>)<\/p>\n<p>Documentos relativas al Departamento de Legislaci\u00f3n (Bienes Nacionalizados), pp. 316-324, jul. 1896-jun. 1897, Doc.164-167 (<strong>75<\/strong>)<\/p>\n<p>Documentos relativos al ramo de estad\u00edstica, jul. 1896-jun. 1897, pp. 325-339, Doc.168-175 (<strong>75<\/strong>)<\/p>\n<p>Importaci\u00f3n, Resumen de la importaci\u00f3n habida por las aduanas, jul. 1895-jun. 1897, Doc. 168 (<strong>75<\/strong>)<\/p>\n<p>Exportaci\u00f3n, Exportaci\u00f3n habida en las aduanas, jul. 1895-jun. 1897, Doc. 169 (<strong>75<\/strong>)<\/p>\n<p>Importaci\u00f3n y exportaci\u00f3n, Importaci\u00f3n y exportaci\u00f3n habida por las aduanas, resumen de su valor por las aduanas y por pa\u00edses de procedencia y destino, jul. 1895-jun. 1897, Doc. 170 (<strong>75<\/strong>)<\/p>\n<p>Comercio exterior, Movimiento de transportes mar\u00edtimos habido en los puertos, jul. 1895-jun. 1897, Doc. 171 (<strong>75<\/strong>)<\/p>\n<p>Comercio exterior, Movimiento de transportes terrestres habido en las aduanas fronterizas, jul. 1895-jun. 1897, Doc. 172 (<strong>75<\/strong>)<\/p>\n<p>Amonedaci\u00f3n, Noticia de la amonedaci\u00f3n practicada en las Casa de Moneda de M\u00e9xico, jul. 1896-jun. 1897, Doc. 173 (<strong>75<\/strong>)<\/p>\n<p>Amonedaci\u00f3n, Cuadro comparativo de los valores de amonedaciones practicadas en las Casa de Moneda de M\u00e9xico, jul. 1895-jun. 1897, Doc. 174 (<strong>75<\/strong>)<\/p>\n<p>Casas de Moneda y Ensayes federales, Resumen de las introducciones de metales preciosos a las, jul. 1896-jun. 1897, Doc. 175 (<strong>75<\/strong>)<\/p>\n<p>Iniciativas presentadas al Congreso, jul. 1896-jun. 1897, pp. 341-417, Doc. 176-185 (<strong>75<\/strong>)<\/p>\n<p>Documentos complementarios de la Memoria de Hacienda, jul. 1896-jun. 1897, pp. 419-500, Doc. 186-193 (<strong>75<\/strong>)<\/p>\n<p>Aduana de Veracruz, Informe [con datos estad\u00edsticos] del administrador de las, jul. 1896-jun. 1897, Doc. 186 (<strong>75<\/strong>)<\/p>\n<p>Timbre, Estado que manifiesta productos brutos de la renta del, jul. 1896-jun. 1897, Doc. 187 (<strong>75<\/strong>)<\/p>\n<p>Timbre, Estado de los ingresos y egresos de la renta del, jul. 1896-jun. 1897, Doc. 188 (<strong>75<\/strong>)<\/p>\n<p>Timbre, Estado que manifiesta productos brutos de la renta del timbre con expresi\u00f3n de los honorarios devengados, jul. 1896-jun. 1897, Doc. 189 (<strong>75<\/strong>)<\/p>\n<p>Timbre, Estado que manifiesta los productos habidos en la renta del, jul. 1896-jun. 1897, Doc. 190 (<strong>75<\/strong>)<\/p>\n<p>Algod\u00f3n, Cuadro sin\u00f3ptico de las f\u00e1bricas de hilados y tejidos de algod\u00f3n y las cuotizaci\u00f3n que le impusieron, jul.-dic. 1896, Doc. 191 (<strong>75<\/strong>)<\/p>\n<p>Algod\u00f3n, Cuadro sin\u00f3ptico de las f\u00e1bricas de hilados y tejidos de algod\u00f3n y las cuotizaci\u00f3n que le impusieron, ene.-jun. 1897, Doc. 192 (<strong>75<\/strong>)<\/p>\n<p>Casa de Moneda de M\u00e9xico, Informe [acompa\u00f1ado de estad\u00edsticas] de la, jul. 1896-jun. 1897, Doc. 193 (<strong>75<\/strong>)<\/p>\n<p>Indice de la parte expositiva, p. 502 (<strong>75<\/strong>)<\/p>\n<p>Indice de los documentos anexos, p. 503 (<strong>75<\/strong>)<\/p>\n<p>[\/read]<\/p>\n<div><\/div>\n","protected":false},"excerpt":{"rendered":"<p>(75)\u00a0 Memoria de Hacienda y Cr\u00e9dito P\u00fablico correspondiente a\u00f1o econ\u00f3mico de 1\u00b0 de julio de 1896 a 30 de junio de 1897 presentada por el secretario de Hacienda al Congreso de la Uni\u00f3n. M\u00e9xico, Tipograf\u00eda de la Oficina Impresora de Estampillas, 1897, 508 p., cuadros, tablas. Firmada por Jos\u00e9 Yves Limantour. Per\u00edodo: julio de 1896-junio<\/p>\n<p><a href=\"https:\/\/memoriasdehacienda.institutomora.edu.mx\/?page_id=3021\" class=\"more-link themebutton\">Read More<\/a><\/p>\n","protected":false},"author":2,"featured_media":0,"parent":0,"menu_order":0,"comment_status":"closed","ping_status":"closed","template":"","meta":[],"_links":{"self":[{"href":"https:\/\/memoriasdehacienda.institutomora.edu.mx\/index.php?rest_route=\/wp\/v2\/pages\/3021"}],"collection":[{"href":"https:\/\/memoriasdehacienda.institutomora.edu.mx\/index.php?rest_route=\/wp\/v2\/pages"}],"about":[{"href":"https:\/\/memoriasdehacienda.institutomora.edu.mx\/index.php?rest_route=\/wp\/v2\/types\/page"}],"author":[{"embeddable":true,"href":"https:\/\/memoriasdehacienda.institutomora.edu.mx\/index.php?rest_route=\/wp\/v2\/users\/2"}],"replies":[{"embeddable":true,"href":"https:\/\/memoriasdehacienda.institutomora.edu.mx\/index.php?rest_route=%2Fwp%2Fv2%2Fcomments&post=3021"}],"version-history":[{"count":5,"href":"https:\/\/memoriasdehacienda.institutomora.edu.mx\/index.php?rest_route=\/wp\/v2\/pages\/3021\/revisions"}],"predecessor-version":[{"id":8306,"href":"https:\/\/memoriasdehacienda.institutomora.edu.mx\/index.php?rest_route=\/wp\/v2\/pages\/3021\/revisions\/8306"}],"wp:attachment":[{"href":"https:\/\/memoriasdehacienda.institutomora.edu.mx\/index.php?rest_route=%2Fwp%2Fv2%2Fmedia&parent=3021"}],"curies":[{"name":"wp","href":"https:\/\/api.w.org\/{rel}","templated":true}]}}