{"id":3027,"date":"2016-06-26T08:16:56","date_gmt":"2016-06-26T14:16:56","guid":{"rendered":"http:\/\/memoriasdehacienda.colmex.mx\/mhwp\/?page_id=3027"},"modified":"2017-08-11T13:58:00","modified_gmt":"2017-08-11T19:58:00","slug":"memoria-78","status":"publish","type":"page","link":"https:\/\/memoriasdehacienda.institutomora.edu.mx\/?page_id=3027","title":{"rendered":"Memoria 78 (16 de diciembre de 1900)"},"content":{"rendered":"<p style=\"text-align: justify;\"><strong><span style=\"font-size: 11pt; color: #ff6600;\">(78)\u00a0 Memoria de Hacienda y Cr\u00e9dito P\u00fablico correspondiente al a\u00f1o econ\u00f3mico 1\u00b0 de julio de 1899 a 30 de junio de 1900, presentada por el secretario de Hacienda al Congreso de la Uni\u00f3n . M\u00e9xico, Tipograf\u00eda de la Oficina Impresora de Estampillas, 1903, XXVI + 485 pp., cuadros, tablas.<\/span><\/strong><\/p>\n<p style=\"text-align: justify;\"><span style=\"color: #000000;\">Firmada por Jos\u00e9 Yves Limantour.<\/span><\/p>\n<p style=\"text-align: justify;\"><span style=\"color: #000000;\">Per\u00edodo: julio de 1899-junio de 1900.<\/span><\/p>\n<p style=\"text-align: justify;\"><span style=\"color: #000000;\">Se localiza:\u00a0<span class=\"tooltips \" style=\"\" title=\"Biblioteca &quot;Miguel Lerdo de Tejada&quot;, Secretar\u00eda de Hacienda y Cr\u00e9dito P\u00fablico.\">BH<\/span>,\u00a0<span class=\"tooltips \" style=\"\" title=\"Biblioteca del Banco de M\u00e9xico.\">BBM<\/span>,\u00a0<span class=\"tooltips \" style=\"\" title=\"Biblioteca del Archivo General de la Naci\u00f3n, M\u00e9xico.\">BAGN<\/span>, <span class=\"tooltips \" style=\"\" title=\"Biblioteca del Instituto de Investigaciones &quot;Dr. Jos\u00e9 Mar\u00eda Luis Mora&quot; (material en micropel\u00edcula).\">BIM-Mfilm<\/span>, <span class=\"tooltips \" style=\"\" title=\"Biblioteca &quot;Daniel Cos\u00edo Villegas&quot;, El Colegio de M\u00e9xico (material en micropel\u00edcula).\">BColmex-Mfilm<\/span>.<\/span><\/p>\n<p style=\"text-align: justify;\"><strong><span style=\"color: #000000;\">Tiene anexos, cuadros y tablas.<\/span><\/strong><\/p>\n<p style=\"text-align: justify;\"><strong><span style=\"color: #000000;\">S\u00edntesis del contenido:<\/span><\/strong><\/p>\n<p style=\"text-align: justify;\"><span style=\"color: #000000;\">A diferencia de las memorias anteriores, no incluye un apartado introductorio en donde se especifique los principales puntos de atenci\u00f3n de la Secretar\u00eda de Hacienda para ese a\u00f1o fiscal. Cabe mencionar que en el apartado de presupuestos comenta que los egresos m\u00e1s importantes fueron los relativos al servicio de la deuda p\u00fablica. En la cuenta del erario informa que los principales ingresos provinieron del comercio exterior y de la renta del timbre, a la que dedica una rese\u00f1a hist\u00f3rica en ocasi\u00f3n de su vig\u00e9simo quinto aniversario; tambi\u00e9n destaca que los gastos de recaudaci\u00f3n del a\u00f1o en turno, comparados con los cuatro a\u00f1os anteriores, fueron menos costos. En el rubro de los ingresos sobresalen aquellos provenientes de las transacciones comerciales con el exterior y la renta del timbre. Respecto a las aduanas hace referencia a las reformas administrativas, como la creaci\u00f3n de una Direcci\u00f3n de Inspecci\u00f3n, cuya funci\u00f3n ser\u00eda la de realizar una vigilancia m\u00e1s eficaz. A su vez fueron expedidos decretos para mejorar el transporte de mercanc\u00edas por ferrocarril, cabotaje y el servicio de pasajeros. Proporciona datos sobre los ingresos provenientes de los bienes nacionalizados y contribuciones directas. En lo referente a las casas de moneda y oficinas de ensaye menciona que hubo una producci\u00f3n menor de metales con respecto al a\u00f1o fiscal anterior, no obstante lo cual la exportaci\u00f3n de metales preciosos aument\u00f3.<\/span><\/p>\n<p style=\"text-align: justify;\"><span style=\"color: #000000;\">En lo tocante a las instituciones de cr\u00e9dito, el gobierno firm\u00f3 contratos con particulares para que establecieran los bancos siguientes: Banco Mercantil de Monterrey, Banco Oriental de M\u00e9xico y el Banco Agr\u00edcola e Hipotecario. Con relaci\u00f3n a la deuda p\u00fablica se\u00f1ala que, tanto la pagadera en oro, como la pagadera en plata, present\u00f3 un aumento debido al incremento en los intereses. Para concluir su exposici\u00f3n, Limantour se\u00f1ala que, a partir de la estad\u00edstica fiscal, hubo un d\u00e9ficit comercial en las transacciones con el exterior.<\/span>[read more=&#8221;Ver anexos estad\u00edsticos&#8221; less=&#8221;ver menos&#8221;]<\/p>\n<p><span style=\"color: #0000ff;\"><strong>Cuadros incluidos en la parte expositiva<\/strong><\/span><\/p>\n<p>Timbre, Productos de la renta, ene. 1875-jun. 1900, p. XIV, (<strong>78<\/strong>)<\/p>\n<p>Timbre, Estampillas, nov. 1874-jun. 1900, p. XVIII, (<strong>78<\/strong>)<\/p>\n<p>Contribuciones Directas del Distrito Federal y Territorios, jul. 1899-jun. 1900, p. XXI, (<strong>78<\/strong>)<\/p>\n<p>Deuda p\u00fablica, jul. 1899-jun. 1900, p. XXII, (<strong>78<\/strong>)<\/p>\n<p>Cotizaci\u00f3n de la plata, Valor m\u00e1ximo, m\u00ednimo y medio de la plata en Londres (incluye cambio sobre Londres y cotizaci\u00f3n del empr\u00e9stito mexicano), jul. 1899-jun. 1900, p. XXII, (<strong>78<\/strong>)<\/p>\n<p>Importaci\u00f3n y exportaci\u00f3n, jul. 1898-jun. 1900, p. XXV, (<strong>78<\/strong>)<\/p>\n<p><strong>Documentos anexos a la Memoria<\/strong>:<\/p>\n<p>Disposiciones dictadas en el ramo de Aduanas, pp. 3-27, Doc.1-23 (<strong>78<\/strong>)<\/p>\n<p>Timbre, contribuciones directas y ramos menores<\/p>\n<p>Disposiciones dictadas en los ramos de timbre, contribuciones interiores y presupuestos, pp. 29-150, Doc. 24-73 (<strong>78<\/strong>)<\/p>\n<p>Algod\u00f3n, Cuotas impuestas a las f\u00e1bricas de hilados y tejidos [de algod\u00f3n], jul.-dic. 1899, Doc. 24 (<strong>78<\/strong>)<\/p>\n<p>Cuenta del erario federal, Nota enviando a la C\u00e1mara de Diputados la, jul. 1898-jun. 1899, Doc. 42 (<strong>78<\/strong>)<\/p>\n<p>Algod\u00f3n, Cuotas impuestas a las f\u00e1bricas de hilados y tejidos [de algod\u00f3n], ene.-jun. 1900, Doc. 43 (<strong>78<\/strong>)<\/p>\n<p>Presupuesto de egresos, Resumen, jul. 1900-jun. 1901, Doc. 67 (<strong>78<\/strong>)<\/p>\n<p>Deuda p\u00fablica, instituciones de cr\u00e9dito, miner\u00eda, casas de moneda y oficinas de ensaye<\/p>\n<p>Disposiciones y documentos relativos a miner\u00eda, casas de moneda, oficinas de ensaye, instituciones de cr\u00e9dito y ramo de la deuda p\u00fablica, pp. 153-233, Doc. 75-92 (<strong>78<\/strong>)<\/p>\n<p>Deuda p\u00fablica externa, Cuadro comparativo de las cotizaciones de los empr\u00e9stitos de 1888, 1890, 1893 y de Tehuantepec, con variaciones del producto de los derechos de importaci\u00f3n y con resultado de los ejercicios fiscales, jul. 1893-jun.1899, p. 195, Doc. 90 (<strong>78<\/strong>)<\/p>\n<p>Deuda p\u00fablica externa, Comparaci\u00f3n [aproximada] entre el costo de los servicios de los antiguos empr\u00e9stitos y el del nuevo (1899), jul. 1900-jun. 1909, p. 228, Doc. 90 (<strong>78<\/strong>)<\/p>\n<p>Deuda p\u00fablica externa, Empr\u00e9stitos de 1888, 1890, 1893, Tehuantepec y 1899, p. 229, Doc. 90 (<strong>78<\/strong>)<\/p>\n<p>Pagos civiles y militares y pensiones<\/p>\n<p>Disposiciones y documentos relativos a pagos civiles y militares, pp, 235-243, Doc.93-104 (<strong>78<\/strong>)<\/p>\n<p>Estad\u00edsticas<\/p>\n<p>Documentos relativos al ramo de estad\u00edstica, jul. 1899-jun. 1900, pp. 245-271, Doc.105-118 (<strong>78<\/strong>)<\/p>\n<p>Importaci\u00f3n, Resumen de la, jul. 1899-jun. 1900, Doc. 105, (<strong>78<\/strong>)<\/p>\n<p>Exportaci\u00f3n, Resumen de la, jul. 1899-jun. 1900, Doc. 106, (<strong>78<\/strong>)<\/p>\n<p>Importaci\u00f3n y exportaci\u00f3n, Cuadro comparativo de, jul. 1898-jun. 1900, Doc. 107, (<strong>78<\/strong>)<\/p>\n<p>Comercio exterior, Resumen de la navegaci\u00f3n, jul. 1899-jun. 1900, Doc. 108, (<strong>78<\/strong>)<\/p>\n<p>Comercio exterior, Movimiento comercial por los ferrocarriles de la Frontera Norte, jul. 1899-jun. 1900, Doc. 109, (<strong>78<\/strong>)<\/p>\n<p>Ferrocarriles, Cuadro comparativo del movimiento de, jul. 1898-jun. 1900, Doc. 110, (<strong>78<\/strong>)<\/p>\n<p>Casas de Moneda, Introducci\u00f3n de metales a las, jul. 1899-jun. 1900, Doc. 111, (<strong>78<\/strong>)<\/p>\n<p>Casas de Moneda, Resumen de la introducci\u00f3n de metales a las, jul. 1899-jun. 1900, Doc. 112, (<strong>78<\/strong>)<\/p>\n<p>Tabacos, Fabricaci\u00f3n de, jul. 1899-jun. 1900, Doc. 113, (<strong>78<\/strong>)<\/p>\n<p>Alcoholes, Fabricaci\u00f3n de, jul. 1899-jun. 1900, Doc. 114, (<strong>78<\/strong>)<\/p>\n<p>Algod\u00f3n, Fabricaci\u00f3n de hilaza y de hilados y tejidos de algod\u00f3n, jul. 1899-jun. 1900, Doc. 115, (<strong>78<\/strong>)<\/p>\n<p>Bancos, Estado general de los bancos establecidos, jun. 1899, jul. 1899-jun. 1900, Doc. 116, (<strong>78<\/strong>)<\/p>\n<p>Timbre, Productos de la renta, jul. 1899-jun. 1900, Doc. 117, (<strong>78<\/strong>)<\/p>\n<p>Contribuciones Directas en el Distrito Federal, Cuadro comparativo del producto, jul. 1898-jun. 1900, Doc. 118, (<strong>78<\/strong>)<\/p>\n<p>Iniciativas<\/p>\n<p>Iniciativas presentadas a la C\u00e1mara de Diputados, pp. 273-341, Doc.119-132 (<strong>78<\/strong>)<\/p>\n<p>Presupuestos, Iniciativa de, jul. 1900-jun. 1901, Doc. 126, (<strong>78<\/strong>)<\/p>\n<p>Documentos complementarios<\/p>\n<p>Documentos complementarios a la Memoria de Hacienda, pp. 343-478, Doc.133-137 (<strong>78<\/strong>)<\/p>\n<p>Aduana de Veracruz, Informe [con datos estad\u00edsticos] del Administrador de la, Doc.133 (<strong>78<\/strong>)<\/p>\n<p>Algod\u00f3n, Noticia de las f\u00e1bricas de hilados y tejidos de algod\u00f3n existentes y cuotas asignadas, jul.-dic. 1899, Doc. 134 (<strong>78<\/strong>)<\/p>\n<p>Algod\u00f3n, Noticia de las f\u00e1bricas de hilados y tejidos de algod\u00f3n existentes y cuotas asignadas, ene.-jun. 1900, Doc. 135 (<strong>78<\/strong>)<\/p>\n<p>Casas de Moneda, Informe [acompa\u00f1ado de estad\u00edsticas] del Director general de, jul. 1899-jun. 1900, Doc. 136 (<strong>78<\/strong>)<\/p>\n<p>Registro general de minas, modificaciones ocurridas, jul. 1899-jun. 1900, Doc. 137 (<strong>78<\/strong>)<\/p>\n<p>\u00cdndice de la parte expositiva, p. 480 (<strong>78<\/strong>)<\/p>\n<p>\u00cdndice de los documentos anexos, p. 481 (<strong>78<\/strong>)<\/p>\n<p>[\/read]<\/p>\n<div><\/div>\n","protected":false},"excerpt":{"rendered":"<p>(78)\u00a0 Memoria de Hacienda y Cr\u00e9dito P\u00fablico correspondiente al a\u00f1o econ\u00f3mico 1\u00b0 de julio de 1899 a 30 de junio de 1900, presentada por el secretario de Hacienda al Congreso de la Uni\u00f3n . M\u00e9xico, Tipograf\u00eda de la Oficina Impresora de Estampillas, 1903, XXVI + 485 pp., cuadros, tablas. Firmada por Jos\u00e9 Yves Limantour. Per\u00edodo:<\/p>\n<p><a href=\"https:\/\/memoriasdehacienda.institutomora.edu.mx\/?page_id=3027\" class=\"more-link themebutton\">Read More<\/a><\/p>\n","protected":false},"author":2,"featured_media":0,"parent":0,"menu_order":0,"comment_status":"closed","ping_status":"closed","template":"","meta":[],"_links":{"self":[{"href":"https:\/\/memoriasdehacienda.institutomora.edu.mx\/index.php?rest_route=\/wp\/v2\/pages\/3027"}],"collection":[{"href":"https:\/\/memoriasdehacienda.institutomora.edu.mx\/index.php?rest_route=\/wp\/v2\/pages"}],"about":[{"href":"https:\/\/memoriasdehacienda.institutomora.edu.mx\/index.php?rest_route=\/wp\/v2\/types\/page"}],"author":[{"embeddable":true,"href":"https:\/\/memoriasdehacienda.institutomora.edu.mx\/index.php?rest_route=\/wp\/v2\/users\/2"}],"replies":[{"embeddable":true,"href":"https:\/\/memoriasdehacienda.institutomora.edu.mx\/index.php?rest_route=%2Fwp%2Fv2%2Fcomments&post=3027"}],"version-history":[{"count":5,"href":"https:\/\/memoriasdehacienda.institutomora.edu.mx\/index.php?rest_route=\/wp\/v2\/pages\/3027\/revisions"}],"predecessor-version":[{"id":8309,"href":"https:\/\/memoriasdehacienda.institutomora.edu.mx\/index.php?rest_route=\/wp\/v2\/pages\/3027\/revisions\/8309"}],"wp:attachment":[{"href":"https:\/\/memoriasdehacienda.institutomora.edu.mx\/index.php?rest_route=%2Fwp%2Fv2%2Fmedia&parent=3027"}],"curies":[{"name":"wp","href":"https:\/\/api.w.org\/{rel}","templated":true}]}}