{"id":4681,"date":"2016-09-01T11:42:48","date_gmt":"2016-09-01T17:42:48","guid":{"rendered":"http:\/\/memoriasdehacienda.colmex.mx\/mhwp\/?page_id=4681"},"modified":"2016-12-09T19:44:24","modified_gmt":"2016-12-10T01:44:24","slug":"desamortizacion-de-fincas-rusticas-y-urbanas-de-las-corporaciones-civiles-y-religiosos-rectificacion-del-decreto-sobre","status":"publish","type":"page","link":"https:\/\/memoriasdehacienda.institutomora.edu.mx\/?page_id=4681","title":{"rendered":"Desamortizaci\u00f3n de fincas r\u00fasticas y urbanas de las corporaciones civiles y religiosos rectificaci\u00f3n del decreto sobre"},"content":{"rendered":"<table border=\"0\" cellspacing=\"0\" cellpadding=\"0\">\n<tbody>\n<tr style=\"height: 19px;\">\n<td class=\"xl69\" style=\"height: 19px; background-color: #000000; width: 152px;\" width=\"152\"><span style=\"color: #ffffff;\"><strong><span style=\"font-size: 14pt;\">Per\u00edodo<\/span><\/strong><\/span><\/td>\n<td class=\"xl69\" style=\"height: 19px; background-color: #000000; width: 152px;\" width=\"177\"><span style=\"color: #ffffff;\"><strong><span style=\"font-size: 14pt;\">Documentos<\/span><\/strong><\/span><\/td>\n<\/tr>\n<tr style=\"height: 19px;\">\n<td class=\"xl69\" style=\"width: 152px; height: 19px;\" width=\"152\"><\/td>\n<td class=\"xl69\" style=\"width: 152px; height: 19px;\" width=\"177\"><\/td>\n<\/tr>\n<tr>\n<td class=\"xl65\" width=\"147\"><span style=\"font-size: 12pt; color: #000000;\"><strong>1856 junio<\/strong><\/span><\/td>\n<td class=\"xl65\" width=\"206\"><span style=\"font-size: 12pt; color: #0000ff;\"><strong><a style=\"color: #0000ff;\" href=\"https:\/\/memoriasdehacienda.institutomora.edu.mx\/wp-content\/uploads\/003DESAMORTIZACIONDEFINCAS1856-57word.doc\">p. 13 Doc. 3 (<span class=\"font6\">43<\/span><span class=\"font5\">)<\/span><\/a><\/strong><\/span><\/td>\n<\/tr>\n<\/tbody>\n<\/table>\n","protected":false},"excerpt":{"rendered":"<p>Per\u00edodo Documentos 1856 junio p. 13 Doc. 3 (43)<\/p>\n","protected":false},"author":2,"featured_media":0,"parent":0,"menu_order":0,"comment_status":"closed","ping_status":"closed","template":"","meta":[],"_links":{"self":[{"href":"https:\/\/memoriasdehacienda.institutomora.edu.mx\/index.php?rest_route=\/wp\/v2\/pages\/4681"}],"collection":[{"href":"https:\/\/memoriasdehacienda.institutomora.edu.mx\/index.php?rest_route=\/wp\/v2\/pages"}],"about":[{"href":"https:\/\/memoriasdehacienda.institutomora.edu.mx\/index.php?rest_route=\/wp\/v2\/types\/page"}],"author":[{"embeddable":true,"href":"https:\/\/memoriasdehacienda.institutomora.edu.mx\/index.php?rest_route=\/wp\/v2\/users\/2"}],"replies":[{"embeddable":true,"href":"https:\/\/memoriasdehacienda.institutomora.edu.mx\/index.php?rest_route=%2Fwp%2Fv2%2Fcomments&post=4681"}],"version-history":[{"count":3,"href":"https:\/\/memoriasdehacienda.institutomora.edu.mx\/index.php?rest_route=\/wp\/v2\/pages\/4681\/revisions"}],"predecessor-version":[{"id":6916,"href":"https:\/\/memoriasdehacienda.institutomora.edu.mx\/index.php?rest_route=\/wp\/v2\/pages\/4681\/revisions\/6916"}],"wp:attachment":[{"href":"https:\/\/memoriasdehacienda.institutomora.edu.mx\/index.php?rest_route=%2Fwp%2Fv2%2Fmedia&parent=4681"}],"curies":[{"name":"wp","href":"https:\/\/api.w.org\/{rel}","templated":true}]}}