{"id":4683,"date":"2016-09-01T11:43:25","date_gmt":"2016-09-01T17:43:25","guid":{"rendered":"http:\/\/memoriasdehacienda.colmex.mx\/mhwp\/?page_id=4683"},"modified":"2016-12-09T19:45:29","modified_gmt":"2016-12-10T01:45:29","slug":"desamortizacion-fincas-rusticas-y-urbanas-de-corporaciones-civiles-y-eclesiasticas-adjudicadas-y-rematadas-en-almoneda-publica-con-arreglo-a-la-ley-de-25-junio-1856","status":"publish","type":"page","link":"https:\/\/memoriasdehacienda.institutomora.edu.mx\/?page_id=4683","title":{"rendered":"Desamortizaci\u00f3n fincas r\u00fasticas y urbanas de corporaciones civiles y eclesi\u00e1sticas adjudicadas y rematadas en almoneda p\u00fablica con arreglo a la ley de 25 junio 1856"},"content":{"rendered":"<table border=\"0\" cellspacing=\"0\" cellpadding=\"0\">\n<tbody>\n<tr style=\"height: 19px;\">\n<td class=\"xl69\" style=\"height: 19px; background-color: #000000; width: 152px;\" width=\"152\"><span style=\"color: #ffffff;\"><strong><span style=\"font-size: 14pt;\">Per\u00edodo<\/span><\/strong><\/span><\/td>\n<td class=\"xl69\" style=\"height: 19px; background-color: #000000; width: 152px;\" width=\"177\"><span style=\"color: #ffffff;\"><strong><span style=\"font-size: 14pt;\">Documentos<\/span><\/strong><\/span><\/td>\n<\/tr>\n<tr style=\"height: 19px;\">\n<td class=\"xl69\" style=\"width: 152px; height: 19px;\" width=\"152\"><\/td>\n<td class=\"xl69\" style=\"width: 152px; height: 19px;\" width=\"177\"><\/td>\n<\/tr>\n<tr>\n<td class=\"xl65\" style=\"width: 147px;\"><span style=\"font-size: 12pt; color: #000000;\"><strong>1856<\/strong><\/span><\/td>\n<td class=\"xl65\" style=\"width: 517px;\"><span style=\"font-size: 12pt; color: #0000ff;\"><strong><a style=\"color: #0000ff;\" href=\"https:\/\/memoriasdehacienda.institutomora.edu.mx\/wp-content\/uploads\/149DESAMORTIZACION-1856-57resumenfincas.xls\" target=\"_blank\">p. 170 Doc. 149res<\/a>, <a style=\"color: #0000ff;\" href=\"https:\/\/memoriasdehacienda.institutomora.edu.mx\/wp-content\/uploads\/149DESAMORTIZACION-AGUASCALIENTES1856-57.xls\">1<\/a>, <a style=\"color: #0000ff;\" href=\"https:\/\/memoriasdehacienda.institutomora.edu.mx\/wp-content\/uploads\/149DESAMORTIZACION-CHIAPAS1856-57.xls\">2<\/a>, <a style=\"color: #0000ff;\" href=\"https:\/\/memoriasdehacienda.institutomora.edu.mx\/wp-content\/uploads\/149DESAMORTIZACION-CHIHUAHUA1856-57.xls\">3<\/a>, <a style=\"color: #0000ff;\" href=\"https:\/\/memoriasdehacienda.institutomora.edu.mx\/wp-content\/uploads\/149DESAMORTIZACION-COAHUILA1856-57.xls\">4<\/a>, <a style=\"color: #0000ff;\" href=\"https:\/\/memoriasdehacienda.institutomora.edu.mx\/wp-content\/uploads\/149DESAMORTIZACION-COLIMA1856-57.xls\">5<\/a>, <a style=\"color: #0000ff;\" href=\"https:\/\/memoriasdehacienda.institutomora.edu.mx\/wp-content\/uploads\/149DESAMORTIZACION-DISTRITOMEXICO1856-57.xls\">6<\/a>, <a style=\"color: #0000ff;\" href=\"https:\/\/memoriasdehacienda.institutomora.edu.mx\/wp-content\/uploads\/149DESAMORTIZACION-EDO.MEXICO1856-57.xls\">7<\/a>, <a style=\"color: #0000ff;\" href=\"https:\/\/memoriasdehacienda.institutomora.edu.mx\/wp-content\/uploads\/149DESAMORTIZACION-GUANAJUATO1856-57.xls\">8<\/a>, <a style=\"color: #0000ff;\" href=\"https:\/\/memoriasdehacienda.institutomora.edu.mx\/wp-content\/uploads\/149DESAMORTIZACION-GUERRERO1856-57.xls\">9<\/a>, <a style=\"color: #0000ff;\" href=\"https:\/\/memoriasdehacienda.institutomora.edu.mx\/wp-content\/uploads\/149DESAMORTIZACION-JALISCO1856-57.xls\">10<\/a>, <a style=\"color: #0000ff;\" href=\"https:\/\/memoriasdehacienda.institutomora.edu.mx\/wp-content\/uploads\/149DESAMORTIZACION-JALISCO1856-57.xls\">11<\/a>, <a style=\"color: #0000ff;\" href=\"https:\/\/memoriasdehacienda.institutomora.edu.mx\/wp-content\/uploads\/149DESAMORTIZACION-OAXACA1856-57.xls\">12<\/a>, <a style=\"color: #0000ff;\" href=\"https:\/\/memoriasdehacienda.institutomora.edu.mx\/wp-content\/uploads\/149DESAMORTIZACION-PUEBLA1856-57.xls\">13<\/a>, <a style=\"color: #0000ff;\" href=\"https:\/\/memoriasdehacienda.institutomora.edu.mx\/wp-content\/uploads\/149DESAMORTIZACION-QUERETARO1856-57.xls\">14<\/a>, <a style=\"color: #0000ff;\" href=\"https:\/\/memoriasdehacienda.institutomora.edu.mx\/wp-content\/uploads\/149DESAMORTIZACION-SINALOA1856-57.xls\">15<\/a>, <a style=\"color: #0000ff;\" href=\"https:\/\/memoriasdehacienda.institutomora.edu.mx\/wp-content\/uploads\/149DESAMORTIZACION-SNLUISPOTOSI1856-57.xls\">16<\/a>, <a style=\"color: #0000ff;\" href=\"https:\/\/memoriasdehacienda.institutomora.edu.mx\/wp-content\/uploads\/149DESAMORTIZACION-TEHUANTEPEC1856-57.xls\">17<\/a>, <a style=\"color: #0000ff;\" href=\"https:\/\/memoriasdehacienda.institutomora.edu.mx\/wp-content\/uploads\/149DESAMORTIZACION-TLAXCALA1856-57.xls\">18<\/a>, <a style=\"color: #0000ff;\" href=\"https:\/\/memoriasdehacienda.institutomora.edu.mx\/wp-content\/uploads\/149DESAMORTIZACION-YUCATAN1856-57.xls\">19<\/a>, <a style=\"color: #0000ff;\" href=\"https:\/\/memoriasdehacienda.institutomora.edu.mx\/wp-content\/uploads\/149DESAMORTIZACION-VERACRUZ1856-57.xls\">20<\/a>, <a style=\"color: #0000ff;\" href=\"https:\/\/memoriasdehacienda.institutomora.edu.mx\/wp-content\/uploads\/149DESAMORTIZACION-ZACATECAS1856-57.xls\">21\u00a0(<span class=\"font6\">43<\/span><span class=\"font5\">)<\/span><\/a><\/strong><\/span><\/td>\n<\/tr>\n<\/tbody>\n<\/table>\n","protected":false},"excerpt":{"rendered":"<p>Per\u00edodo Documentos 1856 p. 170 Doc. 149res, 1, 2, 3, 4, 5, 6, 7, 8, 9, 10, 11, 12, 13, 14, 15, 16, 17, 18, 19, 20, 21\u00a0(43)<\/p>\n","protected":false},"author":2,"featured_media":0,"parent":0,"menu_order":0,"comment_status":"closed","ping_status":"closed","template":"","meta":[],"_links":{"self":[{"href":"https:\/\/memoriasdehacienda.institutomora.edu.mx\/index.php?rest_route=\/wp\/v2\/pages\/4683"}],"collection":[{"href":"https:\/\/memoriasdehacienda.institutomora.edu.mx\/index.php?rest_route=\/wp\/v2\/pages"}],"about":[{"href":"https:\/\/memoriasdehacienda.institutomora.edu.mx\/index.php?rest_route=\/wp\/v2\/types\/page"}],"author":[{"embeddable":true,"href":"https:\/\/memoriasdehacienda.institutomora.edu.mx\/index.php?rest_route=\/wp\/v2\/users\/2"}],"replies":[{"embeddable":true,"href":"https:\/\/memoriasdehacienda.institutomora.edu.mx\/index.php?rest_route=%2Fwp%2Fv2%2Fcomments&post=4683"}],"version-history":[{"count":7,"href":"https:\/\/memoriasdehacienda.institutomora.edu.mx\/index.php?rest_route=\/wp\/v2\/pages\/4683\/revisions"}],"predecessor-version":[{"id":6917,"href":"https:\/\/memoriasdehacienda.institutomora.edu.mx\/index.php?rest_route=\/wp\/v2\/pages\/4683\/revisions\/6917"}],"wp:attachment":[{"href":"https:\/\/memoriasdehacienda.institutomora.edu.mx\/index.php?rest_route=%2Fwp%2Fv2%2Fmedia&parent=4683"}],"curies":[{"name":"wp","href":"https:\/\/api.w.org\/{rel}","templated":true}]}}