{"id":474,"date":"2016-04-05T13:50:43","date_gmt":"2016-04-05T19:50:43","guid":{"rendered":"http:\/\/memoriasdehacienda.colmex.mx\/mhwp\/?page_id=474"},"modified":"2023-03-16T13:11:35","modified_gmt":"2023-03-16T19:11:35","slug":"memoria-8-memoria-del-ramo-de-la-hacienda-federal-de-los-estados-unidos-mexicanos-leida-por-el-encargado-del-ministerio-respectivo-en-la-camara-de-senadores-el-dia-1-y-en-la-de-diputados-el-7-d","status":"publish","type":"page","link":"https:\/\/memoriasdehacienda.institutomora.edu.mx\/?page_id=474","title":{"rendered":"Memoria 8 (julio de 1826- junio de 1827)."},"content":{"rendered":"<p><span style=\"color: #ff6600; font-size: 11pt;\"><strong>(8) Memoria del ramo de la Hacienda Federal de los Estados Unidos Mexicanos, le\u00edda por el encargado del Ministerio respectivo en la C\u00e1mara de Senadores el d\u00eda 1\u00b0 y en la de Diputados el 7 de febrero de 1828.<\/strong><\/span><\/p>\n<p><span style=\"color: #000000;\">Firmada por Jos\u00e9 Ignacio Pav\u00f3n (29 de enero de 1828).<\/span><\/p>\n<p><span style=\"color: #000000;\">Per\u00edodo: julio de 1826- junio de 1827.<\/span><\/p>\n<p><span style=\"color: #000000;\">Se localiza:&nbsp;<span class=\"tooltips \" style=\"\" title=\"Biblioteca Nacional de M\u00e9xico-Colecci\u00f3n Lafragua, Fondo Reservado, UNAM.\">BNCL<\/span>,&nbsp;<span class=\"tooltips \" style=\"\" title=\"Biblioteca &amp;nbsp;Nacional de M\u00e9xico-Colecci\u00f3n de Libros Raros y Curiosos, Fondo Reservado, UNAM.\">BNLR<\/span>,&nbsp;<\/span><span style=\"color: #000000;\"><span class=\"tooltips \" style=\"\" title=\"Biblioteca del Archivo General de la Naci\u00f3n, M\u00e9xico.\">BAGN<\/span>,&nbsp;<span class=\"tooltips \" style=\"\" title=\"Biblioteca del Instituto de Investigaciones &quot;Dr. Jos\u00e9 Mar\u00eda Luis Mora&quot; (material en micropel\u00edcula).\">BIM-Mfilm<\/span>,&nbsp;<span class=\"tooltips \" style=\"\" title=\"CondumexBiblioteca del Centro de Estudios de Historia de M\u00e9xico, CONDUMEX.\">Bcondumex<\/span>,&nbsp;<span class=\"tooltips \" style=\"\" title=\"Biblioteca &quot;Daniel Cos\u00edo Villegas&quot;, El Colegio de M\u00e9xico (material en micropel\u00edcula).\">BDCV-mfilm<\/span>.<\/span><\/p>\n<p><span style=\"color: #000000;\"><strong>Tiene anexos, cuadros y tablas<\/strong>.<\/span><\/p>\n<p><span style=\"color: #000000;\"><strong>S\u00edntesis del contenido:<\/strong><\/span><\/p>\n<p style=\"text-align: justify;\"><span style=\"color: #000000;\">Esta es una memoria bastante irregular, toda vez que Pav\u00f3n entr\u00f3 accidentalmente y a los pocos d\u00edas le correspondi\u00f3 preparar la memoria. A pesar de lo anterior, el flamante Ministro incluye consideraciones de importancia cuando analiza los ramos y sus incrementos respecto del a\u00f1o fiscal anterior. Se\u00f1ala que las aduanas mar\u00edtimas hab\u00edan tenido un aumento debido a la expansi\u00f3n del comercio y a las medidas gubernamentales en contra del contrabando. En cambio, si bien el ramo del tabaco ha tenido un aumento sustancial es poco rentable porque rinde poco al Estado y requiere mucho dinero para sostenerse. Los pulques y el papel sellado tambi\u00e9n tienen un aumento considerable. Por lo que toca al pr\u00e9stamo con Inglaterra se informa de la remisi\u00f3n de 1,400,000 pesos y del adeudo de 717,455 pesos. Estima que el presupuesto general para la administraci\u00f3n p\u00fablica del a\u00f1o siguiente tendr\u00e1 un d\u00e9ficit de 1 mill\u00f3n y medio de pesos. Entre las medidas que propone para reunir mayores ingresos se destaca la de crear un impuesto que produzca 2,200,000 pesos, el cual deber\u00eda de manejarse por separado de las otras rentas con el fin de amortizar peri\u00f3dicamente el pr\u00e9stamo extranjero.<\/span>[read more=&#8221;Ver anexos estad\u00edsticos&#8221; less=&#8221;ver menos&#8221;]<\/p>\n<p><span style=\"color: #0000ff; font-size: 10pt;\"><strong>Anexos:<\/strong><\/span><\/p>\n<p>Cuenta del erario federal, Estado general de los ingresos, egresos y productos l\u00edquidos de los ramos de la Hacienda, jul. 1826-jun. 1827, Doc.<span style=\"color: #0000ff;\"> <a style=\"color: #0000ff;\" href=\"https:\/\/memoriasdehacienda.institutomora.edu.mx\/wp-content\/uploads\/EDOSGRALES1826-27.xls\">[0] <\/a><\/span>(<strong>8<\/strong><\/p>\n<p>Ingresos:<\/p>\n<p>Existencias, fines de junio de 1826, jul. 1826-jun. 1827, Doc. <span style=\"color: #0000ff;\"><a style=\"color: #0000ff;\" href=\"https:\/\/memoriasdehacienda.institutomora.edu.mx\/wp-content\/uploads\/001EXISTENCIAS1826-27.xls\">1<\/a><\/span> (<strong>8<\/strong>)<\/p>\n<p>Contingente de los Estados, jul. 1826-jun. 1827, Doc.<span style=\"color: #0000ff;\"><a style=\"color: #0000ff;\" href=\"https:\/\/memoriasdehacienda.institutomora.edu.mx\/wp-content\/uploads\/002CONTINGENTE1826-27.xls\"> 2<\/a><\/span> (<strong>8<\/strong>)<\/p>\n<p>Contingente de los Estados, 1824-1827, Doc.<span style=\"color: #0000ff;\"><a style=\"color: #0000ff;\" href=\"https:\/\/memoriasdehacienda.institutomora.edu.mx\/wp-content\/uploads\/003CONTINGENTE1826-27.xls\"> 3<\/a> <\/span>(<strong>8<\/strong>)<\/p>\n<p>Aduanas mar\u00edtimas, de los territorios, las de frontera e interiores, jul. 1826-jun. 1827, Doc. <span style=\"color: #0000ff;\"><a style=\"color: #0000ff;\" href=\"https:\/\/memoriasdehacienda.institutomora.edu.mx\/wp-content\/uploads\/004ADUANAS1826-27.xls\">4<\/a>, <a style=\"color: #0000ff;\" href=\"https:\/\/memoriasdehacienda.institutomora.edu.mx\/wp-content\/uploads\/005ADUANAS1826-27.xls\">5<\/a>, <a style=\"color: #0000ff;\" href=\"https:\/\/memoriasdehacienda.institutomora.edu.mx\/wp-content\/uploads\/006ADUANAS1826-27.xls\">6<\/a>,&nbsp;<a style=\"color: #0000ff;\" href=\"https:\/\/memoriasdehacienda.institutomora.edu.mx\/wp-content\/uploads\/007ADUANAS1826-27.xls\">7<\/a><\/span> , <span style=\"color: #0000ff;\"><a style=\"color: #0000ff;\" href=\"https:\/\/memoriasdehacienda.institutomora.edu.mx\/wp-content\/uploads\/008ADUANAS1826-27.xls\">8<\/a><\/span> (<strong>8<\/strong>)<\/p>\n<p>Tabaco, existencias en la renta y en la f\u00e1brica, jul. 1826-jun. 1827, Doc. <span style=\"color: #0000ff;\"><a style=\"color: #0000ff;\" href=\"https:\/\/memoriasdehacienda.institutomora.edu.mx\/wp-content\/uploads\/009TABACO1826-27.xls\">9<\/a>, <a style=\"color: #0000ff;\" href=\"https:\/\/memoriasdehacienda.institutomora.edu.mx\/wp-content\/uploads\/010TABACO1826-27.xls\">10<\/a>, <a style=\"color: #0000ff;\" href=\"https:\/\/memoriasdehacienda.institutomora.edu.mx\/wp-content\/uploads\/011TABACO1826-27.xls\">11<\/a>, <a style=\"color: #0000ff;\" href=\"https:\/\/memoriasdehacienda.institutomora.edu.mx\/wp-content\/uploads\/012TABACO1826-27.xls\">12<\/a><\/span> (<strong>8<\/strong>)<\/p>\n<p>P\u00f3lvora, jul. 1826-jun. 1827, Doc. <span style=\"color: #0000ff;\"><a style=\"color: #0000ff;\" href=\"https:\/\/memoriasdehacienda.institutomora.edu.mx\/wp-content\/uploads\/013POLVORA1826-27.xls\">13<\/a><\/span> (<strong>8<\/strong>)<\/p>\n<p>Correos, jul. 1826-jun. 1827, Doc.<span style=\"color: #0000ff;\"> <a style=\"color: #0000ff;\" href=\"https:\/\/memoriasdehacienda.institutomora.edu.mx\/wp-content\/uploads\/014CORREOS1826-27.xls\">14<\/a><\/span> (<strong>8<\/strong>)<\/p>\n<p>Loter\u00eda, jul. 1826-jun. 1827, Doc. <span style=\"color: #0000ff;\"><a style=\"color: #0000ff;\" href=\"https:\/\/memoriasdehacienda.institutomora.edu.mx\/wp-content\/uploads\/015LOTERIA1826-27.xls\">15<\/a> <\/span>(<strong>8<\/strong>)<\/p>\n<p>Salinas, jul. 1826-jun. 1827, Doc. <span style=\"color: #0000ff;\"><a style=\"color: #0000ff;\" href=\"https:\/\/memoriasdehacienda.institutomora.edu.mx\/wp-content\/uploads\/016SALINAS1826-27.xls\">16<\/a><\/span> (<strong>8<\/strong>)<\/p>\n<p>Casa de Moneda de M\u00e9xico, jul. 1826-jun. 1827, Doc.<span style=\"color: #0000ff;\"><a style=\"color: #0000ff;\" href=\"https:\/\/memoriasdehacienda.institutomora.edu.mx\/wp-content\/uploads\/017CASADEMONEDA1826-27.xls\"> 17 <\/a><\/span>(<strong>8<\/strong>)<\/p>\n<p>Temporalidades, jul. 1826-jun. 1827, Doc. <span style=\"color: #0000ff;\"><a style=\"color: #0000ff;\" href=\"https:\/\/memoriasdehacienda.institutomora.edu.mx\/wp-content\/uploads\/018TEMPORALIDADES1826-27.xls\">18<\/a><\/span> (<strong>8<\/strong>)<\/p>\n<p>Moneda, 2% de circulaci\u00f3n de, jul. 1826-jun. 1827, Doc.<span style=\"color: #0000ff;\"> <a style=\"color: #0000ff;\" href=\"https:\/\/memoriasdehacienda.institutomora.edu.mx\/wp-content\/uploads\/019DOSPORCIENTODEMONEDA1826-27.xls\">19<\/a><\/span> (<strong>8<\/strong>)<\/p>\n<p>Papel Sellado, jul. 1826-jun. 1827, Doc. <span style=\"color: #0000ff;\"><a style=\"color: #0000ff;\" href=\"https:\/\/memoriasdehacienda.institutomora.edu.mx\/wp-content\/uploads\/020PAPELSELLADO1826-27.xls\">20<\/a><\/span> (<strong>8<\/strong>)<\/p>\n<p>Pulques, jul. 1826-jun. 1827, Doc. <span style=\"color: #0000ff;\"><a style=\"color: #0000ff;\" href=\"https:\/\/memoriasdehacienda.institutomora.edu.mx\/wp-content\/uploads\/021PULQUES1826-27.xls\">21<\/a><\/span> (<strong>8<\/strong>)<\/p>\n<p>Diezmos y anualidades eclesi\u00e1sticas, jul. 1826-jun. 1827, Doc. <span style=\"color: #0000ff;\"><a style=\"color: #0000ff;\" href=\"https:\/\/memoriasdehacienda.institutomora.edu.mx\/wp-content\/uploads\/022DIEZMOS1826-27.xls\">22<\/a><\/span> (<strong>8<\/strong>)<\/p>\n<p>Anualidades eclesi\u00e1sticas y diezmos, jul. 1826-jun. 1827, Doc. 22 (<strong>8<\/strong>)<\/p>\n<p>Reintegros, jul. 1826-jun. 1827, Doc. <span style=\"color: #0000ff;\"><a style=\"color: #0000ff;\" href=\"https:\/\/memoriasdehacienda.institutomora.edu.mx\/wp-content\/uploads\/023REINTEGROS1826-27.xls\">23<\/a><\/span> (<strong>8<\/strong>)<\/p>\n<p>Comisos, jul. 1826-jun. 1827, Doc. <span style=\"color: #0000ff;\"><a style=\"color: #0000ff;\" href=\"https:\/\/memoriasdehacienda.institutomora.edu.mx\/wp-content\/uploads\/024COMISOS1826-27.xls\">24<\/a><\/span> (<strong>8<\/strong>)<\/p>\n<p>Aprovechamientos, jul. 1826-jun. 1827, Doc. 25 (<strong>8<\/strong>)<\/p>\n<p>Donativos voluntarios, jul. 1826-jun. 1827, Doc. 26 (<strong>8<\/strong>)<\/p>\n<p>Aver\u00eda, jul. 1826-jun. 1827, Doc. <span style=\"color: #0000ff;\"><a style=\"color: #0000ff;\" href=\"https:\/\/memoriasdehacienda.institutomora.edu.mx\/wp-content\/uploads\/027AVERIA1826-27.xls\">27<\/a><\/span> (<strong>8<\/strong>)<\/p>\n<p>Peajes, jul. 1826-jun. 1827, Doc. <span style=\"color: #0000ff;\"><a style=\"color: #0000ff;\" href=\"https:\/\/memoriasdehacienda.institutomora.edu.mx\/wp-content\/uploads\/028PEAGES1826-27.xls\">28<\/a><\/span> (<strong>8<\/strong>)<\/p>\n<p>Premio de cambio, jul. 1826-jun. 1827, Doc. <span style=\"color: #0000ff;\"><a style=\"color: #0000ff;\" href=\"https:\/\/memoriasdehacienda.institutomora.edu.mx\/wp-content\/uploads\/029PREMIODECAMBIO1826-27.xls\">29<\/a><\/span> (<strong>8<\/strong>)<\/p>\n<p>Deuda p\u00fablica externa, Pr\u00e9stamo Casa Barclay, Harring, Richardson y C\u00eda. (Londres), letras sobre, jul. 1826-jun. 1827, Doc. <span style=\"color: #0000ff;\"><a style=\"color: #0000ff;\" href=\"https:\/\/memoriasdehacienda.institutomora.edu.mx\/wp-content\/uploads\/030PRESTAMOESTRANGERO1826-27.xls\">30<\/a><\/span> (<strong>8<\/strong>)<\/p>\n<p>Dep\u00f3sitos, jul. 1826-jun. 1827, Doc. <span style=\"color: #0000ff;\"><a style=\"color: #0000ff;\" href=\"https:\/\/memoriasdehacienda.institutomora.edu.mx\/wp-content\/uploads\/031DEPOSITOS1826-27.xls\">31<\/a><\/span> (<strong>8<\/strong>)<\/p>\n<p>Deuda p\u00fablica, Pr\u00e9stamos o suplementos, jul. 1826-jun. 1827, Doc.<span style=\"color: #0000ff;\"><a style=\"color: #0000ff;\" href=\"https:\/\/memoriasdehacienda.institutomora.edu.mx\/wp-content\/uploads\/032DEUDAPUBLICAPRESTAMOS1826-27.xls\"> 32 <\/a><\/span>(<strong>8<\/strong>)<\/p>\n<p>Ramos menores y accidentales, 4 p., jul. 1826-jun. 1827, Doc. <span style=\"color: #0000ff;\"><a style=\"color: #0000ff;\" href=\"https:\/\/memoriasdehacienda.institutomora.edu.mx\/wp-content\/uploads\/033RAMOSMENORES1826-27.xls\">33<\/a><\/span> (<strong>8<\/strong>)<\/p>\n<p>Gastos:<\/p>\n<p>Congreso general, jul. 1826-jun. 1827, Doc. <span style=\"color: #0000ff;\"><a style=\"color: #0000ff;\" href=\"https:\/\/memoriasdehacienda.institutomora.edu.mx\/wp-content\/uploads\/034CONGRESO1826-27.xls\">34<\/a><\/span> (<strong>8<\/strong>)<\/p>\n<p>Ministerio de Relaciones, Sueldos de empleados del, jul. 1826-jun. 1827, Doc.<span style=\"color: #0000ff;\"><a style=\"color: #0000ff;\" href=\"https:\/\/memoriasdehacienda.institutomora.edu.mx\/wp-content\/uploads\/035SUELDOS1826-27.xls\"> 35 <\/a><\/span>(<strong>8<\/strong>)<\/p>\n<p>Ministerio de Relaciones, Gastos generales del, jul. 1826-jun. 1827, Doc. <span style=\"color: #0000ff;\"><a style=\"color: #0000ff;\" href=\"https:\/\/memoriasdehacienda.institutomora.edu.mx\/wp-content\/uploads\/036GASTOSGRALES1826-27.xls\">36<\/a><\/span> (<strong>8<\/strong>)<\/p>\n<p>Ministerio de Relaciones, Gastos extraordinarios del, jul. 1826-jun. 1827, Doc. <span style=\"color: #0000ff;\"><a style=\"color: #0000ff;\" href=\"https:\/\/memoriasdehacienda.institutomora.edu.mx\/wp-content\/uploads\/037GASTOSEXTRAORD1826-27.xls\">37<\/a><\/span> (<strong>8<\/strong>)<\/p>\n<p>Ministerio de Relaciones, Sueldos y gastos de legaciones, jul. 1826-jun. 1827, Doc. <span style=\"color: #0000ff;\"><a style=\"color: #0000ff;\" href=\"https:\/\/memoriasdehacienda.institutomora.edu.mx\/wp-content\/uploads\/038SUELDOS1826-27.xls\">38<\/a><\/span> (<strong>8<\/strong>)<\/p>\n<p>Ministerio de Guerra y Marina, Tropa permanente, jul. 1826-jun. 1827, Doc. <span style=\"color: #0000ff;\"><a style=\"color: #0000ff;\" href=\"https:\/\/memoriasdehacienda.institutomora.edu.mx\/wp-content\/uploads\/039TROPAPERMANENTE1826-27.xls\">39<\/a><\/span> (<strong>8<\/strong>)<\/p>\n<p>Ministerio de Guerra y Marina, Artiller\u00eda, jul. 1826-jun. 1827, Doc. <span style=\"color: #0000ff;\"><a style=\"color: #0000ff;\" href=\"https:\/\/memoriasdehacienda.institutomora.edu.mx\/wp-content\/uploads\/040ARTILLERIA1826-27.xls\">40<\/a><\/span> (<strong>8<\/strong>)<\/p>\n<p>Ministerio de Guerra y Marina, Milicia Activa, jul. 1826-jun. 1827, Doc.<span style=\"color: #0000ff;\">&nbsp;<a style=\"color: #0000ff;\" href=\"https:\/\/memoriasdehacienda.institutomora.edu.mx\/wp-content\/uploads\/041MILICIAACTIVA1826-27.xls\">41<\/a><\/span> (<strong>8<\/strong>)<\/p>\n<p>Ministerio de Guerra y Marina, Inv\u00e1lidos, jul. 1826-jun. 1827, Doc.<span style=\"color: #0000ff;\"> <a style=\"color: #0000ff;\" href=\"https:\/\/memoriasdehacienda.institutomora.edu.mx\/wp-content\/uploads\/042INVALIDOS1826-27.xls\">42<\/a><\/span> (<strong>8<\/strong>)<\/p>\n<p>Ministerio de Guerra y Marina, Gastos generales militares, jul. 1826-jun. 1827, Doc.<span style=\"color: #0000ff;\"> <a style=\"color: #0000ff;\" href=\"https:\/\/memoriasdehacienda.institutomora.edu.mx\/wp-content\/uploads\/043GASTOSMILITARES1826-27.xls\">43<\/a><\/span> (<strong>8<\/strong>)<\/p>\n<p>Ministerio de Guerra y Marina, Gastos extraordinarios de Guerra, jul. 1826-jun. 1827, Doc. <span style=\"color: #0000ff;\"><a style=\"color: #0000ff;\" href=\"https:\/\/memoriasdehacienda.institutomora.edu.mx\/wp-content\/uploads\/044GASTOSDEGUERRA1826-27.xls\">44<\/a><\/span> (<strong>8<\/strong>)<\/p>\n<p>Ministerio de Guerra y Marina, Hospitalidades, jul. 1826-jun. 1827, Doc. <span style=\"color: #0000ff;\"><a style=\"color: #0000ff;\" href=\"https:\/\/memoriasdehacienda.institutomora.edu.mx\/wp-content\/uploads\/045HOSPITALIDADES1826-27.xls\">45<\/a><\/span> (<strong>8<\/strong>)<\/p>\n<p>Ministerio de Guerra y Marina, Fortificaci\u00f3n, jul. 1826-jun. 1827, Doc. <span style=\"color: #0000ff;\"><a style=\"color: #0000ff;\" href=\"https:\/\/memoriasdehacienda.institutomora.edu.mx\/wp-content\/uploads\/046FORTIFICACION1826-27.xls\">46<\/a><\/span> (<strong>8<\/strong>)<\/p>\n<p>Ministerio de Guerra y Marina, Montep\u00edo militar, jul. 1826-jun. 1827, Doc. <span style=\"color: #0000ff;\"><a style=\"color: #0000ff;\" href=\"https:\/\/memoriasdehacienda.institutomora.edu.mx\/wp-content\/uploads\/047MONTEPIO1826-27.xls\">47<\/a><\/span> (<strong>8<\/strong>)<\/p>\n<p>Ministerio de Guerra y Marina, Pensiones Militares, jul. 1826-jun. 1827, Doc. <span style=\"color: #0000ff;\"><a style=\"color: #0000ff;\" href=\"https:\/\/memoriasdehacienda.institutomora.edu.mx\/wp-content\/uploads\/048PENSIONES1826-27.xls\">48<\/a> <\/span>(<strong>8<\/strong>)<\/p>\n<p>Ministerio de Guerra y Marina, Vig\u00edas, jul. 1826-jun. 1827, Doc. <span style=\"color: #0000ff;\"><a style=\"color: #0000ff;\" href=\"https:\/\/memoriasdehacienda.institutomora.edu.mx\/wp-content\/uploads\/049VIGIAS1826-27.xls\">49<\/a><\/span> (<strong>8<\/strong>)<\/p>\n<p>Ministerio de Guerra y Marina, Marina, jul. 1826-jun. 1827, Doc. <span style=\"color: #0000ff;\"><a style=\"color: #0000ff;\" href=\"https:\/\/memoriasdehacienda.institutomora.edu.mx\/wp-content\/uploads\/050MARINA1826-27.xls\">50<\/a><\/span> (<strong>8<\/strong>)<\/p>\n<p>Ministerio de Guerra y Marina, Gastos de Marina, jul. 1826-jun. 1827, Doc. <span style=\"color: #0000ff;\"><a style=\"color: #0000ff;\" href=\"https:\/\/memoriasdehacienda.institutomora.edu.mx\/wp-content\/uploads\/051MARINAGASTOS1826-27.xls\">51<\/a> <\/span>(<strong>8<\/strong>)<\/p>\n<p>Ministerio de Justicia, Sueldos de diversos Ministros y empleados del, jul. 1826-jun. 1827, Doc.<span style=\"color: #0000ff;\"> <a style=\"color: #0000ff;\" href=\"https:\/\/memoriasdehacienda.institutomora.edu.mx\/wp-content\/uploads\/052SUELDOS1826-27.xls\">52<\/a><\/span> (<strong>8<\/strong>)<\/p>\n<p>Ministerio de Justicia, Misiones y s\u00ednodos del, jul. 1826-jun. 1827, Doc. <span style=\"color: #0000ff;\"><a style=\"color: #0000ff;\" href=\"https:\/\/memoriasdehacienda.institutomora.edu.mx\/wp-content\/uploads\/053MISIONES1826-27.xls\">53<\/a><\/span> (<strong>8<\/strong>)<\/p>\n<p>Ministerio de Hacienda, Sueldos del, jul. 1826-jun. 1827, Doc. <span style=\"color: #0000ff;\"><a style=\"color: #0000ff;\" href=\"https:\/\/memoriasdehacienda.institutomora.edu.mx\/wp-content\/uploads\/054SUELDOS1826-27.xls\">54<\/a><\/span> (<strong>8<\/strong>)<\/p>\n<p>Ministerio de Hacienda, Gastos generales y comunes del, jul. 1826-jun. 1827, Doc. <span style=\"color: #0000ff;\"><a style=\"color: #0000ff;\" href=\"https:\/\/memoriasdehacienda.institutomora.edu.mx\/wp-content\/uploads\/055GASTOSGRALES1826-27.xls\">55<\/a><\/span> (<strong>8<\/strong>)<\/p>\n<p>Sueldos de cesantes, pensionistas y jubilados, jul. 1826-jun. 1827, Doc. <span style=\"color: #0000ff;\"><a style=\"color: #0000ff;\" href=\"https:\/\/memoriasdehacienda.institutomora.edu.mx\/wp-content\/uploads\/056SUELDOSCESANTES1826-27.xls\">56<\/a><\/span> (<strong>8<\/strong>)<\/p>\n<p>Montep\u00edo de Ministros, jul. 1826-jun. 1827, Doc. <span style=\"color: #0000ff;\"><a style=\"color: #0000ff;\" href=\"https:\/\/memoriasdehacienda.institutomora.edu.mx\/wp-content\/uploads\/057MONTEPIOMINIST1826-27.xls\">57<\/a><\/span> (<strong>8<\/strong>)<\/p>\n<p>Montep\u00edo de Oficinas, jul. 1826-jun. 1827, Doc. <span style=\"color: #0000ff;\"><a style=\"color: #0000ff;\" href=\"https:\/\/memoriasdehacienda.institutomora.edu.mx\/wp-content\/uploads\/058MONTEPIOOFIC1826-27.xls\">58<\/a><\/span> (<strong>8<\/strong>)<\/p>\n<p>P\u00f3lvora, F\u00e1bricas de, jul. 1826-jun. 1827, Doc. <span style=\"color: #0000ff;\"><a style=\"color: #0000ff;\" href=\"https:\/\/memoriasdehacienda.institutomora.edu.mx\/wp-content\/uploads\/059FABPOLVORA1826-27.xls\">59<\/a><\/span> (<strong>8<\/strong>)<\/p>\n<p>Deuda p\u00fablica externa, Remesas de caudales hechas a Londres, jul. 1826-jun. 1827, Doc.<span style=\"color: #0000ff;\"><a style=\"color: #0000ff;\" href=\"https:\/\/memoriasdehacienda.institutomora.edu.mx\/wp-content\/uploads\/060DEUDAPUB1826-27.xls\"> 60 <\/a><\/span>(<strong>8<\/strong>)<\/p>\n<p>Existencias que quedaron del estado general, fines de junio de 1827, Doc. <span style=\"color: #0000ff;\"><a style=\"color: #0000ff;\" href=\"https:\/\/memoriasdehacienda.institutomora.edu.mx\/wp-content\/uploads\/061EXISTENCIAS1826-27.xls\">61<\/a><\/span> (<strong>8<\/strong>)<\/p>\n<p>Cuenta del erario federal, Raz\u00f3n comparativa de los ramos de la Hacienda P\u00fablica, ingresos, jul. 1826-jun. 1827, Doc.<a href=\"https:\/\/memoriasdehacienda.institutomora.edu.mx\/wp-content\/uploads\/062RAZON1826-27.xls\"><span style=\"color: #0000ff;\"> 62<\/span> <\/a>(<strong>8<\/strong>)<\/p>\n<p>Acu\u00f1aci\u00f3n, Casas de Moneda acu\u00f1aciones, jul. 1826-jun. 1827, Doc.<span style=\"color: #0000ff;\"> <a style=\"color: #0000ff;\" href=\"https:\/\/memoriasdehacienda.institutomora.edu.mx\/wp-content\/uploads\/063CASADEMONEDA1826-27.xls\">63<\/a><\/span> (<strong>8<\/strong>)<\/p>\n<p>Presupuesto Ministerio de Relaciones, jul. 1828-jun. 1829, Doc. <span style=\"color: #0000ff;\"><a style=\"color: #0000ff;\" href=\"https:\/\/memoriasdehacienda.institutomora.edu.mx\/wp-content\/uploads\/PRESUPUESTOS1828-29A.xls\">A<\/a><\/span> (<strong>8<\/strong>)<\/p>\n<p>Presupuesto del gasto militar a cubrirse, jul. 1828-jun. 1829, Doc.<span style=\"color: #0000ff;\"> <a style=\"color: #0000ff;\" href=\"https:\/\/memoriasdehacienda.institutomora.edu.mx\/wp-content\/uploads\/PRESUPUESTOS1828-29B.xls\">B<\/a><\/span> (<strong>8<\/strong>)<\/p>\n<p>Presupuesto, Marina, Resumen general del, jul. 1828-jun. 1829, Doc.<span style=\"color: #0000ff;\"> <a style=\"color: #0000ff;\" href=\"https:\/\/memoriasdehacienda.institutomora.edu.mx\/wp-content\/uploads\/PRESUPUESTOS1828-29C.xls\">C<\/a><\/span> (<strong>8<\/strong>)<\/p>\n<p>Presupuesto, Justicia y Negocios Eclesi\u00e1sticos, jul. 1828-jun. 1829, Doc. <a href=\"https:\/\/memoriasdehacienda.institutomora.edu.mx\/wp-content\/uploads\/PRESUPUESTOS1828-29D.xls\"><span style=\"color: #0000ff;\">D<\/span> <\/a>(<strong>8<\/strong>)<\/p>\n<p>Presupuesto, Resumen del presupuesto del ministerio de Hacienda, jun. 1828-jul .1829, Doc.<span style=\"color: #0000ff;\"><a style=\"color: #0000ff;\" href=\"https:\/\/memoriasdehacienda.institutomora.edu.mx\/wp-content\/uploads\/PRESUPUESTOS1828-29E.xls\"> E<\/a><\/span> (<strong>8<\/strong>)<\/p>\n<p>Presupuestos generales, resumen de los ramos de la Hacienda P\u00fablica jul. 1828-jun. 1829, Doc. <span style=\"color: #0000ff;\"><a style=\"color: #0000ff;\" href=\"https:\/\/memoriasdehacienda.institutomora.edu.mx\/wp-content\/uploads\/PRESUPUESTOS1828-29res.xls\">[F]<\/a><\/span> (<strong>8<\/strong>)<\/p>\n<div>\n<p class=\"Textodenotaalpie\">&nbsp;&nbsp;&nbsp;&nbsp;[1]&nbsp;&nbsp; Los documentos que tienen asignadas letras est\u00e1n despu\u00e9s de los documentos numerados,<\/p>\n<\/div>\n<p>[\/read]<\/p>\n<p>&nbsp;<\/p>\n<div><\/div>\n","protected":false},"excerpt":{"rendered":"<p>(8) Memoria del ramo de la Hacienda Federal de los Estados Unidos Mexicanos, le\u00edda por el encargado del Ministerio respectivo en la C\u00e1mara de Senadores el d\u00eda 1\u00b0 y en la de Diputados el 7 de febrero de 1828. Firmada por Jos\u00e9 Ignacio Pav\u00f3n (29 de enero de 1828). Per\u00edodo: julio de 1826- junio de<\/p>\n<p><a href=\"https:\/\/memoriasdehacienda.institutomora.edu.mx\/?page_id=474\" class=\"more-link themebutton\">Read More<\/a><\/p>\n","protected":false},"author":1,"featured_media":0,"parent":0,"menu_order":0,"comment_status":"closed","ping_status":"closed","template":"","meta":[],"_links":{"self":[{"href":"https:\/\/memoriasdehacienda.institutomora.edu.mx\/index.php?rest_route=\/wp\/v2\/pages\/474"}],"collection":[{"href":"https:\/\/memoriasdehacienda.institutomora.edu.mx\/index.php?rest_route=\/wp\/v2\/pages"}],"about":[{"href":"https:\/\/memoriasdehacienda.institutomora.edu.mx\/index.php?rest_route=\/wp\/v2\/types\/page"}],"author":[{"embeddable":true,"href":"https:\/\/memoriasdehacienda.institutomora.edu.mx\/index.php?rest_route=\/wp\/v2\/users\/1"}],"replies":[{"embeddable":true,"href":"https:\/\/memoriasdehacienda.institutomora.edu.mx\/index.php?rest_route=%2Fwp%2Fv2%2Fcomments&post=474"}],"version-history":[{"count":154,"href":"https:\/\/memoriasdehacienda.institutomora.edu.mx\/index.php?rest_route=\/wp\/v2\/pages\/474\/revisions"}],"predecessor-version":[{"id":8644,"href":"https:\/\/memoriasdehacienda.institutomora.edu.mx\/index.php?rest_route=\/wp\/v2\/pages\/474\/revisions\/8644"}],"wp:attachment":[{"href":"https:\/\/memoriasdehacienda.institutomora.edu.mx\/index.php?rest_route=%2Fwp%2Fv2%2Fmedia&parent=474"}],"curies":[{"name":"wp","href":"https:\/\/api.w.org\/{rel}","templated":true}]}}