{"id":5175,"date":"2016-09-08T17:09:29","date_gmt":"2016-09-08T23:09:29","guid":{"rendered":"http:\/\/memoriasdehacienda.colmex.mx\/mhwp\/?page_id=5175"},"modified":"2016-09-08T17:13:25","modified_gmt":"2016-09-08T23:13:25","slug":"limantour-marquet-jose-yves-1854-1935","status":"publish","type":"page","link":"https:\/\/memoriasdehacienda.institutomora.edu.mx\/?page_id=5175","title":{"rendered":"Limantour Marquet, Jos\u00e9 Yves (1854-1935)"},"content":{"rendered":"<p>Ministro de Hacienda del 8 de mayo de 1893 al 25 de mayo de 1911.<\/p>\n<p>Naci\u00f3 en la Ciudad de M\u00e9xico, hijo de Jos\u00e9 Yves Limantour, de origen franc\u00e9s, y de Adela Marquet. De peque\u00f1o <img loading=\"lazy\" class=\"wp-image-5177 size-thumbnail alignright\" src=\"https:\/\/memoriasdehacienda.institutomora.edu.mx\/wp-content\/uploads\/limantur-150x150.jpg\" alt=\"limantur\" width=\"150\" height=\"150\" srcset=\"https:\/\/memoriasdehacienda.institutomora.edu.mx\/wp-content\/uploads\/limantur-150x150.jpg 150w, https:\/\/memoriasdehacienda.institutomora.edu.mx\/wp-content\/uploads\/limantur-240x240.jpg 240w, https:\/\/memoriasdehacienda.institutomora.edu.mx\/wp-content\/uploads\/limantur.jpg 300w\" sizes=\"(max-width: 150px) 100vw, 150px\" \/>vivi\u00f3 en Europa hasta 1868. Cuando regresa a M\u00e9xico, ingresa a la Escuela Nacional Preparatoria (1869) y despu\u00e9s inici\u00f3 sus estudios de jurisprudencia (1872). Despu\u00e9s de recibirse de abogado (1875) se traslad\u00f3 a Europa en donde desempe\u00f1\u00f3 algunas tareas oficiales. De vuelta en M\u00e9xico sustituy\u00f3 a Manuel Payno como profesor de Econom\u00eda Pol\u00edtica en la Escuela Superior de Comercio (1876) y tambi\u00e9n fue catedr\u00e1tico de Derecho Internacional P\u00fablico y Privado en la escuela de jurisprudencia. Fue redactor y propietario del peri\u00f3dico El Faro (1877-1882). Particip\u00f3 en varias comisiones: en la encargada de estudiar la conveniencia de celebrar un tratado comercial con los Estados Unidos (pronunci\u00e1ndose en contra a la opini\u00f3n del secretario de Relaciones). Por instrucciones de la Secretar\u00eda de Gobernaci\u00f3n, estudi\u00f3 la baja en el precio de la plata (1886); fue vocal propietario de la Junta de Desag\u00fce del Valle de M\u00e9xico, presidi\u00f3 la Junta de Saneamiento (1896) y la de Provisi\u00f3n de Aguas Potables (1903).<\/p>\n<p>Viaj\u00f3 a Par\u00eds para recuperarse de su salud (1889). De regreso a M\u00e9xico volvi\u00f3 a ser comisionado para participar en una conferencia llevada a efecto en Washington (1891) para negociar un tratado comercial entre M\u00e9xico y los Estados Unidos, a lo cual se opuso. En ese mismo a\u00f1o particip\u00f3 en el debate que se llev\u00f3 a cabo para resolver el problema de las alcabalas.<\/p>\n<p>Fue nombrado Oficial Mayor 1\u00ba de la Secretar\u00eda de Hacienda, siendo ministro en ese momento Mat\u00edas Romero (27 de mayo de 1892). Al dejar Mat\u00edas Romero la Secretar\u00eda (febrero de 1893), Limantour se hace cargo de la misma en calidad de Oficial Mayor o Subsecretario y poco despu\u00e9s es nombrado titular de la dependencia (9 de mayo 1893).<\/p>\n<p>Sus primeras medidas como titular de la Secretar\u00eda de Hacienda fueron la creaci\u00f3n de nuevos impuestos que gravaban los ramos de la producci\u00f3n que no hab\u00eda alcanzado la crisis; la implantaci\u00f3n de econom\u00edas y reducciones en los gastos y servicios administrativos; arreglos con los acreedores del Estado. Asimismo disminuy\u00f3 el monto de los sueldos de toda clase de empleados y funcionarios p\u00fablicos. Con el tiempo logr\u00f3 un super\u00e1vit en la administraci\u00f3n hacendaria. Tambi\u00e9n se dio a la tarea de recuperar las Casas de Moneda que eran administradas por particulares.<\/p>\n<p>El arreglo de la deuda p\u00fablica fue un asunto que llam\u00f3 en especial su atenci\u00f3n (ley del 29 de mayo de 1893), a la vez que reorganiz\u00f3 las instituciones de cr\u00e9dito (ley del 19 de marzo de 1897). Proyect\u00f3 la conversi\u00f3n de la Deuda Externa, vinculando los intereses de los banqueros estadounidenses y europeos, para lo cual el gobierno mexicano firm\u00f3 contratos en Berl\u00edn, Par\u00eds y Londres (julio de 1899). Otra de sus tareas fue la &#8220;mexicanizaci\u00f3n&#8221; de los ferrocarriles. En noviembre de 1904 promovi\u00f3 el plan de la reforma monetaria, que llev\u00f3 a la adopci\u00f3n del patr\u00f3n oro.<\/p>\n<p>A la ca\u00edda del r\u00e9gimen porfiriano present\u00f3 su renuncia como Secretario de Hacienda (25 de mayo de 1911) y sali\u00f3 de M\u00e9xico para radicar en Par\u00eds, en donde muri\u00f3.<\/p>\n<p>Para datos sobre su vida consultar: Carlos D\u00edaz Dufoo, Limantour, M\u00e9xico, 1922; Edgar Turlington, M\u00e9xico and Her Foreign Creditors, Nueva York, 1930; Antonio Manero, La Revoluci\u00f3n Bancaria en M\u00e9xico, M\u00e9xico, 1957; Jos\u00e9 Yves Limantour, Apuntes de mi vida pol\u00edtica, Editorial Porr\u00faa, M\u00e9xico, 1965.<\/p>\n","protected":false},"excerpt":{"rendered":"<p>Ministro de Hacienda del 8 de mayo de 1893 al 25 de mayo de 1911. Naci\u00f3 en la Ciudad de M\u00e9xico, hijo de Jos\u00e9 Yves Limantour, de origen franc\u00e9s, y de Adela Marquet. De peque\u00f1o vivi\u00f3 en Europa hasta 1868. Cuando regresa a M\u00e9xico, ingresa a la Escuela Nacional Preparatoria (1869) y despu\u00e9s inici\u00f3 sus<\/p>\n<p><a href=\"https:\/\/memoriasdehacienda.institutomora.edu.mx\/?page_id=5175\" class=\"more-link themebutton\">Read More<\/a><\/p>\n","protected":false},"author":1,"featured_media":0,"parent":0,"menu_order":0,"comment_status":"closed","ping_status":"closed","template":"","meta":[],"_links":{"self":[{"href":"https:\/\/memoriasdehacienda.institutomora.edu.mx\/index.php?rest_route=\/wp\/v2\/pages\/5175"}],"collection":[{"href":"https:\/\/memoriasdehacienda.institutomora.edu.mx\/index.php?rest_route=\/wp\/v2\/pages"}],"about":[{"href":"https:\/\/memoriasdehacienda.institutomora.edu.mx\/index.php?rest_route=\/wp\/v2\/types\/page"}],"author":[{"embeddable":true,"href":"https:\/\/memoriasdehacienda.institutomora.edu.mx\/index.php?rest_route=\/wp\/v2\/users\/1"}],"replies":[{"embeddable":true,"href":"https:\/\/memoriasdehacienda.institutomora.edu.mx\/index.php?rest_route=%2Fwp%2Fv2%2Fcomments&post=5175"}],"version-history":[{"count":5,"href":"https:\/\/memoriasdehacienda.institutomora.edu.mx\/index.php?rest_route=\/wp\/v2\/pages\/5175\/revisions"}],"predecessor-version":[{"id":5181,"href":"https:\/\/memoriasdehacienda.institutomora.edu.mx\/index.php?rest_route=\/wp\/v2\/pages\/5175\/revisions\/5181"}],"wp:attachment":[{"href":"https:\/\/memoriasdehacienda.institutomora.edu.mx\/index.php?rest_route=%2Fwp%2Fv2%2Fmedia&parent=5175"}],"curies":[{"name":"wp","href":"https:\/\/api.w.org\/{rel}","templated":true}]}}