{"id":54,"date":"2016-02-12T15:53:23","date_gmt":"2016-02-12T21:53:23","guid":{"rendered":"http:\/\/memoriasdehacienda.colmex.mx\/mhwp\/?page_id=54"},"modified":"2023-03-16T12:45:26","modified_gmt":"2023-03-16T18:45:26","slug":"memorias-y-estadisticas","status":"publish","type":"page","link":"https:\/\/memoriasdehacienda.institutomora.edu.mx\/?page_id=54","title":{"rendered":"Memorias y estad\u00edsticas"},"content":{"rendered":"<h3 style=\"text-align: center;\"><strong><span style=\"color: #0000ff;\">Lista completa de Memorias de Hacienda (1822-1910)<\/span><\/strong><\/h3>\n<p>&nbsp;<\/p>\n<h3 style=\"text-align: justify;\"><img loading=\"lazy\" class=\"wp-image-6765 alignleft\" src=\"https:\/\/memoriasdehacienda.institutomora.edu.mx\/wp-content\/uploads\/fig2-202x300.jpg\" alt=\"fig2\" width=\"184\" height=\"273\" srcset=\"https:\/\/memoriasdehacienda.institutomora.edu.mx\/wp-content\/uploads\/fig2-202x300.jpg 202w, https:\/\/memoriasdehacienda.institutomora.edu.mx\/wp-content\/uploads\/fig2-101x150.jpg 101w, https:\/\/memoriasdehacienda.institutomora.edu.mx\/wp-content\/uploads\/fig2-689x1024.jpg 689w, https:\/\/memoriasdehacienda.institutomora.edu.mx\/wp-content\/uploads\/fig2.jpg 800w\" sizes=\"(max-width: 184px) 100vw, 184px\" \/><br \/>\nEn esta base de datos que ponemos a disposici\u00f3n del p\u00fablico, se incluye una s\u00edntesis de cada <em>Memoria de Hacienda,<\/em>&nbsp;datos sobre las bibliotecas donde se albergan, as\u00ed como listas de los anexos estad\u00edsticos que los acompa\u00f1an.<\/p>\n<p>La informaci\u00f3n se presenta por d\u00e9cadas y se puede acceder a ellas dando click en el per\u00edodo de inter\u00e9s.<\/h3>\n<h3><div class=\"supsystic-table-loader spinner\"style=\"background-color:#000000\"><\/div><div id=\"supsystic-table-4_82263\" class=\"supsystic-tables-wrap \" style=\" visibility: hidden; \" ><table id=\"supsystic-table-4\" class=\"supsystic-table border lightboxImg row-border\" data-id=\"4\" data-view-id=\"4_82263\" data-title=\"Memorias por decada\" data-currency-format=\"$1,000.00\" data-percent-format=\"10.00%\" data-date-format=\"DD.MM.YYYY\" data-time-format=\"HH:mm\" data-features=\"[&quot;after_table_loaded_script&quot;,&quot;auto_width&quot;]\" data-search-value=\"\" data-lightbox-img=\"\" data-head=\"on\" data-head-rows-count=\"1\" data-pagination-length=\"50,100,All\" data-auto-index=\"off\" data-searching-settings=\"{&quot;columnSearchPosition&quot;:&quot;bottom&quot;,&quot;minChars&quot;:&quot;0&quot;}\" data-lang=\"default\" data-override=\"{&quot;emptyTable&quot;:&quot;&quot;,&quot;info&quot;:&quot;&quot;,&quot;infoEmpty&quot;:&quot;&quot;,&quot;infoFiltered&quot;:&quot;&quot;,&quot;lengthMenu&quot;:&quot;&quot;,&quot;search&quot;:&quot;&quot;,&quot;zeroRecords&quot;:&quot;&quot;,&quot;exportLabel&quot;:&quot;&quot;,&quot;file&quot;:&quot;default&quot;}\" data-merged=\"[]\" data-responsive-mode=\"0\" data-from-history=\"0\" ><thead><tr><th data-cell-id=\"A1\" data-x=\"0\" data-y=\"1\" data-db-index=\"1\" class=\"htCenter bg-f2f5f3 bold\" data-cell-type=\"text\" data-original-value=\"&lt;a href=&quot;https:\/\/memoriasdehacienda.institutomora.edu.mx\/?page_id=125&quot; target=&quot;_blank&quot;&gt;1820&lt;\/a&gt;\" data-order=\"&lt;a href=&quot;https:\/\/memoriasdehacienda.institutomora.edu.mx\/?page_id=125&quot; target=&quot;_blank&quot;&gt;1820&lt;\/a&gt;\" ><a href=\"https:\/\/memoriasdehacienda.institutomora.edu.mx\/?page_id=125\" target=\"_blank\">1820<\/a><\/th><th data-cell-id=\"B1\" data-x=\"1\" data-y=\"1\" data-db-index=\"1\" class=\"htCenter bg-f2f5f3 bold\" data-cell-type=\"text\" data-original-value=\"&lt;a href=&quot;https:\/\/memoriasdehacienda.institutomora.edu.mx\/?page_id=128&quot; target=&quot;_blank&quot;&gt;1830&lt;\/a&gt;\" data-order=\"&lt;a href=&quot;https:\/\/memoriasdehacienda.institutomora.edu.mx\/?page_id=128&quot; target=&quot;_blank&quot;&gt;1830&lt;\/a&gt;\" ><a href=\"https:\/\/memoriasdehacienda.institutomora.edu.mx\/?page_id=128\" target=\"_blank\">1830<\/a><\/th><th data-cell-id=\"C1\" data-x=\"2\" data-y=\"1\" data-db-index=\"1\" class=\"htCenter bg-f2f5f3 bold\" data-cell-type=\"text\" data-original-value=\"&lt;a href=&quot;https:\/\/memoriasdehacienda.institutomora.edu.mx\/?page_id=132&quot; target=&quot;_blank&quot;&gt;1840&lt;\/a&gt;\" data-order=\"&lt;a href=&quot;https:\/\/memoriasdehacienda.institutomora.edu.mx\/?page_id=132&quot; target=&quot;_blank&quot;&gt;1840&lt;\/a&gt;\" ><a href=\"https:\/\/memoriasdehacienda.institutomora.edu.mx\/?page_id=132\" target=\"_blank\">1840<\/a><\/th><\/tr><\/thead><tbody><tr ><td data-cell-id=\"A2\" data-x=\"0\" data-y=\"2\" data-db-index=\"2\" class=\"htCenter bold\" data-cell-type=\"text\" data-original-value=\"&lt;a href=&quot;https:\/\/memoriasdehacienda.institutomora.edu.mx\/?page_id=135&quot; target=&quot;_blank&quot;&gt;1850&lt;\/a&gt;\" data-order=\"&lt;a href=&quot;https:\/\/memoriasdehacienda.institutomora.edu.mx\/?page_id=135&quot; target=&quot;_blank&quot;&gt;1850&lt;\/a&gt;\" ><a href=\"https:\/\/memoriasdehacienda.institutomora.edu.mx\/?page_id=135\" target=\"_blank\">1850<\/a><\/td><td data-cell-id=\"B2\" data-x=\"1\" data-y=\"2\" data-db-index=\"2\" class=\"htCenter bold\" data-cell-type=\"text\" data-original-value=\"&lt;a href=&quot;https:\/\/memoriasdehacienda.institutomora.edu.mx\/?page_id=138&quot; target=&quot;_blank&quot;&gt;1860&lt;\/a&gt;\" data-order=\"&lt;a href=&quot;https:\/\/memoriasdehacienda.institutomora.edu.mx\/?page_id=138&quot; target=&quot;_blank&quot;&gt;1860&lt;\/a&gt;\" ><a href=\"https:\/\/memoriasdehacienda.institutomora.edu.mx\/?page_id=138\" target=\"_blank\">1860<\/a><\/td><td data-cell-id=\"C2\" data-x=\"2\" data-y=\"2\" data-db-index=\"2\" class=\"htCenter bold\" data-cell-type=\"text\" data-original-value=\"&lt;a href=&quot;https:\/\/memoriasdehacienda.institutomora.edu.mx\/?page_id=141&quot; target=&quot;_blank&quot;&gt;1870&lt;\/a&gt;\" data-order=\"&lt;a href=&quot;https:\/\/memoriasdehacienda.institutomora.edu.mx\/?page_id=141&quot; target=&quot;_blank&quot;&gt;1870&lt;\/a&gt;\" ><a href=\"https:\/\/memoriasdehacienda.institutomora.edu.mx\/?page_id=141\" target=\"_blank\">1870<\/a><\/td><\/tr><tr ><td data-cell-id=\"A3\" data-x=\"0\" data-y=\"3\" data-db-index=\"3\" class=\"htCenter bg-f2f5f3 bold\" data-cell-type=\"text\" data-original-value=\"&lt;a href=&quot;https:\/\/memoriasdehacienda.institutomora.edu.mx\/?page_id=144&quot; target=&quot;_blank&quot;&gt;1880&lt;\/a&gt;\" data-order=\"&lt;a href=&quot;https:\/\/memoriasdehacienda.institutomora.edu.mx\/?page_id=144&quot; target=&quot;_blank&quot;&gt;1880&lt;\/a&gt;\" ><a href=\"https:\/\/memoriasdehacienda.institutomora.edu.mx\/?page_id=144\" target=\"_blank\">1880<\/a><\/td><td data-cell-id=\"B3\" data-x=\"1\" data-y=\"3\" data-db-index=\"3\" class=\"htCenter bg-f2f5f3 bold\" data-cell-type=\"text\" data-original-value=\"&lt;a href=&quot;https:\/\/memoriasdehacienda.institutomora.edu.mx\/?page_id=147&quot; target=&quot;_blank&quot;&gt;1890&lt;\/a&gt;\" data-order=\"&lt;a href=&quot;https:\/\/memoriasdehacienda.institutomora.edu.mx\/?page_id=147&quot; target=&quot;_blank&quot;&gt;1890&lt;\/a&gt;\" ><a href=\"https:\/\/memoriasdehacienda.institutomora.edu.mx\/?page_id=147\" target=\"_blank\">1890<\/a><\/td><td data-cell-id=\"C3\" data-x=\"2\" data-y=\"3\" data-db-index=\"3\" class=\"htCenter bg-f2f5f3 bold\" data-cell-type=\"text\" data-original-value=\"&lt;a href=&quot;https:\/\/memoriasdehacienda.institutomora.edu.mx\/?page_id=150&quot; target=&quot;_blank&quot;&gt;1900&lt;\/a&gt;\" data-order=\"&lt;a href=&quot;https:\/\/memoriasdehacienda.institutomora.edu.mx\/?page_id=150&quot; target=&quot;_blank&quot;&gt;1900&lt;\/a&gt;\" ><a href=\"https:\/\/memoriasdehacienda.institutomora.edu.mx\/?page_id=150\" target=\"_blank\">1900<\/a><\/td><\/tr><\/tbody><\/table><!-- \/#supsystic-table-4.supsystic-table --><\/div><!-- \/.supsystic-tables-wrap --><!-- Tables Generator by Supsystic --><!-- Version:1.10.20 --><!-- http:\/\/supsystic.com\/ --><\/h3>\n<p>&nbsp;<\/p>\n","protected":false},"excerpt":{"rendered":"<p>Lista completa de Memorias de Hacienda (1822-1910) &nbsp; En esta base de datos que ponemos a disposici\u00f3n del p\u00fablico, se incluye una s\u00edntesis de cada Memoria de Hacienda,&nbsp;datos sobre las bibliotecas donde se albergan, as\u00ed como listas de los anexos estad\u00edsticos que los acompa\u00f1an. La informaci\u00f3n se presenta por d\u00e9cadas y se puede acceder a<\/p>\n<p><a href=\"https:\/\/memoriasdehacienda.institutomora.edu.mx\/?page_id=54\" class=\"more-link themebutton\">Read More<\/a><\/p>\n","protected":false},"author":1,"featured_media":0,"parent":0,"menu_order":0,"comment_status":"closed","ping_status":"closed","template":"","meta":[],"_links":{"self":[{"href":"https:\/\/memoriasdehacienda.institutomora.edu.mx\/index.php?rest_route=\/wp\/v2\/pages\/54"}],"collection":[{"href":"https:\/\/memoriasdehacienda.institutomora.edu.mx\/index.php?rest_route=\/wp\/v2\/pages"}],"about":[{"href":"https:\/\/memoriasdehacienda.institutomora.edu.mx\/index.php?rest_route=\/wp\/v2\/types\/page"}],"author":[{"embeddable":true,"href":"https:\/\/memoriasdehacienda.institutomora.edu.mx\/index.php?rest_route=\/wp\/v2\/users\/1"}],"replies":[{"embeddable":true,"href":"https:\/\/memoriasdehacienda.institutomora.edu.mx\/index.php?rest_route=%2Fwp%2Fv2%2Fcomments&post=54"}],"version-history":[{"count":40,"href":"https:\/\/memoriasdehacienda.institutomora.edu.mx\/index.php?rest_route=\/wp\/v2\/pages\/54\/revisions"}],"predecessor-version":[{"id":8619,"href":"https:\/\/memoriasdehacienda.institutomora.edu.mx\/index.php?rest_route=\/wp\/v2\/pages\/54\/revisions\/8619"}],"wp:attachment":[{"href":"https:\/\/memoriasdehacienda.institutomora.edu.mx\/index.php?rest_route=%2Fwp%2Fv2%2Fmedia&parent=54"}],"curies":[{"name":"wp","href":"https:\/\/api.w.org\/{rel}","templated":true}]}}