{"id":551,"date":"2016-04-07T12:13:22","date_gmt":"2016-04-07T18:13:22","guid":{"rendered":"http:\/\/memoriasdehacienda.colmex.mx\/mhwp\/?page_id=551"},"modified":"2017-07-27T16:42:26","modified_gmt":"2017-07-27T22:42:26","slug":"memoria-2","status":"publish","type":"page","link":"https:\/\/memoriasdehacienda.institutomora.edu.mx\/?page_id=551","title":{"rendered":"Memoria 2 (julio de 1822-marzo de 1823)"},"content":{"rendered":"<p style=\"text-align: justify;\"><span style=\"font-size: 11pt; color: #ff6600;\"><strong>(2) Exposici\u00f3n al Soberano Congreso mexicano sobre el estado de la Hacienda P\u00fablica y conducta del ciudadano Antonio de Medina en el tiempo que fue a su cargo el ministerio. M\u00e9xico, Imprenta del \u00c1guila, dirigida por Jos\u00e9 Ximeno, 1823, 66 pp., cuadros, tablas.<\/strong><\/span><\/p>\n<p><span style=\"color: #000000;\">(Reeditada por la SPP, M\u00e9xico, 1982)<\/span><\/p>\n<p><span style=\"color: #000000;\">Firmada por Antonio de Medina<\/span><\/p>\n<p><span style=\"color: #000000;\">Per\u00edodo: julio de 1822-marzo de 1823.<\/span><\/p>\n<p><span style=\"color: #000000;\">Se localiza: <span class=\"tooltips \" style=\"\" title=\"Biblioteca &quot;Miguel Lerdo de Tejada&quot;, Secretar\u00eda de Hacienda y Cr\u00e9dito P\u00fablico.\">BH<\/span>,<span style=\"font-variant-ligatures: normal; font-variant-caps: normal; orphans: 2; text-align: start; widows: 2; -webkit-text-stroke-width: 0px; float: none; word-spacing: 0px;\">\u00a0<\/span><span class=\"tooltips \" style=\"\" title=\"Biblioteca  Nacional de M\u00e9xico-Colecci\u00f3n de Libros Raros y Curiosos, Fondo Reservado, UNAM.\">BNLR<\/span>,\u00a0<span class=\"tooltips \" style=\"\" title=\"Biblioteca  de la Sociedad Mexicana de Geograf\u00eda y Estad\u00edstica.\">BSMGE<\/span>.<\/span><\/p>\n<p><span style=\"color: #000000;\"><strong><span style=\"font-size: 11pt;\">Tiene anexos, cuadros y tablas.<\/span><\/strong><\/span><\/p>\n<p style=\"text-align: justify;\"><span style=\"color: #000000;\"><strong><span style=\"font-size: 11pt;\">S\u00edntesis del contenido:<\/span><\/strong><\/span><\/p>\n<p style=\"text-align: justify;\"><span style=\"color: #000000;\">Una gran parte del escrito de Medina constituye una revisi\u00f3n de la trayectoria de la hacienda p\u00fablica desde 1810 hasta 1823. La anarqu\u00eda administrativa y la falta de recursos que caracteriz\u00f3 a la hacienda en el per\u00edodo de la revoluci\u00f3n de independencia, seg\u00fan Medina, empiezan a resolverse merced a una serie de medidas que tom\u00f3 su administraci\u00f3n.<\/span><\/p>\n<p style=\"text-align: justify;\"><span style=\"color: #000000;\">Entre dichas medidas destacan las que pretenden restablecer la distribuci\u00f3n equitativa de las rentas. Por ejemplo, las tesorer\u00edas de provincia se quedan con la funci\u00f3n \u00fanica de recibir ingresos; en adelante, salvo orden del Ministro de hacienda, ya no disponen de caudales para pagos y gastos. Asimismo, los funcionarios encargados de las tesorer\u00edas de provincia deben enviar mensualmente un informe detallado de entradas y salidas, de impuestos generales y particulares que se cobran en su territorios, n\u00famero de empleados, empleos vacantes y d\u00e9ficit mensual.<\/span><\/p>\n<p style=\"text-align: justify;\"><span style=\"color: #000000;\">Otras medidas que rese\u00f1a Medina se refieren al aumento y disminuci\u00f3n de ingresos; entre ellas destaca el cese del pr\u00e9stamo forzoso de 1 mill\u00f3n de pesos que el gobierno provisional instituy\u00f3 con hipotecas de los fondos de la Inquisici\u00f3n y de las Californias, y del que s\u00f3lo se alcanz\u00f3 a recolectar la cantidad de 500 mil pesos. Por otra parte, para cubrir gastos onerosos como la subsistencia de las tropas, se menciona que se dispuso vender las fincas de las Temporalidades y se solicit\u00f3 un pr\u00e9stamo a las catedrales, hipotecando la renta del tabaco. Finalmente, Medina insiste en que la organizaci\u00f3n de la hacienda p\u00fablica en M\u00e9xico es deficiente por no conocerse cabalmente la situaci\u00f3n econ\u00f3mica de cada provincia. Propone una reforma que contemple la organizaci\u00f3n de un sistema fiscal con base a informaci\u00f3n estad\u00edstica de todo el pa\u00eds, en especial aquella referente a los consumos p\u00fablicos. Los datos de los anexos son de la ciudad de M\u00e9xico. Tiene una importancia singular esta memoria por las estad\u00edsticas fiscales que trae sobre el per\u00edodo 1810-1823<\/span>.[read more=&#8221;Ver anexos estad\u00edsticos&#8221; less=&#8221;ver menos&#8221;]<\/p>\n<p><strong><span style=\"color: #0000ff;\">Anexos<\/span><\/strong><\/p>\n<p>Aduana de M\u00e9xico, 1810-1823, Doc. 1 (2)<\/p>\n<p>Acu\u00f1aci\u00f3n de oro, plata y cobre, Casa de Moneda de M\u00e9xico, 1810-1823, Doc. 2 (2)<\/p>\n<p>Casa de Moneda de M\u00e9xico, capitales que posee, 1823, Doc. 3 (2)<\/p>\n<p>Tabaco, Producci\u00f3n en las f\u00e1bricas de M\u00e9xico y Guadalupe, 1823, Doc. 4 (2)<\/p>\n<p>Tabaco, Estado de la renta del, 1823, Doc. 5 (2)<\/p>\n<p>Tabaco, Estado de las existencias de la renta del, 1823, Doc. 6 (2)<\/p>\n<p>Cuenta del erario federal, Ingresos y egresos en la Tesorer\u00eda General, 1810-1823, Docs.7, 10, 12-13 (2)<\/p>\n<p>Ministerio de Guerra y Marina, ingresos y egresos para su atenci\u00f3n, 1823, Doc. 8-9 (2)<\/p>\n<p>Moneda, papel (su distribuci\u00f3n en los Estados), 1823, Doc. 11 (2)<\/p>\n<p>[\/read]<\/p>\n<div><\/div>\n","protected":false},"excerpt":{"rendered":"<p>(2) Exposici\u00f3n al Soberano Congreso mexicano sobre el estado de la Hacienda P\u00fablica y conducta del ciudadano Antonio de Medina en el tiempo que fue a su cargo el ministerio. M\u00e9xico, Imprenta del \u00c1guila, dirigida por Jos\u00e9 Ximeno, 1823, 66 pp., cuadros, tablas. (Reeditada por la SPP, M\u00e9xico, 1982) Firmada por Antonio de Medina Per\u00edodo:<\/p>\n<p><a href=\"https:\/\/memoriasdehacienda.institutomora.edu.mx\/?page_id=551\" class=\"more-link themebutton\">Read More<\/a><\/p>\n","protected":false},"author":2,"featured_media":0,"parent":0,"menu_order":0,"comment_status":"closed","ping_status":"closed","template":"","meta":[],"_links":{"self":[{"href":"https:\/\/memoriasdehacienda.institutomora.edu.mx\/index.php?rest_route=\/wp\/v2\/pages\/551"}],"collection":[{"href":"https:\/\/memoriasdehacienda.institutomora.edu.mx\/index.php?rest_route=\/wp\/v2\/pages"}],"about":[{"href":"https:\/\/memoriasdehacienda.institutomora.edu.mx\/index.php?rest_route=\/wp\/v2\/types\/page"}],"author":[{"embeddable":true,"href":"https:\/\/memoriasdehacienda.institutomora.edu.mx\/index.php?rest_route=\/wp\/v2\/users\/2"}],"replies":[{"embeddable":true,"href":"https:\/\/memoriasdehacienda.institutomora.edu.mx\/index.php?rest_route=%2Fwp%2Fv2%2Fcomments&post=551"}],"version-history":[{"count":32,"href":"https:\/\/memoriasdehacienda.institutomora.edu.mx\/index.php?rest_route=\/wp\/v2\/pages\/551\/revisions"}],"predecessor-version":[{"id":8110,"href":"https:\/\/memoriasdehacienda.institutomora.edu.mx\/index.php?rest_route=\/wp\/v2\/pages\/551\/revisions\/8110"}],"wp:attachment":[{"href":"https:\/\/memoriasdehacienda.institutomora.edu.mx\/index.php?rest_route=%2Fwp%2Fv2%2Fmedia&parent=551"}],"curies":[{"name":"wp","href":"https:\/\/api.w.org\/{rel}","templated":true}]}}