{"id":553,"date":"2016-04-07T12:14:01","date_gmt":"2016-04-07T18:14:01","guid":{"rendered":"http:\/\/memoriasdehacienda.colmex.mx\/mhwp\/?page_id=553"},"modified":"2017-07-31T13:08:13","modified_gmt":"2017-07-31T19:08:13","slug":"memoria-3","status":"publish","type":"page","link":"https:\/\/memoriasdehacienda.institutomora.edu.mx\/?page_id=553","title":{"rendered":"Memoria 3 (31 de mayo de 1823)"},"content":{"rendered":"<p style=\"text-align: justify;\"><span style=\"font-size: 11pt; color: #ff6600;\">(3) Memoria provisional, presentada al Soberano Congreso por el Ministerio de Hacienda en 2 de junio de 1823. [M\u00e9xico], Imprenta Nacional del Supremo Gobierno, en Palacio, [1823], 16 pp.<\/span><\/p>\n<p style=\"text-align: justify;\"><span style=\"font-size: 10pt; color: #000000;\">Firmada por Francisco de Arrillaga<\/span><\/p>\n<p style=\"text-align: justify;\"><span style=\"font-size: 10pt; color: #000000;\">Per\u00edodo: abril-mayo de 1823<\/span><\/p>\n<p style=\"text-align: justify;\"><span style=\"color: #000000; font-size: 10pt;\">Se localiza:\u00a0<span class=\"tooltips \" style=\"\" title=\"Biblioteca  del Archivo General de la Naci\u00f3n, M\u00e9xico.\">BAGN<\/span>, <span class=\"tooltips \" style=\"\" title=\"Biblioteca  del Banco de M\u00e9xico.\">BBM<\/span>,\u00a0<span class=\"tooltips \" style=\"\" title=\"Biblioteca  del Congreso Nacional, M\u00e9xico.\">BC<\/span>, <span class=\"tooltips \" style=\"\" title=\"Biblioteca &quot;Daniel Cos\u00edo Villegas&quot;, El Colegio de M\u00e9xico (material en micropel\u00edcula).\">BColmex-Mfilm<\/span>,\u00a0<span class=\"tooltips \" style=\"\" title=\"Biblioteca del Centro de Estudios de Historia de M\u00e9xico, CONDUMEX.\">Bcondumex<\/span>, <span class=\"tooltips \" style=\"\" title=\"Biblioteca  &quot;Eusebio D\u00e1valos&quot; del Museo Nacional de Antroplog\u00eda e Historia.\">BED<\/span>, <span class=\"tooltips \" style=\"\" title=\"Biblioteca &quot;Miguel Lerdo de Tejada&quot;, Secretar\u00eda de Hacienda y Cr\u00e9dito P\u00fablico.\">BH<\/span>, <span class=\"tooltips \" style=\"\" title=\"Biblioteca  del Instituto de Investigaciones Hist\u00f3ricas, UNAM.\">BIIH<\/span>, <span class=\"tooltips \" style=\"\" title=\"Biblioteca del Instituto de Investigaciones &quot;Dr. Jos\u00e9 Mar\u00eda Luis Mora&quot; (material en micropel\u00edcula).\">BIM-Mfilm<\/span>, <span class=\"tooltips \" style=\"\" title=\"Biblioteca  Nacional de M\u00e9xico-Colecci\u00f3n Col\u00edn, UNAM.\">BNCC<\/span>, <span class=\"tooltips \" style=\"\" title=\"Biblioteca Nacional de M\u00e9xico-Colecci\u00f3n Lafragua, Fondo Reservado, UNAM.\">BNCL<\/span>,\u00a0<span class=\"tooltips \" style=\"\" title=\"Biblioteca  Nacional de M\u00e9xico-Colecci\u00f3n de Libros Raros y Curiosos, Fondo Reservado, UNAM.\">BNLR<\/span>,\u00a0<span class=\"tooltips \" style=\"\" title=\"Biblioteca  de la Secretar\u00eda de Gobernaci\u00f3n.\">BSG<\/span>, <span class=\"tooltips \" style=\"\" title=\".\">Mfilm=Micropel\u00edcula<\/span>.<\/span><\/p>\n<p style=\"text-align: justify;\"><span style=\"font-size: 10pt; color: #000000;\"><span style=\"color: #000000;\">\u00a0<\/span><\/span><span style=\"color: #000000;\"><strong><span style=\"font-size: 10pt;\">No tiene anexos ni cuadros<\/span><\/strong><\/span><\/p>\n<p style=\"text-align: justify;\"><span style=\"color: #000000;\"><strong><span style=\"font-size: 10pt;\">S\u00edntesis del contenido:<\/span><\/strong><\/span><\/p>\n<p style=\"text-align: justify;\"><span style=\"color: #000000;\">El Ministro considera que los gastos m\u00e1s urgentes son el pago al ej\u00e9rcito, a los empleados y a los acreedores. Por otra parte, piensa que una tarea importante a realizar es el combate a la corrupci\u00f3n. En seguida hace una breve rese\u00f1a del estado del erario nacional: p\u00f3lvora, casa de moneda, consulados, aduanas, alcabalas, pr\u00e9stamos forzosos, bienes, loter\u00eda, correos y en especial el estanco del tabaco. Debido al mal estado de las rentas, y con el objetivo de conseguir recursos para la naci\u00f3n, propone continuar con las gestiones del empr\u00e9stito externo a contratarse en Londres, impulsar la negociaci\u00f3n de un pr\u00e9stamo interno forzoso que se extienda proporcionalmente a todas las provincias y elaborar un nuevo arancel de comercio. Adem\u00e1s, recomienda desamortizar bienes eclesi\u00e1sticos y comunales. Como soluci\u00f3n al d\u00e9ficit que se prev\u00e9, le parece poco factible solucionarlo con el arreglo del sistema hacendario y aumentando el n\u00famero de contribuciones; la soluci\u00f3n esta en la concertaci\u00f3n del pr\u00e9stamo propuesto en Londres.<\/span><\/p>\n","protected":false},"excerpt":{"rendered":"<p>(3) Memoria provisional, presentada al Soberano Congreso por el Ministerio de Hacienda en 2 de junio de 1823. [M\u00e9xico], Imprenta Nacional del Supremo Gobierno, en Palacio, [1823], 16 pp. Firmada por Francisco de Arrillaga Per\u00edodo: abril-mayo de 1823 Se localiza:\u00a0, ,\u00a0, ,\u00a0, , , , , , ,\u00a0,\u00a0, . \u00a0No tiene anexos ni cuadros S\u00edntesis<\/p>\n<p><a href=\"https:\/\/memoriasdehacienda.institutomora.edu.mx\/?page_id=553\" class=\"more-link themebutton\">Read More<\/a><\/p>\n","protected":false},"author":2,"featured_media":0,"parent":0,"menu_order":0,"comment_status":"closed","ping_status":"closed","template":"","meta":[],"_links":{"self":[{"href":"https:\/\/memoriasdehacienda.institutomora.edu.mx\/index.php?rest_route=\/wp\/v2\/pages\/553"}],"collection":[{"href":"https:\/\/memoriasdehacienda.institutomora.edu.mx\/index.php?rest_route=\/wp\/v2\/pages"}],"about":[{"href":"https:\/\/memoriasdehacienda.institutomora.edu.mx\/index.php?rest_route=\/wp\/v2\/types\/page"}],"author":[{"embeddable":true,"href":"https:\/\/memoriasdehacienda.institutomora.edu.mx\/index.php?rest_route=\/wp\/v2\/users\/2"}],"replies":[{"embeddable":true,"href":"https:\/\/memoriasdehacienda.institutomora.edu.mx\/index.php?rest_route=%2Fwp%2Fv2%2Fcomments&post=553"}],"version-history":[{"count":46,"href":"https:\/\/memoriasdehacienda.institutomora.edu.mx\/index.php?rest_route=\/wp\/v2\/pages\/553\/revisions"}],"predecessor-version":[{"id":8187,"href":"https:\/\/memoriasdehacienda.institutomora.edu.mx\/index.php?rest_route=\/wp\/v2\/pages\/553\/revisions\/8187"}],"wp:attachment":[{"href":"https:\/\/memoriasdehacienda.institutomora.edu.mx\/index.php?rest_route=%2Fwp%2Fv2%2Fmedia&parent=553"}],"curies":[{"name":"wp","href":"https:\/\/api.w.org\/{rel}","templated":true}]}}