{"id":555,"date":"2016-04-07T12:15:35","date_gmt":"2016-04-07T18:15:35","guid":{"rendered":"http:\/\/memoriasdehacienda.colmex.mx\/mhwp\/?page_id=555"},"modified":"2023-03-16T13:05:16","modified_gmt":"2023-03-16T19:05:16","slug":"memoria-4","status":"publish","type":"page","link":"https:\/\/memoriasdehacienda.institutomora.edu.mx\/?page_id=555","title":{"rendered":"Memoria 4  (12 de noviembre de 1823)"},"content":{"rendered":"<p style=\"text-align: justify;\"><span style=\"font-size: 11pt; color: #ff6600;\"><strong>(4) Memoria que el Secretario del Estado y del Despacho de Hacienda present\u00f3 al Soberano Congreso Constituyente sobre los ramos del Ministerio a su cargo, le\u00edda en la sesi\u00f3n del 12 de noviembre de 1823. M\u00e9xico, Imprenta del Supremo Gobierno, en Palacio, [1823], 30 pp., cuadros, tablas.<\/strong><\/span><\/p>\n<p><span style=\"color: #000000;\">Firmada por Francisco de Arrillaga<\/span><\/p>\n<p><span style=\"color: #000000;\">Per\u00edodo: junio-noviembre de 1823<\/span><\/p>\n<p><span style=\"color: #000000;\">Se localiza: <span class=\"tooltips \" style=\"\" title=\"Biblioteca &quot;Miguel Lerdo de Tejada&quot;, Secretar\u00eda de Hacienda y Cr\u00e9dito P\u00fablico.\">BH<\/span>, <span class=\"tooltips \" style=\"\" title=\"Biblioteca Nacional de M\u00e9xico-Colecci\u00f3n Lafragua, Fondo Reservado, UNAM.\">BNCL<\/span>,&nbsp;<span class=\"tooltips \" style=\"\" title=\"Biblioteca &amp;nbsp;Nacional de M\u00e9xico-Colecci\u00f3n de Libros Raros y Curiosos, Fondo Resrvado, UNAM.\">BNLR<\/span>, <span class=\"tooltips \" style=\"\" title=\"Biblioteca &amp;nbsp;del Instituto de Investigaciones Hist\u00f3ricas, UNAM.\">BIIH<\/span>, <span class=\"tooltips \" style=\"\" title=\"Biblioteca del Instituto de Investigaciones &quot;Dr. Jos\u00e9 Mar\u00eda Luis Mora&quot; (material en micropel\u00edcula).\">BIM-Mfilm<\/span>, <span class=\"tooltips \" style=\"\" title=\"Biblioteca &quot;Daniel Cos\u00edo Villegas&quot;, El Colegio de M\u00e9xico (material en micropel\u00edcula).\">BColmex-Mfilm<\/span>,&nbsp;<span class=\"tooltips \" style=\"\" title=\"Biblioteca &amp;nbsp;Nacional de M\u00e9xico-Colecci\u00f3n Col\u00edn, UNAM.\">BNCC<\/span>,&nbsp;<span class=\"tooltips \" style=\"\" title=\"Biblioteca Nacional de M\u00e9xico-Colecci\u00f3n Lafragua, Fondo Reservado, UNAM.\">BNCL<\/span>,&nbsp;<span class=\"tooltips \" style=\"\" title=\"Biblioteca &amp;nbsp;Nacional de M\u00e9xico-Colecci\u00f3n de Libros Raros y Curiosos, Fondo Reservado, UNAM.\">BNLR<\/span>,&nbsp;<span class=\"tooltips \" style=\"\" title=\"Biblioteca &amp;nbsp;de la Secretar\u00eda de Gobernaci\u00f3n.\">BSG<\/span>,&nbsp;<span class=\"tooltips \" style=\"\" title=\".\">Mfilm=Micropel\u00edcula <\/span>.<\/span><span style=\"color: #000000;\">&nbsp;<\/span><\/p>\n<p><strong><span style=\"color: #000000;\">Tiene anexos, cuadros y tablas.&nbsp;<\/span><\/strong><strong><span style=\"color: #000000;\">S\u00edntesis del contenido:<\/span><\/strong><\/p>\n<p><span style=\"color: #000000;\">El Ministro analiza las dificultades que enfrenta para imponer contribuciones directas, aclarando no estar de acuerdo con su implantaci\u00f3n. En seguida propone arreglar la administraci\u00f3n hacendaria mediante la creaci\u00f3n de una Tesorer\u00eda General (que sustituya a la Caja Matriz), con sus respectivas tesorer\u00edas y pagadur\u00edas subalternas. Asimismo propone la conformaci\u00f3n de una Direcci\u00f3n General de Hacienda P\u00fablica, encargada de la parte operativa de la administraci\u00f3n y de la supervisi\u00f3n de las rentas. Con base a la memoria anterior explica brevemente las reformas realizadas durante el Primer Imperio, critica el arancel de aduanas existente porque lo considera ineficiente, y apoya las gestiones de pr\u00e9stamos en el extranjero. Para mejorar los ingresos del estado propone: reformar el arancel de aduanas, ampliar la renta del papel sellado, restablecer las cajas de rescate para capitalizar a las casas de moneda y ampliar el impuesto de las bebidas alcoh\u00f3licas. Lo mas importante de la memoria es una larga exposici\u00f3n que realiza el Ministro a favor del restablecimiento del estanco del tabaco.&nbsp;<\/span><strong>[read more=&#8221;Ver anexos estad\u00edsticos&#8221; less=&#8221;ver menos&#8221;]<\/strong><\/p>\n<p>&nbsp;<\/p>\n<p><strong><span style=\"color: #0000ff;\">Anexos:<\/span><\/strong><\/p>\n<p>Deuda nacional, 1821-1823 Doc. <span style=\"color: #0000ff;\"><a style=\"color: #0000ff;\" href=\"https:\/\/memoriasdehacienda.institutomora.edu.mx\/wp-content\/uploads\/001DEUDA1823-Nal.xls\">1<\/a><\/span> (4)<\/p>\n<p>Deuda nacional en los Estados, 1821-1823, Doc. 1 (4)<\/p>\n<p>Cuenta del erario p\u00fablico, Ingresos y egresos, su estado en las cajas generales de la capital, 1823, Doc.<span style=\"color: #0000ff;\"><a style=\"color: #0000ff;\" href=\"https:\/\/memoriasdehacienda.institutomora.edu.mx\/wp-content\/uploads\/002CUENTADELERARIOPUB1823-ingresyegrescajasdelacapital.xls\"> 2<\/a><\/span> (4)<\/p>\n<p>Deuda p\u00fablica, Deuda contra\u00edda por tesorer\u00eda de ej\u00e9rcito y hacienda con los militares y civiles (adeudo de salarios), 1823, anexo al Doc. 2 (4)<\/p>\n<p>Deuda nacional, cr\u00e9ditos amortizados, 1823, Doc.<span style=\"color: #0000ff;\"> <a style=\"color: #0000ff;\" href=\"https:\/\/memoriasdehacienda.institutomora.edu.mx\/wp-content\/uploads\/003DEUDA1823cr\u00e9ditosamortizados.xls\">3<\/a><\/span> (4)<\/p>\n<p>Moneda, papel, 1823, Doc.<span style=\"color: #0000ff;\"><a style=\"color: #0000ff;\" href=\"https:\/\/memoriasdehacienda.institutomora.edu.mx\/wp-content\/uploads\/003DEUDA1823-papelmoneda.xls\"> 3<\/a><\/span> (4)<\/p>\n<p>Tabaco, ingresos y egresos de la renta del, 1823, Doc. <span style=\"color: #0000ff;\"><a style=\"color: #0000ff;\" href=\"https:\/\/memoriasdehacienda.institutomora.edu.mx\/wp-content\/uploads\/004TABACO1823.xls\">4<\/a><\/span> (4)<\/p>\n<p>Aduanas mar\u00edtimas y terrestres, ingresos y egresos, 1823, Doc. <span style=\"color: #0000ff;\"><a style=\"color: #0000ff;\" href=\"https:\/\/memoriasdehacienda.institutomora.edu.mx\/wp-content\/uploads\/5-6ALCABALASYPULQUESADUANAS-MARITIMAS-1823.xls\">5<\/a><\/span> (4)<\/p>\n<p>Alcabalas y pulques, ingresos y egresos, 1823, Doc.<span style=\"color: #0000ff;\"><a style=\"color: #0000ff;\" href=\"https:\/\/memoriasdehacienda.institutomora.edu.mx\/wp-content\/uploads\/5-6ALCABALAYPULQUES1823.xls\"> 5-6<\/a><\/span> (4)<\/p>\n<p>Pulques y alcabalas, ingresos y egresos, 1823, Doc. 5-6 (4)<\/p>\n<p>Cuenta del erario federal, Ingresos y egresos de las rentas y ramos de la Hacienda, 1823, Doc.<span style=\"color: #0000ff;\"><a style=\"color: #0000ff;\" href=\"https:\/\/memoriasdehacienda.institutomora.edu.mx\/wp-content\/uploads\/007CUENTADELERARIOFED1823ingresosyegresos.xls\"> 7<\/a><\/span> (4)<\/p>\n<p>Intendencias, Ingresos y egresos en las cajas nacionales de las 13, Doc. <span style=\"color: #0000ff;\"><a style=\"color: #0000ff;\" href=\"https:\/\/memoriasdehacienda.institutomora.edu.mx\/wp-content\/uploads\/008INTENDENCIAS1823ingresosyegresos.xls\">8<\/a><\/span> (4)<\/p>\n<p>Intendencias, Presupuestos de gastos en las 13, Doc. <span style=\"color: #0000ff;\"><a style=\"color: #0000ff;\" href=\"https:\/\/memoriasdehacienda.institutomora.edu.mx\/wp-content\/uploads\/009INTENDENCIAS1823razon.xls\">9<\/a><\/span> (4)<\/p>\n<p>Hacienda p\u00fablica, expedientes pendientes de solucionar Doc. <span style=\"color: #0000ff;\"><a style=\"color: #0000ff;\" href=\"https:\/\/memoriasdehacienda.institutomora.edu.mx\/wp-content\/uploads\/010HACIENDAPUBLICA1823expedientes.xls\">10<\/a><\/span> (4)<\/p>\n<p>[\/read]<\/p>\n<div><\/div>\n","protected":false},"excerpt":{"rendered":"<p>(4) Memoria que el Secretario del Estado y del Despacho de Hacienda present\u00f3 al Soberano Congreso Constituyente sobre los ramos del Ministerio a su cargo, le\u00edda en la sesi\u00f3n del 12 de noviembre de 1823. M\u00e9xico, Imprenta del Supremo Gobierno, en Palacio, [1823], 30 pp., cuadros, tablas. Firmada por Francisco de Arrillaga Per\u00edodo: junio-noviembre de<\/p>\n<p><a href=\"https:\/\/memoriasdehacienda.institutomora.edu.mx\/?page_id=555\" class=\"more-link themebutton\">Read More<\/a><\/p>\n","protected":false},"author":2,"featured_media":0,"parent":0,"menu_order":0,"comment_status":"closed","ping_status":"closed","template":"","meta":[],"_links":{"self":[{"href":"https:\/\/memoriasdehacienda.institutomora.edu.mx\/index.php?rest_route=\/wp\/v2\/pages\/555"}],"collection":[{"href":"https:\/\/memoriasdehacienda.institutomora.edu.mx\/index.php?rest_route=\/wp\/v2\/pages"}],"about":[{"href":"https:\/\/memoriasdehacienda.institutomora.edu.mx\/index.php?rest_route=\/wp\/v2\/types\/page"}],"author":[{"embeddable":true,"href":"https:\/\/memoriasdehacienda.institutomora.edu.mx\/index.php?rest_route=\/wp\/v2\/users\/2"}],"replies":[{"embeddable":true,"href":"https:\/\/memoriasdehacienda.institutomora.edu.mx\/index.php?rest_route=%2Fwp%2Fv2%2Fcomments&post=555"}],"version-history":[{"count":31,"href":"https:\/\/memoriasdehacienda.institutomora.edu.mx\/index.php?rest_route=\/wp\/v2\/pages\/555\/revisions"}],"predecessor-version":[{"id":8638,"href":"https:\/\/memoriasdehacienda.institutomora.edu.mx\/index.php?rest_route=\/wp\/v2\/pages\/555\/revisions\/8638"}],"wp:attachment":[{"href":"https:\/\/memoriasdehacienda.institutomora.edu.mx\/index.php?rest_route=%2Fwp%2Fv2%2Fmedia&parent=555"}],"curies":[{"name":"wp","href":"https:\/\/api.w.org\/{rel}","templated":true}]}}