{"id":557,"date":"2016-04-07T12:15:52","date_gmt":"2016-04-07T18:15:52","guid":{"rendered":"http:\/\/memoriasdehacienda.colmex.mx\/mhwp\/?page_id=557"},"modified":"2017-07-31T13:09:01","modified_gmt":"2017-07-31T19:09:01","slug":"memoria-5","status":"publish","type":"page","link":"https:\/\/memoriasdehacienda.institutomora.edu.mx\/?page_id=557","title":{"rendered":"Memoria 5 (1\u00ba de enero de 1825)"},"content":{"rendered":"<p style=\"text-align: justify;\"><span style=\"color: #ff6600;\"><strong><span style=\"font-size: 11pt;\">(5) Memoria sobre el estado de la Hacienda P\u00fablica, le\u00edda en la C\u00e1mara de Diputados y en la de Senadores por el Ministro del Ramo. En cumplimiento del Art\u00edculo 120 de la Constituci\u00f3n federal de los Estados Unidos Mexicanos a 4 de enero de 1825. M\u00e9xico, Imprenta del Supremo Gobierno de los Estados Unidos Mexicanos, en Palacio, [1825], 54 pp., cuadros. (paginaci\u00f3n irregular).<\/span><\/strong><\/span><\/p>\n<p style=\"text-align: justify;\"><span style=\"color: #000000;\">Firmada por Jos\u00e9 Ignacio Esteva<\/span><\/p>\n<p style=\"text-align: justify;\"><span style=\"color: #000000;\">Per\u00edodo: 1824.<\/span><\/p>\n<p style=\"text-align: justify;\"><span style=\"color: #000000;\">Se localiza:\u00a0<span class=\"tooltips \" style=\"\" title=\"Biblioteca  del Archivo General de la Naci\u00f3n, M\u00e9xico.\">BAGN<\/span>, <span class=\"tooltips \" style=\"\" title=\"Biblioteca &quot;Miguel Lerdo de Tejada&quot;, Secretar\u00eda de Hacienda y Cr\u00e9dito P\u00fablico.\">BH<\/span>, <span class=\"tooltips \" style=\"\" title=\"Biblioteca Nacional de M\u00e9xico-Colecci\u00f3n Lafragua, Fondo Reservado, UNAM.\">BNCL<\/span>, <span class=\"tooltips \" style=\"\" title=\"Biblioteca  Nacional de M\u00e9xico-Colecci\u00f3n de Libros Raros y Curiosos, Fondo Reservado, UNAM.\">BNLR<\/span>, <span class=\"tooltips \" style=\"\" title=\"Biblioteca  del Instituto de Investigaciones Hist\u00f3ricas, UNAM.\">BIIH<\/span>, <span class=\"tooltips \" style=\"\" title=\"Biblioteca del Instituto de Investigaciones &quot;Dr. Jos\u00e9 Mar\u00eda Luis Mora&quot; (material en micropel\u00edcula).\">BIM-Mfilm<\/span>,\u00a0<span class=\"tooltips \" style=\"\" title=\"Biblioteca del Centro de Estudios de Historia de M\u00e9xico, CONDUMEX.\">Bcondumex<\/span>.<\/span><\/p>\n<p style=\"text-align: justify;\"><strong><span style=\"color: #000000;\">No tiene anexos, pero tiene cuadros<\/span><\/strong><\/p>\n<p style=\"text-align: justify;\"><strong><span style=\"color: #000000;\">S\u00edntesis del contenido:<\/span><\/strong><\/p>\n<p style=\"text-align: justify;\"><span style=\"color: #000000;\">En el primer apartado, el Ministro Esteva se refiere al desorden y atraso de las oficinas de Hacienda y en el segundo a la bancarrota, dejando constancia de que asumi\u00f3 el cargo el 9 de agosto de 1824. La memoria esta dividida en 4 partes: el estado en que se &#8220;hallaba&#8221; el erario; en el que se &#8220;encuentra&#8221;; en el que &#8220;es absolutamente preciso se ponga&#8221; y, &#8220;los medios de conseguirlo&#8221;. En la primera parte, hace un reconocimiento a sus antecesores. En la segunda, hace un enlistado de los rubros que conforman los ingresos de la Hacienda P\u00fablica y en cada uno de ellos compara los ingresos anteriores con los actuales, y presenta un &#8220;Estracto de los valores, gastos y l\u00edquido de las rentas generales correspondientes a la Federaci\u00f3n&#8221;. En el tercer punto da a conocer el presupuesto de gastos de la Hacienda P\u00fablica. En el cuarto punto hace una serie de recomendaciones entre las que destacan su oposici\u00f3n a imponer contribuciones nuevas y a comprometerse con empr\u00e9stitos extranjeros. Sugiere, en cambio, &#8220;revivir&#8221; antiguas rentas como la del tabaco.<\/span><\/p>\n<p style=\"text-align: justify;\"><span style=\"color: #000000;\">Cabe mencionar que esta memoria esta acompa\u00f1ada por un &#8220;An\u00e1lisis de la memoria del Ministerio de Hacienda formado por la comisi\u00f3n nombrada al efecto por la C\u00e1mara de Diputados&#8221; y el &#8220;Crisol de la memoria de Hacienda (A\u00f1o de 1825), defendi\u00e9ndose Esteva del examen que se hace de ella en el Congreso&#8221;. Este \u00faltimo documento es acompa\u00f1ado de un anexo referente al estado contable de los tabacos en rama, labrados y dem\u00e1s efectos del monopolio.<\/span><\/p>\n<p style=\"text-align: justify;\"><span style=\"color: #000000;\">La Memoria tiene un cuadro de ingresos y egresos de las rentas que corresponden a la federaci\u00f3n, probablemente correspondiente al a\u00f1o de 1824. Hay tambi\u00e9n cuadros correspondientes al presupuesto del gobierno federal dividido por ramos.<\/span><\/p>\n","protected":false},"excerpt":{"rendered":"<p>(5) Memoria sobre el estado de la Hacienda P\u00fablica, le\u00edda en la C\u00e1mara de Diputados y en la de Senadores por el Ministro del Ramo. En cumplimiento del Art\u00edculo 120 de la Constituci\u00f3n federal de los Estados Unidos Mexicanos a 4 de enero de 1825. M\u00e9xico, Imprenta del Supremo Gobierno de los Estados Unidos Mexicanos,<\/p>\n<p><a href=\"https:\/\/memoriasdehacienda.institutomora.edu.mx\/?page_id=557\" class=\"more-link themebutton\">Read More<\/a><\/p>\n","protected":false},"author":2,"featured_media":0,"parent":0,"menu_order":0,"comment_status":"closed","ping_status":"closed","template":"","meta":[],"_links":{"self":[{"href":"https:\/\/memoriasdehacienda.institutomora.edu.mx\/index.php?rest_route=\/wp\/v2\/pages\/557"}],"collection":[{"href":"https:\/\/memoriasdehacienda.institutomora.edu.mx\/index.php?rest_route=\/wp\/v2\/pages"}],"about":[{"href":"https:\/\/memoriasdehacienda.institutomora.edu.mx\/index.php?rest_route=\/wp\/v2\/types\/page"}],"author":[{"embeddable":true,"href":"https:\/\/memoriasdehacienda.institutomora.edu.mx\/index.php?rest_route=\/wp\/v2\/users\/2"}],"replies":[{"embeddable":true,"href":"https:\/\/memoriasdehacienda.institutomora.edu.mx\/index.php?rest_route=%2Fwp%2Fv2%2Fcomments&post=557"}],"version-history":[{"count":31,"href":"https:\/\/memoriasdehacienda.institutomora.edu.mx\/index.php?rest_route=\/wp\/v2\/pages\/557\/revisions"}],"predecessor-version":[{"id":8188,"href":"https:\/\/memoriasdehacienda.institutomora.edu.mx\/index.php?rest_route=\/wp\/v2\/pages\/557\/revisions\/8188"}],"wp:attachment":[{"href":"https:\/\/memoriasdehacienda.institutomora.edu.mx\/index.php?rest_route=%2Fwp%2Fv2%2Fmedia&parent=557"}],"curies":[{"name":"wp","href":"https:\/\/api.w.org\/{rel}","templated":true}]}}