{"id":56,"date":"2016-02-12T15:53:32","date_gmt":"2016-02-12T21:53:32","guid":{"rendered":"http:\/\/memoriasdehacienda.colmex.mx\/mhwp\/?page_id=56"},"modified":"2017-10-13T12:46:42","modified_gmt":"2017-10-13T18:46:42","slug":"ministros","status":"publish","type":"page","link":"https:\/\/memoriasdehacienda.institutomora.edu.mx\/?page_id=56","title":{"rendered":"Bibliograf\u00eda"},"content":{"rendered":"<h3 style=\"text-align: center;\"><strong>Bibliograf\u00eda y fuentes publicadas sobre Historia de la Hacienda P\u00fablica en M\u00e9xico<\/strong><\/h3>\n<p>&nbsp;<\/p>\n<h4>Esta bibliograf\u00eda est\u00e1 en proceso de actualizaci\u00f3n permanente y se sugiere que todos aquellos especialistas que desean que se incluya nuevas obras sobre la hacienda p\u00fablica mexicana nos envien sus recomendaciones.<\/h4>\n<h4>Esta bibliograf\u00eda est\u00e1 organizada de acuerdo con los tres apartados siguientes:<\/h4>\n<p>&nbsp;<\/p>\n<table class=\" alignleft\" style=\"width: 876px; height: 389px; border-color: #ffffff;\" border=\"0\">\n<tbody>\n<tr>\n<td style=\"width: 570.90625px; border: 0px #ffffff; text-align: left; vertical-align: top;\">\n<h4><\/h4>\n<h4><strong>1. <img loading=\"lazy\" class=\"size-full wp-image-8368 alignleft\" src=\"https:\/\/memoriasdehacienda.institutomora.edu.mx\/wp-content\/uploads\/pdf-1.jpg\" alt=\"\" width=\"30\" height=\"32\" \/><a href=\"https:\/\/memoriasdehacienda.institutomora.edu.mx\/wp-content\/uploads\/libros.pdf\">Bibliograf\u00eda y fuentes publicadas de la \u00e9poca, 1822-1920<br \/>\n<\/a><\/strong><\/h4>\n<p>&nbsp;<\/p>\n<h4><strong>2.<img loading=\"lazy\" class=\"size-full wp-image-8368 alignleft\" src=\"https:\/\/memoriasdehacienda.institutomora.edu.mx\/wp-content\/uploads\/pdf-1.jpg\" alt=\"\" width=\"30\" height=\"32\" \/> <a href=\"https:\/\/memoriasdehacienda.institutomora.edu.mx\/wp-content\/uploads\/reciente.pdf\">Bibliograf\u00eda mas reciente<\/a><\/strong><\/h4>\n<p>&nbsp;<\/p>\n<h4><strong><img loading=\"lazy\" class=\"size-full wp-image-8368 alignleft\" src=\"https:\/\/memoriasdehacienda.institutomora.edu.mx\/wp-content\/uploads\/pdf-1.jpg\" alt=\"\" width=\"30\" height=\"32\" \/>3. <a href=\"https:\/\/memoriasdehacienda.institutomora.edu.mx\/wp-content\/uploads\/ministros.pdf\">Fuentes para las biograf\u00edas de los ministros<\/a><\/strong><\/h4>\n<p>&nbsp;<\/p>\n<h4><strong>\u2022 <a href=\"https:\/\/memoriasdehacienda.institutomora.edu.mx\/wp-content\/uploads\/BHMEXICO-SIGLOS-19Y20-ENERO2012.pdf\">ver bibliograf\u00eda completa\u00a0<img loading=\"lazy\" class=\"size-full wp-image-8368 alignleft\" src=\"https:\/\/memoriasdehacienda.institutomora.edu.mx\/wp-content\/uploads\/pdf-1.jpg\" alt=\"\" width=\"30\" height=\"32\" \/><\/a><\/strong><\/h4>\n<\/td>\n<td style=\"width: 289.109375px; border-color: #ffffff;\"><img loading=\"lazy\" class=\"alignnone wp-image-6768\" src=\"https:\/\/memoriasdehacienda.institutomora.edu.mx\/wp-content\/uploads\/biblio-220x300.jpg\" alt=\"biblio\" width=\"246\" height=\"335\" srcset=\"https:\/\/memoriasdehacienda.institutomora.edu.mx\/wp-content\/uploads\/biblio-220x300.jpg 220w, https:\/\/memoriasdehacienda.institutomora.edu.mx\/wp-content\/uploads\/biblio-110x150.jpg 110w, https:\/\/memoriasdehacienda.institutomora.edu.mx\/wp-content\/uploads\/biblio-750x1024.jpg 750w, https:\/\/memoriasdehacienda.institutomora.edu.mx\/wp-content\/uploads\/biblio.jpg 1200w\" sizes=\"(max-width: 246px) 100vw, 246px\" \/><\/td>\n<\/tr>\n<\/tbody>\n<\/table>\n<p>&nbsp;<\/p>\n","protected":false},"excerpt":{"rendered":"<p>Bibliograf\u00eda y fuentes publicadas sobre Historia de la Hacienda P\u00fablica en M\u00e9xico &nbsp; Esta bibliograf\u00eda est\u00e1 en proceso de actualizaci\u00f3n permanente y se sugiere que todos aquellos especialistas que desean que se incluya nuevas obras sobre la hacienda p\u00fablica mexicana nos envien sus recomendaciones. Esta bibliograf\u00eda est\u00e1 organizada de acuerdo con los tres apartados siguientes:<\/p>\n<p><a href=\"https:\/\/memoriasdehacienda.institutomora.edu.mx\/?page_id=56\" class=\"more-link themebutton\">Read More<\/a><\/p>\n","protected":false},"author":1,"featured_media":0,"parent":0,"menu_order":0,"comment_status":"closed","ping_status":"closed","template":"","meta":[],"_links":{"self":[{"href":"https:\/\/memoriasdehacienda.institutomora.edu.mx\/index.php?rest_route=\/wp\/v2\/pages\/56"}],"collection":[{"href":"https:\/\/memoriasdehacienda.institutomora.edu.mx\/index.php?rest_route=\/wp\/v2\/pages"}],"about":[{"href":"https:\/\/memoriasdehacienda.institutomora.edu.mx\/index.php?rest_route=\/wp\/v2\/types\/page"}],"author":[{"embeddable":true,"href":"https:\/\/memoriasdehacienda.institutomora.edu.mx\/index.php?rest_route=\/wp\/v2\/users\/1"}],"replies":[{"embeddable":true,"href":"https:\/\/memoriasdehacienda.institutomora.edu.mx\/index.php?rest_route=%2Fwp%2Fv2%2Fcomments&post=56"}],"version-history":[{"count":29,"href":"https:\/\/memoriasdehacienda.institutomora.edu.mx\/index.php?rest_route=\/wp\/v2\/pages\/56\/revisions"}],"predecessor-version":[{"id":8372,"href":"https:\/\/memoriasdehacienda.institutomora.edu.mx\/index.php?rest_route=\/wp\/v2\/pages\/56\/revisions\/8372"}],"wp:attachment":[{"href":"https:\/\/memoriasdehacienda.institutomora.edu.mx\/index.php?rest_route=%2Fwp%2Fv2%2Fmedia&parent=56"}],"curies":[{"name":"wp","href":"https:\/\/api.w.org\/{rel}","templated":true}]}}