{"id":561,"date":"2016-04-07T12:16:28","date_gmt":"2016-04-07T18:16:28","guid":{"rendered":"http:\/\/memoriasdehacienda.colmex.mx\/mhwp\/?page_id=561"},"modified":"2023-03-16T13:10:22","modified_gmt":"2023-03-16T19:10:22","slug":"memoria-7","status":"publish","type":"page","link":"https:\/\/memoriasdehacienda.institutomora.edu.mx\/?page_id=561","title":{"rendered":"Memoria 7 (1\u00b0 de enero de 1827)"},"content":{"rendered":"<p style=\"text-align: justify;\"><span style=\"color: #ff6600;\"><strong><span style=\"font-size: 11pt;\">(7) Memoria del ramo de la Hacienda Federal de los Estados Unidos Mexicanos, le\u00edda en la C\u00e1mara de diputados por el Ministro respectivo el d\u00eda 3 y en la de senadores el 4 de enero de 1827, M\u00e9xico, Imprenta del \u00c1guila, 22 pp. + 83 cuadros y tablas.<\/span><\/strong><\/span><\/p>\n<p style=\"text-align: justify;\"><span style=\"font-size: 10pt; color: #000000;\">Firmada por Jos\u00e9 Ignacio Esteva<\/span><\/p>\n<p style=\"text-align: justify;\"><span style=\"font-size: 10pt; color: #000000;\">Per\u00edodo: septiembre de 1825-junio de 1826.<\/span><\/p>\n<p><span style=\"color: #000000; font-size: 10pt;\">Se localiza:&nbsp;<span class=\"tooltips \" style=\"\" title=\"Biblioteca Nacional de M\u00e9xico-Colecci\u00f3n Lafragua, Fondo Reservado, UNAM.\">BNCL<\/span>,&nbsp;<span class=\"tooltips \" style=\"\" title=\"Biblioteca &amp;nbsp;Nacional de M\u00e9xico-Colecci\u00f3n de Libros Raros y Curiosos, Fondo Reservado, UNAM.\">BNLR<\/span>,&nbsp;<span class=\"tooltips \" style=\"\" title=\"Biblioteca &quot;Miguel Lerdo de Tejada&quot;, Secretar\u00eda de Hacienda y Cr\u00e9dito P\u00fablico.\">BH<\/span>, <span class=\"tooltips \" style=\"\" title=\"Biblioteca del Centro de Estudios de Historia de M\u00e9xico, CONDUMEX.\">Bcondumex<\/span>, <span class=\"tooltips \" style=\"\" title=\"Biblioteca del Instituto de Investigaciones &quot;Dr. Jos\u00e9 Mar\u00eda Luis Mora&quot; (material en micropel\u00edcula).\">BIM-Mfilm<\/span>, <span class=\"tooltips \" style=\"\" title=\"Biblioteca &quot;Daniel Cos\u00edo Villegas&quot;, El Colegio de M\u00e9xico (material en micropel\u00edcula).\">BColmex-Mfilm<\/span>.<\/span><\/p>\n<p><span style=\"font-size: 11pt; color: #000000;\"><strong>Tiene anexos, cuadros y tablas.<\/strong><\/span><\/p>\n<p style=\"text-align: justify;\"><span style=\"font-size: 11pt; color: #000000;\"><strong>S\u00edntesis del contenido:<\/strong><\/span><\/p>\n<p style=\"text-align: justify;\"><span style=\"font-size: 11pt; color: #000000;\">Los objetivos del Ministro al presentar la memoria consist\u00edan en dar a conocer el presupuesto para el a\u00f1o econ\u00f3mico siguiente (julio de 1827 a junio de 1828), ofrecer la cuenta del a\u00f1o concluido en junio de 1826, informar sobre el estado de la rentas, proponiendo algunas reformas, y presentar la contabilidad (ingresos y egresos) a trav\u00e9s de una serie de cuadros. En diversos apartados menciona el contingente que adeudan los Estados; el aumento en los ingresos aduanales, tanto en las aduanas mar\u00edtimas como fronterizas, a\u00f1adiendo que el ingreso por aduanas ir\u00eda en aumento en la medida en que se arreglase el arancel vigente y se contase con suficientes empleados. Por otra parte, se\u00f1ala que la renta del tabaco tambi\u00e9n iba en aumento, al igual que la de p\u00f3lvora, el ramo de correos, el de pulques, la aver\u00eda y el peaje. En cambio, no exist\u00eda gran novedad era en los ramos de salinas, papel sellado y casa de moneda, esta \u00faltima siguiendo a la baja. En general, se afirma que la recaudaci\u00f3n es satisfactoria, lo que puede confirmarse por el sobrante de 1,650,000 pesos.<\/span><\/p>\n<p style=\"text-align: justify;\"><span style=\"font-size: 11pt; color: #000000;\">Esteva ve con orgullo y optimismo su gesti\u00f3n y ataca a quienes le pronostican todo tipo de problemas. Para demostrar lo acertado de su trabajo compara y analiza las cuentas del erario del periodo 1823 a 1826, haciendo notar el aumento de ingresos en 1825. Asimismo, se\u00f1ala las medidas adoptadas para amortizar la deuda exterior. Despu\u00e9s presenta, en detalle, el presupuesto de gastos para el a\u00f1o econ\u00f3mico 1827-1828.<\/span><\/p>\n<p style=\"text-align: justify;\"><span style=\"font-size: 11pt; color: #000000;\">M\u00e1s adelante, Esteva presenta su propuesta para mejorar la Hacienda P\u00fablica. En primer lugar, considera importante el arreglo de las Comisar\u00edas Generales, instancias en donde se ejecutan las disposiciones fiscales, pero hasta ese momento de manera ineficaz. En segundo lugar, solicita al Congreso que elabore un reglamento para encaminar el funcionamiento de la Tesorer\u00eda General, definiendo sus tareas y su planta de empleados. Asimismo opina que es necesario el arreglo de las oficinas aduanales mar\u00edtimas, incluyendo la reforma del arancel vigente, acabando con los aforos arbitrarios de los empleados de vistas. Finalmente propone arreglar la administraci\u00f3n del tabaco sin dar concesiones a los Estados.<\/span><\/p>\n<p style=\"text-align: justify;\"><span style=\"font-size: 11pt; color: #000000;\">Por \u00faltimo cabe mencionar que a partir de esta Memoria, por decreto de 8 de mayo de 1826, las cuentas presentadas por los ministros el a\u00f1o fiscal deber\u00edan abarcar de julio a junio.<\/span>[read more=&#8221;Ver anexos estad\u00edsticos&#8221; less=&#8221;ver menos&#8221;]<\/p>\n<p><strong>Anexos<\/strong><\/p>\n<p>Cuenta del erario Federal, Estado general de ingresos, egresos y productos l\u00edquidos de los ramos de la Hacienda, sep. 1825-jun. 1826, Doc. <span style=\"color: #0000ff;\"><a style=\"color: #0000ff;\" href=\"https:\/\/memoriasdehacienda.institutomora.edu.mx\/wp-content\/uploads\/EDOSGRALES1825-26.xls\">[0]<\/a> <\/span>(<strong>7<\/strong>)<\/p>\n<p>Ingresos:<\/p>\n<p>Contingente de los Estados, sep. 1825-jun. 1826, Doc. <span style=\"color: #0000ff;\"><a style=\"color: #0000ff;\" href=\"https:\/\/memoriasdehacienda.institutomora.edu.mx\/wp-content\/uploads\/001CONTINGENTE1825-26.xls\">1<\/a>,&nbsp;<a style=\"color: #0000ff;\" href=\"https:\/\/memoriasdehacienda.institutomora.edu.mx\/wp-content\/uploads\/002CONTINGENTE1825-26.xls\">2<\/a><\/span> (<strong>7)<\/strong><\/p>\n<p>Aduanas mar\u00edtimas, de los territorios, las de frontera e interiores, sep. 1825-jun. 1826, Doc. <span style=\"color: #0000ff;\"><a style=\"color: #0000ff;\" href=\"https:\/\/memoriasdehacienda.institutomora.edu.mx\/wp-content\/uploads\/003ADUANAS1825-26.xls\">3<\/a>, <a style=\"color: #0000ff;\" href=\"https:\/\/memoriasdehacienda.institutomora.edu.mx\/wp-content\/uploads\/004ADUANAS1825-26.xls\">4<\/a>, <a style=\"color: #0000ff;\" href=\"https:\/\/memoriasdehacienda.institutomora.edu.mx\/wp-content\/uploads\/005ADUANAS1825-26.xls\">5<\/a>,&nbsp;<a style=\"color: #0000ff;\" href=\"https:\/\/memoriasdehacienda.institutomora.edu.mx\/wp-content\/uploads\/006ADUANAS1825-26.xls\">6<\/a> <\/span>(<strong>7<\/strong>)<\/p>\n<p>Alcabala, sep. 1825-jun. 1826, Doc.<span style=\"color: #0000ff;\"> <a style=\"color: #0000ff;\" href=\"https:\/\/memoriasdehacienda.institutomora.edu.mx\/wp-content\/uploads\/007ALCABALA1825-26.xls\">7<\/a> <\/span>(<strong>7<\/strong>)<\/p>\n<p>Tabaco, sep. 1825-jun. 1826, Doc. <span style=\"color: #0000ff;\"><a style=\"color: #0000ff;\" href=\"https:\/\/memoriasdehacienda.institutomora.edu.mx\/wp-content\/uploads\/008TABACO1825-26.xls\">8<\/a>,<a style=\"color: #0000ff;\" href=\"https:\/\/memoriasdehacienda.institutomora.edu.mx\/wp-content\/uploads\/009TABACO1825-26.xls\"> 9,<\/a> <a style=\"color: #0000ff;\" href=\"https:\/\/memoriasdehacienda.institutomora.edu.mx\/wp-content\/uploads\/010ALCABALA1825-26.xls\">10<\/a><\/span> (<strong>7<\/strong>)<\/p>\n<p>P\u00f3lvora, sep. 1825-jun. 1826, Doc. <span style=\"color: #0000ff;\"><a style=\"color: #0000ff;\" href=\"https:\/\/memoriasdehacienda.institutomora.edu.mx\/wp-content\/uploads\/011POLVORA1825-26.xls\">11<\/a>,&nbsp;<a style=\"color: #0000ff;\" href=\"https:\/\/memoriasdehacienda.institutomora.edu.mx\/wp-content\/uploads\/012POLVORA1825-26.xls\">12<\/a><\/span> (<strong>7<\/strong>)<\/p>\n<p>Correos, sep. 1825-jun. 1826, Doc.<span style=\"color: #0000ff;\"><a style=\"color: #0000ff;\" href=\"https:\/\/memoriasdehacienda.institutomora.edu.mx\/wp-content\/uploads\/013CORREOS1825-26.xls\"> 13 <\/a><\/span>(<strong>7<\/strong>)<\/p>\n<p>Loter\u00eda, sep. 1825-jun. 1826, Doc. <span style=\"color: #0000ff;\"><a style=\"color: #0000ff;\" href=\"https:\/\/memoriasdehacienda.institutomora.edu.mx\/wp-content\/uploads\/014LOTERIA1825-26.xls\">14<\/a><\/span> (<strong>7<\/strong>)<\/p>\n<p>Salinas, sep. 1825-jun. 1826, Doc. <span style=\"color: #0000ff;\"><a style=\"color: #0000ff;\" href=\"https:\/\/memoriasdehacienda.institutomora.edu.mx\/wp-content\/uploads\/015SALINAS1825-26.xls\">15<\/a><\/span> (<strong>7<\/strong>)<\/p>\n<p>Casa de moneda de M\u00e9xico, sep. 1825-jun. 1826, Doc. <span style=\"color: #0000ff;\"><a style=\"color: #0000ff;\" href=\"https:\/\/memoriasdehacienda.institutomora.edu.mx\/wp-content\/uploads\/016CASADEMONEDA1825-26.xls\">16 <\/a><\/span>(<strong>7<\/strong>)<\/p>\n<p>Temporalidades de la extinguida inquisici\u00f3n, sep. 1825-jun. 1826, Doc. <span style=\"color: #0000ff;\"><a style=\"color: #0000ff;\" href=\"https:\/\/memoriasdehacienda.institutomora.edu.mx\/wp-content\/uploads\/017INQUISICION1825-26.xls\">17<\/a><\/span> (<strong>7<\/strong>)<\/p>\n<p>Temporalidades, sep. 1825-jun. 1826, Doc. <span style=\"color: #0000ff;\"><a style=\"color: #0000ff;\" href=\"https:\/\/memoriasdehacienda.institutomora.edu.mx\/wp-content\/uploads\/018TEMPORALIDADES1825-26.xls\">18<\/a><\/span> (<strong>7<\/strong>)<\/p>\n<p>Dos por ciento de platas, sep. 1825-jun. 1826, Doc. <span style=\"color: #0000ff;\"><a style=\"color: #0000ff;\" href=\"https:\/\/memoriasdehacienda.institutomora.edu.mx\/wp-content\/uploads\/019DOSPORCIENTODE-PLATAS1825-26.xls\">19<\/a><\/span> (<strong>7<\/strong>)<\/p>\n<p>Contribuci\u00f3n directa (decreto de 27 de junio de 1823), sep. 1825-jun. 1826, Doc.<span style=\"color: #0000ff;\"> <a style=\"color: #0000ff;\" href=\"https:\/\/memoriasdehacienda.institutomora.edu.mx\/wp-content\/uploads\/020CONTRIBUCION-DIR1825-26.xls\">20<\/a>&nbsp;<span style=\"color: #003300;\">(7)<\/span><\/span><\/p>\n<p>Papel sellado, sep. 1825-jun. 1826, Doc. <span style=\"color: #0000ff;\"><a style=\"color: #0000ff;\" href=\"https:\/\/memoriasdehacienda.institutomora.edu.mx\/wp-content\/uploads\/021PAPELSELLADO1825-26.xls\">21<\/a><\/span> (<strong>7<\/strong>)<\/p>\n<p>Pulques, sep. 1825-jun. 1826, Doc. <span style=\"color: #0000ff;\"><a style=\"color: #0000ff;\" href=\"https:\/\/memoriasdehacienda.institutomora.edu.mx\/wp-content\/uploads\/022PULQUES1825-26.xls\">22<\/a><\/span> (<strong>7<\/strong>)<\/p>\n<p>Ensaye, Derechos de, sep. 1825-jun. 1826, Doc. <span style=\"color: #0000ff;\"><a style=\"color: #0000ff;\" href=\"https:\/\/memoriasdehacienda.institutomora.edu.mx\/wp-content\/uploads\/023DERECHOSDE-ENSAYE1825-26.xls\">23<\/a><\/span> (<strong>7<\/strong>)<\/p>\n<p>Plata y oro, Derechos de, sep. 1825-jun. 1826, Doc. 24 (<strong>7<\/strong>)<\/p>\n<p>Oro y plata, derechos de, sep. 1825-jun. 1826, Doc. <span style=\"color: #0000ff;\"><a style=\"color: #0000ff;\" href=\"https:\/\/memoriasdehacienda.institutomora.edu.mx\/wp-content\/uploads\/024DERECHOSDEOROYPLATA1825-26.xls\">24<\/a><\/span> (<strong>7<\/strong>)<\/p>\n<p>Diezmos y anualidades eclesi\u00e1sticas, sep. 1825-jun. 1826, Doc. <span style=\"color: #0000ff;\"><a style=\"color: #0000ff;\" href=\"https:\/\/memoriasdehacienda.institutomora.edu.mx\/wp-content\/uploads\/025DIEZMOS1825-26.xls\">25<\/a><\/span> (<strong>7<\/strong>)<\/p>\n<p>Reintegros, sep. 1825-jun. 1826, Doc. <span style=\"color: #0000ff;\"><a style=\"color: #0000ff;\" href=\"https:\/\/memoriasdehacienda.institutomora.edu.mx\/wp-content\/uploads\/026REINTEGROS1825-26.xls\">26<\/a><\/span> (<strong>7<\/strong>)<\/p>\n<p>Comisos, sep. 1825-jun. 1826, Doc. <span style=\"color: #0000ff;\"><a style=\"color: #0000ff;\" href=\"https:\/\/memoriasdehacienda.institutomora.edu.mx\/wp-content\/uploads\/027COMISOS1825-26.xls\">27<\/a><\/span> (<strong>7<\/strong>)<\/p>\n<p>Aprovechamientos, sep. 1825-jun. 1826, Doc. <span style=\"color: #0000ff;\"><a style=\"color: #0000ff;\" href=\"https:\/\/memoriasdehacienda.institutomora.edu.mx\/wp-content\/uploads\/028APROVECHAMIENTOS1825-26.xls\">28<\/a><\/span> (<strong>7<\/strong>)<\/p>\n<p>Donativos voluntarios, sep. 1825-jun. 1826, Doc.<span style=\"color: #0000ff;\"><a style=\"color: #0000ff;\" href=\"https:\/\/memoriasdehacienda.institutomora.edu.mx\/wp-content\/uploads\/029DONATIVOSVOLUNTARIOS1825-26.xls\"> 29 <\/a><\/span>(<strong>7<\/strong>)<\/p>\n<p>Inv\u00e1lidos, sep. 1825-jun. 1826, Doc.<span style=\"color: #0000ff;\"> <a style=\"color: #0000ff;\" href=\"https:\/\/memoriasdehacienda.institutomora.edu.mx\/wp-content\/uploads\/030INVALIDOS1825-26.xls\">30<\/a><\/span> (<strong>7<\/strong>)<\/p>\n<p>Montep\u00edos militar y de cirujanos, sep. 1825-jun. 1826, Doc. <span style=\"color: #0000ff;\"><a style=\"color: #0000ff;\" href=\"https:\/\/memoriasdehacienda.institutomora.edu.mx\/wp-content\/uploads\/031MONTESPIOSMILITARES1825-26.xls\">31<\/a><\/span> (<strong>7<\/strong>)<\/p>\n<p>Montep\u00edo de Ministros, sep. 1825-jun. 1826, Doc. <span style=\"color: #0000ff;\"><a style=\"color: #0000ff;\" href=\"https:\/\/memoriasdehacienda.institutomora.edu.mx\/wp-content\/uploads\/032MONTEPIOMINISTROS1825-26.xls\">32<\/a><\/span> (<strong>7<\/strong>)<\/p>\n<p>Montep\u00edo de oficinas, sep. 1825-jun. 1826, Doc. <span style=\"color: #0000ff;\"><a style=\"color: #0000ff;\" href=\"https:\/\/memoriasdehacienda.institutomora.edu.mx\/wp-content\/uploads\/033MONTEPIOOFICINAS1825-26.xls\">33 <\/a><\/span>(<strong>7<\/strong>)<\/p>\n<p>Fondo piadoso de las californias, sep. 1825-jun. 1826, Doc. <span style=\"color: #0000ff;\"><a style=\"color: #0000ff;\" href=\"https:\/\/memoriasdehacienda.institutomora.edu.mx\/wp-content\/uploads\/034FONDOPIADOSO1825-26.xls\">34<\/a><\/span> (<strong>7<\/strong>)<\/p>\n<p>Aver\u00eda, sep. 1825-jun. 1826, Doc. <span style=\"color: #0000ff;\"><a style=\"color: #0000ff;\" href=\"https:\/\/memoriasdehacienda.institutomora.edu.mx\/wp-content\/uploads\/035AVERIA1825-26.xls\">35<\/a><\/span> (<strong>7<\/strong>)<\/p>\n<p>Peajes, sep. 1825-jun. 1826, Doc. <span style=\"color: #0000ff;\"><a style=\"color: #0000ff;\" href=\"https:\/\/memoriasdehacienda.institutomora.edu.mx\/wp-content\/uploads\/036PEAGES1825-26.xls\">36<\/a> <\/span>(<strong>7<\/strong>)<\/p>\n<p>Alcabala, Dos por ciento de millones, sep. 1825-jun. 1826, Doc. <span style=\"color: #0000ff;\"><a style=\"color: #0000ff;\" href=\"https:\/\/memoriasdehacienda.institutomora.edu.mx\/wp-content\/uploads\/037DOSPORCIENTO1825-26.xls\">37<\/a> <\/span>(<strong>7<\/strong>)<\/p>\n<p>Premio de cambio, sep. 1825-jun. 1826, Doc. <span style=\"color: #0000ff;\"><a style=\"color: #0000ff;\" href=\"https:\/\/memoriasdehacienda.institutomora.edu.mx\/wp-content\/uploads\/038PREMIO-DE-CAMBIO1825-26.xls\">38<\/a><\/span> (<strong>7<\/strong>)<\/p>\n<p>Deuda p\u00fablica externa, Pr\u00e9stamos extranjeros, sep. 1825-jun. 1826, Doc. <span style=\"color: #0000ff;\"><a style=\"color: #0000ff;\" href=\"https:\/\/memoriasdehacienda.institutomora.edu.mx\/wp-content\/uploads\/039DEUDAPUBLICAEXTERNA1825-26.xls\">39<\/a><\/span> (<strong>7<\/strong>)<\/p>\n<p>Dep\u00f3sitos, sep. 1825-jun. 1826, Doc. <span style=\"color: #0000ff;\"><a style=\"color: #0000ff;\" href=\"https:\/\/memoriasdehacienda.institutomora.edu.mx\/wp-content\/uploads\/040DEPOSITOS1825-26.xls\">40<\/a> <\/span>(<strong>7<\/strong>)<\/p>\n<p>Deuda p\u00fablica, Pr\u00e9stamos o suplementos, sep. 1825-jun. 1826, Doc. <span style=\"color: #0000ff;\"><a style=\"color: #0000ff;\" href=\"https:\/\/memoriasdehacienda.institutomora.edu.mx\/wp-content\/uploads\/041DEUDAPUBPRESTAMOS1825-26.xls\">41 <\/a><\/span>(<strong>7<\/strong>)<\/p>\n<p>Ramos menores y accidentales, sep. 1825-jun. 1826, Doc. <span style=\"color: #0000ff;\"><a style=\"color: #0000ff;\" href=\"https:\/\/memoriasdehacienda.institutomora.edu.mx\/wp-content\/uploads\/042RAMOSMENORES1825-26.xls\">42<\/a><\/span> (<strong>7<\/strong>)<\/p>\n<p>Gastos:<\/p>\n<p>Congreso general (1824), sep. 1825-jun. 1826, Doc. <span style=\"color: #0000ff;\"><a style=\"color: #0000ff;\" href=\"https:\/\/memoriasdehacienda.institutomora.edu.mx\/wp-content\/uploads\/043CONGRESO-1825-26.xls\">43<\/a><\/span> (<strong>7<\/strong>)<\/p>\n<p>Ministerio de Relaciones Interiores y Exteriores, sep. 1825-jun. 1826, Doc. 44-48 (<strong>7<\/strong>)<\/p>\n<p>Ministerio de Guerra y Marina, gastos de tropa, sep. 1825-jun. 1826, Doc. <span style=\"color: #0000ff;\"><a style=\"color: #0000ff;\" href=\"https:\/\/memoriasdehacienda.institutomora.edu.mx\/wp-content\/uploads\/049TROPA-PERMANENTE1825-26.xls\">49<\/a><\/span> (<strong>7<\/strong>)<\/p>\n<p>Ministerio de Guerra y Marina, gastos de milicia activa, sep. 1825-jun. 1826, Doc. <span style=\"color: #0000ff;\"><a style=\"color: #0000ff;\" href=\"https:\/\/memoriasdehacienda.institutomora.edu.mx\/wp-content\/uploads\/050MILICIAACTIVA1825-26.xls\">50<\/a> <\/span>(<strong>7<\/strong>)<\/p>\n<p>Ministerio de Guerra y Marina, gastos de retirados y dispersos, sep. 1825-jun. 1826, Doc.<a href=\"https:\/\/memoriasdehacienda.institutomora.edu.mx\/wp-content\/uploads\/051RETIRADOS1825-26.xls\"><span style=\"color: #0000ff;\"> 51<\/span> <\/a>(<strong>7<\/strong>)<\/p>\n<p>Ministerio de Guerra y Marina, gastos de inv\u00e1lidos, sep. 1825-jun. 1826, Doc. <span style=\"color: #0000ff;\"><a style=\"color: #0000ff;\" href=\"https:\/\/memoriasdehacienda.institutomora.edu.mx\/wp-content\/uploads\/052INVALIDOS1825-26.xls\">52<\/a><\/span> (<strong>7<\/strong>)<\/p>\n<p>Ministerio de Guerra y Marina, gastos generales militares, sep. 1825-jun. 1826, Doc.<span style=\"color: #0000ff;\"> <a style=\"color: #0000ff;\" href=\"https:\/\/memoriasdehacienda.institutomora.edu.mx\/wp-content\/uploads\/053GASTOSGRALES1825-26.xls\">53<\/a><\/span> (<strong>7<\/strong>)<\/p>\n<p>Ministerio de Guerra y Marina, gastos extraordinarios, sep. 1825-jun. 1826, Doc. <span style=\"color: #0000ff;\"><a style=\"color: #0000ff;\" href=\"https:\/\/memoriasdehacienda.institutomora.edu.mx\/wp-content\/uploads\/054GASTOSEXTRAOR1825-26.xls\">54<\/a> <\/span>(<strong>7<\/strong>)<\/p>\n<p>Ministerio de Guerra y Marina, hospitalidades, sep. 1825-jun. 1826, Doc. <span style=\"color: #0000ff;\"><a style=\"color: #0000ff;\" href=\"https:\/\/memoriasdehacienda.institutomora.edu.mx\/wp-content\/uploads\/055HOSPITALIDADES1825-26.xls\">55<\/a> <\/span>(<strong>7<\/strong>)<\/p>\n<p>Ministerio de Guerra y Marina, fortificaci\u00f3n, sep. 1825-jun. 1826, Doc.<span style=\"color: #0000ff;\"><a style=\"color: #0000ff;\" href=\"https:\/\/memoriasdehacienda.institutomora.edu.mx\/wp-content\/uploads\/056FORTIFICACION1825-26.xls\"> 56 <\/a><\/span>(<strong>7<\/strong>)<\/p>\n<p>Ministerio de Guerra y Marina, montep\u00edo militar, sep. 1825-jun. 1826, Doc. <span style=\"color: #0000ff;\"><a style=\"color: #0000ff;\" href=\"https:\/\/memoriasdehacienda.institutomora.edu.mx\/wp-content\/uploads\/057MONTEPIO1825-26.xls\">57<\/a><\/span> (<strong>7<\/strong>)<\/p>\n<p>Ministerio de Guerra y Marina, pensiones militares, sep. 1825-jun. 1826, Doc.<span style=\"color: #0000ff;\"><a style=\"color: #0000ff;\" href=\"https:\/\/memoriasdehacienda.institutomora.edu.mx\/wp-content\/uploads\/058PENSIONES-MIL825-26.xls\"> 58 <\/a><\/span>(<strong>7<\/strong>)<\/p>\n<p>Ministerio de Guerra y Marina, vig\u00edas, sep. 1825-jun. 1826, Doc. <span style=\"color: #0000ff;\"><a style=\"color: #0000ff;\" href=\"https:\/\/memoriasdehacienda.institutomora.edu.mx\/wp-content\/uploads\/059VIGIAS1825-26.xls\">59<\/a><\/span> (<strong>7<\/strong>)<\/p>\n<p>Ministerio de Guerra y Marina, indios de paz, obsequios y gastos, sep. 1825-jun. 1826, Doc. <span style=\"color: #0000ff;\"><a style=\"color: #0000ff;\" href=\"https:\/\/memoriasdehacienda.institutomora.edu.mx\/wp-content\/uploads\/060INDIOSDE-PAZ1825-26.xls\">60<\/a><\/span> (<strong>7<\/strong>)<\/p>\n<p>Ministerio de Guerra y Marina, artiller\u00eda, sep. 1825-jun. 1826, Doc. <span style=\"color: #0000ff;\"><a style=\"color: #0000ff;\" href=\"https:\/\/memoriasdehacienda.institutomora.edu.mx\/wp-content\/uploads\/061ARTILLERIA1825-26.xls\">61<\/a>,&nbsp;<a style=\"color: #0000ff;\" href=\"https:\/\/memoriasdehacienda.institutomora.edu.mx\/wp-content\/uploads\/062ARTILLERIA1825-26.xls\">62<\/a><\/span> (<strong>7<\/strong>)<\/p>\n<p>Ministerio de Guerra y Marina, marina, sep. 1825-jun. 1826, Doc. 63, 64 (<strong>7<\/strong>)<\/p>\n<p>Ministerio de Justicia, sep. 1825-jun. 1826, Doc. 65, 66, 67 (<strong>7<\/strong>)<\/p>\n<p>Ministerio de Hacienda, sep. 1825-jun. 1826, Doc. <span style=\"color: #0000ff;\"><a style=\"color: #0000ff;\" href=\"https:\/\/memoriasdehacienda.institutomora.edu.mx\/wp-content\/uploads\/068SUELDOS1825-26.xls\">68<\/a>, <a style=\"color: #0000ff;\" href=\"https:\/\/memoriasdehacienda.institutomora.edu.mx\/wp-content\/uploads\/069GASTOSGRALES1825-26.xls\">69<\/a>, <a style=\"color: #0000ff;\" href=\"https:\/\/memoriasdehacienda.institutomora.edu.mx\/wp-content\/uploads\/070PENSIONES1825-26.xls\">70<\/a>, <a style=\"color: #0000ff;\" href=\"https:\/\/memoriasdehacienda.institutomora.edu.mx\/wp-content\/uploads\/071CESANTES1825-26.xls\">71<\/a><\/span> (<strong>7<\/strong>)<\/p>\n<p>Deuda p\u00fablica, R\u00e9ditos de consolidaci\u00f3n, sep. 1825-jun. 1826, Doc. <span style=\"color: #0000ff;\"><a style=\"color: #0000ff;\" href=\"https:\/\/memoriasdehacienda.institutomora.edu.mx\/wp-content\/uploads\/072REDITOS1825-26.xls\">72<\/a><\/span> (<strong>7<\/strong>)<\/p>\n<p>Montep\u00edo de Ministros, egresos, sep. 1825-jun. 1826, Doc. <span style=\"color: #0000ff;\"><a style=\"color: #0000ff;\" href=\"https:\/\/memoriasdehacienda.institutomora.edu.mx\/wp-content\/uploads\/073MONTEPIOMINIST1825-26.xls\">73<\/a><\/span> (<strong>7<\/strong>)<\/p>\n<p>Montep\u00edo de oficinas, egresos, sep. 1825-jun. 1826, Doc. <span style=\"color: #0000ff;\"><a style=\"color: #0000ff;\" href=\"https:\/\/memoriasdehacienda.institutomora.edu.mx\/wp-content\/uploads\/074MONTEPIO-OFIC1825-26.xls\">74<\/a><\/span> (<strong>7<\/strong>)<\/p>\n<p>Tabacos, pagos, sep. 1825-jun. 1826, Doc. <span style=\"color: #0000ff;\"><a style=\"color: #0000ff;\" href=\"https:\/\/memoriasdehacienda.institutomora.edu.mx\/wp-content\/uploads\/075PAGODE-TAB1825-26.xls\">75<\/a>, <a style=\"color: #0000ff;\" href=\"https:\/\/memoriasdehacienda.institutomora.edu.mx\/wp-content\/uploads\/076CUENTA1825-26.xls\">76<\/a><\/span> (<strong>7<\/strong>)<\/p>\n<p>Tabaco, F\u00e1brica del, sep. 1825-jun. 1826, Doc. <span style=\"color: #0000ff;\"><a style=\"color: #0000ff;\" href=\"https:\/\/memoriasdehacienda.institutomora.edu.mx\/wp-content\/uploads\/077TABACO1825-26.xls\">77<\/a> <\/span>(<strong>7<\/strong>)<\/p>\n<p>P\u00f3lvora, F\u00e1bricas de, sep. 1825-jun. 1826, Doc. <span style=\"color: #0000ff;\"><a style=\"color: #0000ff;\" href=\"https:\/\/memoriasdehacienda.institutomora.edu.mx\/wp-content\/uploads\/078POLVORA1825-26.xls\">78<\/a><\/span> (<strong>7<\/strong>)<\/p>\n<p>Existencias, sep. 1825-jun. 1826, Doc.<span style=\"color: #0000ff;\"> <a style=\"color: #0000ff;\" href=\"https:\/\/memoriasdehacienda.institutomora.edu.mx\/wp-content\/uploads\/079EXISTENCIAS1825-26-razon.xls\">79<\/a><\/span> (<strong>7<\/strong>)<\/p>\n<p>Ramos de hacienda, sus productos l\u00edquidos, sep. 1825-jun. 1826, Doc. <span style=\"color: #0000ff;\"><a style=\"color: #0000ff;\" href=\"https:\/\/memoriasdehacienda.institutomora.edu.mx\/wp-content\/uploads\/080RAZON1825-26.xls\">80<\/a><\/span> (<strong>7<\/strong>)<\/p>\n<p>Tabaco, ingresos y egresos, sep. 1825-jun. 1826, Doc. <span style=\"color: #0000ff;\"><a style=\"color: #0000ff;\" href=\"https:\/\/memoriasdehacienda.institutomora.edu.mx\/wp-content\/uploads\/081EDOGRALtabaco1825-26.xls\">81<\/a><\/span> (<strong>7<\/strong>)<\/p>\n<p>Deuda externa, Estado general de los prestamos de B. A. Goldschmiat y C\u00eda., y Barclay, Herring, Richardson y C\u00eda., contratados en Londres, sep. 1825-jun. 1826, Doc. <span style=\"color: #0000ff;\"><a style=\"color: #0000ff;\" href=\"https:\/\/memoriasdehacienda.institutomora.edu.mx\/wp-content\/uploads\/082-DEUDAEXTERNA-EDOGRAL825-1826.xls\">82<\/a><\/span>. (<strong>7<\/strong>)<\/p>\n<p>Casas de moneda, sep. 1825-jun. 1826, Doc. <span style=\"color: #0000ff;\"><a style=\"color: #0000ff;\" href=\"https:\/\/memoriasdehacienda.institutomora.edu.mx\/wp-content\/uploads\/083-CASA-DE-MONEDA-1825-26.xls\">83<\/a><\/span> (<strong>7<\/strong>)<\/p>\n<p>[\/read]<\/p>\n","protected":false},"excerpt":{"rendered":"<p>(7) Memoria del ramo de la Hacienda Federal de los Estados Unidos Mexicanos, le\u00edda en la C\u00e1mara de diputados por el Ministro respectivo el d\u00eda 3 y en la de senadores el 4 de enero de 1827, M\u00e9xico, Imprenta del \u00c1guila, 22 pp. + 83 cuadros y tablas. Firmada por Jos\u00e9 Ignacio Esteva Per\u00edodo: septiembre<\/p>\n<p><a href=\"https:\/\/memoriasdehacienda.institutomora.edu.mx\/?page_id=561\" class=\"more-link themebutton\">Read More<\/a><\/p>\n","protected":false},"author":2,"featured_media":0,"parent":0,"menu_order":0,"comment_status":"closed","ping_status":"closed","template":"","meta":[],"_links":{"self":[{"href":"https:\/\/memoriasdehacienda.institutomora.edu.mx\/index.php?rest_route=\/wp\/v2\/pages\/561"}],"collection":[{"href":"https:\/\/memoriasdehacienda.institutomora.edu.mx\/index.php?rest_route=\/wp\/v2\/pages"}],"about":[{"href":"https:\/\/memoriasdehacienda.institutomora.edu.mx\/index.php?rest_route=\/wp\/v2\/types\/page"}],"author":[{"embeddable":true,"href":"https:\/\/memoriasdehacienda.institutomora.edu.mx\/index.php?rest_route=\/wp\/v2\/users\/2"}],"replies":[{"embeddable":true,"href":"https:\/\/memoriasdehacienda.institutomora.edu.mx\/index.php?rest_route=%2Fwp%2Fv2%2Fcomments&post=561"}],"version-history":[{"count":61,"href":"https:\/\/memoriasdehacienda.institutomora.edu.mx\/index.php?rest_route=\/wp\/v2\/pages\/561\/revisions"}],"predecessor-version":[{"id":8643,"href":"https:\/\/memoriasdehacienda.institutomora.edu.mx\/index.php?rest_route=\/wp\/v2\/pages\/561\/revisions\/8643"}],"wp:attachment":[{"href":"https:\/\/memoriasdehacienda.institutomora.edu.mx\/index.php?rest_route=%2Fwp%2Fv2%2Fmedia&parent=561"}],"curies":[{"name":"wp","href":"https:\/\/api.w.org\/{rel}","templated":true}]}}