{"id":563,"date":"2016-04-07T12:16:45","date_gmt":"2016-04-07T18:16:45","guid":{"rendered":"http:\/\/memoriasdehacienda.colmex.mx\/mhwp\/?page_id=563"},"modified":"2023-03-16T13:12:16","modified_gmt":"2023-03-16T19:12:16","slug":"memoria-9","status":"publish","type":"page","link":"https:\/\/memoriasdehacienda.institutomora.edu.mx\/?page_id=563","title":{"rendered":"Memoria 9 (2 de enero de 1829)"},"content":{"rendered":"<p style=\"text-align: justify;\"><span style=\"font-size: 11pt; color: #ff6600;\"><strong>(9) Memoria del ramo de la Hacienda Federal de los Estados Unidos Mexicanos, le\u00edda en la C\u00e1mara de Diputados, por el Ministro respectivo, el d\u00eda 3, y en la de Senadores el 7 de enero de 1829. M\u00e9xico, Imprenta del Aguila, dirigida por Jos\u00e9 Ximeno, 1829, 16 + [28] pp., 73 estad\u00edsticas.<\/strong><\/span><\/p>\n<p><span style=\"color: #000000;\">Firmada por Jos\u00e9 Ignacio Esteva<\/span><\/p>\n<p><span style=\"color: #000000;\">Per\u00edodo: julio de 1827-junio de 1828.<\/span><\/p>\n<p><span style=\"color: #000000;\">Se localiza:&nbsp;<span class=\"tooltips \" style=\"\" title=\"Biblioteca del Archivo General de la Naci\u00f3n, M\u00e9xico.\">BAGN<\/span>,&nbsp;<span class=\"tooltips \" style=\"\" title=\"Biblioteca del Centro de Estudios de Historia de M\u00e9xico, CONDUMEX.\">Bcondumex<\/span>,&nbsp;<span class=\"tooltips \" style=\"\" title=\"Biblioteca del Instituto de Investigaciones Hist\u00f3ricas, UNAM.\">BIIH<\/span>,&nbsp;<span class=\"tooltips \" style=\"\" title=\"Biblioteca Nacional de M\u00e9xico-Colecci\u00f3n Lafragua, Fondo Reservado, UNAM.\">BNCL<\/span>,&nbsp;<span class=\"tooltips \" style=\"\" title=\"Biblioteca Nacional de M\u00e9xico-Colecci\u00f3n de Libros Raros y Curiosos, Fondo Reservado, UNAM.\">BNLR<\/span>, <span class=\"tooltips \" style=\"\" title=\"Biblioteca del Instituto de Investigaciones &quot;Dr. Jos\u00e9 Mar\u00eda Luis Mora&quot; (material en micropel\u00edcula).\">BIM-Mfilm<\/span>, <span class=\"tooltips \" style=\"\" title=\"Biblioteca &quot;Daniel Cos\u00edo Villegas&quot;, El Colegio de M\u00e9xico (material en micropel\u00edcula).\">BColmex-Mfilm<\/span>.<\/span><\/p>\n<p><strong><span style=\"color: #000000;\">Tiene anexos.<\/span><\/strong><\/p>\n<p><strong><span style=\"color: #000000;\">S\u00edntesis del contenido:<\/span><\/strong><\/p>\n<p><span style=\"color: #000000;\">El Ministro Esteva comienza lamentando la ca\u00edda de los ingresos p\u00fablicos desde enero de 1827 hasta enero de 1829 a causa de la guerra. Ante la inestabilidad pol\u00edtica, y la consiguiente ca\u00edda del comercio, de la miner\u00eda y de los ingresos de la Hacienda federal, propone la reuni\u00f3n del Congreso General Mexicano. El an\u00e1lisis de la contabilidad fiscal por ramos demuestra el auge o, alternativamente, la decadencia de la recolecci\u00f3n fiscal en cada uno de ellos. El contingente de los estados, por ejemplo, tiene un aumento suhttps:\/\/memoriasdehacienda.institutomora.edu.mx\/wp-content\/uploads\/002CONTINGENTE1827-28.xlssancial de 402,111 pesos, mientras que las aduanas mar\u00edtimas se desploman y sufren una disminuci\u00f3n de 2,136,181 pesos respecto del a\u00f1o anterior. Otro ramo que logra un aumento importante es el del tabaco con 297,514 pesos, en tanto los ramos de p\u00f3lvora, salinas, casa de moneda, papel sellado, aver\u00eda y diezmos, sufren un serio descenso. Para el caso de la renta del tabaco plantea como soluci\u00f3n el que sea manejada por una sola instancia, que sean oportunas las remesas, y que tenga capital propio y bien distribuido, pocas f\u00e1bricas y bien situadas. Por \u00faltimo, calcula que habr\u00e1 un d\u00e9ficit de 483,268 pesos en el presupuesto a ejercer, es decir, las rentas federales son insuficientes para enfrentar los gastos. Tambi\u00e9n se\u00f1ala que el estanco del tabaco existe por que no tiene sustituto y sirve como garant\u00eda para los empr\u00e9stitos. Por \u00faltimo rese\u00f1a el contenido de los anexos que acompa\u00f1an a la memoria.<\/span>[read more=&#8221;Ver anexos estad\u00edsticos&#8221; less=&#8221;ver menos&#8221;]<\/p>\n<p><span style=\"color: #0000ff;\"><strong>Anexos:<\/strong><\/span><\/p>\n<p>Cuenta del erario federal, Estado general de los ingresos, egresos y productos l\u00edquidos de los ramos de la Hacienda, jun. 1827-jul. 1828, Doc. <span style=\"color: #0000ff;\"><a style=\"color: #0000ff;\" href=\"https:\/\/memoriasdehacienda.institutomora.edu.mx\/wp-content\/uploads\/EDOSGRALES1827-28.xls\">[0]<\/a><\/span> (9)<\/p>\n<p>Ingresos:<\/p>\n<p>Existencias en fin de junio 1827, Doc.<span style=\"color: #0000ff;\"><a style=\"color: #0000ff;\" href=\"https:\/\/memoriasdehacienda.institutomora.edu.mx\/wp-content\/uploads\/001EXISTENCIAS1827-28.xls\"> 1 <\/a><\/span>(9)<\/p>\n<p>Contingente de los Estados, jun. 1827-jul. 1828, Doc. <span style=\"color: #0000ff;\"><a style=\"color: #0000ff;\" href=\"https:\/\/memoriasdehacienda.institutomora.edu.mx\/wp-content\/uploads\/002CONTINGENTE1827-28.xls\">2<\/a><\/span> (9)<\/p>\n<p>Contingente de los Estados, jun. 1827-jul. 1828, Doc. <span style=\"color: #0000ff;\"><a style=\"color: #0000ff;\" href=\"https:\/\/memoriasdehacienda.institutomora.edu.mx\/wp-content\/uploads\/003CONTINGENTE1827-28.xls\">3<\/a><\/span> (9)<\/p>\n<p>Aduanas mar\u00edtimas, de los territorios, las de frontera e interiores, jun. 1827-jul. 1828, Doc. <span style=\"color: #0000ff;\"><a style=\"color: #0000ff;\" href=\"https:\/\/memoriasdehacienda.institutomora.edu.mx\/wp-content\/uploads\/004ADUANAS1827-28.xls\">4<\/a>, <a style=\"color: #0000ff;\" href=\"https:\/\/memoriasdehacienda.institutomora.edu.mx\/wp-content\/uploads\/005ADUANAS1827-28.xls\">5<\/a>, <a style=\"color: #0000ff;\" href=\"https:\/\/memoriasdehacienda.institutomora.edu.mx\/wp-content\/uploads\/006ADUANAS1827-28.xls\">6<\/a>, <a style=\"color: #0000ff;\" href=\"https:\/\/memoriasdehacienda.institutomora.edu.mx\/wp-content\/uploads\/007ADUANAS1827-28.xls\">7<\/a> <\/span>(9)<\/p>\n<p>Alcabala, jun. 1827-jul. 1828, Doc. <span style=\"color: #0000ff;\"><a style=\"color: #0000ff;\" href=\"https:\/\/memoriasdehacienda.institutomora.edu.mx\/wp-content\/uploads\/008ALCABALA1827-28.xls\">8<\/a><\/span> (9)<\/p>\n<p>Tabaco, jun. 1827-jul. 1828, Doc. <span style=\"color: #0000ff;\"><a style=\"color: #0000ff;\" href=\"https:\/\/memoriasdehacienda.institutomora.edu.mx\/wp-content\/uploads\/009TABACO1827-28.xls\">9<\/a>, <a style=\"color: #0000ff;\" href=\"https:\/\/memoriasdehacienda.institutomora.edu.mx\/wp-content\/uploads\/010TABACO1827-28.xls\">10<\/a>, <a style=\"color: #0000ff;\" href=\"https:\/\/memoriasdehacienda.institutomora.edu.mx\/wp-content\/uploads\/011TABACO1827-28.xls\">11<\/a>, <a style=\"color: #0000ff;\" href=\"https:\/\/memoriasdehacienda.institutomora.edu.mx\/wp-content\/uploads\/012TABACO1827-28.xls\">12<\/a><\/span> (9)<\/p>\n<p>P\u00f3lvora, jun. 1827-jul. 1828, Doc. <span style=\"color: #0000ff;\"><a style=\"color: #0000ff;\" href=\"https:\/\/memoriasdehacienda.institutomora.edu.mx\/wp-content\/uploads\/013POLVORA1827-28.xls\">13<\/a>,&nbsp;<a style=\"color: #0000ff;\" href=\"https:\/\/memoriasdehacienda.institutomora.edu.mx\/wp-content\/uploads\/014POLVORA1827-28.xls\">14<\/a><\/span> (9)<\/p>\n<p>Correos, Administraci\u00f3n de, jun. 1827-jul. 1828, Doc. <span style=\"color: #0000ff;\"><a style=\"color: #0000ff;\" href=\"https:\/\/memoriasdehacienda.institutomora.edu.mx\/wp-content\/uploads\/015CORREOS1827-28.xls\">15<\/a><\/span> (9)<\/p>\n<p>Loter\u00eda, jun. 1827-jul. 1828, Doc. <span style=\"color: #0000ff;\"><a style=\"color: #0000ff;\" href=\"https:\/\/memoriasdehacienda.institutomora.edu.mx\/wp-content\/uploads\/016LOTERIA1827-28.xls\">16<\/a><\/span> (9)<\/p>\n<p>Salinas, jun. 1827-jul. 1828, Doc. <span style=\"color: #0000ff;\"><a style=\"color: #0000ff;\" href=\"https:\/\/memoriasdehacienda.institutomora.edu.mx\/wp-content\/uploads\/017SALINAS1827-28.xls\">17<\/a><\/span> (9)<\/p>\n<p>Casa de Moneda, jun. 1827-jul. 1828, Doc. <span style=\"color: #0000ff;\"><a style=\"color: #0000ff;\" href=\"https:\/\/memoriasdehacienda.institutomora.edu.mx\/wp-content\/uploads\/018CASADEMONEDA1827-28.xls\">18<\/a><\/span> (9)<\/p>\n<p>Temporalidades, jun. 1827-jul. 1828, Doc. <span style=\"color: #0000ff;\"><a style=\"color: #0000ff;\" href=\"https:\/\/memoriasdehacienda.institutomora.edu.mx\/wp-content\/uploads\/019TEMPORALIDADES1827-28.xls\">19<\/a><\/span> (9)<\/p>\n<p>Moneda, 2% de platas, circulaci\u00f3n de, jun. 1827-jul. 1828, Doc. <span style=\"color: #0000ff;\"><a style=\"color: #0000ff;\" href=\"https:\/\/memoriasdehacienda.institutomora.edu.mx\/wp-content\/uploads\/020DOSPORCIENTODEMONEDA1827-28.xls\">20<\/a><\/span> (9)<\/p>\n<p>Dos por ciento Circulaci\u00f3n de Moneda, jun. 1827-jul. 1828, Doc. 20 (9)<\/p>\n<p>Papel Sellado, jun. 1827-jul. 1828, Doc.<span style=\"color: #0000ff;\"><a style=\"color: #0000ff;\" href=\"https:\/\/memoriasdehacienda.institutomora.edu.mx\/wp-content\/uploads\/021PAPELSELLADO1827-28.xls\"> 21 <\/a><\/span>(9)<\/p>\n<p>Pulques, jun. 1827-jul. 1828, Doc.<a href=\"https:\/\/memoriasdehacienda.institutomora.edu.mx\/wp-content\/uploads\/022PULQUES1827-28.xls\"><span style=\"color: #0000ff;\"> 22<\/span> <\/a>(9)<\/p>\n<p>Diezmos y anualidades eclesi\u00e1sticas, jun. 1827-jul. 1828, Doc.<span style=\"color: #0000ff;\"><a style=\"color: #0000ff;\" href=\"https:\/\/memoriasdehacienda.institutomora.edu.mx\/wp-content\/uploads\/023DIEZMOS1827-28.xls\"> 23 <\/a><\/span>(9)<\/p>\n<p>Anualidades eclesi\u00e1sticas y diezmos, jun. 1827-jul. 1828, Doc. 23 (9)<\/p>\n<p>Reintegros, jun. 1827-jul. 1828, Doc. <span style=\"color: #0000ff;\"><a style=\"color: #0000ff;\" href=\"https:\/\/memoriasdehacienda.institutomora.edu.mx\/wp-content\/uploads\/024REINTEGROS1827-28.xls\">24<\/a><\/span> (9)<\/p>\n<p>Comisos, jun. 1827-jul. 1828, Doc. <span style=\"color: #0000ff;\"><a style=\"color: #0000ff;\" href=\"https:\/\/memoriasdehacienda.institutomora.edu.mx\/wp-content\/uploads\/025COMISOS1827-28.xls\">25<\/a><\/span> (9)<\/p>\n<p>Aprovechamientos, jun. 1827-jul. 1828, Doc. <span style=\"color: #0000ff;\"><a style=\"color: #0000ff;\" href=\"https:\/\/memoriasdehacienda.institutomora.edu.mx\/wp-content\/uploads\/026APROVECHAMIENTOS1827-28.xls\">26<\/a><\/span> (9)<\/p>\n<p>Donativos voluntarios, jun. 1827-jul. 1828, Doc. <span style=\"color: #0000ff;\"><a style=\"color: #0000ff;\" href=\"https:\/\/memoriasdehacienda.institutomora.edu.mx\/wp-content\/uploads\/027DONATIVOS1827-28.xls\">27<\/a><\/span> (9)<\/p>\n<p>Aver\u00eda, jun. 1827-jul. 1828, Doc. <span style=\"color: #0000ff;\"><a style=\"color: #0000ff;\" href=\"https:\/\/memoriasdehacienda.institutomora.edu.mx\/wp-content\/uploads\/028AVERIA1827-28.xls\">28<\/a><\/span> (9)<\/p>\n<p>Peajes, jun. 1827-jul. 1828, Doc. <span style=\"color: #0000ff;\"><a style=\"color: #0000ff;\" href=\"https:\/\/memoriasdehacienda.institutomora.edu.mx\/wp-content\/uploads\/029PEAGES1827-28.xls\">29 <\/a><\/span>(9)<\/p>\n<p>Premio de cambio, jun. 1827-jul. 1828, Doc. <span style=\"color: #0000ff;\"><a style=\"color: #0000ff;\" href=\"https:\/\/memoriasdehacienda.institutomora.edu.mx\/wp-content\/uploads\/030PREMIODECAMBIO1827-28.xls\">30<\/a><\/span> (9)<\/p>\n<p>Deuda p\u00fablica externa, Pr\u00e9stamo extranjero, jun. 1827-jul. 1828, Doc.<span style=\"color: #0000ff;\"><a style=\"color: #0000ff;\" href=\"https:\/\/memoriasdehacienda.institutomora.edu.mx\/wp-content\/uploads\/031PRESTAMOESTRANGERO1827-28.xls\"> 31 <\/a><\/span>(9)<\/p>\n<p>Dep\u00f3sitos, jun. 1827-jul. 1828, Doc. <span style=\"color: #0000ff;\"><a style=\"color: #0000ff;\" href=\"https:\/\/memoriasdehacienda.institutomora.edu.mx\/wp-content\/uploads\/032DEPOSITOS1827-28.xls\">32<\/a><\/span> (9)<\/p>\n<p>Deuda p\u00fablica, Pr\u00e9stamos o suplementos internos, jun. 1827-jul. 1828, Doc. <span style=\"color: #0000ff;\"><a style=\"color: #0000ff;\" href=\"https:\/\/memoriasdehacienda.institutomora.edu.mx\/wp-content\/uploads\/033DEUDAPUBLICAPRESTAMOS1827-28.xls\">33<\/a><\/span> (9)<\/p>\n<p>Deuda p\u00fablica interna, Pr\u00e9stamo (4 mil pesos), jun. 1827-jul. 1828, Doc.<span style=\"color: #0000ff;\"><a style=\"color: #0000ff;\" href=\"https:\/\/memoriasdehacienda.institutomora.edu.mx\/wp-content\/uploads\/034DEUDAPUBLICAINTERNA1827-28.xls\"> 34 <\/a><\/span>(9)<\/p>\n<p>Ramos menores y accidentales, jun. 1827-jul. 1828, Doc. <span style=\"color: #0000ff;\"><a style=\"color: #0000ff;\" href=\"https:\/\/memoriasdehacienda.institutomora.edu.mx\/wp-content\/uploads\/035RAMOSMENORES1827-28.xls\">35<\/a><\/span> (9)<\/p>\n<p>Gastos:<\/p>\n<p>Congreso general, jun. 1827-jul. 1828, Doc. <span style=\"color: #0000ff;\"><a style=\"color: #0000ff;\" href=\"https:\/\/memoriasdehacienda.institutomora.edu.mx\/wp-content\/uploads\/036CONGRESO1827-28.xls\">36<\/a><\/span> (9)<\/p>\n<p>Presidente y Vicepresidente, Sueldos del, jun. 1827-jul. 1828, Doc. <span style=\"color: #0000ff;\"><a style=\"color: #0000ff;\" href=\"https:\/\/memoriasdehacienda.institutomora.edu.mx\/wp-content\/uploads\/037SUELDOS1827-28.xls\">37<\/a><\/span> (9)<\/p>\n<p>Ministerio de Relaciones, Sueldos del, jun. 1827-jul. 1828, Doc.<span style=\"color: #0000ff;\"><a style=\"color: #0000ff;\" href=\"https:\/\/memoriasdehacienda.institutomora.edu.mx\/wp-content\/uploads\/038SUELDOS1827-28.xls\"> 38 <\/a><\/span>(9)<\/p>\n<p>Ministerio de Relaciones, Gastos generales del, jun. 1827-jul. 1828, Doc. <span style=\"color: #0000ff;\"><a style=\"color: #0000ff;\" href=\"https:\/\/memoriasdehacienda.institutomora.edu.mx\/wp-content\/uploads\/039GASTOSGRALES1827-28.xls\">39<\/a><\/span> (9)<\/p>\n<p>Ministerio de Relaciones, Gastos extraordinarios, jun. 1827-jul. 1828, Doc.<span style=\"color: #0000ff;\"><a style=\"color: #0000ff;\" href=\"https:\/\/memoriasdehacienda.institutomora.edu.mx\/wp-content\/uploads\/040GASTOSEXTRAORD1827-28.xls\"> 40 <\/a><\/span>(9)<\/p>\n<p>Ministerio de Relaciones, Sueldos y Gastos de Legaciones, jun. 1827-jul. 1828, Doc. <span style=\"color: #0000ff;\"><a style=\"color: #0000ff;\" href=\"https:\/\/memoriasdehacienda.institutomora.edu.mx\/wp-content\/uploads\/041SUELDOSYGASTOS1827-28.xls\">41<\/a><\/span> (9)<\/p>\n<p>Ministerio de Guerra y Marina, Tropa permanente, jun. 1827-jul. 1828, Doc. <span style=\"color: #0000ff;\"><a style=\"color: #0000ff;\" href=\"https:\/\/memoriasdehacienda.institutomora.edu.mx\/wp-content\/uploads\/042TROPAPERMANENTE1827-28.xls\">42<\/a><\/span> (9)<\/p>\n<p>Ministerio de Guerra y Marina, Milicia activa, jun. 1827-jul. 1828, Doc. <span style=\"color: #0000ff;\"><a style=\"color: #0000ff;\" href=\"https:\/\/memoriasdehacienda.institutomora.edu.mx\/wp-content\/uploads\/037SUELDOS1827-28.xls\">43<\/a><\/span> (9)<\/p>\n<p>Ministerio de Guerra y Marina, Milicia c\u00edvica, jun. 1827-jul. 1828, Doc. <span style=\"color: #0000ff;\"><a style=\"color: #0000ff;\" href=\"https:\/\/memoriasdehacienda.institutomora.edu.mx\/wp-content\/uploads\/044MILICIACIVICA1827-28.xls\">44<\/a> <\/span>(9)<\/p>\n<p>Ministerio de Guerra y Marina, Militares retirados y dispersos, jun. 1827-jul. 1828, Doc. <span style=\"color: #0000ff;\"><a style=\"color: #0000ff;\" href=\"https:\/\/memoriasdehacienda.institutomora.edu.mx\/wp-content\/uploads\/045MILITARES1827-28.xls\">45<\/a><\/span> (9)<\/p>\n<p>Ministerio de Guerra y Marina, Artiller\u00eda, jun. 1827-jul. 1828, Doc. <span style=\"color: #0000ff;\"><a style=\"color: #0000ff;\" href=\"https:\/\/memoriasdehacienda.institutomora.edu.mx\/wp-content\/uploads\/046ARTILLERIA1827-28.xls\">46<\/a> <\/span>(9)<\/p>\n<p>Ministerio de Guerra y Marina, Ingenieros, jun. 1827-jul. 1828, Doc.<span style=\"color: #0000ff;\"><a style=\"color: #0000ff;\" href=\"https:\/\/memoriasdehacienda.institutomora.edu.mx\/wp-content\/uploads\/047INGENIEROS1827-28.xls\"> 47 <\/a><\/span>(9)<\/p>\n<p>Ministerio de Guerra y Marina, Gastos generales militares, 3 p., jun. 1827-jul. 1828, Doc. <span style=\"color: #0000ff;\"><a style=\"color: #0000ff;\" href=\"https:\/\/memoriasdehacienda.institutomora.edu.mx\/wp-content\/uploads\/048GASTOSMILITARES1827-28.xls\">48<\/a><\/span> (9)<\/p>\n<p>Ministerio de Guerra y Marina, Gastos extraordinarios de Guerra, jun. 1827-jul. 1828, Doc. <span style=\"color: #0000ff;\"><a style=\"color: #0000ff;\" href=\"https:\/\/memoriasdehacienda.institutomora.edu.mx\/wp-content\/uploads\/049GASTOSDEGUERRA1827-28.xls\">49<\/a><\/span> (9)<\/p>\n<p>Ministerio de Guerra y Marina, Inv\u00e1lidos, jun. 1827-jul. 1828, Doc. <span style=\"color: #0000ff;\"><a style=\"color: #0000ff;\" href=\"https:\/\/memoriasdehacienda.institutomora.edu.mx\/wp-content\/uploads\/050INVALIDOS1827-28.xls\">50<\/a><\/span> (9)<\/p>\n<p>Ministerio de Guerra y Marina, Montep\u00edo militar, jun. 1827-jul. 1828, Doc. <span style=\"color: #0000ff;\"><a style=\"color: #0000ff;\" href=\"https:\/\/memoriasdehacienda.institutomora.edu.mx\/wp-content\/uploads\/051MONTEPIOMILITAR1827-28.xls\">51<\/a><\/span> (9)<\/p>\n<p>Ministerio de Guerra y Marina, Montep\u00edo de cirujanos, jun. 1827-jul. 1828, Doc.<span style=\"color: #0000ff;\"><a style=\"color: #0000ff;\" href=\"https:\/\/memoriasdehacienda.institutomora.edu.mx\/wp-content\/uploads\/052MONTEPIOCIRUJANOS1827-28.xls\"> 52 <\/a><\/span>(9)<\/p>\n<p>Ministerio de Guerra y Marina, Pensiones militares, jun. 1827-jul. 1828, Doc. <span style=\"color: #0000ff;\"><a style=\"color: #0000ff;\" href=\"https:\/\/memoriasdehacienda.institutomora.edu.mx\/wp-content\/uploads\/053PENSIONES1827-28.xls\">53<\/a><\/span> (9)<\/p>\n<p>Ministerio de Guerra y Marina, Hospitalidades, jun. 1827-jul. 1828, Doc. <span style=\"color: #0000ff;\"><a style=\"color: #0000ff;\" href=\"https:\/\/memoriasdehacienda.institutomora.edu.mx\/wp-content\/uploads\/054HOSPITALIDADES1827-28.xls\">54<\/a><\/span> (9)<\/p>\n<p>Ministerio de Guerra y Marina, Forzados y presidiarios, jun. 1827-jul. 1828, Doc.<a href=\"https:\/\/memoriasdehacienda.institutomora.edu.mx\/wp-content\/uploads\/055FORZADOS1827-28.xls\"><span style=\"color: #0000ff;\"> 55<\/span> <\/a>(9)<\/p>\n<p>Ministerio de Guerra y Marina, Vig\u00edas, jun. 1827-jul. 1828, Doc. <span style=\"color: #0000ff;\"><a style=\"color: #0000ff;\" href=\"https:\/\/memoriasdehacienda.institutomora.edu.mx\/wp-content\/uploads\/056VIGIAS1827-28.xls\">56<\/a><\/span> (9)<\/p>\n<p>Ministerio de Guerra y Marina, Gasto de Marina, jun. 1827-jul. 1828, Doc.<span style=\"color: #0000ff;\"><a style=\"color: #0000ff;\" href=\"https:\/\/memoriasdehacienda.institutomora.edu.mx\/wp-content\/uploads\/057MARINA1827-28.xls\"> 57 <\/a><\/span>(9)<\/p>\n<p>Ministerio de Justicia, Sueldos del, jun. 1827-jul. 1828, Doc. <span style=\"color: #0000ff;\"><a style=\"color: #0000ff;\" href=\"https:\/\/memoriasdehacienda.institutomora.edu.mx\/wp-content\/uploads\/058SUELDOS1827-28.xls\">58<\/a><\/span> (9)<\/p>\n<p>Ministerio de Justicia, Gastos constan haber sido pagados, jun. 1827-jul. 1828, Doc. <span style=\"color: #0000ff;\"><a style=\"color: #0000ff;\" href=\"https:\/\/memoriasdehacienda.institutomora.edu.mx\/wp-content\/uploads\/059JUSTICIA1827-28.xls\">59<\/a><\/span> (9)<\/p>\n<p>Ministerio de Justicia, Misiones, jun. 1827-jul. 1828, Doc. <span style=\"color: #0000ff;\"><a style=\"color: #0000ff;\" href=\"https:\/\/memoriasdehacienda.institutomora.edu.mx\/wp-content\/uploads\/060MISIONES1827-28.xls\">60<\/a><\/span> (9)<\/p>\n<p>Ministerio de Hacienda, Sueldos del, jun. 1827-jul. 1828, Doc. <span style=\"color: #0000ff;\"><a style=\"color: #0000ff;\" href=\"https:\/\/memoriasdehacienda.institutomora.edu.mx\/wp-content\/uploads\/061SUELDOS1827-28.xls\">61<\/a> <\/span>(9)<\/p>\n<p>Ministerio de Hacienda, Gastos generales y comunes del, jun. 1827-jul. 1828, Doc. <span style=\"color: #0000ff;\"><a style=\"color: #0000ff;\" href=\"https:\/\/memoriasdehacienda.institutomora.edu.mx\/wp-content\/uploads\/062GASTOSGRALES1827-28.xls\">62<\/a><\/span> (9)<\/p>\n<p>Ministerio de Hacienda, Sueldos, pensionistas, cesantes, jubilados, jun. 1827-jul. 1828, Doc. <span style=\"color: #0000ff;\"><a style=\"color: #0000ff;\" href=\"https:\/\/memoriasdehacienda.institutomora.edu.mx\/wp-content\/uploads\/063SUELDOSCESANTES1827-28.xls\">63<\/a> <\/span>(9)<\/p>\n<p>Deuda p\u00fablica interna, R\u00e9ditos de capitales, jun. 1827-jul. 1828, Doc. <span style=\"color: #0000ff;\"><a style=\"color: #0000ff;\" href=\"https:\/\/memoriasdehacienda.institutomora.edu.mx\/wp-content\/uploads\/064REDITOS1827-28.xls\">64<\/a><\/span> (9)<\/p>\n<p>Montep\u00edo de ministros y oficinas, jun. 1827-jul. 1828, Doc. <span style=\"color: #0000ff;\"><a style=\"color: #0000ff;\" href=\"https:\/\/memoriasdehacienda.institutomora.edu.mx\/wp-content\/uploads\/065MONTEPIOMINIST1827-28.xls\">65<\/a><\/span> (9)<\/p>\n<p>Presupuestos:<\/p>\n<p>Existencias que quedaron del estado general, fines de junio de 1828, Doc. <span style=\"color: #0000ff;\"><a style=\"color: #0000ff;\" href=\"https:\/\/memoriasdehacienda.institutomora.edu.mx\/wp-content\/uploads\/066MONTEPIODEMINISTROS1827-28.xls\">66<\/a><\/span> (9)<\/p>\n<p>Deuda p\u00fablica, Cantidades pendientes de pago, fin junio de 1828, Doc. <span style=\"color: #0000ff;\"><a style=\"color: #0000ff;\" href=\"https:\/\/memoriasdehacienda.institutomora.edu.mx\/wp-content\/uploads\/067DEUDAPUB1827-28.xls\">67<\/a><\/span> (9)<\/p>\n<p>Presupuesto de ingresos, Raz\u00f3n comparativa de los ramos de Hacienda, Doc. <span style=\"color: #0000ff;\"><a style=\"color: #0000ff;\" href=\"https:\/\/memoriasdehacienda.institutomora.edu.mx\/wp-content\/uploads\/068PRESUPUESTODEINGRESOS1827-28.xls\">68<\/a><\/span> (9)<\/p>\n<p>Presupuesto de gastos, Comparaci\u00f3n del, Doc. <span style=\"color: #0000ff;\"><a style=\"color: #0000ff;\" href=\"https:\/\/memoriasdehacienda.institutomora.edu.mx\/wp-content\/uploads\/069PRESUPUESTOSDEGASTOS1827-28.xls\">69<\/a><\/span> (9)<\/p>\n<p>Acu\u00f1aci\u00f3n, Casas de Moneda Doc.<span style=\"color: #0000ff;\"><a style=\"color: #0000ff;\" href=\"https:\/\/memoriasdehacienda.institutomora.edu.mx\/wp-content\/uploads\/070ACU\u00d1ACIONCASADEMONEDA1827-28.xls\"> 70 <\/a><\/span>(9)<\/p>\n<p>Cuentas para remitir a la Contadur\u00eda Mayor, Doc. 71 (9)<\/p>\n<p>Presupuestos generales de los ministerios, Resumen en el que se presenta los, jul. 1829-jun. 1830, Doc. <span style=\"color: #0000ff;\"><a style=\"color: #0000ff;\" href=\"https:\/\/memoriasdehacienda.institutomora.edu.mx\/wp-content\/uploads\/072PRESUPUESTOSGRALES1829-30.xls\">72<\/a><\/span> (9)<\/p>\n<p>Presupuesto, Ministerio de Relaciones Interiores y Exteriores su, jul. 1829-jun. 1830, Doc.<a href=\"https:\/\/memoriasdehacienda.institutomora.edu.mx\/wp-content\/uploads\/PRESUPUESTOS1829-30A.xls\"> A<\/a> (9)<\/p>\n<p>Presupuesto del gasto militar, Ministerio de Guerra y Marina, jul. 1829-jun. 1830, Doc.<span style=\"color: #0000ff;\"><a style=\"color: #0000ff;\" href=\"https:\/\/memoriasdehacienda.institutomora.edu.mx\/wp-content\/uploads\/PRESUPUESTOS1829-30B.xls\"> B<\/a><\/span> (9)<\/p>\n<p>Presupuesto de Marina, jul. 1829-jun. 1830, Doc.<span style=\"color: #0000ff;\"><a style=\"color: #0000ff;\" href=\"https:\/\/memoriasdehacienda.institutomora.edu.mx\/wp-content\/uploads\/PRESUPUESTOS1829-30-Cres.xls\"> C<\/a><\/span> (9)<\/p>\n<p>Presupuesto, Ministerio de Justicia y Negocios Eclesi\u00e1sticos su, jul. 1829-jun. 1830, Doc.<span style=\"color: #0000ff;\"><a style=\"color: #0000ff;\" href=\"https:\/\/memoriasdehacienda.institutomora.edu.mx\/wp-content\/uploads\/PRESUPUESTOS1829-30D.xls\"> D <\/a><\/span>(9)<\/p>\n<p>Presupuesto, Ministerio de Hacienda, jul. 1829-jun. 1830, Doc.<span style=\"color: #0000ff;\"><a style=\"color: #0000ff;\" href=\"https:\/\/memoriasdehacienda.institutomora.edu.mx\/wp-content\/uploads\/PRESUPUESTOS1829-30E.xls\"> E<\/a><\/span> (9)<\/p>\n<p>Presupuestos, Proyecto presentado a las C\u00e1maras del Congreso, detallado por ramos y fechas desde el 8 marzo 1828, jul. 1829-jun. 1830, Doc. 73 (9)<\/p>\n<p>Noticias de las consultas a las C\u00e1maras, detallado por ramos y fechas, Doc. 74 (9)<\/p>\n<p>Resumen de los asuntos tratados por el ministerio de Hacienda, Doc. [75] (9)<\/p>\n<p>[\/read]<\/p>\n<div><\/div>\n","protected":false},"excerpt":{"rendered":"<p>(9) Memoria del ramo de la Hacienda Federal de los Estados Unidos Mexicanos, le\u00edda en la C\u00e1mara de Diputados, por el Ministro respectivo, el d\u00eda 3, y en la de Senadores el 7 de enero de 1829. M\u00e9xico, Imprenta del Aguila, dirigida por Jos\u00e9 Ximeno, 1829, 16 + [28] pp., 73 estad\u00edsticas. Firmada por Jos\u00e9<\/p>\n<p><a href=\"https:\/\/memoriasdehacienda.institutomora.edu.mx\/?page_id=563\" class=\"more-link themebutton\">Read More<\/a><\/p>\n","protected":false},"author":2,"featured_media":0,"parent":0,"menu_order":0,"comment_status":"closed","ping_status":"closed","template":"","meta":[],"_links":{"self":[{"href":"https:\/\/memoriasdehacienda.institutomora.edu.mx\/index.php?rest_route=\/wp\/v2\/pages\/563"}],"collection":[{"href":"https:\/\/memoriasdehacienda.institutomora.edu.mx\/index.php?rest_route=\/wp\/v2\/pages"}],"about":[{"href":"https:\/\/memoriasdehacienda.institutomora.edu.mx\/index.php?rest_route=\/wp\/v2\/types\/page"}],"author":[{"embeddable":true,"href":"https:\/\/memoriasdehacienda.institutomora.edu.mx\/index.php?rest_route=\/wp\/v2\/users\/2"}],"replies":[{"embeddable":true,"href":"https:\/\/memoriasdehacienda.institutomora.edu.mx\/index.php?rest_route=%2Fwp%2Fv2%2Fcomments&post=563"}],"version-history":[{"count":17,"href":"https:\/\/memoriasdehacienda.institutomora.edu.mx\/index.php?rest_route=\/wp\/v2\/pages\/563\/revisions"}],"predecessor-version":[{"id":8645,"href":"https:\/\/memoriasdehacienda.institutomora.edu.mx\/index.php?rest_route=\/wp\/v2\/pages\/563\/revisions\/8645"}],"wp:attachment":[{"href":"https:\/\/memoriasdehacienda.institutomora.edu.mx\/index.php?rest_route=%2Fwp%2Fv2%2Fmedia&parent=563"}],"curies":[{"name":"wp","href":"https:\/\/api.w.org\/{rel}","templated":true}]}}