{"id":565,"date":"2016-04-07T12:17:02","date_gmt":"2016-04-07T18:17:02","guid":{"rendered":"http:\/\/memoriasdehacienda.colmex.mx\/mhwp\/?page_id=565"},"modified":"2023-03-16T13:13:02","modified_gmt":"2023-03-16T19:13:02","slug":"memoria-10","status":"publish","type":"page","link":"https:\/\/memoriasdehacienda.institutomora.edu.mx\/?page_id=565","title":{"rendered":"Memoria 10 (1\u00b0 de abril de 1830)"},"content":{"rendered":"<p><span style=\"font-size: 11pt;\"><strong><span style=\"color: #ff6600;\">(10) Memoria de la Secretar\u00eda del despacho de Hacienda. Le\u00edda por el Ministro del ramo en la C\u00e1mara de Senadores el d\u00eda 5 de abril de 1830, y en la de Diputados el d\u00eda 7 del mismo. M\u00e9xico, Imprenta del \u00c1guila, dirigida por Jos\u00e9 Ximeno, 1830, 20 + 76 pp., cuadros, tablas.<\/span><\/strong><\/span><\/p>\n<p><span style=\"color: #000000;\">Firmada por Rafael Mangino<\/span><\/p>\n<p><span style=\"color: #000000;\">Per\u00edodo: julio de 1828-junio de 1829.<\/span><\/p>\n<p><span style=\"color: #000000;\">Se localiza: <span style=\"font-size: 10pt;\"><span class=\"tooltips \" style=\"\" title=\"Biblioteca Nacional de M\u00e9xico-Colecci\u00f3n Lafragua, Fondo Reservado, UNAM.\">BNCL<\/span>,&nbsp;<span class=\"tooltips \" style=\"\" title=\"Biblioteca Nacional de M\u00e9xico-Colecci\u00f3n de Libros Raros y Curiosos, Fondo Reservado, UNAM.\">BNLR<\/span>, <span class=\"tooltips \" style=\"\" title=\"Biblioteca del Instituto de Investigaciones Hist\u00f3ricas, UNAM.\">BIIH<\/span>, <span class=\"tooltips \" style=\"\" title=\"Biblioteca del Instituto de Investigaciones &quot;Dr. Jos\u00e9 Mar\u00eda Luis Mora&quot; (material en micropel\u00edcula).\">BIM-Mfilm<\/span>,&nbsp;<span class=\"tooltips \" style=\"\" title=\"Biblioteca &quot;Daniel Cos\u00edo Villegas&quot;, El Colegio de M\u00e9xico (material en micropel\u00edcula).\">BColmex-Mfilm<\/span>.<\/span><\/span><\/p>\n<p><strong><span style=\"color: #000000;\">Tiene anexos, cuadros y tablas.<\/span><\/strong><\/p>\n<p><strong><span style=\"color: #000000;\">S\u00edntesis del contenido:<\/span><\/strong><\/p>\n<p style=\"text-align: justify;\"><span style=\"color: #000000;\">Desde el inicio de la memoria el ministro analiza la cuenta general que presenta. Entre los ramos que menciona est\u00e1n los contingentes de los Estados, afirmando que nunca se han pagado totalmente debido a que no se hicieron las asignaciones conforme a la riqueza de los estados. En cuanto a la contribuci\u00f3n extraordinaria solicitada a los estados (por decreto del 4 de octubre de 1828) para proporcionar 600 000 pesos para gastos de guerra, informa que s\u00f3lo se recogieron 185 109 pesos. Con respecto al tabaco se anuncian medidas para el arreglo del ramo cuya situaci\u00f3n sigue siendo confusa. Por su parte, se\u00f1ala que los ramos de la p\u00f3lvora, la loter\u00eda y la casa de moneda tienen d\u00e9ficits importantes.<\/span><\/p>\n<p style=\"text-align: justify;\"><span style=\"color: #000000;\">Las propuestas que hace para reformar la administraci\u00f3n son:&nbsp; dividir las funciones de Hacienda, establecer una direcci\u00f3n de rentas, crear un centro com\u00fan de operaciones para controlar las comisar\u00edas y reorganizar las aduanas mar\u00edtimas y las comisar\u00edas. Por \u00faltimo, indica que existe un d\u00e9ficit de 5 686 193 pesos para el a\u00f1o fiscal a ejercer.<\/span>[read more=&#8221;Ver anexos estad\u00edsticos&#8221; less=&#8221;ver menos&#8221;]<\/p>\n<p>&nbsp;<\/p>\n<p><span style=\"color: #0000ff;\"><strong>Anexos:<\/strong><\/span><\/p>\n<p>Cuenta del erario federal, Estado General de ingresos y productos l\u00edquidos, jul. 1828- jun. 1829, Doc.<span style=\"color: #0000ff;\"><a style=\"color: #0000ff;\" href=\"https:\/\/memoriasdehacienda.institutomora.edu.mx\/wp-content\/uploads\/EDOS-GRALES-1828-29.xls\"> [0]<\/a> (<\/span><strong>10<\/strong>)<br \/>\nIngresos:<\/p>\n<p>Existencias a fines de junio de 1828, Doc. <span style=\"color: #0000ff;\"><a style=\"color: #0000ff;\" href=\"https:\/\/memoriasdehacienda.institutomora.edu.mx\/wp-content\/uploads\/001EXISTENCIAS1828-29.xls\">1<\/a><\/span> (<strong>10<\/strong>)<\/p>\n<p>Contingente de los Estados, jul. 1828-jun. 1829, Doc. <span style=\"color: #0000ff;\"><a style=\"color: #0000ff;\" href=\"https:\/\/memoriasdehacienda.institutomora.edu.mx\/wp-content\/uploads\/002CONTINGENTE1828-29.xls\">2<\/a>,<a style=\"color: #0000ff;\" href=\"https:\/\/memoriasdehacienda.institutomora.edu.mx\/wp-content\/uploads\/003CONTINGENTE1828-29.xls\"> 3 <\/a><\/span>(<strong>10<\/strong>)<\/p>\n<p>Contingente extraordinario de guerra, jul. 1828-jun. 1829, Doc.<span style=\"color: #0000ff;\"><a style=\"color: #0000ff;\" href=\"https:\/\/memoriasdehacienda.institutomora.edu.mx\/wp-content\/uploads\/004CONTINGENTE1828-29.xls\"> 4<\/a><\/span> (<strong>10<\/strong>)<\/p>\n<p>Aduanas mar\u00edtimas, de los territorios, fronterizas e interiores, jul. 1828-jun. 1829, Doc. <span style=\"color: #0000ff;\"><a style=\"color: #0000ff;\" href=\"https:\/\/memoriasdehacienda.institutomora.edu.mx\/wp-content\/uploads\/005ADUANAS1828-29.xls\">5<\/a>, <a style=\"color: #0000ff;\" href=\"https:\/\/memoriasdehacienda.institutomora.edu.mx\/wp-content\/uploads\/006ADUANAS1828-29.xls\">6<\/a>, <a style=\"color: #0000ff;\" href=\"https:\/\/memoriasdehacienda.institutomora.edu.mx\/wp-content\/uploads\/007ADUANAS1828-29.xls\">7<\/a>,&nbsp;<a style=\"color: #0000ff;\" href=\"https:\/\/memoriasdehacienda.institutomora.edu.mx\/wp-content\/uploads\/008ADUANAS1828-29.xls\">8<\/a><\/span> (<strong>10<\/strong>)<\/p>\n<p>Comisar\u00edas generales, Derechos cobrados, jul. 1828-jun. 1829, Doc. <span style=\"color: #0000ff;\"><a style=\"color: #0000ff;\" href=\"https:\/\/memoriasdehacienda.institutomora.edu.mx\/wp-content\/uploads\/009ADUANAS1828-29.xls\">9<\/a><\/span> (<strong>10<\/strong>)<\/p>\n<p>Tabaco, jul. 1828-jun. 1829, Doc. <span style=\"color: #0000ff;\"><a style=\"color: #0000ff;\" href=\"https:\/\/memoriasdehacienda.institutomora.edu.mx\/wp-content\/uploads\/010TABACO1828-29.xls\">10<\/a>, <a style=\"color: #0000ff;\" href=\"https:\/\/memoriasdehacienda.institutomora.edu.mx\/wp-content\/uploads\/011TABACO1828-29.xls\">11<\/a>, <a style=\"color: #0000ff;\" href=\"https:\/\/memoriasdehacienda.institutomora.edu.mx\/wp-content\/uploads\/012TABACO1828-29.xls\">12<\/a>, <a style=\"color: #0000ff;\" href=\"https:\/\/memoriasdehacienda.institutomora.edu.mx\/wp-content\/uploads\/013TABACO1828-29.xls\">13<\/a><\/span> (<strong>10<\/strong>)<\/p>\n<p>P\u00f3lvora, jul. 1828-jun. 1829, Doc. <span style=\"color: #0000ff;\"><a style=\"color: #0000ff;\" href=\"https:\/\/memoriasdehacienda.institutomora.edu.mx\/wp-content\/uploads\/014POLVORA1828-29.xls\">14<\/a>,&nbsp;<a style=\"color: #0000ff;\" href=\"https:\/\/memoriasdehacienda.institutomora.edu.mx\/wp-content\/uploads\/015POLVORA1828-29.xls\">15<\/a> <\/span>(<strong>10<\/strong>)<\/p>\n<p>Correos, jul. 1828-jun. 1829, Doc. <span style=\"color: #0000ff;\"><a style=\"color: #0000ff;\" href=\"https:\/\/memoriasdehacienda.institutomora.edu.mx\/wp-content\/uploads\/016CORREOS1828-29.xls\">16<\/a><\/span> (<strong>10<\/strong>)<\/p>\n<p>Loter\u00eda, jul. 1828-jun. 1829, Doc. 17 (<strong>10<\/strong>)<\/p>\n<p>Salinas, jul. 1828-jun. 1829, Doc. <span style=\"color: #0000ff;\"><a style=\"color: #0000ff;\" href=\"https:\/\/memoriasdehacienda.institutomora.edu.mx\/wp-content\/uploads\/018SALINAS1828-29.xls\">18<\/a><\/span> (<strong>10<\/strong>)<\/p>\n<p>Casa de Moneda de M\u00e9xico, jul. 1828-jun. 1829, Doc.&nbsp;<span style=\"color: #0000ff;\"><a style=\"color: #0000ff;\" href=\"https:\/\/memoriasdehacienda.institutomora.edu.mx\/wp-content\/uploads\/019CASADEMONEDA1828-29.xls\">19<\/a><\/span> (<strong>10<\/strong>)<\/p>\n<p>Temporalidades, jul. 1828-jun. 1829, Doc. <span style=\"color: #0000ff;\"><a style=\"color: #0000ff;\" href=\"https:\/\/memoriasdehacienda.institutomora.edu.mx\/wp-content\/uploads\/020TEMPORALIDADES1828-29.xls\">20<\/a><\/span> (<strong>10<\/strong>)<\/p>\n<p>Dos por ciento de circulaci\u00f3n de Moneda (decreto de 11 de junio de 1822), jul. 1828-jun. 1829, Doc. <span style=\"color: #0000ff;\"><a style=\"color: #0000ff;\" href=\"https:\/\/memoriasdehacienda.institutomora.edu.mx\/wp-content\/uploads\/021DOSPORCIENTODEMONEDA1828-29.xls\">21<\/a><\/span> (<strong>10<\/strong>)<\/p>\n<p>Papel Sellado, jul. 1828-jun. 1829, Doc. <span style=\"color: #0000ff;\"><a style=\"color: #0000ff;\" href=\"https:\/\/memoriasdehacienda.institutomora.edu.mx\/wp-content\/uploads\/022PAPELSELLADO1828-29.xls\">22<\/a><\/span> (<strong>10<\/strong>)<\/p>\n<p>Pulques, jul. 1828-jun. 1829, Doc. <span style=\"color: #0000ff;\"><a style=\"color: #0000ff;\" href=\"https:\/\/memoriasdehacienda.institutomora.edu.mx\/wp-content\/uploads\/023PULQUES1828-29.xls\">23<\/a><\/span> (<strong>10<\/strong>)<\/p>\n<p>Diezmos y anualidades eclesi\u00e1sticas, jul. 1828-jun. 1829, Doc. <span style=\"color: #0000ff;\"><a style=\"color: #0000ff;\" href=\"https:\/\/memoriasdehacienda.institutomora.edu.mx\/wp-content\/uploads\/024DIEZMOS1828-29.xls\">24<\/a><\/span> (<strong>10<\/strong>)<\/p>\n<p>Anualidades eclesi\u00e1sticas y diezmos, jul. 1828-jun. 1829, Doc. 24 (<strong>10<\/strong>)<\/p>\n<p>Reintegros, jul. 1828-jun. 1829, Doc. <span style=\"color: #0000ff;\"><a style=\"color: #0000ff;\" href=\"https:\/\/memoriasdehacienda.institutomora.edu.mx\/wp-content\/uploads\/025REINTEGROS1828-29.xls\">25<\/a><\/span> (<strong>10<\/strong>)<\/p>\n<p>Comisos, jul. 1828-jun. 1829, Doc. <span style=\"color: #0000ff;\"><a style=\"color: #0000ff;\" href=\"https:\/\/memoriasdehacienda.institutomora.edu.mx\/wp-content\/uploads\/026COMISOS1828-29.xls\">26<\/a> <\/span>(<strong>10<\/strong>)<\/p>\n<p>Aprovechamientos, jul. 1828-jun. 1829, Doc.<span style=\"color: #0000ff;\"><a style=\"color: #0000ff;\" href=\"https:\/\/memoriasdehacienda.institutomora.edu.mx\/wp-content\/uploads\/027APROVECHAMIENTOS1828-29.xls\"> 27 <\/a><\/span>(<strong>10<\/strong>)<\/p>\n<p>Donativos voluntarios, jul. 1828-jun. 1829, Doc. <span style=\"color: #0000ff;\"><a style=\"color: #0000ff;\" href=\"https:\/\/memoriasdehacienda.institutomora.edu.mx\/wp-content\/uploads\/028DONATIVOS1828-29.xls\">28<\/a><\/span> (<strong>10<\/strong>)<\/p>\n<p>Aver\u00eda, jul. 1828-jun. 1829, Doc. <span style=\"color: #0000ff;\"><a style=\"color: #0000ff;\" href=\"https:\/\/memoriasdehacienda.institutomora.edu.mx\/wp-content\/uploads\/029AVERIA1828-29.xls\">29<\/a><\/span> (<strong>10<\/strong>)<\/p>\n<p>Peajes, jul. 1828-jun. 1829, Doc. <span style=\"color: #0000ff;\"><a style=\"color: #0000ff;\" href=\"https:\/\/memoriasdehacienda.institutomora.edu.mx\/wp-content\/uploads\/030PEAGES1828-29.xls\">30<\/a><\/span> (<strong>10<\/strong>)<\/p>\n<p>Deuda p\u00fablica externa, Por cuenta de los pr\u00e9stamos contratados en Londres, jul. 1828-jun. 1829, Doc. <span style=\"color: #0000ff;\"><a style=\"color: #0000ff;\" href=\"https:\/\/memoriasdehacienda.institutomora.edu.mx\/wp-content\/uploads\/031PRESTAMOSESTRANGEROS1828-29.xls\">31 <\/a><\/span>(<strong>10<\/strong>)<\/p>\n<p>Dep\u00f3sitos, jul. 1828-jun. 1829, Doc. <span style=\"color: #0000ff;\"><a style=\"color: #0000ff;\" href=\"https:\/\/memoriasdehacienda.institutomora.edu.mx\/wp-content\/uploads\/032DEPOSITOS1828-29.xls\">32<\/a><\/span> (<strong>10<\/strong>)<\/p>\n<p>Deuda p\u00fablica, Pr\u00e9stamos o suplementos, jul. 1828-jun. 1829, Doc. <span style=\"color: #0000ff;\"><a style=\"color: #0000ff;\" href=\"https:\/\/memoriasdehacienda.institutomora.edu.mx\/wp-content\/uploads\/033DEUDAPUBLICAPRESTAMOS1828-29.xls\">33 <\/a><\/span>(<strong>10<\/strong>)<\/p>\n<p>Ramos menores y accidentales, jul. 1828-jun. 1829, Doc. <span style=\"color: #0000ff;\"><a style=\"color: #0000ff;\" href=\"https:\/\/memoriasdehacienda.institutomora.edu.mx\/wp-content\/uploads\/034RAMOSMENORES1828-29.xls\">34<\/a><\/span> (<strong>10<\/strong>)<\/p>\n<p>Gastos<\/p>\n<p>Congreso general, jul. 1828-jun. 1829, Doc. <a href=\"https:\/\/memoriasdehacienda.institutomora.edu.mx\/wp-content\/uploads\/035CONGRESO1828-29.xls\"><span style=\"color: #0000ff;\">35<\/span> <\/a>(<strong>10<\/strong>)<\/p>\n<p>Ministerio de Relaciones, Sueldos de empleados, jul. 1828-jun. 1829, Doc. <span style=\"color: #0000ff;\"><a style=\"color: #0000ff;\" href=\"https:\/\/memoriasdehacienda.institutomora.edu.mx\/wp-content\/uploads\/036SUELDOS1828-29.xls\">36<\/a><\/span> (<strong>10<\/strong>)<\/p>\n<p>Ministerio de Relaciones, Gastos generales, jul. 1828-jun. 1829, Doc. <span style=\"color: #0000ff;\"><a style=\"color: #0000ff;\" href=\"https:\/\/memoriasdehacienda.institutomora.edu.mx\/wp-content\/uploads\/037GASTOSGRALES1828-29.xls\">37 <\/a><\/span>(<strong>10<\/strong>)<\/p>\n<p>Ministerio de Relaciones, Gastos extraordinarios, jul. 1828-jun. 1829, Doc. <a href=\"https:\/\/memoriasdehacienda.institutomora.edu.mx\/wp-content\/uploads\/038GASTOSEXTRAORDI1828-29.xls\">38<\/a> (<strong>10<\/strong>)<\/p>\n<p>Ministerio de Relaciones, Sueldos y gastos de legaciones, jul. 1828-jun. 1829, Doc.<span style=\"color: #0000ff;\"><a style=\"color: #0000ff;\" href=\"https:\/\/memoriasdehacienda.institutomora.edu.mx\/wp-content\/uploads\/039SUELDOSYGASTOS1828-29.xls\"> 39 <\/a><\/span>(<strong>10<\/strong>)<\/p>\n<p>Ministerio de Guerra y Marina, Milicia permanente, jul. 1828-jun. 1829, Doc. <span style=\"color: #0000ff;\"><a style=\"color: #0000ff;\" href=\"https:\/\/memoriasdehacienda.institutomora.edu.mx\/wp-content\/uploads\/040MILICIAPERMANENTE1828-29.xls\">40<\/a><\/span> (<strong>10<\/strong>)<\/p>\n<p>Ministerio de Guerra y Marina, Milicia activa, jul. 1828-jun. 1829, Doc. <span style=\"color: #0000ff;\"><a style=\"color: #0000ff;\" href=\"https:\/\/memoriasdehacienda.institutomora.edu.mx\/wp-content\/uploads\/041MILICIAACTIVA1828-29.xls\">41<\/a><\/span> (<strong>10<\/strong>)<\/p>\n<p>Ministerio de Guerra y Marina, Milicia c\u00edvica local, jul. 1828-jun. 1829, Doc. <span style=\"color: #0000ff;\"><a style=\"color: #0000ff;\" href=\"https:\/\/memoriasdehacienda.institutomora.edu.mx\/wp-content\/uploads\/042MILICIACIVICA1828-29.xls\">42 <\/a><\/span>(<strong>10<\/strong>)<\/p>\n<p>Ministerio de Guerra y Marina, Artiller\u00eda, jul. 1828-jun. 1829, Doc. <span style=\"color: #0000ff;\"><a style=\"color: #0000ff;\" href=\"https:\/\/memoriasdehacienda.institutomora.edu.mx\/wp-content\/uploads\/043ARTILLERIA1828-29.xls\">43<\/a><\/span> (<strong>10<\/strong>)<\/p>\n<p>Ministerio de Guerra y Marina, Ingenieros, jul. 1828-jun. 1829, Doc. <span style=\"color: #0000ff;\"><a style=\"color: #0000ff;\" href=\"https:\/\/memoriasdehacienda.institutomora.edu.mx\/wp-content\/uploads\/044INGENIEROS1828-29.xls\">44<\/a><\/span> (<strong>10<\/strong>)<\/p>\n<p>Ministerio de Guerra y Marina, Gastos generales militares, jul. 1828-jun. 1829, Doc. <span style=\"color: #0000ff;\"><a style=\"color: #0000ff;\" href=\"https:\/\/memoriasdehacienda.institutomora.edu.mx\/wp-content\/uploads\/045GASTOSMIL828-29.xls\">45<\/a><\/span> (<strong>10<\/strong>)<\/p>\n<p>Ministerio de Guerra y Marina, Gastos extraordinarios de guerra, jul. 1828-jun. 1829, Doc. <span style=\"color: #0000ff;\"><a style=\"color: #0000ff;\" href=\"https:\/\/memoriasdehacienda.institutomora.edu.mx\/wp-content\/uploads\/046GASTOS1828-29.xls\">46<\/a> <\/span>(<strong>10<\/strong>)<\/p>\n<p>Ministerio de Guerra y Marina, Inv\u00e1lidos, jul. 1828-jun. 1829, Doc. <span style=\"color: #0000ff;\"><a style=\"color: #0000ff;\" href=\"https:\/\/memoriasdehacienda.institutomora.edu.mx\/wp-content\/uploads\/047INVALIDOS1828-29.xls\">47<\/a><\/span> (<strong>10<\/strong>)<\/p>\n<p>Ministerio de Guerra y Marina, Montep\u00edo militar, jul. 1828-jun. 1829, Doc. <span style=\"color: #0000ff;\"><a style=\"color: #0000ff;\" href=\"https:\/\/memoriasdehacienda.institutomora.edu.mx\/wp-content\/uploads\/048MONTEPIOMILITAR1828-29.xls\">48<\/a><\/span> (<strong>10<\/strong>)<\/p>\n<p>Ministerio de Guerra y Marina, Montep\u00edo de cirujanos, jul. 1828-jun. 1829, Doc. <span style=\"color: #0000ff;\"><a style=\"color: #0000ff;\" href=\"https:\/\/memoriasdehacienda.institutomora.edu.mx\/wp-content\/uploads\/049MONTEPIOCIRUJANOS1828-29.xls\">49<\/a> <\/span>(<strong>10<\/strong>)<\/p>\n<p>Ministerio de Guerra y Marina, Pensiones militares, jul. 1828-jun. 1829, Doc. <span style=\"color: #0000ff;\"><a style=\"color: #0000ff;\" href=\"https:\/\/memoriasdehacienda.institutomora.edu.mx\/wp-content\/uploads\/050PENSIONES1828-29.xls\">50<\/a><\/span> (<strong>10<\/strong>)<\/p>\n<p>Ministerio de Guerra y Marina, Hospitalidades, jul. 1828-jun. 1829, Doc. <span style=\"color: #0000ff;\"><a style=\"color: #0000ff;\" href=\"https:\/\/memoriasdehacienda.institutomora.edu.mx\/wp-content\/uploads\/051HOSPITALIDADES1828-29.xls\">51<\/a><\/span> (<strong>10<\/strong>)<\/p>\n<p>Ministerio de Guerra y Marina, Forzados y presidarios, jul. 1828-jun. 1829, Doc.<span style=\"color: #0000ff;\"><a style=\"color: #0000ff;\" href=\"https:\/\/memoriasdehacienda.institutomora.edu.mx\/wp-content\/uploads\/052FORZADOS1828-29.xls\"> 52 <\/a><\/span>(<strong>10<\/strong>)<\/p>\n<p>Ministerio de Guerra y Marina, Vig\u00edas, jul. 1828-jun. 1829, Doc. <span style=\"color: #0000ff;\"><a style=\"color: #0000ff;\" href=\"https:\/\/memoriasdehacienda.institutomora.edu.mx\/wp-content\/uploads\/053VIGIAS1828-29.xls\">53 <\/a><\/span>(<strong>10<\/strong>)<\/p>\n<p>Ministerio de Guerra y Marina, Gastos de marina, jul. 1828-jun. 1829, Doc. <span style=\"color: #0000ff;\"><a style=\"color: #0000ff;\" href=\"https:\/\/memoriasdehacienda.institutomora.edu.mx\/wp-content\/uploads\/054GASTOSDEMARINA1828-29.xls\">54 <\/a><\/span>(<strong>10<\/strong>)<\/p>\n<p>Ministerio de Justicia, Sueldos de diversos ministros y empleados, jul. 1828-jun. 1829, Doc. <a href=\"https:\/\/memoriasdehacienda.institutomora.edu.mx\/wp-content\/uploads\/055SUELDOSMINISTROS1828-29.xls\"><span style=\"color: #0000ff;\">55<\/span> <\/a>(<strong>10<\/strong>)<\/p>\n<p>Ministerio de Hacienda, Sueldos, jul. 1828-jun. 1829, Doc. <span style=\"color: #0000ff;\"><a style=\"color: #0000ff;\" href=\"https:\/\/memoriasdehacienda.institutomora.edu.mx\/wp-content\/uploads\/056SUELDOS1828-29.xls\">56<\/a><\/span> (<strong>10<\/strong>)<\/p>\n<p>Ministerio de Hacienda, Gastos generales y comunes de, jul. 1828-jun. 1829, Doc.&nbsp;<span style=\"color: #0000ff;\"><a style=\"color: #0000ff;\" href=\"https:\/\/memoriasdehacienda.institutomora.edu.mx\/wp-content\/uploads\/057GASTOSGRALES1828-29.xls\">57<\/a><\/span> (<strong>10<\/strong>)<\/p>\n<p>Ministerio de Hacienda, Sueldos de cesantes, pensionistas, jubilados, jul. 1828-jun. 1829, Doc.<span style=\"color: #0000ff;\"><a style=\"color: #0000ff;\" href=\"https:\/\/memoriasdehacienda.institutomora.edu.mx\/wp-content\/uploads\/058SUELDOSDECESANTES1828-29.xls\"> 58 <\/a><\/span>(<strong>10<\/strong>)<\/p>\n<p>Deuda p\u00fablica, R\u00e9ditos y capitales, jul. 1828-jun. 1829, Doc. <span style=\"color: #0000ff;\"><a style=\"color: #0000ff;\" href=\"https:\/\/memoriasdehacienda.institutomora.edu.mx\/wp-content\/uploads\/059REDITOS1828-29.xls\">59<\/a><\/span> (<strong>10<\/strong>)<\/p>\n<p>Montep\u00edo de ministros y de oficinas, jul. 1828-jun. 1829, Doc. <span style=\"color: #0000ff;\"><a style=\"color: #0000ff;\" href=\"https:\/\/memoriasdehacienda.institutomora.edu.mx\/wp-content\/uploads\/060MONTEPIOMINIST1828-29.xls\">60<\/a><\/span> (<strong>10<\/strong>)<\/p>\n<p>Ministerio de Hacienda, Gastos extraordinarios, jul. 1828-jun. 1829, Doc. <span style=\"color: #0000ff;\"><a style=\"color: #0000ff;\" href=\"https:\/\/memoriasdehacienda.institutomora.edu.mx\/wp-content\/uploads\/061GASTOSEXTRAORDI1828-29.xls\">61<\/a><\/span> (<strong>10<\/strong>)<\/p>\n<p>Deuda p\u00fablica externa, Remesas de caudales hechas a Londres, jul. 1828-jun. 1829, Doc. <span style=\"color: #0000ff;\"><a style=\"color: #0000ff;\" href=\"https:\/\/memoriasdehacienda.institutomora.edu.mx\/wp-content\/uploads\/062DEUDAPUBEXTERNA1828-29.xls\">62<\/a><\/span> (<strong>10<\/strong>)<\/p>\n<p>Deuda p\u00fablica externa, Adeudos por intereses y amortizaciones de los contratos en Londres (Goldschmidt y Barclay), jul. 1828-jun. 1829, Doc. <span style=\"color: #0000ff;\"><a style=\"color: #0000ff;\" href=\"https:\/\/memoriasdehacienda.institutomora.edu.mx\/wp-content\/uploads\/063DEUDAPUBEXTERNALONDRES1828-29.xls\">63<\/a><\/span> (<strong>10<\/strong>)<\/p>\n<p>Existencias que quedaron en la Tesorer\u00eda General y las comisar\u00edas, jul. 1828-jun. 1829, Doc. <span style=\"color: #0000ff;\"><a style=\"color: #0000ff;\" href=\"https:\/\/memoriasdehacienda.institutomora.edu.mx\/wp-content\/uploads\/064ECSISTENCIAS1828-29.xls\">64 <\/a><\/span>(<strong>10<\/strong>)<\/p>\n<p>Deuda p\u00fabluca interina, Cantidades que quedaron pendientes de pago, jul. 1828-jun. 1829, Doc. <span style=\"color: #0000ff;\"><a style=\"color: #0000ff;\" href=\"https:\/\/memoriasdehacienda.institutomora.edu.mx\/wp-content\/uploads\/065DEUDAPUBLICA1828-29.xls\">65<\/a><\/span> (<strong>10<\/strong>)<\/p>\n<p>Ramos de la Hacienda p\u00fablica, Raz\u00f3n comparativa de los, jul. 1828-jun. 1829, Doc. <span style=\"color: #0000ff;\"><a style=\"color: #0000ff;\" href=\"https:\/\/memoriasdehacienda.institutomora.edu.mx\/wp-content\/uploads\/066RAMOSDELAHACIENDA1828-29.xls\">66<\/a><\/span> (<strong>10<\/strong>)<\/p>\n<p>Acu\u00f1aci\u00f3n, Estado de acu\u00f1aci\u00f3n de oro y plata en las Casas de Moneda, jul. 1828-jun. 1829, Doc. <span style=\"color: #0000ff;\"><a style=\"color: #0000ff;\" href=\"https:\/\/memoriasdehacienda.institutomora.edu.mx\/wp-content\/uploads\/067CASADEMONEDA1828-29.xls\">67<\/a><\/span> (<strong>10<\/strong>)<\/p>\n<p>Nota de las cuentas pendientes de pasar a la Contadur\u00eda Mayor, jul. 1828-jun. 1829, Doc. <span style=\"color: #0000ff;\"><a style=\"color: #0000ff;\" href=\"https:\/\/memoriasdehacienda.institutomora.edu.mx\/wp-content\/uploads\/068CUENTAS1828-29.xls\">68<\/a><\/span> (<strong>10<\/strong>)<\/p>\n<p>Presupuestos:<\/p>\n<p>Presupuestos generales, Resumen de los, jul. 1830-jun. 1831, Doc. <span style=\"color: #0000ff;\"><a style=\"color: #0000ff;\" href=\"https:\/\/memoriasdehacienda.institutomora.edu.mx\/wp-content\/uploads\/069PRESUPUESTOSGRALES1830-31-A.xls\">69<\/a><\/span> (<strong>10<\/strong>)<\/p>\n<p>Presupuesto, Ministerio de Relaciones su, jul. 1830-jun. 1831, Doc. <a href=\"https:\/\/memoriasdehacienda.institutomora.edu.mx\/wp-content\/uploads\/PRESUPUESTOS1830-31A.xls\"><span style=\"color: #0000ff;\">A<\/span> <\/a>(<strong>10<\/strong>)<\/p>\n<p>Presupuesto, Ministerio de Guerra y Marina, gasto militar a cubrirse, jul. 1830-jun. 1831, Doc. <span style=\"color: #0000ff;\"><a style=\"color: #0000ff;\" href=\"https:\/\/memoriasdehacienda.institutomora.edu.mx\/wp-content\/uploads\/PRESUPUESTOS1830-31B.xls\">B<\/a><\/span> (<strong>10<\/strong>)<\/p>\n<p>[\/read]<\/p>\n<p>&nbsp;<\/p>\n<div><\/div>\n","protected":false},"excerpt":{"rendered":"<p>(10) Memoria de la Secretar\u00eda del despacho de Hacienda. Le\u00edda por el Ministro del ramo en la C\u00e1mara de Senadores el d\u00eda 5 de abril de 1830, y en la de Diputados el d\u00eda 7 del mismo. M\u00e9xico, Imprenta del \u00c1guila, dirigida por Jos\u00e9 Ximeno, 1830, 20 + 76 pp., cuadros, tablas. Firmada por Rafael<\/p>\n<p><a href=\"https:\/\/memoriasdehacienda.institutomora.edu.mx\/?page_id=565\" class=\"more-link themebutton\">Read More<\/a><\/p>\n","protected":false},"author":2,"featured_media":0,"parent":0,"menu_order":0,"comment_status":"closed","ping_status":"closed","template":"","meta":[],"_links":{"self":[{"href":"https:\/\/memoriasdehacienda.institutomora.edu.mx\/index.php?rest_route=\/wp\/v2\/pages\/565"}],"collection":[{"href":"https:\/\/memoriasdehacienda.institutomora.edu.mx\/index.php?rest_route=\/wp\/v2\/pages"}],"about":[{"href":"https:\/\/memoriasdehacienda.institutomora.edu.mx\/index.php?rest_route=\/wp\/v2\/types\/page"}],"author":[{"embeddable":true,"href":"https:\/\/memoriasdehacienda.institutomora.edu.mx\/index.php?rest_route=\/wp\/v2\/users\/2"}],"replies":[{"embeddable":true,"href":"https:\/\/memoriasdehacienda.institutomora.edu.mx\/index.php?rest_route=%2Fwp%2Fv2%2Fcomments&post=565"}],"version-history":[{"count":90,"href":"https:\/\/memoriasdehacienda.institutomora.edu.mx\/index.php?rest_route=\/wp\/v2\/pages\/565\/revisions"}],"predecessor-version":[{"id":8647,"href":"https:\/\/memoriasdehacienda.institutomora.edu.mx\/index.php?rest_route=\/wp\/v2\/pages\/565\/revisions\/8647"}],"wp:attachment":[{"href":"https:\/\/memoriasdehacienda.institutomora.edu.mx\/index.php?rest_route=%2Fwp%2Fv2%2Fmedia&parent=565"}],"curies":[{"name":"wp","href":"https:\/\/api.w.org\/{rel}","templated":true}]}}