{"id":569,"date":"2016-04-07T12:17:44","date_gmt":"2016-04-07T18:17:44","guid":{"rendered":"http:\/\/memoriasdehacienda.colmex.mx\/mhwp\/?page_id=569"},"modified":"2023-03-16T13:15:57","modified_gmt":"2023-03-16T19:15:57","slug":"memoria-12","status":"publish","type":"page","link":"https:\/\/memoriasdehacienda.institutomora.edu.mx\/?page_id=569","title":{"rendered":"Memoria 12 (2 de enero de 1832)"},"content":{"rendered":"<p><strong><span style=\"color: #ff6600; font-size: 11pt;\">(12) Memoria del Secretario del Despacho de Hacienda. Le\u00edda en la c\u00e1mara de senadores el d\u00eda 15, y en la de diputados el 17 de febrero de 1832. M\u00e9xico, Imprenta del \u00c1guila, dirigida por Jos\u00e9 Ximeno, 1832, 20, 4 pp. + 70 l\u00e1minas; cuadros, tablas.<\/span><\/strong><\/p>\n<p style=\"text-align: justify;\"><span style=\"color: #000000;\">Firmada por Rafael Mangino.<\/span><\/p>\n<p style=\"text-align: justify;\"><span style=\"color: #000000;\">Per\u00edodo: junio de 1830-julio de 1831.<\/span><\/p>\n<p style=\"text-align: justify;\"><span style=\"color: #000000;\">Se localiza: <span class=\"tooltips \" style=\"\" title=\"Biblioteca del Archivo General de la Naci\u00f3n, M\u00e9xico.\">BAGN<\/span>, <span class=\"tooltips \" style=\"\" title=\"Biblioteca de la Sociedad Mexicana de Geograf\u00eda y Estad\u00edstica.\">BSMGE<\/span>, <span class=\"tooltips \" style=\"\" title=\"Biblioteca Nacional de M\u00e9xico-Colecci\u00f3n Lafragua, Fondo Reservado, UNAM.\">BNCL<\/span>, <span class=\"tooltips \" style=\"\" title=\"Biblioteca Nacional de M\u00e9xico-Colecci\u00f3n de Libros Raros y Curiosos, Fondo Reservado, UNAM.\">BNLR<\/span>, <span class=\"tooltips \" style=\"\" title=\"Biblioteca del Instituto de Investigaciones &quot;Dr. Jos\u00e9 Mar\u00eda Luis Mora&quot; (material en micropel\u00edcula).\">BIM-Mfilm<\/span>, <span class=\"tooltips \" style=\"\" title=\"Biblioteca &quot;Daniel Cos\u00edo Villegas&quot;, El Colegio de M\u00e9xico (material en micropel\u00edcula).\"> BColmex-Mfilm <\/span>.&nbsp;<\/span><\/p>\n<p style=\"text-align: justify;\"><strong><span style=\"color: #000000;\">Tiene anexos, cuadros y tablas.<\/span><\/strong><\/p>\n<p style=\"text-align: justify;\"><strong><span style=\"color: #000000;\">S\u00edntesis del contenido:<\/span><\/strong><\/p>\n<p style=\"text-align: justify;\"><span style=\"color: #000000;\">Considera que los &#8220;acontecimientos revolucionarios&#8221;, el agio y el desorden administrativo son las principales causas del mal estado de la Hacienda P\u00fablica. A pesar de lo anterior, se\u00f1ala el aumento de los ingresos entre junio de 1830 y julio de 1831, cosa que no hab\u00eda ocurrido en los a\u00f1os precedentes. Despu\u00e9s pasa a examinar los ramos que conforman la base impositiva del sistema fiscal (aduanas, tabaco, p\u00f3lvora, correos) y el cr\u00e9dito p\u00fablico (anticipaciones y deuda externa), mencionando el estado de cada uno de ellos.<\/span><\/p>\n<p style=\"text-align: justify;\"><span style=\"color: #000000;\">Otro tema que aborda el ministro son las reformas al sistema impositivo. En ese sentido propone el arreglo de la Tesorer\u00eda General, de las Aduanas y de las Casas de Moneda y anexa una iniciativa para el comiso. Tambi\u00e9n menciona los contratos por adelantos efectuados por el gobierno con el objetivo de obtener recursos y presenta el presupuesto de gastos e ingresos para el a\u00f1o econ\u00f3mico 1832-1833. Para concluir, manifiesta optimismo sobre la evoluci\u00f3n de las finanzas p\u00fablicas, pero indica que sus &#8220;enemigos&#8221; &#8220;se empe\u00f1en en desfigurarla&#8221;. Finalmente se pronuncia en contra del agio.<\/span>[read more=&#8221;Ver anexos estad\u00edsticos&#8221; less=&#8221;ver menos&#8221;]<\/p>\n<p><strong><span style=\"color: #0000ff;\">Documentos anexos<\/span><\/strong><\/p>\n<p>Cuenta del erario federal, Estado comparativo de los ingresos y productos l\u00edquidos de las rentas federales en 7 a\u00f1os econ\u00f3micos cumplidos, 1824-jun. 1831, Doc. <span style=\"color: #0000ff;\"><a style=\"color: #0000ff;\" href=\"https:\/\/memoriasdehacienda.institutomora.edu.mx\/wp-content\/uploads\/ERARIOFEDERAL830-31A.xls\">A<\/a><\/span> (12)<\/p>\n<p>Aduanas mar\u00edtimas, de los territorios, fronterizas e interiores, estado comparativo de sus productos en 7 a\u00f1os econ\u00f3micos cumplidos 1824-jun. 1831, Doc.<span style=\"color: #0000ff;\"> <a style=\"color: #0000ff;\" href=\"https:\/\/memoriasdehacienda.institutomora.edu.mx\/wp-content\/uploads\/ADUANASMARITIMAS1830-31B.xls\">B<\/a> <\/span>(12)<\/p>\n<p>Aduanas del Distrito Federal, territorios y fronteras, en los 5 a\u00f1os econ\u00f3micos, 1827-jun. 1831, Doc.<span style=\"color: #0000ff;\"><a style=\"color: #0000ff;\" href=\"https:\/\/memoriasdehacienda.institutomora.edu.mx\/wp-content\/uploads\/ADUANASDELDISTRITO1830-31C.xls\"> C <\/a><\/span>(12)<\/p>\n<p>Comisos aprehendidos, abr.-jun. 1831), Doc.<span style=\"color: #0000ff;\"><a style=\"color: #0000ff;\" href=\"https:\/\/memoriasdehacienda.institutomora.edu.mx\/wp-content\/uploads\/COMISOS1830-31D.xls\"> D<\/a> <\/span>(12)<\/p>\n<p>Tabaco, Estado de las existencias de tabaco en rama y labrados, y de otros aditamentos necesarios, jul. 1830-jun. 1831, Doc. <span style=\"color: #0000ff;\"><a style=\"color: #0000ff;\" href=\"https:\/\/memoriasdehacienda.institutomora.edu.mx\/wp-content\/uploads\/TABACOEDO1830-31E.xls\">E<\/a>, <a style=\"color: #0000ff;\" href=\"https:\/\/memoriasdehacienda.institutomora.edu.mx\/wp-content\/uploads\/TABACOEDO1830-31F.xls\">F<\/a><\/span>&nbsp;(12)<\/p>\n<p>Tabaco, Ingresos y egresos de caudales, sept. 1829-jun. 1831, Doc. <span style=\"color: #0000ff;\"><a style=\"color: #0000ff;\" href=\"https:\/\/memoriasdehacienda.institutomora.edu.mx\/wp-content\/uploads\/TABACOINGRESOS1830-31G.xls\">G<\/a><\/span> (12)<br \/>\nCuenta General de los ramos del cr\u00e9dito p\u00fablico:<\/p>\n<p>Deuda p\u00fablica, Cuenta de los ramos del cr\u00e9dito p\u00fablico, jul. 1830-jun. 1831 Doc. <span style=\"color: #0000ff;\"><a style=\"color: #0000ff;\" href=\"https:\/\/memoriasdehacienda.institutomora.edu.mx\/wp-content\/uploads\/DEUDAPUBLICACUENTA1830-31H.xls\">H <\/a><\/span>(12)<\/p>\n<p>Deuda p\u00fablica, Pago de dividendos, jul. 1830-jun. 1831, Doc. <span style=\"color: #0000ff;\"><a style=\"color: #0000ff;\" href=\"https:\/\/memoriasdehacienda.institutomora.edu.mx\/wp-content\/uploads\/DEUDAPUBLICAPAGO1830-31I.xls\">I<\/a><\/span> (12)<\/p>\n<p>Deuda p\u00fablica, Ingresos de los ramos del cr\u00e9dito p\u00fablico en las aduanas mar\u00edtimas, jul. 1830-jun. 1831, Doc.<span style=\"color: #0000ff;\"> <a style=\"color: #0000ff;\" href=\"https:\/\/memoriasdehacienda.institutomora.edu.mx\/wp-content\/uploads\/DEUDAPUBLICAINGRESOS-RAMOS1830-31J.xls\">J<\/a> <\/span>(12)<\/p>\n<p>Deuda p\u00fablica, Ingresos por peajes, jul. 1830-jun. 1831 Doc. <span style=\"color: #0000ff;\"><a style=\"color: #0000ff;\" href=\"https:\/\/memoriasdehacienda.institutomora.edu.mx\/wp-content\/uploads\/DEUDAPUBLICAINGRESOSPEAJES1830-31K.xls\">K<\/a><\/span> (12)<br \/>\nPresupuesto general de gastos de la Federaci\u00f3n (a\u00f1o econ\u00f3mico 1\u00ba julio 1832 a fin de junio 1833):<\/p>\n<p>Presupuesto general del gobierno, jul. 1832-jun. 1833, Doc. <span style=\"color: #0000ff;\"><a style=\"color: #0000ff;\" href=\"https:\/\/memoriasdehacienda.institutomora.edu.mx\/wp-content\/uploads\/PRESUPUESTOS1832-33L.xls\">L<\/a><\/span> (12)<\/p>\n<p>Presupuesto general de la Secretar\u00eda Estado y Despacho Relaciones Interiores y Exteriores, jul. 1832-jun. 1833, Doc. <a href=\"https:\/\/memoriasdehacienda.institutomora.edu.mx\/wp-content\/uploads\/PRESUPUESTOS1832-33M.xls\"><span style=\"color: #0000ff;\">M<\/span> <\/a>(12)<\/p>\n<p>Presupuesto de gasto del Despacho de la Secretar\u00eda de Justicia y Negocios Eclesi\u00e1sticos, jul. 1832-jun. 1833, Doc. <span style=\"color: #0000ff;\"><a style=\"color: #0000ff;\" href=\"https:\/\/memoriasdehacienda.institutomora.edu.mx\/wp-content\/uploads\/PRESUPUESTOS1832-33N.xls\">N<\/a><\/span> (12)<\/p>\n<p>Presupuesto del ramo de Guerra, jul. 1832-jun. 1833, Doc. <span style=\"color: #0000ff;\"><a style=\"color: #0000ff;\" href=\"https:\/\/memoriasdehacienda.institutomora.edu.mx\/wp-content\/uploads\/PRESUPUESTOS1832-33O.xls\">O<\/a><\/span> (12)<\/p>\n<p>Presupuesto, Resumen general de los presupuestos de Marina, jul. 1832-jun. 1833, Doc.<span style=\"color: #0000ff;\"><a style=\"color: #0000ff;\" href=\"https:\/\/memoriasdehacienda.institutomora.edu.mx\/wp-content\/uploads\/PRESUPUESTOS1832-33P-res.xls\"> P<\/a><\/span> (12)<\/p>\n<p>Presupuesto de los gastos generales de Hacienda, jul. 1832-jun. 1833, Doc. <span style=\"color: #0000ff;\"><a style=\"color: #0000ff;\" href=\"https:\/\/memoriasdehacienda.institutomora.edu.mx\/wp-content\/uploads\/PRESUPUESTOS1832-33Q.xls\">Q <\/a><\/span>(12)<br \/>\nCuenta general de valores y distribuci\u00f3n de las rentas del erario federal, julio 1830-junio 1831:<\/p>\n<p>Cuenta del erario federal, Estado general de valores del erario federal (ingresos y egreso) y estado general de su distribuci\u00f3n (gastos), jul. 1830-jun. 1831 Doc. <span style=\"color: #0000ff;\"><a style=\"color: #0000ff;\" href=\"https:\/\/memoriasdehacienda.institutomora.edu.mx\/wp-content\/uploads\/2016\/04\/000EDOSGRALES1830-31.xls\">[0]<\/a><\/span> (12)<\/p>\n<p>Ingresos:<\/p>\n<p>Existencias al 30 de junio de 1830, Doc.<span style=\"color: #0000ff;\"><a style=\"color: #0000ff;\" href=\"https:\/\/memoriasdehacienda.institutomora.edu.mx\/wp-content\/uploads\/2016\/04\/001EXISTENCIAS1830-31-1.xls\"> 1 <\/a><\/span>(12)<\/p>\n<p>Aduanas mar\u00edtimas, de los territorios y del Distrito Federal, fronterizas e interiores, jul. 1830-jun. 1831, Doc. <a href=\"https:\/\/memoriasdehacienda.institutomora.edu.mx\/wp-content\/uploads\/2016\/04\/002ADUANAS1830-31.xls\">2<\/a>, <a href=\"https:\/\/memoriasdehacienda.institutomora.edu.mx\/wp-content\/uploads\/2016\/04\/003ADUANAS1830-31.xls\">3<\/a>, <a href=\"https:\/\/memoriasdehacienda.institutomora.edu.mx\/wp-content\/uploads\/2016\/04\/004ADUANAS1830-31.xls\">4<\/a>, <a href=\"https:\/\/memoriasdehacienda.institutomora.edu.mx\/wp-content\/uploads\/2016\/04\/005ADUANAS1830-31.xls\">5<\/a> (12)<\/p>\n<p>Tabaco, jul. 1830-jun. 1831, Doc.<span style=\"color: #0000ff;\"> <a style=\"color: #0000ff;\" href=\"https:\/\/memoriasdehacienda.institutomora.edu.mx\/wp-content\/uploads\/2016\/04\/006TABACO1830-31.xls\">6<\/a><\/span> (12)<\/p>\n<p>P\u00f3lvora, jul. 1830-jun. 1831, Doc. <span style=\"color: #0000ff;\"><a style=\"color: #0000ff;\" href=\"https:\/\/memoriasdehacienda.institutomora.edu.mx\/wp-content\/uploads\/2016\/04\/007POLVORA1830-31.xls\">7<\/a> <\/span>(12)<\/p>\n<p>F\u00e1brica de p\u00f3lvora de Zacatecas, jul. 1830-jun. 1831, Doc. <span style=\"color: #0000ff;\"><a style=\"color: #0000ff;\" href=\"https:\/\/memoriasdehacienda.institutomora.edu.mx\/wp-content\/uploads\/2016\/04\/008POLVORA1830-31.xls\">8<\/a><\/span> (12)<\/p>\n<p>Correos, jul. 1830-jun. 1831, Doc.<span style=\"color: #0000ff;\"> <a style=\"color: #0000ff;\" href=\"https:\/\/memoriasdehacienda.institutomora.edu.mx\/wp-content\/uploads\/2016\/04\/009CORREOS1830-31.xls\">9<\/a><\/span> (12)<\/p>\n<p>Loter\u00eda, jul. 1830-jun. 1831, Doc. <span style=\"color: #0000ff;\"><a style=\"color: #0000ff;\" href=\"https:\/\/memoriasdehacienda.institutomora.edu.mx\/wp-content\/uploads\/2016\/04\/010LOTERIA1830-31.xls\">10<\/a><\/span> (12)<\/p>\n<p>Salinas, jul. 1830-jun. 1831, Doc. <span style=\"color: #0000ff;\"><a style=\"color: #0000ff;\" href=\"https:\/\/memoriasdehacienda.institutomora.edu.mx\/wp-content\/uploads\/2016\/04\/011SALINAS1830-31-6.xls\">11<\/a><\/span> (12)<\/p>\n<p>Contingente de los Estados, jul. 1830-jun. 1831, Doc. <span style=\"color: #0000ff;\"><a style=\"color: #0000ff;\" href=\"https:\/\/memoriasdehacienda.institutomora.edu.mx\/wp-content\/uploads\/2016\/04\/012CONTINGENTE1830-31.xls\">12<\/a><\/span> (12)<\/p>\n<p>Bienes Nacionales, jul. 1830-jun. 1831, Doc. <span style=\"color: #0000ff;\"><a style=\"color: #0000ff;\" href=\"https:\/\/memoriasdehacienda.institutomora.edu.mx\/wp-content\/uploads\/2016\/04\/013BIENES1830-31.xls\">13<\/a><\/span> (12)<\/p>\n<p>Casa de Moneda, jul. 1830-jun. 1831, Doc. <span style=\"color: #0000ff;\"><a style=\"color: #0000ff;\" href=\"https:\/\/memoriasdehacienda.institutomora.edu.mx\/wp-content\/uploads\/2016\/04\/014CASADEMONEDA1830-31.xls\">14<\/a><\/span> (12)<\/p>\n<p>Descuento de inv\u00e1lidos, jul. 1830-jun. 1831, Doc. <span style=\"color: #0000ff;\"><a style=\"color: #0000ff;\" href=\"https:\/\/memoriasdehacienda.institutomora.edu.mx\/wp-content\/uploads\/2016\/04\/015INVALIDOS1830-31.xls\">15<\/a><\/span> (12)<\/p>\n<p>Descuento para Montep\u00edo Militar, jul. 1830-jun. 1831, Doc. <span style=\"color: #0000ff;\"><a style=\"color: #0000ff;\" href=\"https:\/\/memoriasdehacienda.institutomora.edu.mx\/wp-content\/uploads\/2016\/04\/016MONTEPIOMILITAR1830-31.xls\">16<\/a><\/span> (12)<\/p>\n<p>Montes-P\u00edo, jul. 1830-jun. 1831, Doc. <span style=\"color: #0000ff;\"><a style=\"color: #0000ff;\" href=\"https:\/\/memoriasdehacienda.institutomora.edu.mx\/wp-content\/uploads\/2016\/04\/017MONTEPIOS1830-31.xls\">17<\/a><\/span> (12)<\/p>\n<p>Almacenaje, Piezas depositadas en las aduanas, jul. 1830-jun. 1831, Doc.&nbsp;<span style=\"color: #0000ff;\"><a style=\"color: #0000ff;\" href=\"https:\/\/memoriasdehacienda.institutomora.edu.mx\/wp-content\/uploads\/018ALMACENAGE1830-31.xls\">18<\/a><\/span> (12)<\/p>\n<p>Dos por ciento de circulaci\u00f3n de moneda, jul. 1830-jun. 1831, Doc. <span style=\"color: #0000ff;\"><a style=\"color: #0000ff;\" title=\"19\" href=\"https:\/\/memoriasdehacienda.institutomora.edu.mx\/wp-content\/uploads\/019DOSPORCIENTODEMONEDA1830-31.xls\">19<\/a><\/span> (12)<\/p>\n<p>Hospitalidades, jul. 1830-jun. 1831, Doc. <span style=\"color: #0000ff;\"><a style=\"color: #0000ff;\" href=\"https:\/\/memoriasdehacienda.institutomora.edu.mx\/wp-content\/uploads\/020HOSPITALIDADES1830-31.xls\">20<\/a><\/span> (12)<\/p>\n<p>Peajes, jul. 1830-jun. 1831, Doc. <a title=\"21\" href=\"https:\/\/memoriasdehacienda.institutomora.edu.mx\/wp-content\/uploads\/021PEAGES1830-31.xls\"><span style=\"color: #0000ff;\">21<\/span><\/a> (12)<\/p>\n<p>Derechos de amortizaci\u00f3n, jul. 1830-jun. 1831, Doc. <span style=\"color: #0000ff;\"><a style=\"color: #0000ff;\" href=\"https:\/\/memoriasdehacienda.institutomora.edu.mx\/wp-content\/uploads\/022DERECHOSAMORTIZACION1830-31.xls\">22 <\/a><\/span>(12)<\/p>\n<p>Derechos de oro y plata, jul. 1830-jun. 1831, Doc. <span style=\"color: #0000ff;\"><a style=\"color: #0000ff;\" href=\"https:\/\/memoriasdehacienda.institutomora.edu.mx\/wp-content\/uploads\/023DERECHOSDEOROYPLATA1830-31.xls\">23<\/a><\/span> (12)<\/p>\n<p>Derechos de patente, jul. 1830-jun. 1831, Doc. <span style=\"color: #0000ff;\"><a style=\"color: #0000ff;\" href=\"https:\/\/memoriasdehacienda.institutomora.edu.mx\/wp-content\/uploads\/024DERECHODEPATENTE1830-31.xls\">24<\/a><\/span> (12)<\/p>\n<p>Dietas, jul. 1830-jun. 1831, Doc. <a title=\"25\" href=\"https:\/\/memoriasdehacienda.institutomora.edu.mx\/wp-content\/uploads\/025DIETAS1830-31.xls\"><span style=\"color: #0000ff;\">25 <\/span><\/a>(12)<\/p>\n<p>Consumo al uno por ciento, Derechos destinados a c\u00e1rceles y hospitales de M\u00e9xico, jul. 1830-jun. 1831, Doc. <span style=\"color: #0000ff;\"><a style=\"color: #0000ff;\" href=\"https:\/\/memoriasdehacienda.institutomora.edu.mx\/wp-content\/uploads\/023DERECHOSDEOROYPLATA1830-31.xls\">26<\/a><\/span> (12)<\/p>\n<p>Desag\u00fce, jul. 1830-jun. 1831, Doc. <span style=\"color: #0000ff;\"><a style=\"color: #0000ff;\" href=\"https:\/\/memoriasdehacienda.institutomora.edu.mx\/wp-content\/uploads\/027DESAGUE1830-31.xls\">27 <\/a><\/span>(12)<\/p>\n<p>Diezmos, jul. 1830-jun. 1831, Doc. <span style=\"color: #0000ff;\"><a style=\"color: #0000ff;\" href=\"https:\/\/memoriasdehacienda.institutomora.edu.mx\/wp-content\/uploads\/028DIEZMOS1830-31.xls\">28<\/a> <\/span>(12)<\/p>\n<p>Gallos, renta de, jul. 1830-jun. 1831, Doc. <span style=\"color: #0000ff;\"><a style=\"color: #0000ff;\" href=\"https:\/\/memoriasdehacienda.institutomora.edu.mx\/wp-content\/uploads\/029GALLOS1830-31.xls\">29<\/a><\/span> (12)<\/p>\n<p>Papel Sellado, jul. 1830-jun. 1831, Doc. <a title=\"30\" href=\"https:\/\/memoriasdehacienda.institutomora.edu.mx\/wp-content\/uploads\/030PAPELSELLADO1830-31.xls\"><span style=\"color: #0000ff;\">30<\/span><\/a> (12)<\/p>\n<p>Carruajes, Pensi\u00f3n impuesta a los, jul. 1830-jun. 1831, Doc. <span style=\"color: #0000ff;\"><a style=\"color: #0000ff;\" href=\"https:\/\/memoriasdehacienda.institutomora.edu.mx\/wp-content\/uploads\/031PENSION1830-31.xls\">31<\/a><\/span> (12)<\/p>\n<p>Deuda p\u00fablica, Anticipaciones por cuenta de derechos mar\u00edtimos, jul. 1830-jun. 1831, Doc. <span style=\"color: #0000ff;\"><a style=\"color: #0000ff;\" href=\"https:\/\/memoriasdehacienda.institutomora.edu.mx\/wp-content\/uploads\/032DEUDAPUBLICAANTICIPACIONES1830-31.xls\">32<\/a><\/span> (12)<\/p>\n<p>Alcances de cuentas, Enterado por, jul. 1830-jun. 1831, Doc. <span style=\"color: #0000ff;\"><a style=\"color: #0000ff;\" href=\"https:\/\/memoriasdehacienda.institutomora.edu.mx\/wp-content\/uploads\/033ALCANCESDECUENTAS1830-31.xls\">33<\/a><\/span> (12)<\/p>\n<p>Aprovechamientos, jul. 1830-jun. 1831, Doc. <span style=\"color: #0000ff;\"><a style=\"color: #0000ff;\" href=\"https:\/\/memoriasdehacienda.institutomora.edu.mx\/wp-content\/uploads\/034APROVECHAMIENTOS1830-31.xls\">34<\/a><\/span> (12)<\/p>\n<p>Aver\u00eda, jul. 1830-jun. 1831, Doc. 35 (12)<\/p>\n<p>Bienes de Comunidad, jul. 1830-jun. 1831, Doc. <span style=\"color: #0000ff;\"><a style=\"color: #0000ff;\" href=\"https:\/\/memoriasdehacienda.institutomora.edu.mx\/wp-content\/uploads\/036BIENESCOMUNIDAD1830-31.xls\">36<\/a><\/span> (12)<\/p>\n<p>Bienes de Espa\u00f1oles, jul. 1830-jun. 1831, Doc. <span style=\"color: #0000ff;\"><a style=\"color: #0000ff;\" href=\"https:\/\/memoriasdehacienda.institutomora.edu.mx\/wp-content\/uploads\/037BIENESESPA\u00d1OLES1830-31.xls\">37<\/a><\/span> (12)<\/p>\n<p>Bulas, jul. 1830-jun. 1831, Doc. <span style=\"color: #0000ff;\"><a style=\"color: #0000ff;\" href=\"https:\/\/memoriasdehacienda.institutomora.edu.mx\/wp-content\/uploads\/038BULAS1830-31.xls\">38 <\/a><\/span>(12)<\/p>\n<p>Casa Nacional de Inv\u00e1lidos, jul. 1830-jun. 1831, Doc. <span style=\"color: #0000ff;\"><a style=\"color: #0000ff;\" href=\"https:\/\/memoriasdehacienda.institutomora.edu.mx\/wp-content\/uploads\/039CASANACIONALINVALIDOS1830-31.xls\">39<\/a><\/span> (12)<\/p>\n<p>Comisos, jul. 1830-jun. 1831, Doc. <span style=\"color: #0000ff;\"><a style=\"color: #0000ff;\" href=\"https:\/\/memoriasdehacienda.institutomora.edu.mx\/wp-content\/uploads\/040COMISOS1830-31.xls\">40<\/a><\/span> (12)<\/p>\n<p>Fondos de Consulados extinguidos, jul. 1830-jun. 1831, Doc. <span style=\"color: #0000ff;\"><a style=\"color: #0000ff;\" href=\"https:\/\/memoriasdehacienda.institutomora.edu.mx\/wp-content\/uploads\/041FONDO1830-31.xls\">41<\/a><\/span>&nbsp;(12)<\/p>\n<p>Contribuci\u00f3n directa, jul. 1830-jun. 1831, Doc. <span style=\"color: #0000ff;\"><a style=\"color: #0000ff;\" href=\"https:\/\/memoriasdehacienda.institutomora.edu.mx\/wp-content\/uploads\/042CONTRIBUCION1830-31.xls\">42<\/a><\/span> (12)<\/p>\n<p>Diez por ciento de contribuci\u00f3n sobre arrendamientos de fincas urbanas y r\u00fasticas, jul. 1830-jun. 1831, Doc. <span style=\"color: #0000ff;\"><a style=\"color: #0000ff;\" href=\"https:\/\/memoriasdehacienda.institutomora.edu.mx\/wp-content\/uploads\/043DIEZPORCIENTOCONTRIBUCIONES1830-31.xls\">43<\/a><\/span> (12)<\/p>\n<p>Contribuci\u00f3n sobre rentas, jul. 1830-jun. 1831, Doc. <span style=\"color: #0000ff;\"><a style=\"color: #0000ff;\" href=\"https:\/\/memoriasdehacienda.institutomora.edu.mx\/wp-content\/uploads\/044CONTRIBUCIONSOBRERENTAS1830-31.xls\">44<\/a><\/span> (12)<\/p>\n<p>Cr\u00e9ditos activos anteriores a la clasificaci\u00f3n de rentas, jul. 1830-jun. 1831, Doc. <span style=\"color: #0000ff;\"><a style=\"color: #0000ff;\" href=\"https:\/\/memoriasdehacienda.institutomora.edu.mx\/wp-content\/uploads\/045CREDITOSACTIVOS1830-31.xls\">45<\/a><\/span> (12)<\/p>\n<p>Dep\u00f3sitos, jul. 1830-jun. 1831, Doc. <span style=\"color: #0000ff;\"><a style=\"color: #0000ff;\" href=\"https:\/\/memoriasdehacienda.institutomora.edu.mx\/wp-content\/uploads\/046DEPOSITOS1830-31.xls\">46<\/a><\/span> (12)<\/p>\n<p>Descuento de sueldos, jul. 1830-jun. 1831, Doc. <span style=\"color: #0000ff;\"><a style=\"color: #0000ff;\" href=\"https:\/\/memoriasdehacienda.institutomora.edu.mx\/wp-content\/uploads\/047DESCUENTOSSUELDO1830-31.xls\">47<\/a><\/span> (12)<\/p>\n<p>Descuento de impuesto por el art\u00edculo 37 (decreto 15 septiembre 1829), jul. 1830-jun. 1831, Doc. <span style=\"color: #0000ff;\"><a style=\"color: #0000ff;\" href=\"https:\/\/memoriasdehacienda.institutomora.edu.mx\/wp-content\/uploads\/048DESCUENTOSIMPUESTO1830-31.xls\">48<\/a><\/span> (12)<\/p>\n<p>Donativos, jul. 1830-jun. 1831, Doc. <span style=\"color: #0000ff;\"><a style=\"color: #0000ff;\" href=\"https:\/\/memoriasdehacienda.institutomora.edu.mx\/wp-content\/uploads\/049DONATIVOS1830-31.xls\">49<\/a><\/span> (12)<\/p>\n<p>Emolumentos de Oficina, jul. 1830-jun. 1831, Doc. <span style=\"color: #0000ff;\"><a style=\"color: #0000ff;\" href=\"https:\/\/memoriasdehacienda.institutomora.edu.mx\/wp-content\/uploads\/050EMOLUMENTOS1830-31.xls\">50<\/a><\/span> (12)<\/p>\n<p>Fortificaci\u00f3n de Veracruz, jul. 1830-jun. 1831, Doc. <span style=\"color: #0000ff;\"><a style=\"color: #0000ff;\" href=\"https:\/\/memoriasdehacienda.institutomora.edu.mx\/wp-content\/uploads\/051FORTIFICACION1830-31.xls\">51<\/a><\/span> (12)<\/p>\n<p>Gracias al sacar, jul. 1830-jun. 1831, Doc. <span style=\"color: #0000ff;\"><a style=\"color: #0000ff;\" href=\"https:\/\/memoriasdehacienda.institutomora.edu.mx\/wp-content\/uploads\/052GRACIAS1830-31.xls\">52<\/a><\/span> (12)<\/p>\n<p>Media Anata, jul. 1830-jun. 1831, Doc. <span style=\"color: #0000ff;\"><a style=\"color: #0000ff;\" href=\"https:\/\/memoriasdehacienda.institutomora.edu.mx\/wp-content\/uploads\/053MEDIAANATA1830-31.xls\">53<\/a><\/span> (12)<\/p>\n<p>Montep\u00edo de Cirujanos, jul. 1830-jun. 1831, Doc. <span style=\"color: #0000ff;\"><a style=\"color: #0000ff;\" href=\"https:\/\/memoriasdehacienda.institutomora.edu.mx\/wp-content\/uploads\/054MONTEPIO1830-31.xls\">54<\/a><\/span> (12)<\/p>\n<p>Multas, jul. 1830-jun. 1831, Doc. <span style=\"color: #0000ff;\"><a style=\"color: #0000ff;\" href=\"https:\/\/memoriasdehacienda.institutomora.edu.mx\/wp-content\/uploads\/051FORTIFICACION1830-31.xls\">55<\/a><\/span> (12)<\/p>\n<p>Premio de Cambio, jul. 1830-jun. 1831, Doc. <span style=\"color: #0000ff;\"><a style=\"color: #0000ff;\" href=\"https:\/\/memoriasdehacienda.institutomora.edu.mx\/wp-content\/uploads\/056PREMIODECAMBIO1830-31.xls\">56<\/a> <\/span>(12)<\/p>\n<p>Deuda p\u00fablica, Pr\u00e9stamos, jul. 1830-jun. 1831, Doc. <span style=\"color: #0000ff;\"><a style=\"color: #0000ff;\" href=\"https:\/\/memoriasdehacienda.institutomora.edu.mx\/wp-content\/uploads\/057PRESTAMOS1830-31.xls\">57<\/a><\/span> (12)<\/p>\n<p>Redenci\u00f3n de cautivos y santos lugares de Jerusal\u00e9n, jul. 1830-jun. 1831, Doc. <span style=\"color: #0000ff;\"><a style=\"color: #0000ff;\" href=\"https:\/\/memoriasdehacienda.institutomora.edu.mx\/wp-content\/uploads\/058REDENCIONDECAUTIVOS1830-31.xls\">58<\/a><\/span> (12)<\/p>\n<p>Reintegros y restituciones a la hacienda federal, jul. 1830-jun. 1831, Doc. <span style=\"color: #0000ff;\"><a style=\"color: #0000ff;\" href=\"https:\/\/memoriasdehacienda.institutomora.edu.mx\/wp-content\/uploads\/059REINTEGROS1830-31.xls\">59 <\/a><\/span>(12)<\/p>\n<p>[\/read]<\/p>\n<p>&nbsp;<\/p>\n","protected":false},"excerpt":{"rendered":"<p>(12) Memoria del Secretario del Despacho de Hacienda. Le\u00edda en la c\u00e1mara de senadores el d\u00eda 15, y en la de diputados el 17 de febrero de 1832. M\u00e9xico, Imprenta del \u00c1guila, dirigida por Jos\u00e9 Ximeno, 1832, 20, 4 pp. + 70 l\u00e1minas; cuadros, tablas. Firmada por Rafael Mangino. Per\u00edodo: junio de 1830-julio de 1831.<\/p>\n<p><a href=\"https:\/\/memoriasdehacienda.institutomora.edu.mx\/?page_id=569\" class=\"more-link themebutton\">Read More<\/a><\/p>\n","protected":false},"author":2,"featured_media":0,"parent":0,"menu_order":0,"comment_status":"closed","ping_status":"closed","template":"","meta":[],"_links":{"self":[{"href":"https:\/\/memoriasdehacienda.institutomora.edu.mx\/index.php?rest_route=\/wp\/v2\/pages\/569"}],"collection":[{"href":"https:\/\/memoriasdehacienda.institutomora.edu.mx\/index.php?rest_route=\/wp\/v2\/pages"}],"about":[{"href":"https:\/\/memoriasdehacienda.institutomora.edu.mx\/index.php?rest_route=\/wp\/v2\/types\/page"}],"author":[{"embeddable":true,"href":"https:\/\/memoriasdehacienda.institutomora.edu.mx\/index.php?rest_route=\/wp\/v2\/users\/2"}],"replies":[{"embeddable":true,"href":"https:\/\/memoriasdehacienda.institutomora.edu.mx\/index.php?rest_route=%2Fwp%2Fv2%2Fcomments&post=569"}],"version-history":[{"count":31,"href":"https:\/\/memoriasdehacienda.institutomora.edu.mx\/index.php?rest_route=\/wp\/v2\/pages\/569\/revisions"}],"predecessor-version":[{"id":8649,"href":"https:\/\/memoriasdehacienda.institutomora.edu.mx\/index.php?rest_route=\/wp\/v2\/pages\/569\/revisions\/8649"}],"wp:attachment":[{"href":"https:\/\/memoriasdehacienda.institutomora.edu.mx\/index.php?rest_route=%2Fwp%2Fv2%2Fmedia&parent=569"}],"curies":[{"name":"wp","href":"https:\/\/api.w.org\/{rel}","templated":true}]}}