{"id":573,"date":"2016-04-07T12:18:55","date_gmt":"2016-04-07T18:18:55","guid":{"rendered":"http:\/\/memoriasdehacienda.colmex.mx\/mhwp\/?page_id=573"},"modified":"2023-03-16T13:16:59","modified_gmt":"2023-03-16T19:16:59","slug":"memoria-14","status":"publish","type":"page","link":"https:\/\/memoriasdehacienda.institutomora.edu.mx\/?page_id=573","title":{"rendered":"Memoria 14 (23 de abril de 1834)"},"content":{"rendered":"<p style=\"text-align: justify;\"><span style=\"color: #ff6600;\"><strong><span style=\"font-size: 11pt;\">(14) Memoria hasta hoy in\u00e9dita que de la Hacienda Federal de los Estados Unidos Mexicanos form\u00f3 con fecha de abril de 1834 el secretario del ramo don Antonio Garay para presentarla al Congreso General de la Uni\u00f3n. Impresa por acuerdo de 14 de marzo de 1913. M\u00e9xico, Tipograf\u00eda de la Oficina Impresora de Estampillas, Palacio Nacional, 1913, 61 pp., cuadros, tablas.<\/span><\/strong><\/span><\/p>\n<p style=\"text-align: justify;\"><span style=\"color: #000000;\">Firmada por Antonio Garay.<\/span><\/p>\n<p style=\"text-align: justify;\"><span style=\"color: #000000;\">Per\u00edodo: 1833.<\/span><\/p>\n<p style=\"text-align: justify;\"><span style=\"color: #000000;\">Se localiza:&nbsp;<span class=\"tooltips \" style=\"\" title=\"Biblioteca Nacional de M\u00e9xico-Colecci\u00f3n Lafragua, Fondo Reservado, UNAM.\">BNCL<\/span>, <span class=\"tooltips \" style=\"\" title=\"Biblioteca Nacional de M\u00e9xico-Colecci\u00f3n de Libros Raros y Curiosos, Fondo Reservado, UNAM.\">BNLR<\/span>, <span class=\"tooltips \" style=\"\" title=\"Biblioteca del Instituto de Investigaciones Hist\u00f3ricas, UNAM.\">BIIH<\/span>, <span class=\"tooltips \" style=\"\" title=\"Biblioteca del Centro de Estudios de Historia de M\u00e9xico, CONDUMEX.\">Bcondumex<\/span>, <span class=\"tooltips \" style=\"\" title=\"Biblioteca del Instituto de Investigaciones &quot;Dr. Jos\u00e9 Mar\u00eda Luis Mora&quot; (material en micropel\u00edcula).\">BIM-Mfilm<\/span>, <span class=\"tooltips \" style=\"\" title=\"Biblioteca &quot;Daniel Cos\u00edo Villegas&quot;, El Colegio de M\u00e9xico (material en micropel\u00edcula).\">BColmex-Mfilm<\/span>.<\/span><\/p>\n<p style=\"text-align: justify;\"><strong><span style=\"color: #000000;\">Tiene anexos, cuadros y tablas.<\/span><\/strong><\/p>\n<p style=\"text-align: justify;\"><strong><span style=\"color: #000000;\">S\u00edntesis del contenido:<\/span><\/strong><\/p>\n<p style=\"text-align: justify;\"><span style=\"color: #000000;\">De antemano, Antonio Garay manifiesta que la situaci\u00f3n de la Hacienda p\u00fablica que presenta no cuenta con informaci\u00f3n completa. Entre las causas cita la falta de tiempo, considerando insuficiente tres meses para arreglar las cuentas en cada una de las oficinas; asimismo achaca la obstrucci\u00f3n de las operaciones hacendarias a la inestabilidad interna y a las demandas sobre las tesorer\u00edas de dinero para la guerra. Al no llegar a tiempo las cuentas, dice que es dif\u00edcil conocer las causas de restricci\u00f3n o expansi\u00f3n fiscal. Por eso propone ampliar el plazo para la presentaci\u00f3n de cuentas y variar la cuenta del a\u00f1o econ\u00f3mico, es decir, que sea de enero a diciembre.<\/span><\/p>\n<p style=\"text-align: justify;\"><span style=\"color: #000000;\">Los ingresos, v\u00eda aduanas mar\u00edtimas, tuvieron un ligero aumento, pero se esperaba una mayor recaudaci\u00f3n en la medida en que la c\u00e1mara dictase medidas &#8220;para arreglar el comercio&#8221;, sobre todo para evitar el contrabando, el cual considera un problema grave. Por eso ve con optimismo la autorizaci\u00f3n concedida a la Secretar\u00eda para renovar la planta de empleados aduanales, pero lamentablemente no se encontraban sustitutos; por otra parte, aunque se propon\u00eda aumentar los salarios de los empleados fiscales, ello no resulta suficiente para prevenir el contrabando. Considera los ingresos de las aduanas mar\u00edtimas de suma importancia, pues, por si solos podr\u00edan proporcionar ingresos suficientes al gobierno federal, prescindiendo de los impuestos internos, con lo que mejorar\u00eda el comercio, y el nivel de vida de la sociedad. Resumiendo, piensa necesario disminuir los derechos, legislar con claridad y castigar a todos aquellos empleados que participasen en el contrabando; con estas medidas se terminar\u00eda con el contrabando, elevar\u00eda los ingresos para poder cubrir el gasto corriente y amortizar la deuda p\u00fablica. Por \u00faltimo, en este rubro menciona una disminuci\u00f3n en los ingresos aduanales del Distrito Federal y un incremento en las aduanas de los Territorios y en las fronterizas.<\/span><\/p>\n<p style=\"text-align: justify;\"><span style=\"color: #000000;\">Las rentas de p\u00f3lvora, correos, loter\u00eda han disminuido, en salinas y papel sellado existen cuentas pendientes de cobro, los Estados adeudan una parte considerable del contingente. De acuerdo con la contabilidad del a\u00f1o anterior considera dif\u00edcil cubrir el presupuesto de 1834-1835, calculando un deficiente de 3 a 4 millones de pesos. Para incrementar los ingresos propone terminar con las causas de la guerra, para que disminuyan las enajenaciones y se puedan aplicar las medidas propuestas. En cuenta a la amortizaci\u00f3n de la deuda no ha sido posible destinar el 6% de los ingresos aduanales de Veracruz y Tampico, ya que el dinero se ha empleado en la guerra interna.<\/span><\/p>\n<p style=\"text-align: justify;\"><span style=\"color: #000000;\">Por \u00faltimo propone el arreglo del arancel de aduanas mar\u00edtimas, as\u00ed como de la planta de las mismas aduanas (tanto mar\u00edtimas como interiores y fronterizas), de la Casa de Moneda, de la Tesorer\u00eda General; y de la Direcci\u00f3n General de Rentas. Tambi\u00e9n ve necesario legislar penalmente en contra de los empleados corruptos y contar con un resguardo mar\u00edtimo eficiente.<\/span>[read more=&#8221;Ver anexos estad\u00edsticos&#8221; less=&#8221;ver menos&#8221;]<\/p>\n<p><span style=\"color: #0000ff;\"><strong>Documentos anexos<\/strong><\/span><\/p>\n<p>Presupuesto general de gastos, jul. 1834-jul. 1835, Doc.<span style=\"color: #0000ff;\"><a style=\"color: #0000ff;\" href=\"https:\/\/memoriasdehacienda.institutomora.edu.mx\/wp-content\/uploads\/PRESUPUESTOGRAL1834-35-A.xls\"> A<\/a><\/span>, B (14)<\/p>\n<p>Presupuesto pormenorizado de la Secretar\u00eda de Estado y del Despacho de Relaciones Interiores y Exteriores, jul. 1834-jul. 1835, Doc. <span style=\"color: #0000ff;\"><a style=\"color: #0000ff;\" href=\"https:\/\/memoriasdehacienda.institutomora.edu.mx\/wp-content\/uploads\/PRESUPUESTOSGRALPORMENORIZADO1834-35-B.xls\">B<\/a><\/span> (14)<\/p>\n<p>Presupuesto general de gastos, Secretar\u00eda de Guerra y Marina, jul. 1834-jul. 1835, Doc. <span style=\"color: #0000ff;\"><a style=\"color: #0000ff;\" href=\"https:\/\/memoriasdehacienda.institutomora.edu.mx\/wp-content\/uploads\/PRESUPUESTOSGRALGUERRAYMARINA1834-35-C.xls\">C<\/a>,&nbsp;<a style=\"color: #0000ff;\" href=\"https:\/\/memoriasdehacienda.institutomora.edu.mx\/wp-content\/uploads\/PRESUPUESTOSGRALGUERRAYMARINA1834-35-D.xls\">D<\/a><\/span> (14)<\/p>\n<p>Presupuesto, Ministerio de Justicia y negocios eclesi\u00e1sticos, jul. 1834-jul. 1835, Doc.<span style=\"color: #0000ff;\"> <a style=\"color: #0000ff;\" href=\"https:\/\/memoriasdehacienda.institutomora.edu.mx\/wp-content\/uploads\/PRESUPUESTOMINISTERIODEJUST1834-35-E.xls\">E<\/a><\/span> (14)<\/p>\n<p>Presupuesto de los gastos generales de la Secretar\u00eda de Hacienda, jul. 1834-jul. 1835, Doc. <span style=\"color: #0000ff;\"><a style=\"color: #0000ff;\" href=\"https:\/\/memoriasdehacienda.institutomora.edu.mx\/wp-content\/uploads\/PRESUPUESTOGASTOSGRALESDEHACIENDA1834-35-F.xls\">F<\/a><\/span> (14)<\/p>\n<p>Deuda p\u00fablica, Cr\u00e9dito p\u00fablico, pago de deuda nacional externa e interna, jul. 1832-jun. 1833, Doc.<span style=\"color: #0000ff;\"> <a style=\"color: #0000ff;\" href=\"https:\/\/memoriasdehacienda.institutomora.edu.mx\/wp-content\/uploads\/DEUDAPUBLICACREDITOPUBLICO1832-33G.xls\">G<\/a><\/span> (14)<\/p>\n<p>Deuda p\u00fablica, Cuadro de los ramos del cr\u00e9dito p\u00fablico (por art\u00edculo 7 de la ley de 2 de octubre de 1830, destino de medio dividendo), jul. 1832-jun. 1833, Doc. <span style=\"color: #0000ff;\"><a style=\"color: #0000ff;\" href=\"https:\/\/memoriasdehacienda.institutomora.edu.mx\/wp-content\/uploads\/DEUDAPUBLICACUADROSDELOSRAMOS1832-33H.xls\">H<\/a><\/span> (14)<\/p>\n<p>Deuda p\u00fablica, Raz\u00f3n de las cantidades del cr\u00e9dito p\u00fablico, jul. 1832-jun. 1833, Doc.<span style=\"color: #0000ff;\"> <a style=\"color: #0000ff;\" href=\"https:\/\/memoriasdehacienda.institutomora.edu.mx\/wp-content\/uploads\/DEUDAPUBLICARAZON1832-33I.xls\">I<\/a> <\/span>(14)<\/p>\n<p>Peajes, jul. 1832-jun. 1833, Doc. <span style=\"color: #0000ff;\"><a style=\"color: #0000ff;\" href=\"https:\/\/memoriasdehacienda.institutomora.edu.mx\/wp-content\/uploads\/PEAJES1832-33J.xls\">J<\/a><\/span> (14)<\/p>\n<p>No hay Doc. K<\/p>\n<p>Comisos, Noticia del importe de, jul. 1832-jun. 1833, Doc.<span style=\"color: #0000ff;\"> <a style=\"color: #0000ff;\" href=\"https:\/\/memoriasdehacienda.institutomora.edu.mx\/wp-content\/uploads\/COMISOS1832-33L.xls\">L<\/a><\/span> (14)<\/p>\n<p>[\/read]<\/p>\n<div><\/div>\n","protected":false},"excerpt":{"rendered":"<p>(14) Memoria hasta hoy in\u00e9dita que de la Hacienda Federal de los Estados Unidos Mexicanos form\u00f3 con fecha de abril de 1834 el secretario del ramo don Antonio Garay para presentarla al Congreso General de la Uni\u00f3n. Impresa por acuerdo de 14 de marzo de 1913. M\u00e9xico, Tipograf\u00eda de la Oficina Impresora de Estampillas, Palacio<\/p>\n<p><a href=\"https:\/\/memoriasdehacienda.institutomora.edu.mx\/?page_id=573\" class=\"more-link themebutton\">Read More<\/a><\/p>\n","protected":false},"author":2,"featured_media":0,"parent":0,"menu_order":0,"comment_status":"closed","ping_status":"closed","template":"","meta":[],"_links":{"self":[{"href":"https:\/\/memoriasdehacienda.institutomora.edu.mx\/index.php?rest_route=\/wp\/v2\/pages\/573"}],"collection":[{"href":"https:\/\/memoriasdehacienda.institutomora.edu.mx\/index.php?rest_route=\/wp\/v2\/pages"}],"about":[{"href":"https:\/\/memoriasdehacienda.institutomora.edu.mx\/index.php?rest_route=\/wp\/v2\/types\/page"}],"author":[{"embeddable":true,"href":"https:\/\/memoriasdehacienda.institutomora.edu.mx\/index.php?rest_route=\/wp\/v2\/users\/2"}],"replies":[{"embeddable":true,"href":"https:\/\/memoriasdehacienda.institutomora.edu.mx\/index.php?rest_route=%2Fwp%2Fv2%2Fcomments&post=573"}],"version-history":[{"count":10,"href":"https:\/\/memoriasdehacienda.institutomora.edu.mx\/index.php?rest_route=\/wp\/v2\/pages\/573\/revisions"}],"predecessor-version":[{"id":8651,"href":"https:\/\/memoriasdehacienda.institutomora.edu.mx\/index.php?rest_route=\/wp\/v2\/pages\/573\/revisions\/8651"}],"wp:attachment":[{"href":"https:\/\/memoriasdehacienda.institutomora.edu.mx\/index.php?rest_route=%2Fwp%2Fv2%2Fmedia&parent=573"}],"curies":[{"name":"wp","href":"https:\/\/api.w.org\/{rel}","templated":true}]}}