{"id":575,"date":"2016-04-07T12:19:09","date_gmt":"2016-04-07T18:19:09","guid":{"rendered":"http:\/\/memoriasdehacienda.colmex.mx\/mhwp\/?page_id=575"},"modified":"2023-03-16T13:17:51","modified_gmt":"2023-03-16T19:17:51","slug":"memoria-15","status":"publish","type":"page","link":"https:\/\/memoriasdehacienda.institutomora.edu.mx\/?page_id=575","title":{"rendered":"Memoria 15 ( julio 1833-junio 1834)"},"content":{"rendered":"<p style=\"text-align: justify;\"><span style=\"font-size: 11pt; color: #ff6600;\"><strong>(15) Memoria de la Hacienda Federal de los Estados Unidos Mexicanos, presentada al Congreso general de la Uni\u00f3n por el secretario del ramo en 22 de mayo de 1835. M\u00e9xico, Imprenta del \u00c1guila, dirigida por Jos\u00e9 Ximeno, 1835, 25 pp. + 62 l\u00e1minas, cuadros, tablas.<\/strong><\/span><\/p>\n<p style=\"text-align: justify;\"><span style=\"color: #000000;\">Firmada por Jos\u00e9 Mariano Blasco (22 de mayo de 1835).<\/span><\/p>\n<p style=\"text-align: justify;\"><span style=\"color: #000000;\">Per\u00edodo: julio 1833-junio 1834.<\/span><\/p>\n<p style=\"text-align: justify;\"><span style=\"color: #000000;\">Se localiza: <span class=\"tooltips \" style=\"\" title=\"Biblioteca Nacional de M\u00e9xico-Colecci\u00f3n Lafragua, Fondo Reservado, UNAM.\">BNCL<\/span>, <span class=\"tooltips \" style=\"\" title=\"Biblioteca Nacional de M\u00e9xico-Colecci\u00f3n de Libros Raros y Curiosos, Fondo Reservado, UNAM.\">BNLR<\/span>, <span class=\"tooltips \" style=\"\" title=\"Biblioteca del Instituto de Investigaciones Hist\u00f3ricas, UNAM.\">BIIH<\/span>, <span class=\"tooltips \" style=\"\" title=\"Biblioteca del Centro de Estudios de Historia de M\u00e9xico, CONDUMEX.\">Bcondumex<\/span>, <span class=\"tooltips \" style=\"\" title=\"Biblioteca del Instituto de Investigaciones &quot;Dr. Jos\u00e9 Mar\u00eda Luis Mora&quot; (material en micropel\u00edcula).\">BIM-Mfilm<\/span>, <span class=\"tooltips \" style=\"\" title=\"Biblioteca &quot;Daniel Cos\u00edo Villegas&quot;, El Colegio de M\u00e9xico (material en micropel\u00edcula).\">BColmex-Mfilm<\/span>.<\/span><\/p>\n<p style=\"text-align: justify;\"><strong><span style=\"color: #000000;\">Tiene anexos, cuadros y tablas.<\/span><\/strong><\/p>\n<p style=\"text-align: justify;\"><strong><span style=\"color: #000000;\">S\u00edntesis del contenido:<\/span><\/strong><\/p>\n<p style=\"text-align: justify;\"><span style=\"color: #000000;\">El ministro advierte que dedic\u00f3 su atenci\u00f3n, &#8220;casi exclusivamente&#8221;, a proveer de recursos al &#8220;servicio p\u00fablico&#8221;. Adem\u00e1s, aclara que su memoria no es perfecta, pues carece de los datos necesarios e indica que la administraci\u00f3n no tuvo tiempo para detenerse a analizar el sistema hacendario debido a que actu\u00f3 conforme a como se le fueron presentando los asuntos relacionados con la administraci\u00f3n p\u00fablica. Por ello s\u00f3lo presenta la cuenta general de valores y la distribuci\u00f3n del erario del 1\u00b0 de julio de 1833 a 30 de junio de 1834, cuyos documentos recibi\u00f3 el 6 de mayo de ese a\u00f1o de 1835. Es decir cont\u00f3 con 16 d\u00edas para elaborar la presente memoria.<\/span><\/p>\n<p style=\"text-align: justify;\"><span style=\"color: #000000;\">Por otra parte, advierte que en el an\u00e1lisis de la cuenta se debe tomar en consideraci\u00f3n que no se &#8220;han cubierto muchas atenciones ejecutivas, ..&#8221;. En cuanto a las rentas menciona un aumento en la recaudaci\u00f3n efectuada en las Aduanas mar\u00edtimas, fronterizas, del Distrito y Territorios; no obstante, afirma que debe erradicarse el contrabando, que merma los ingresos de las aduanas mar\u00edtimas. El contingente de los Estados ha disminuido, la Administraci\u00f3n de correos ha dejado buenos dividendos y se modificaron sus ordenanzas; por otra parte, la planta de la Casa de Moneda se reforma para abaratar costos. Los pr\u00e9stamos nacionales (8 millones, 4 de ellos en efectivo), han servido para atender las necesidades mas urgentes, contratados a cambio de ordenes de pago, las cuales se admitir\u00e1n (hasta un 20%) al momento de pagar los derechos en las aduanas (incluyendo certificados de sueldos de los empleados p\u00fablicos, pensionistas, etc.). A pesar de este recurso, se esperaba un d\u00e9ficit para el a\u00f1o econ\u00f3mico de 1835-1836, el cual se pensaba cubrir reduciendo los gastos o aumentando los impuestos o, en caso necesario, ambos.<\/span><\/p>\n<p style=\"text-align: justify;\"><span style=\"color: #000000;\">Para un arreglo inmediato de la administraci\u00f3n propone terminar con los enfrentamientos internos; ve a la administraci\u00f3n p\u00fablica como un lugar de servicio y no de enriquecimiento, es decir, propone terminar con la corrupci\u00f3n y fomentar la inversi\u00f3n, promoviendo la industria. Por otra parte, considera necesario hacer econom\u00edas en los gastos, no emplear a m\u00e1s personal, pagar el m\u00ednimo necesario y contar con personal honrado. Asimismo se propone restablecer el cr\u00e9dito p\u00fablico.<\/span>[read more=&#8221;Ver anexos estad\u00edsticos&#8221; less=&#8221;ver menos&#8221;]<\/p>\n<p><span style=\"color: #0000ff;\"><strong>Cuadros incluidos en la parte expositiva<\/strong><\/span><\/p>\n<p>Presupuesto general de gastos que se calculan para cubrirlos, jul. 1835-jun. 1836, pp. 17-18, (p. e.) (15)<\/p>\n<p>Documentos al final de la parte expositiva:<\/p>\n<p>Deuda p\u00fablica, Cuenta de los ramos del cr\u00e9dito p\u00fablico, jul. 1833-jun. 1834, Doc. A (p. e.), (15)<\/p>\n<p>Deuda p\u00fablica externa, Dividendos, jul. 1833-jun. 1834, Doc. B (p. e.) (15)<\/p>\n<p>Importaci\u00f3n, Raz\u00f3n de las cantidades que han comprendido la media octava parte de los productos l\u00edquidos de importaci\u00f3n, jul. 1833-jun. 1834, Doc. C (p. e.) (15)<\/p>\n<p>Peajes, jul. 1833-jun. 1834, Doc. D (p. e.) (15)<\/p>\n<p>Comisos, Noticia de, jul. 1833-jun. 1834, Doc. E (p. e.) (15)<\/p>\n<p>Documentos anexos<\/p>\n<p>Cuenta general de valores y distribuci\u00f3n de las rentas del erario federal, julio de 1833-junio de 1834):<\/p>\n<p>Cuenta del erario federal, Estado general conformado por los ramos del erario p\u00fablico, (ingresos, egresos y el producto l\u00edquido de cada uno de los distintos ramos y el total), jul. 1833-jun. 1834, Doc. <span style=\"color: #0000ff;\"><a style=\"color: #0000ff;\" href=\"https:\/\/memoriasdehacienda.institutomora.edu.mx\/wp-content\/uploads\/EDOSGRALES1833-34.xls\">[00]<\/a><\/span> (15)<\/p>\n<p>Cuenta del erario federal, Gastos efectuados en la administraci\u00f3n del gobierno, cuadro presentado por la Tesorer\u00eda General de la Federaci\u00f3n, Doc. [01] (15)<\/p>\n<p>Cuenta del erario federal, Comparaci\u00f3n de los productos l\u00edquidos de las rentas federales, 1832 y 1833, Doc. [02] (15)<br \/>\nIngresos<br \/>\nExistencias al 30 de junio de 1833, Doc.<span style=\"color: #0000ff;\"><a style=\"color: #0000ff;\" href=\"https:\/\/memoriasdehacienda.institutomora.edu.mx\/wp-content\/uploads\/001EXISTENCIAS1833-34.xls\"> 1<\/a> <\/span>(15)<\/p>\n<p>Aduanas mar\u00edtimas, de la frontera, del Distrito Federal y de los territorios y las comisar\u00edas, jul. 1833-jun. 1834, Doc.<span style=\"color: #0000ff;\"> <a style=\"color: #0000ff;\" href=\"https:\/\/memoriasdehacienda.institutomora.edu.mx\/wp-content\/uploads\/002ADUANAS1833-34.xls\">2<\/a>, <a style=\"color: #0000ff;\" href=\"https:\/\/memoriasdehacienda.institutomora.edu.mx\/wp-content\/uploads\/003ADUANAS1833-34.xls\">3<\/a>, <a style=\"color: #0000ff;\" href=\"https:\/\/memoriasdehacienda.institutomora.edu.mx\/wp-content\/uploads\/004ADUANAS1833-34.xls\">4<\/a>, <a style=\"color: #0000ff;\" href=\"https:\/\/memoriasdehacienda.institutomora.edu.mx\/wp-content\/uploads\/005ADUANAS1833-34.xls\">5<\/a>, <a style=\"color: #0000ff;\" href=\"https:\/\/memoriasdehacienda.institutomora.edu.mx\/wp-content\/uploads\/006ADUANAS1833-34.xls\">6<\/a> <\/span>(15)<\/p>\n<p>Aduanas mar\u00edtimas y fronterizas, jul. 1833-jun. 1834, Doc.<span style=\"color: #0000ff;\"><a style=\"color: #0000ff;\" href=\"https:\/\/memoriasdehacienda.institutomora.edu.mx\/wp-content\/uploads\/005ADUANAS1833-34.xls\"> 5<\/a><\/span> (15)<\/p>\n<p>Bienes nacionales, jul. 1833-jun. 1834, Doc. <span style=\"color: #0000ff;\"><a style=\"color: #0000ff;\" href=\"https:\/\/memoriasdehacienda.institutomora.edu.mx\/wp-content\/uploads\/007BIENES1833-34.xls\">7 <\/a><\/span>(15)<\/p>\n<p>Contingente de los Estados, jul. 1833-jun. 1834, Doc.<span style=\"color: #0000ff;\"> <a style=\"color: #0000ff;\" href=\"https:\/\/memoriasdehacienda.institutomora.edu.mx\/wp-content\/uploads\/008CONTINGENTE1833-34.xls\">8<\/a><\/span> (15)<\/p>\n<p>Correos, jul. 1833-jun. 1834, Doc.<span style=\"color: #0000ff;\"><a style=\"color: #0000ff;\" href=\"https:\/\/memoriasdehacienda.institutomora.edu.mx\/wp-content\/uploads\/009CORREOS1833-34.xls\"> 9<\/a><\/span> (15)<\/p>\n<p>Inv\u00e1lidos, jul. 1833-jun. 1834, Doc. <span style=\"color: #0000ff;\"><a style=\"color: #0000ff;\" href=\"https:\/\/memoriasdehacienda.institutomora.edu.mx\/wp-content\/uploads\/010INVALIDOS1833-34.xls\">10<\/a><\/span> (15)<\/p>\n<p>Dos por ciento de Moneda, jul. 1833-jun. 1834, Doc.<span style=\"color: #0000ff;\"><a style=\"color: #0000ff;\" href=\"https:\/\/memoriasdehacienda.institutomora.edu.mx\/wp-content\/uploads\/011DOSPORCIENTODEMONEDA1833-34.xls\"> 11 <\/a><\/span>(15)<\/p>\n<p>Fortificaci\u00f3n de Veracruz, jul. 1833-jun. 1834, Doc. <span style=\"color: #0000ff;\"><a style=\"color: #0000ff;\" href=\"https:\/\/memoriasdehacienda.institutomora.edu.mx\/wp-content\/uploads\/012FORTIFICACION1833-34.xls\">12<\/a><\/span> (15)<\/p>\n<p>Hospitalidades de tropa, jul. 1833-jun. 1834, Doc. <span style=\"color: #0000ff;\"><a style=\"color: #0000ff;\" href=\"https:\/\/memoriasdehacienda.institutomora.edu.mx\/wp-content\/uploads\/013HOSPITALIDADES1833-34.xls\">13<\/a><\/span> (15)<\/p>\n<p>Loter\u00eda, jul. 1833-jun. 1834, Doc. <span style=\"color: #0000ff;\"><a style=\"color: #0000ff;\" href=\"https:\/\/memoriasdehacienda.institutomora.edu.mx\/wp-content\/uploads\/014LOTERIA1833-34.xls\">14<\/a><\/span> (15)<\/p>\n<p>Montep\u00edo Militar, jul. 1833-jun. 1834, Doc. <span style=\"color: #0000ff;\"><a style=\"color: #0000ff;\" href=\"https:\/\/memoriasdehacienda.institutomora.edu.mx\/wp-content\/uploads\/015MONTEPIOMILITAR1833-34.xls\">15<\/a> <\/span>(15)<\/p>\n<p>Montep\u00edo Civil, jul. 1833-jun. 1834, Doc.<span style=\"color: #0000ff;\"><a style=\"color: #0000ff;\" href=\"https:\/\/memoriasdehacienda.institutomora.edu.mx\/wp-content\/uploads\/016MONTEPIOCIVIL1833-34.xls\"> 16 <\/a><\/span>(15)<\/p>\n<p>Papel sellado, jul. 1833-jun. 1834, Doc. <span style=\"color: #0000ff;\"><a style=\"color: #0000ff;\" href=\"https:\/\/memoriasdehacienda.institutomora.edu.mx\/wp-content\/uploads\/017PAPELSELLADO1833-34.xls\">17,<\/a> <a style=\"color: #0000ff;\" href=\"https:\/\/memoriasdehacienda.institutomora.edu.mx\/wp-content\/uploads\/018PAPELSELLADO1833-34.xls\">18<\/a><\/span> (15)<\/p>\n<p>Peajes, jul. 1833-jun. 1834, Doc. <span style=\"color: #0000ff;\"><a style=\"color: #0000ff;\" href=\"https:\/\/memoriasdehacienda.institutomora.edu.mx\/wp-content\/uploads\/019PEAGES1833-34.xls\">19<\/a><\/span> (15)<\/p>\n<p>P\u00f3lvora, jul. 1833-jun. 1834, Doc. <span style=\"color: #0000ff;\"><a style=\"color: #0000ff;\" href=\"https:\/\/memoriasdehacienda.institutomora.edu.mx\/wp-content\/uploads\/020POLVORA1833-34.xls\">20<\/a>,&nbsp;<a style=\"color: #0000ff;\" href=\"https:\/\/memoriasdehacienda.institutomora.edu.mx\/wp-content\/uploads\/021FABRICADEPOLVORA1833-34.xls\">21<\/a> <\/span>(15)<\/p>\n<p>F\u00e1brica de p\u00f3lvora de Zacatecas, jul. 1833-jun. 1834, Doc. <span style=\"color: #0000ff;\"><a style=\"color: #0000ff;\" href=\"https:\/\/memoriasdehacienda.institutomora.edu.mx\/wp-content\/uploads\/021FABRICADEPOLVORA1833-34.xls\">21<\/a><\/span> (15)<\/p>\n<p>Salinas, jul. 1833-jun. 1834, Doc.<span style=\"color: #0000ff;\"><a style=\"color: #0000ff;\" href=\"https:\/\/memoriasdehacienda.institutomora.edu.mx\/wp-content\/uploads\/022SALINAS1833-34.xls\"> 22 <\/a><\/span>(15)<\/p>\n<p>Casa de Moneda, jul. 1833-jun. 1834, Doc. <span style=\"color: #0000ff;\"><a style=\"color: #0000ff;\" href=\"https:\/\/memoriasdehacienda.institutomora.edu.mx\/wp-content\/uploads\/023CASADEMONEDA1833-34.xls\">23<\/a><\/span> (15)<\/p>\n<p>Almacenaje, jul. 1833-jun. 1834, Doc. <span style=\"color: #0000ff;\"><a style=\"color: #0000ff;\" href=\"https:\/\/memoriasdehacienda.institutomora.edu.mx\/wp-content\/uploads\/024ALMACENAGE1833-34.xls\">24<\/a><\/span> (15)<\/p>\n<p>Derechos de amortizaci\u00f3n, jul. 1833-jun. 1834, Doc. <span style=\"color: #0000ff;\"><a style=\"color: #0000ff;\" href=\"https:\/\/memoriasdehacienda.institutomora.edu.mx\/wp-content\/uploads\/025DERECHOAMORTIZACION1833-34.xls\">25<\/a><\/span> (15)<\/p>\n<p>Derecho del uno por ciento impuesto a importaciones para el sostenimiento de c\u00e1rceles y hospitales, decreto de 1\u00ba de mayo de 1831 Doc. <span style=\"color: #0000ff;\"><a style=\"color: #0000ff;\" href=\"https:\/\/memoriasdehacienda.institutomora.edu.mx\/wp-content\/uploads\/026DERECHOSALUNOPORCIENTO1833-34.xls\">26<\/a><\/span> (15)<\/p>\n<p>Dietas, jul. 1833-jun. 1834, Doc. <span style=\"color: #0000ff;\"><a style=\"color: #0000ff;\" href=\"https:\/\/memoriasdehacienda.institutomora.edu.mx\/wp-content\/uploads\/027DIETAS1833-34.xls\">27<\/a><\/span> (15)<\/p>\n<p>Desag\u00fce, jul. 1833-jun. 1834, Doc. <span style=\"color: #0000ff;\"><a style=\"color: #0000ff;\" href=\"https:\/\/memoriasdehacienda.institutomora.edu.mx\/wp-content\/uploads\/028DESAGUE1833-34.xls\">28<\/a><\/span> (15)<\/p>\n<p>Derechos de oro, plata y ensaye, jul. 1833-jun. 1834, Doc. <span style=\"color: #0000ff;\"><a style=\"color: #0000ff;\" href=\"https:\/\/memoriasdehacienda.institutomora.edu.mx\/wp-content\/uploads\/029DERECHOSDEOROYPLATA1833-34.xls\">29<\/a><\/span> (15)<\/p>\n<p>Pulper\u00edas, jul. 1833-jun. 1834, Doc. <span style=\"color: #0000ff;\"><a style=\"color: #0000ff;\" href=\"https:\/\/memoriasdehacienda.institutomora.edu.mx\/wp-content\/uploads\/030PULPERIAS1833-34.xls\">30<\/a><\/span> (15)<\/p>\n<p>Derecho de billares, jul. 1833-jun. 1834, Doc. <span style=\"color: #0000ff;\"><a style=\"color: #0000ff;\" href=\"https:\/\/memoriasdehacienda.institutomora.edu.mx\/wp-content\/uploads\/031DERECHOSDEVILL.1833-34.xls\">31<\/a><\/span> (15)<\/p>\n<p>Diezmos, jul. 1833-jun. 1834, Doc. <span style=\"color: #0000ff;\"><a style=\"color: #0000ff;\" href=\"https:\/\/memoriasdehacienda.institutomora.edu.mx\/wp-content\/uploads\/032DIEZMOS1833-34.xls\">32<\/a><\/span> (15)<\/p>\n<p>Gallos, renta de, jul. 1833-jun. 1834, Doc.<span style=\"color: #0000ff;\"><a style=\"color: #0000ff;\" href=\"https:\/\/memoriasdehacienda.institutomora.edu.mx\/wp-content\/uploads\/033GALLOS1833-34.xls\"> 33 <\/a><\/span>(15)<\/p>\n<p>Oficios vendibles y renunciables, jul. 1833-jun. 1834, Doc. <span style=\"color: #0000ff;\"><a style=\"color: #0000ff;\" href=\"https:\/\/memoriasdehacienda.institutomora.edu.mx\/wp-content\/uploads\/034OFICIOS1833-34.xls\">34<\/a><\/span> (15)<\/p>\n<p>Alcance de cuentas, jul. 1833-jun. 1834, Doc. <span style=\"color: #0000ff;\"><a style=\"color: #0000ff;\" href=\"https:\/\/memoriasdehacienda.institutomora.edu.mx\/wp-content\/uploads\/035ALCANCESDECUENTAS1833-34.xls\">35<\/a><\/span> (15)<\/p>\n<p>Aprovechamientos, jul. 1833-jun. 1834, Doc. <span style=\"color: #0000ff;\"><a style=\"color: #0000ff;\" href=\"https:\/\/memoriasdehacienda.institutomora.edu.mx\/wp-content\/uploads\/036APROVECHAMIENTOS1833-34.xls\">36<\/a><\/span> (15)<\/p>\n<p>Correos, jul. 1833-jun. 1834, Doc. <span style=\"color: #0000ff;\"><a style=\"color: #0000ff;\" href=\"https:\/\/memoriasdehacienda.institutomora.edu.mx\/wp-content\/uploads\/037COMISOS1833-34.xls\">37<\/a><\/span> (15)<\/p>\n<p>Cr\u00e9ditos activos, jul. 1833-jun. 1834, Doc.<span style=\"color: #0000ff;\"><a style=\"color: #0000ff;\" href=\"https:\/\/memoriasdehacienda.institutomora.edu.mx\/wp-content\/uploads\/038CREDITOSACTIVOS1833-34.xls\"> 38 <\/a><\/span>(15)<\/p>\n<p>Derecho de pasaportes, jul. 1833-jun. 1834, Doc.<span style=\"color: #0000ff;\"><a style=\"color: #0000ff;\" href=\"https:\/\/memoriasdehacienda.institutomora.edu.mx\/wp-content\/uploads\/039DERECHOSDEPASAP.1833-34.xls\"> 39 <\/a><\/span>(15)<\/p>\n<p>Multas, jul. 1833-jun. 1834, Doc. <span style=\"color: #0000ff;\"><a style=\"color: #0000ff;\" href=\"https:\/\/memoriasdehacienda.institutomora.edu.mx\/wp-content\/uploads\/040MULTAS1833-34.xls\">40<\/a><\/span> (15)<\/p>\n<p>Premio de cambio, jul. 1833-jun. 1834, Doc. <span style=\"color: #0000ff;\"><a style=\"color: #0000ff;\" href=\"https:\/\/memoriasdehacienda.institutomora.edu.mx\/wp-content\/uploads\/041PREMIODECAMBIO1833-34.xls\">41<\/a><\/span> (15)<\/p>\n<p>Quinto de perla, jul. 1833-jun. 1834, Doc. <span style=\"color: #0000ff;\"><a style=\"color: #0000ff;\" href=\"https:\/\/memoriasdehacienda.institutomora.edu.mx\/wp-content\/uploads\/042QUINTODEPERLA1833-34.xls\">42<\/a><\/span> (15)<\/p>\n<p>Reintegros, jul. 1833-jun. 1834, Doc. <span style=\"color: #0000ff;\"><a style=\"color: #0000ff;\" href=\"https:\/\/memoriasdehacienda.institutomora.edu.mx\/wp-content\/uploads\/043REINTEGROS1833-34.xls\">43<\/a><\/span> (15)<\/p>\n<p>Reemplazos, jul. 1833-jun. 1834, Doc. <span style=\"color: #0000ff;\"><a style=\"color: #0000ff;\" href=\"https:\/\/memoriasdehacienda.institutomora.edu.mx\/wp-content\/uploads\/044REEMPLAZOS1833-34.xls\">44<\/a><\/span> (15)<\/p>\n<p>Santos lugares de Jerusal\u00e9n y redenci\u00f3n de cautivos, jul. 1833-jun. 1834, Doc. <span style=\"color: #0000ff;\"><a style=\"color: #0000ff;\" href=\"https:\/\/memoriasdehacienda.institutomora.edu.mx\/wp-content\/uploads\/045SANTOSLUGARES1833-34.xls\">45<\/a><\/span> (15)<\/p>\n<p>Suscripci\u00f3n a la obra de recopilaci\u00f3n de leyes y decretos del<\/p>\n<p>Congreso General, jul. 1833-jun. 1834, Doc.<span style=\"color: #0000ff;\"> <a style=\"color: #0000ff;\" href=\"https:\/\/memoriasdehacienda.institutomora.edu.mx\/wp-content\/uploads\/046SUSCRIPCION1833-34.xls\">46<\/a><\/span>&nbsp;(15)<\/p>\n<p>Dep\u00f3sitos generales, jul. 1833-jun. 1834, Doc. <span style=\"color: #0000ff;\"><a style=\"color: #0000ff;\" href=\"https:\/\/memoriasdehacienda.institutomora.edu.mx\/wp-content\/uploads\/047DEPOSITOSGENERALES1833-34.xls\">47<\/a> <\/span>(15)<\/p>\n<p>Bienes de San Camilo y Filipinas, jul. 1833-jun. 1834, Doc. <span style=\"color: #0000ff;\"><a style=\"color: #0000ff;\" href=\"https:\/\/memoriasdehacienda.institutomora.edu.mx\/wp-content\/uploads\/048BIENES1833-34.xls\">48<\/a> <\/span>(15)<\/p>\n<p>Concordia de la F\u00e1brica de puros y cigarros, jul. 1833-jun. 1834, Doc. <span style=\"color: #0000ff;\"><a style=\"color: #0000ff;\" href=\"https:\/\/memoriasdehacienda.institutomora.edu.mx\/wp-content\/uploads\/049CONCORDIA1833-34.xls\">49<\/a><\/span> (15)<\/p>\n<p>Fondo Piadoso de las Californias, jul. 1833-jun. 1834, Doc. <span style=\"color: #0000ff;\"><a style=\"color: #0000ff;\" href=\"https:\/\/memoriasdehacienda.institutomora.edu.mx\/wp-content\/uploads\/050FONDO1833-34.xls\">50<\/a><\/span> (15)<\/p>\n<p>Deuda p\u00fablica, Anticipaciones de derechos mar\u00edtimos, jul. 1833-jun. 1834, Doc.<span style=\"color: #0000ff;\"><a style=\"color: #0000ff;\" href=\"https:\/\/memoriasdehacienda.institutomora.edu.mx\/wp-content\/uploads\/051DEUDAPUBLICAANTICIPACIONES1833-34.xls\"> 51 <\/a><\/span>(15)<\/p>\n<p>Derechos de miner\u00eda, jul. 1833-jun. 1834, Doc.<span style=\"color: #0000ff;\"><a style=\"color: #0000ff;\" href=\"https:\/\/memoriasdehacienda.institutomora.edu.mx\/wp-content\/uploads\/052DERECHOSDEMINER.1833-34.xls\"> 52 <\/a><\/span>(15)<\/p>\n<p>Donativo, jul. 1833-jun. 1834, Doc.<span style=\"color: #0000ff;\"> <a style=\"color: #0000ff;\" href=\"https:\/\/memoriasdehacienda.institutomora.edu.mx\/wp-content\/uploads\/053DONATIVOS1833-34.xls\">53<\/a><\/span> (15)<\/p>\n<p>Deuda p\u00fablica, Pr\u00e9stamos, jul. 1833-jun. 1834, Doc.<span style=\"color: #0000ff;\"><a style=\"color: #0000ff;\" href=\"https:\/\/memoriasdehacienda.institutomora.edu.mx\/wp-content\/uploads\/054DEUDAPUBLICAPRESTAMOS1833-34.xls\"> 54 <\/a><\/span>(15)<\/p>\n<p>Refacci\u00f3n de libras sobre aduanas mar\u00edtimas, jul. 1833-jun. 1834, Doc.<a href=\"https:\/\/memoriasdehacienda.institutomora.edu.mx\/wp-content\/uploads\/055DOSPORCIENTO1833-34.xls\"><span style=\"color: #0000ff;\"> 55<\/span> <\/a>(15)<\/p>\n<p>Existencias en la Tesorer\u00eda General de la Federaci\u00f3n, junio de 1833, Doc. <span style=\"color: #0000ff;\"><a style=\"color: #0000ff;\" href=\"https:\/\/memoriasdehacienda.institutomora.edu.mx\/wp-content\/uploads\/TESORERIA-GENERAL-1834-a.xls\">56<\/a><\/span> (15)<\/p>\n<p>[\/read]<\/p>\n<div><\/div>\n","protected":false},"excerpt":{"rendered":"<p>(15) Memoria de la Hacienda Federal de los Estados Unidos Mexicanos, presentada al Congreso general de la Uni\u00f3n por el secretario del ramo en 22 de mayo de 1835. M\u00e9xico, Imprenta del \u00c1guila, dirigida por Jos\u00e9 Ximeno, 1835, 25 pp. + 62 l\u00e1minas, cuadros, tablas. Firmada por Jos\u00e9 Mariano Blasco (22 de mayo de 1835).<\/p>\n<p><a href=\"https:\/\/memoriasdehacienda.institutomora.edu.mx\/?page_id=575\" class=\"more-link themebutton\">Read More<\/a><\/p>\n","protected":false},"author":2,"featured_media":0,"parent":0,"menu_order":0,"comment_status":"closed","ping_status":"closed","template":"","meta":[],"_links":{"self":[{"href":"https:\/\/memoriasdehacienda.institutomora.edu.mx\/index.php?rest_route=\/wp\/v2\/pages\/575"}],"collection":[{"href":"https:\/\/memoriasdehacienda.institutomora.edu.mx\/index.php?rest_route=\/wp\/v2\/pages"}],"about":[{"href":"https:\/\/memoriasdehacienda.institutomora.edu.mx\/index.php?rest_route=\/wp\/v2\/types\/page"}],"author":[{"embeddable":true,"href":"https:\/\/memoriasdehacienda.institutomora.edu.mx\/index.php?rest_route=\/wp\/v2\/users\/2"}],"replies":[{"embeddable":true,"href":"https:\/\/memoriasdehacienda.institutomora.edu.mx\/index.php?rest_route=%2Fwp%2Fv2%2Fcomments&post=575"}],"version-history":[{"count":23,"href":"https:\/\/memoriasdehacienda.institutomora.edu.mx\/index.php?rest_route=\/wp\/v2\/pages\/575\/revisions"}],"predecessor-version":[{"id":8652,"href":"https:\/\/memoriasdehacienda.institutomora.edu.mx\/index.php?rest_route=\/wp\/v2\/pages\/575\/revisions\/8652"}],"wp:attachment":[{"href":"https:\/\/memoriasdehacienda.institutomora.edu.mx\/index.php?rest_route=%2Fwp%2Fv2%2Fmedia&parent=575"}],"curies":[{"name":"wp","href":"https:\/\/api.w.org\/{rel}","templated":true}]}}