{"id":581,"date":"2016-04-07T12:20:55","date_gmt":"2016-04-07T18:20:55","guid":{"rendered":"http:\/\/memoriasdehacienda.colmex.mx\/mhwp\/?page_id=581"},"modified":"2017-07-31T13:07:18","modified_gmt":"2017-07-31T19:07:18","slug":"memoria-18","status":"publish","type":"page","link":"https:\/\/memoriasdehacienda.institutomora.edu.mx\/?page_id=581","title":{"rendered":"Memoria 18 (1838-1839)"},"content":{"rendered":"<p style=\"text-align: justify;\"><span style=\"color: #ff6600; font-size: 11pt;\"><strong>(18) Memoria de la Hacienda Nacional de la Rep\u00fablica Mexicana, presentada a las C\u00e1maras por el Ministro del ramo en julio de 1839, [primera parte], M\u00e9xico, Imprenta del \u00c1guila, dirigida por Jos\u00e9 Ximeno, 1840, 37 pp.<\/strong><\/span><\/p>\n<p style=\"text-align: justify;\"><span style=\"color: #000000;\">Firmada por Francisco Lombardo (25 de julio de 1839).<\/span><\/p>\n<p style=\"text-align: justify;\"><span style=\"color: #000000;\">Per\u00edodo: 1838-1839<\/span><\/p>\n<p style=\"text-align: justify;\"><span style=\"color: #000000;\">Se localiza: <span class=\"tooltips \" style=\"\" title=\"Biblioteca Nacional de M\u00e9xico-Colecci\u00f3n Lafragua, Fondo Reservado, UNAM.\">BNCL<\/span>, <span class=\"tooltips \" style=\"\" title=\"Biblioteca Nacional de M\u00e9xico-Colecci\u00f3n de Libros Raros y Curiosos, Fondo Reservado, UNAM.\">BNLR<\/span>, <span class=\"tooltips \" style=\"\" title=\"Biblioteca del Instituto de Investigaciones Hist\u00f3ricas, UNAM.\">BIIH<\/span>, <span class=\"tooltips \" style=\"\" title=\"Biblioteca del Archivo General de la Naci\u00f3n, M\u00e9xico.\">BAGN<\/span>, <span class=\"tooltips \" style=\"\" title=\"Biblioteca del Instituto de Investigaciones &quot;Dr. Jos\u00e9 Mar\u00eda Luis Mora&quot; (material en micropel\u00edcula).\">BIM-Mfilm<\/span>, <span class=\"tooltips \" style=\"\" title=\"Biblioteca &quot;Daniel Cos\u00edo Villegas&quot;, El Colegio de M\u00e9xico (material en micropel\u00edcula).\">BColmex-Mfilm<\/span>.<\/span><\/p>\n<p style=\"text-align: justify;\"><strong><span style=\"color: #000000;\">No tiene anexos.<\/span><\/strong><\/p>\n<p style=\"text-align: justify;\"><strong><span style=\"color: #000000;\">S\u00edntesis del contenido:<\/span><\/strong><\/p>\n<p style=\"text-align: justify;\"><span style=\"color: #000000;\">La memoria abarca el per\u00edodo del 1\u00b0 de julio de 1837 al 31 de diciembre de 1838 y resalta, ante todo, la gran crisis desatada por la guerra con Francia.\u00a0 Durante este per\u00edodo, las rentas totales ascendieron a la suma de 25,018,121 pesos, que, en producto l\u00edquido, significaban 22,555,521 pesos.\u00a0 Estas cifras, sin embargo, no representaban el producto efectivo, pues restando diversas partidas contables el producto l\u00edquido real era solamente de 10, 822,321 pesos. Las entradas hab\u00edan bajado, respecto al a\u00f1o anterior, en un 19%.<\/span><\/p>\n<p style=\"text-align: justify;\"><span style=\"color: #000000;\">M\u00e1s que el proporcionar datos, esta memoria resume opiniones sobre los obst\u00e1culos imperantes en el sistema fiscal de entonces.\u00a0 Respecto a los impuestos sobre el comercio exterior que se recaudaban en las aduanas mar\u00edtimas y fronterizas, se\u00f1ala que los c\u00e1lculos que el ministerio habitualmente formulaba por lo general fallaban.\u00a0 Los d\u00e9ficits eran llenados con contratos de pr\u00e9stamos m\u00e1s o menos ruinosos que no dejaban sino nuevas necesidades, abriendo as\u00ed un abismo.\u00a0\u00a0 El ministro ve un gran inconveniente en considerar a la renta mar\u00edtima como el recurso capital del erario, pues con cualquier amago de una potencia\u00a0 -como hab\u00eda ocurrido con Francia entonces-\u00a0 este recurso se desvanec\u00eda.<\/span><\/p>\n<p style=\"text-align: justify;\"><span style=\"color: #000000;\">En cuanto a los impuestos sobre el comercio interior, destacaba que los m\u00e1s importantes eran las alcabalas y el derecho de consumo impuesto a los efectos extranjeros.\u00a0 Se detiene brevemente en los inconvenientes del sistema de alcabalas se\u00f1alando, entre sus defectos inmediatos, &#8220;la anticipaci\u00f3n de un capital a la venta de los art\u00edculos que causa el impuesto; las vejaciones que sufre el comerciante, mayores muchas veces que el valor de los derechos, a\u00fan prescindiendo de la parte moral de ellos, que nunca han querido considerar los simples rentistas [&#8230;]; la falta de proporci\u00f3n en las penas con que se castiga el contrabando; el n\u00famero exorbitante de empleados que exige la recaudaci\u00f3n; lo costoso de \u00e9sta y la inmoralidad que produce la lucha continua del inter\u00e9s particular con el del fisco&#8221;.<\/span><\/p>\n<p style=\"text-align: justify;\"><span style=\"color: #000000;\">Concluye enfatizando que todos los ramos de la administraci\u00f3n p\u00fablica deben formar un sistema unido y armonioso, ligado a una sola finalidad.\u00a0 Afirma que no debe ser reformada la Hacienda de forma aislada, sino debe formar parte de un \u00f3rgano general.<\/span><\/p>\n","protected":false},"excerpt":{"rendered":"<p>(18) Memoria de la Hacienda Nacional de la Rep\u00fablica Mexicana, presentada a las C\u00e1maras por el Ministro del ramo en julio de 1839, [primera parte], M\u00e9xico, Imprenta del \u00c1guila, dirigida por Jos\u00e9 Ximeno, 1840, 37 pp. Firmada por Francisco Lombardo (25 de julio de 1839). Per\u00edodo: 1838-1839 Se localiza: , , , , , .<\/p>\n<p><a href=\"https:\/\/memoriasdehacienda.institutomora.edu.mx\/?page_id=581\" class=\"more-link themebutton\">Read More<\/a><\/p>\n","protected":false},"author":2,"featured_media":0,"parent":0,"menu_order":0,"comment_status":"closed","ping_status":"closed","template":"","meta":[],"_links":{"self":[{"href":"https:\/\/memoriasdehacienda.institutomora.edu.mx\/index.php?rest_route=\/wp\/v2\/pages\/581"}],"collection":[{"href":"https:\/\/memoriasdehacienda.institutomora.edu.mx\/index.php?rest_route=\/wp\/v2\/pages"}],"about":[{"href":"https:\/\/memoriasdehacienda.institutomora.edu.mx\/index.php?rest_route=\/wp\/v2\/types\/page"}],"author":[{"embeddable":true,"href":"https:\/\/memoriasdehacienda.institutomora.edu.mx\/index.php?rest_route=\/wp\/v2\/users\/2"}],"replies":[{"embeddable":true,"href":"https:\/\/memoriasdehacienda.institutomora.edu.mx\/index.php?rest_route=%2Fwp%2Fv2%2Fcomments&post=581"}],"version-history":[{"count":9,"href":"https:\/\/memoriasdehacienda.institutomora.edu.mx\/index.php?rest_route=\/wp\/v2\/pages\/581\/revisions"}],"predecessor-version":[{"id":8186,"href":"https:\/\/memoriasdehacienda.institutomora.edu.mx\/index.php?rest_route=\/wp\/v2\/pages\/581\/revisions\/8186"}],"wp:attachment":[{"href":"https:\/\/memoriasdehacienda.institutomora.edu.mx\/index.php?rest_route=%2Fwp%2Fv2%2Fmedia&parent=581"}],"curies":[{"name":"wp","href":"https:\/\/api.w.org\/{rel}","templated":true}]}}