{"id":583,"date":"2016-04-07T12:21:12","date_gmt":"2016-04-07T18:21:12","guid":{"rendered":"http:\/\/memoriasdehacienda.colmex.mx\/mhwp\/?page_id=583"},"modified":"2017-07-27T18:16:43","modified_gmt":"2017-07-28T00:16:43","slug":"memoria-19","status":"publish","type":"page","link":"https:\/\/memoriasdehacienda.institutomora.edu.mx\/?page_id=583","title":{"rendered":"Memoria 19 (1839- abril de 1840)"},"content":{"rendered":"<p style=\"text-align: justify;\"><span style=\"font-size: 11pt; color: #ff6600;\"><strong>(19) Memoria de Hacienda, durante el tiempo en que Francisco Mar\u00eda Lombardo fue Secretario de Estado y del Despacho de la misma. M\u00e9xico, Impreso por Ignacio Cumplido, 1840, 141, [5] pp.<\/strong><\/span><\/p>\n<p style=\"text-align: justify;\"><span style=\"color: #000000;\">Firmada por Francisco M. Lombardo (1\u00b0 de mayo de 1840), la cual no fue presentada ante el Congreso de la Uni\u00f3n.<\/span><\/p>\n<p style=\"text-align: justify;\"><span style=\"color: #000000;\">Per\u00edodo: 1839- abril de 1840.<\/span><\/p>\n<p style=\"text-align: justify;\"><span style=\"color: #000000;\">Se localiza:\u00a0<span class=\"tooltips \" style=\"\" title=\"Biblioteca Nacional de M\u00e9xico-Colecci\u00f3n Lafragua, Fondo Reservado, UNAM.\">BNCL<\/span>, <span class=\"tooltips \" style=\"\" title=\"Biblioteca Nacional de M\u00e9xico-Colecci\u00f3n de Libros Raros y Curiosos, Fondo Reservado, UNAM.\">BNLR<\/span>, <span class=\"tooltips \" style=\"\" title=\"Biblioteca de la Sociedad Mexicana de Geograf\u00eda y Estad\u00edstica.\">BSMGE<\/span>,\u00a0<span class=\"tooltips \" style=\"\" title=\"Biblioteca del Archivo General de la Naci\u00f3n, M\u00e9xico.\">BAGN<\/span>.<\/span><\/p>\n<p style=\"text-align: justify;\"><span style=\"color: #000000;\">\u00a0<\/span><strong><span style=\"color: #000000;\">No tiene anexos.<\/span><\/strong><\/p>\n<p style=\"text-align: justify;\"><strong><span style=\"color: #000000;\">S\u00edntesis del contenido:<\/span><\/strong><\/p>\n<p style=\"text-align: justify;\"><span style=\"color: #000000;\">Esta memoria fue presentada con la finalidad de justificar las operaciones crediticias efectuadas durante la presidencia interina de Antonio L\u00f3pez de Santa-Anna. El ministro expone la deplorable situaci\u00f3n en que se encontraban las finanzas p\u00fablicas y la imperiosa necesidad de recursos que enfrent\u00f3 para solventar no s\u00f3lo el sostenimiento de la administraci\u00f3n p\u00fablica y de las fuerzas militares, sino tambi\u00e9n para cubrir las exhibiciones que deb\u00edan hacerse a Francia en los plazos ya establecidos por concepto de la deuda contra\u00eda con esta naci\u00f3n. Francisco Lombardo analiza las alternativas que ten\u00eda para obtener fondos y muestra, a su juicio, porqu\u00e9, a excepci\u00f3n del cr\u00e9dito p\u00fablico, las dem\u00e1s opciones no eran viables. Si bien agradece el apoyo de prestamistas del pa\u00eds que le facilitaron fondos para resolver los gastos m\u00e1s apremiantes, tambi\u00e9n explica por qu\u00e9 decidi\u00f3 contratar un fuerte empr\u00e9stito en el exterior y justifica las desventajosas condiciones en que lo negoci\u00f3. Los argumentos con los que el ministro ampara las operaciones crediticias hechas, a pesar de lo gravadas que estaban las rentas y de la prohibici\u00f3n que hab\u00eda para hacerlo, muestran su preparaci\u00f3n de jurisconsulto y su habilidad pol\u00edtica.<\/span><\/p>\n","protected":false},"excerpt":{"rendered":"<p>(19) Memoria de Hacienda, durante el tiempo en que Francisco Mar\u00eda Lombardo fue Secretario de Estado y del Despacho de la misma. M\u00e9xico, Impreso por Ignacio Cumplido, 1840, 141, [5] pp. Firmada por Francisco M. Lombardo (1\u00b0 de mayo de 1840), la cual no fue presentada ante el Congreso de la Uni\u00f3n. Per\u00edodo: 1839- abril<\/p>\n<p><a href=\"https:\/\/memoriasdehacienda.institutomora.edu.mx\/?page_id=583\" class=\"more-link themebutton\">Read More<\/a><\/p>\n","protected":false},"author":2,"featured_media":0,"parent":0,"menu_order":0,"comment_status":"closed","ping_status":"closed","template":"","meta":[],"_links":{"self":[{"href":"https:\/\/memoriasdehacienda.institutomora.edu.mx\/index.php?rest_route=\/wp\/v2\/pages\/583"}],"collection":[{"href":"https:\/\/memoriasdehacienda.institutomora.edu.mx\/index.php?rest_route=\/wp\/v2\/pages"}],"about":[{"href":"https:\/\/memoriasdehacienda.institutomora.edu.mx\/index.php?rest_route=\/wp\/v2\/types\/page"}],"author":[{"embeddable":true,"href":"https:\/\/memoriasdehacienda.institutomora.edu.mx\/index.php?rest_route=\/wp\/v2\/users\/2"}],"replies":[{"embeddable":true,"href":"https:\/\/memoriasdehacienda.institutomora.edu.mx\/index.php?rest_route=%2Fwp%2Fv2%2Fcomments&post=583"}],"version-history":[{"count":8,"href":"https:\/\/memoriasdehacienda.institutomora.edu.mx\/index.php?rest_route=\/wp\/v2\/pages\/583\/revisions"}],"predecessor-version":[{"id":8149,"href":"https:\/\/memoriasdehacienda.institutomora.edu.mx\/index.php?rest_route=\/wp\/v2\/pages\/583\/revisions\/8149"}],"wp:attachment":[{"href":"https:\/\/memoriasdehacienda.institutomora.edu.mx\/index.php?rest_route=%2Fwp%2Fv2%2Fmedia&parent=583"}],"curies":[{"name":"wp","href":"https:\/\/api.w.org\/{rel}","templated":true}]}}