{"id":585,"date":"2016-04-07T12:21:29","date_gmt":"2016-04-07T18:21:29","guid":{"rendered":"http:\/\/memoriasdehacienda.colmex.mx\/mhwp\/?page_id=585"},"modified":"2017-07-28T13:19:22","modified_gmt":"2017-07-28T19:19:22","slug":"memoria-20","status":"publish","type":"page","link":"https:\/\/memoriasdehacienda.institutomora.edu.mx\/?page_id=585","title":{"rendered":"Memoria 20 (mayo-julio de 1840)"},"content":{"rendered":"<div class=\"WordSection1\">\n<p><span style=\"font-size: 12pt; color: #ff6600;\"><strong>(20) Memoria de la Hacienda Nacional de la Rep\u00fablica Mexicana, presentada a las C\u00e1maras por el ministro del ramo en julio de 1840, [primera parte], M\u00e9xico, Imprenta del \u00c1guila, dirigida por Jos\u00e9 Ximeno, 1841, 37 pp., tablas.<\/strong><\/span><\/p>\n<p style=\"text-align: justify;\"><span style=\"color: #000000;\">Firmada por Javier Echeverr\u00eda (14 de julio de 1840).<\/span><\/p>\n<p style=\"text-align: justify;\"><span style=\"color: #000000;\">Per\u00edodo: mayo-julio de 1840 (1839).<\/span><\/p>\n<p style=\"text-align: justify;\"><span style=\"color: #000000;\">Se localiza: <span class=\"tooltips \" style=\"\" title=\"Biblioteca Nacional de M\u00e9xico-Colecci\u00f3n Lafragua, Fondo Reservado, UNAM.\">BNCL<\/span>,\u00a0<span class=\"tooltips \" style=\"\" title=\"Biblioteca Nacional de M\u00e9xico-Colecci\u00f3n de Libros Raros y Curiosos, Fondo Reservado, UNAM.\">BNLR<\/span>, <span class=\"tooltips \" style=\"\" title=\"Biblioteca de la Sociedad Mexicana de Geograf\u00eda y Estad\u00edstica.\">BSMGE<\/span>, <span class=\"tooltips \" style=\"\" title=\"Biblioteca del Centro de Estudios de Historia de M\u00e9xico, CONDUMEX.\">Bcondumex<\/span>, <span class=\"tooltips \" style=\"\" title=\"Biblioteca del Archivo General de la Naci\u00f3n, M\u00e9xico.\">BAGN<\/span>.\u00a0\u00a0 <\/span><\/p>\n<p style=\"text-align: justify;\"><strong><span style=\"color: #000000;\">No tiene anexos<\/span><\/strong><\/p>\n<p style=\"text-align: justify;\"><strong><span style=\"color: #000000;\">S\u00edntesis del contenido:<\/span><\/strong><\/p>\n<p style=\"text-align: justify;\"><span style=\"color: #000000;\">La primer parte del informe la dedica Echeverr\u00eda a analizar las aduanas y los impuestos del comercio exterior, destacando la importancia de la reorganizaci\u00f3n (13 de mayo de 1840) de las aduanas mar\u00edtimas y terrestres. Se\u00f1ala la necesidad de un mejor arancel y de un estudio para el establecimiento de aduanas m\u00e1s seguras en los territorios fronterizos. Con cierta satisfacci\u00f3n comunica un aumento en los impuestos aduanales interiores de los derechos de consumos pesos debido al efecto causado por el fin del bloqueo comercial de Francia, lo que ha facilitado una amplia circulaci\u00f3n de mercanc\u00edas extranjeras y nacionales. Tambi\u00e9n observa de forma positiva el aumento en la renta del correo y del ramo de las salinas; afirma que los recursos extraordinarios alcanzaron a 11,591,345 pesos.<\/span><\/p>\n<\/div>\n<p style=\"text-align: justify;\"><span style=\"color: #000000;\">Al referirse a la deuda nacional Echeverr\u00eda propone su capitalizaci\u00f3n, lo cual se lograr\u00eda mediante la conciliaci\u00f3n de los intereses de los tenedores de bonos ingleses con los del erario nacional, y a partir de esta base pagar los dividendos vencidos desde el 1\u00b0 de octubre de 1837 a julio de 1840.<\/span><\/p>\n<p style=\"text-align: justify;\"><span style=\"color: #000000;\">Con respecto al presupuesto deja entrever que el d\u00e9ficit se debe, sobre todo, a los gastos de Guerra y Marina. Tambi\u00e9n hace notar que el aumento en los ingresos no es precisamente a causa de los productos efectivos recaudados por las rentas del erario, sino a partidas extraordinarias. Enfatiza que la riqueza del pa\u00eds se debe medir a partir de los ingresos obtenidos a trav\u00e9s de sus aduanas mar\u00edtimas y que con ellas se debe pagar la deuda nacional.<\/span><\/p>\n<p style=\"text-align: justify;\"><span style=\"color: #000000;\">Otro problema que destaca es el de la contabilidad: se queja del su mal estado a nivel nacional y particular, y de la mala organizaci\u00f3n de las oficinas que no permite obtener datos completos y r\u00e1pidos. Propone eliminar procedimientos oscuros y complicados arrastrados desde la colonia; limitar el n\u00famero de oficinas y empleados; ofrecer datos precisos\u00a0y desglosados de los rendimientos de los impuestos. Se\u00f1ala la necesidad de una organizaci\u00f3n eficaz y sencilla de la Tesorer\u00eda General para conocer con exactitud el monto de los ingresos y egresos.<\/span><\/p>\n<p style=\"text-align: justify;\"><span style=\"color: #000000;\">Considera el sistema de alcabalas como fundamental dentro del r\u00e9gimen tributario del pa\u00eds, pero indica que existe confusi\u00f3n sobre su cobro, lo cual se debe a la falta de uniformidad general de los impuestos para todos los Departamentos del pa\u00eds. Sugiere la ratificaci\u00f3n de un plan de contribuciones directas y el establecimiento de mayor uniformidad en las contribuciones indirectas. Asimismo indica que deben sustituirse gradualmente las contribuciones indirectas con las directas.<\/span><\/p>\n<p style=\"text-align: justify;\"><span style=\"color: #000000;\">Con respecto a la acu\u00f1aci\u00f3n de moneda afirma que el gobierno no insistir en realizar utilidades sino limitarse a vigilar que la moneda salga uniforme y exacta de acuerdo a la ley, peso y tipo; insiste asimismo que deben limitarse los costos para que el minero no sufriese mayor gravamen.<\/span><\/p>\n<p style=\"text-align: justify;\"><span style=\"color: #000000;\">Exhorta a la fijaci\u00f3n espec\u00edfica de las atribuciones propias del Banco Nacional de Amortizaci\u00f3n del Cobre. Se\u00f1ala la falta de organizaci\u00f3n del ramo del Cr\u00e9dito Interno que no permite analizar en detalle los montos de la deuda y determinar como se pueden obtener mejores condiciones tanto para el Estado como para sus acreedores.<\/span><\/p>\n<p style=\"text-align: justify;\"><span style=\"color: #000000;\">Por \u00faltimo, argumenta que para evitar la &#8220;empleoman\u00eda&#8221; que produce excesivos egresos al erario es necesario capitalizar los empleos, fijar los sueldos en proporci\u00f3n al trabajo y responsabilidades, limitar los empleos a los puramente precisos para el servicio p\u00fablico, y hacer efectiva la responsabilidad de los empleados en los delitos que cometen mediante una administraci\u00f3n de justicia recta e imparcial.<\/span><\/p>\n","protected":false},"excerpt":{"rendered":"<p>(20) Memoria de la Hacienda Nacional de la Rep\u00fablica Mexicana, presentada a las C\u00e1maras por el ministro del ramo en julio de 1840, [primera parte], M\u00e9xico, Imprenta del \u00c1guila, dirigida por Jos\u00e9 Ximeno, 1841, 37 pp., tablas. Firmada por Javier Echeverr\u00eda (14 de julio de 1840). Per\u00edodo: mayo-julio de 1840 (1839). Se localiza: ,\u00a0, ,<\/p>\n<p><a href=\"https:\/\/memoriasdehacienda.institutomora.edu.mx\/?page_id=585\" class=\"more-link themebutton\">Read More<\/a><\/p>\n","protected":false},"author":2,"featured_media":0,"parent":0,"menu_order":0,"comment_status":"closed","ping_status":"closed","template":"","meta":[],"_links":{"self":[{"href":"https:\/\/memoriasdehacienda.institutomora.edu.mx\/index.php?rest_route=\/wp\/v2\/pages\/585"}],"collection":[{"href":"https:\/\/memoriasdehacienda.institutomora.edu.mx\/index.php?rest_route=\/wp\/v2\/pages"}],"about":[{"href":"https:\/\/memoriasdehacienda.institutomora.edu.mx\/index.php?rest_route=\/wp\/v2\/types\/page"}],"author":[{"embeddable":true,"href":"https:\/\/memoriasdehacienda.institutomora.edu.mx\/index.php?rest_route=\/wp\/v2\/users\/2"}],"replies":[{"embeddable":true,"href":"https:\/\/memoriasdehacienda.institutomora.edu.mx\/index.php?rest_route=%2Fwp%2Fv2%2Fcomments&post=585"}],"version-history":[{"count":6,"href":"https:\/\/memoriasdehacienda.institutomora.edu.mx\/index.php?rest_route=\/wp\/v2\/pages\/585\/revisions"}],"predecessor-version":[{"id":8151,"href":"https:\/\/memoriasdehacienda.institutomora.edu.mx\/index.php?rest_route=\/wp\/v2\/pages\/585\/revisions\/8151"}],"wp:attachment":[{"href":"https:\/\/memoriasdehacienda.institutomora.edu.mx\/index.php?rest_route=%2Fwp%2Fv2%2Fmedia&parent=585"}],"curies":[{"name":"wp","href":"https:\/\/api.w.org\/{rel}","templated":true}]}}