{"id":587,"date":"2016-04-07T12:22:35","date_gmt":"2016-04-07T18:22:35","guid":{"rendered":"http:\/\/memoriasdehacienda.colmex.mx\/mhwp\/?page_id=587"},"modified":"2017-07-28T13:26:26","modified_gmt":"2017-07-28T19:26:26","slug":"memoria-21","status":"publish","type":"page","link":"https:\/\/memoriasdehacienda.institutomora.edu.mx\/?page_id=587","title":{"rendered":"Memoria 21 ( 1840-1841)"},"content":{"rendered":"<p style=\"text-align: justify;\"><span style=\"font-size: 11pt; color: #ff6600;\"><strong>(21) Memoria de la Hacienda Nacional de la Rep\u00fablica Mexicana presentada a las C\u00e1maras por el ministro del ramo en julio de 1841. Primera parte. M\u00e9xico, Imprenta de J.M. Lara, 1841, 17 [10] pp., cuadros, tablas.<\/strong><\/span><\/p>\n<p><span style=\"color: #000000;\">Firmada por Canseco (28 de julio de 1841).<\/span><\/p>\n<p><span style=\"color: #000000;\">Per\u00edodo: 1840-1841 (1840).<\/span><\/p>\n<p><span style=\"color: #000000;\">Se localiza:\u00a0<span class=\"tooltips \" style=\"\" title=\"Biblioteca Nacional de M\u00e9xico-Colecci\u00f3n Lafragua, Fondo Reservado, UNAM.\">BNCL<\/span>,\u00a0<span class=\"tooltips \" style=\"\" title=\"Biblioteca Nacional de M\u00e9xico-Colecci\u00f3n de Libros Raros y Curiosos, Fondo Reservado, UNAM.\">BNLR<\/span>, <span class=\"tooltips \" style=\"\" title=\"Biblioteca de la Sociedad Mexicana de Geograf\u00eda y Estad\u00edstica.\">BSMGE<\/span>, <span class=\"tooltips \" style=\"\" title=\"Biblioteca &quot;Miguel Lerdo de Tejada&quot;, Secretar\u00eda de Hacienda y Cr\u00e9dito P\u00fablico.\">BH<\/span>, <span class=\"tooltips \" style=\"\" title=\"Biblioteca del Centro de Estudios de Historia de M\u00e9xico, CONDUMEX.\">Bcondumex<\/span>, <span class=\"tooltips \" style=\"\" title=\"Biblioteca del Archivo General de la Naci\u00f3n, M\u00e9xico.\">BAGN<\/span>.\u00a0<\/span><\/p>\n<p><strong><span style=\"color: #000000;\">Tiene anexos, cuadros y tablas.<\/span><\/strong><\/p>\n<p><strong><span style=\"color: #000000;\">S\u00edntesis del contenido:<\/span><\/strong><\/p>\n<p style=\"text-align: justify;\"><span style=\"color: #000000;\">El ministro indica los objetivos que deben de cubrirse en toda memoria que consisten en mostrar las causas del progreso o decadencia de cada ramo del erario, indicar las reformas susceptibles de efectuarse, y proponer el establecimiento, extinci\u00f3n o baja de impuestos a fin de nivelar los productos con los gastos.<\/span><\/p>\n<p style=\"text-align: justify;\"><span style=\"color: #000000;\">Canseco hace \u00e9nfasis en la reducci\u00f3n de ingresos por la hipoteca de la tercera parte de los derechos de importaci\u00f3n de las aduanas mar\u00edtimas de Veracruz y Tamaulipas y porque no se cuenta con los productos del derecho de circulaci\u00f3n de plata. Por otra parte, afirma que los preparativos para la guerra en contra de Texas y la pacificaci\u00f3n interna del pa\u00eds han desviado recursos. Agrega que el pr\u00e9stamo de un mill\u00f3n de pesos, aprobado por la C\u00e1mara de Diputados, es insuficiente para cubrir los gastos.<\/span><\/p>\n<p style=\"text-align: justify;\"><span style=\"color: #000000;\">Hace notar que no se tienen datos exactos para elaborar la cuenta de valores y su distribuci\u00f3n. Estima un d\u00e9ficit de 2,676,472 pesos que podr\u00eda incrementarse por los gastos de las negociaciones con los Estados Unidos, por el pago de dividendos de la deuda extranjera que dejan de capitalizarse, y por los gastos ocasionados en la guerra de Texas. Reconoce la necesidad de seguir solicitando pr\u00e9stamos.<\/span><\/p>\n<p style=\"text-align: justify;\"><span style=\"color: #000000;\">Se excusa por no haber elaborado un plan hacendario eficaz por no tener la calma necesaria para ello. Al comparar el sistema hacendario establecido durante la colonial y el actual propone que las rentas nacionales deber\u00edan basarse en rentas interiores y destinar los ingresos aduanales al pago de la deuda interna y externa. Por lo pronto sugiere conservar y reformar los actuales ramos productivos y establecer otros en caso de necesidad.<\/span><\/p>\n<p style=\"text-align: justify;\"><span style=\"color: #000000;\">Propone una reforma administrativa en el sistema hacendario, incluyendo una selecci\u00f3n adecuada del personal administrativo, una simplificaci\u00f3n de tr\u00e1mites y labores administrativas, un efectivo sistema judicial hacendario y una organizaci\u00f3n eficaz de la Contadur\u00eda mayor. Argumenta que no se debe abolir ning\u00fan impuesto establecido para que los contribuyentes no pierdan el h\u00e1bito de cooperar y as\u00ed facilitar la creaci\u00f3n de otros; si el impuesto es muy gravoso es necesario suavizarlo; si es necesario extinguir un impuesto debe sustituirlo otro recurso ya probado. Asimismo propone el establecimiento de un sistema completo de aduanas mar\u00edtimas; reformar el reglamento de comisos que no sea ni tan laxa para evitar el fraude ni tan estricta que sofoque al comercio; vigilar los reglamentos sobre las rentas de la loter\u00eda, papel sellado; y hacer efectiva recolecci\u00f3n de tornagu\u00edas para evitar el contrabando.<\/span><\/p>\n<p style=\"text-align: justify;\"><span style=\"color: #000000;\">Para arreglar el cr\u00e9dito interior se\u00f1ala que es necesario conocer el monto de la deuda, que clases y origen, para lo cual es necesario averiguar el monto exacto de la deuda existente en las \u00e9pocas colonial e independiente para evitar la duplicaci\u00f3n de pagos y calendarizar los arbitrios utilizados para amortizar los cr\u00e9ditos.[read more=&#8221;Ver anexos estad\u00edsticos&#8221; less=&#8221;ver menos&#8221;]<\/span><\/p>\n<p><span style=\"color: #0000ff;\"><strong>Anexos<\/strong><\/span><\/p>\n<p>Cuenta del erario federal, Estado anal\u00edtico de ingresos y egresos, que comprende tres partes, por cada ramo, 1839-1840, Doc. 1 (21)<\/p>\n<p>Presupuesto, Gastos comunes calculados para 1840-1841, Doc. 2 (21)<\/p>\n<p>Presupuesto, Comparaci\u00f3n de los ramos productivos (ingresos y egresos) de 1839 y de 1840, Doc. 3 (21)<\/p>\n<p>[\/read]<\/p>\n<div><\/div>\n","protected":false},"excerpt":{"rendered":"<p>(21) Memoria de la Hacienda Nacional de la Rep\u00fablica Mexicana presentada a las C\u00e1maras por el ministro del ramo en julio de 1841. Primera parte. M\u00e9xico, Imprenta de J.M. Lara, 1841, 17 [10] pp., cuadros, tablas. Firmada por Canseco (28 de julio de 1841). Per\u00edodo: 1840-1841 (1840). Se localiza:\u00a0,\u00a0, , , , .\u00a0 Tiene anexos,<\/p>\n<p><a href=\"https:\/\/memoriasdehacienda.institutomora.edu.mx\/?page_id=587\" class=\"more-link themebutton\">Read More<\/a><\/p>\n","protected":false},"author":2,"featured_media":0,"parent":0,"menu_order":0,"comment_status":"closed","ping_status":"closed","template":"","meta":[],"_links":{"self":[{"href":"https:\/\/memoriasdehacienda.institutomora.edu.mx\/index.php?rest_route=\/wp\/v2\/pages\/587"}],"collection":[{"href":"https:\/\/memoriasdehacienda.institutomora.edu.mx\/index.php?rest_route=\/wp\/v2\/pages"}],"about":[{"href":"https:\/\/memoriasdehacienda.institutomora.edu.mx\/index.php?rest_route=\/wp\/v2\/types\/page"}],"author":[{"embeddable":true,"href":"https:\/\/memoriasdehacienda.institutomora.edu.mx\/index.php?rest_route=\/wp\/v2\/users\/2"}],"replies":[{"embeddable":true,"href":"https:\/\/memoriasdehacienda.institutomora.edu.mx\/index.php?rest_route=%2Fwp%2Fv2%2Fcomments&post=587"}],"version-history":[{"count":11,"href":"https:\/\/memoriasdehacienda.institutomora.edu.mx\/index.php?rest_route=\/wp\/v2\/pages\/587\/revisions"}],"predecessor-version":[{"id":8156,"href":"https:\/\/memoriasdehacienda.institutomora.edu.mx\/index.php?rest_route=\/wp\/v2\/pages\/587\/revisions\/8156"}],"wp:attachment":[{"href":"https:\/\/memoriasdehacienda.institutomora.edu.mx\/index.php?rest_route=%2Fwp%2Fv2%2Fmedia&parent=587"}],"curies":[{"name":"wp","href":"https:\/\/api.w.org\/{rel}","templated":true}]}}