{"id":589,"date":"2016-04-07T12:22:56","date_gmt":"2016-04-07T18:22:56","guid":{"rendered":"http:\/\/memoriasdehacienda.colmex.mx\/mhwp\/?page_id=589"},"modified":"2017-07-28T13:30:40","modified_gmt":"2017-07-28T19:30:40","slug":"memoria-22","status":"publish","type":"page","link":"https:\/\/memoriasdehacienda.institutomora.edu.mx\/?page_id=589","title":{"rendered":"Memoria 22  (1841-1843)"},"content":{"rendered":"<p style=\"text-align: justify;\"><span style=\"color: #ff6600;\"><strong><span style=\"font-size: 11pt;\">(22) Memoria de Hacienda que presenta el Secretario de Estado y de Hacienda, en cumplimiento del decreto de 3 de octubre de 1843, present\u00f3 a las c\u00e1maras del Congreso general, y ley\u00f3 en la de diputados en los d\u00edas 3 y 6 de febrero y en la de senadores en 12 y 13 de febrero, M\u00e9xico, Imprenta de J.M. Lara, 1844, 52 pp., tablas.<\/span><\/strong><\/span><\/p>\n<p style=\"text-align: justify;\"><span style=\"color: #000000;\">Firmada por Ignacio Trigueros ([31] de enero de 1844).<\/span><\/p>\n<p style=\"text-align: justify;\"><span style=\"color: #000000;\">Per\u00edodo que cubre: 1841-1843.<\/span><\/p>\n<p style=\"text-align: justify;\"><span style=\"color: #000000;\">Se localiza: <span class=\"tooltips \" style=\"\" title=\"Biblioteca Nacional de M\u00e9xico-Colecci\u00f3n Lafragua, Fondo Reservado, UNAM.\">BNCL<\/span>,\u00a0<span class=\"tooltips \" style=\"\" title=\"Biblioteca Nacional de M\u00e9xico-Colecci\u00f3n de Libros Raros y Curiosos, Fondo Reservado, UNAM.\">BNLR<\/span>, <span class=\"tooltips \" style=\"\" title=\"Biblioteca de la Sociedad Mexicana de Geograf\u00eda y Estad\u00edstica.\">BSMGE<\/span>, <span class=\"tooltips \" style=\"\" title=\"Biblioteca del Instituto de Investigaciones Hist\u00f3ricas, UNAM.\">BIIH<\/span>, <span class=\"tooltips \" style=\"\" title=\"Biblioteca del Archivo General de la Naci\u00f3n, M\u00e9xico.\">BAGN<\/span>.\u00a0<\/span><\/p>\n<p style=\"text-align: justify;\"><strong><span style=\"color: #000000;\">Sin anexos, contiene un cuadro de acu\u00f1aci\u00f3n (1840-1843)<\/span><\/strong><\/p>\n<p style=\"text-align: justify;\"><strong><span style=\"color: #000000;\">S\u00edntesis del contenido:<\/span><\/strong><\/p>\n<p style=\"text-align: justify;\"><span style=\"color: #000000;\">En esta memoria, bastante desordenada, el ministro va de un tema a otro a trav\u00e9s de su exposici\u00f3n sin un verdadero orden. Destaca el impacto de la ley del 26 de noviembre de 1839 que a su parecer afect\u00f3 mucho al comercio con un impuesto del 15% de derecho de consumo y adem\u00e1s cr\u00edtica al deseo de reducir el pago de sueldos a empleados bajo la idea de economizar. Revisa la legislaci\u00f3n sobre producci\u00f3n e importaci\u00f3n de algod\u00f3n desde octubre de 1841. Argumenta que para sostener a las fuerzas militares en la capital se solicit\u00f3 un pr\u00e9stamo de 50 mil pesos a los hacendados pero s\u00f3lo se pudo juntar 30 mil. Analiza la suspensi\u00f3n de pagos de los fondos establecidos al efecto en las aduanas mar\u00edtimas. Se\u00f1ala que se procur\u00f3 hacer una reforma al sistema de comisos, y menciona la apertura del puerto de San Juan Bautista, Tabasco al comercio extranjero, al de escala y al de cabotaje.<\/span><\/p>\n<p style=\"text-align: justify;\"><span style=\"color: #000000;\">Comunica que la renta del tabaco paso a ser administrada por el gobierno desde el 1\u00b0 de enero de 1842. A los empresarios que anteriormente lo arrendaban se les indemniz\u00f3 con bonos del 15% de las aduanas mar\u00edtimas, con los productos de las minas del Fresnillo, con 35 mil pesos mensuales de la venta del tabaco de Zacatecas y Guadalajara, y con los derechos de exportaci\u00f3n en platas pastas extra\u00eddas por los puertos de Mazatl\u00e1n y Guaymas. Asimismo menciona la creaci\u00f3n del &#8220;Banco de la Venta del Tabaco.&#8221;<\/span><\/p>\n<p style=\"text-align: justify;\"><span style=\"color: #000000;\">Afirma que la inestabilidad fiscal del pa\u00eds se debe al cambio del sistema hacendario colonial a los imprevistos planes hacendarios postindependientes, lo que rompi\u00f3 el h\u00e1bito de los contribuyentes sin lograrse reformas eficaces en la contabilidad y la recaudaci\u00f3n. Critica a los economistas de su \u00e9poca que planearon, r\u00e1pidamente y sin detenimiento, establecer en M\u00e9xico los principios de econom\u00eda pol\u00edtica que en Europa dieron resultado.<\/span><\/p>\n<p style=\"text-align: justify;\"><span style=\"color: #000000;\">Proporciona datos de las rentas p\u00fablicas en 1712, 1799, 1820 1822, 1823 y critica las leyes de 1836. Concluye observando que lo que presenta es una memoria distinta de la que, conforme a la legislaci\u00f3n, tiene que presentar un Ministro en el mes de julio. Por ello va exponiendo los aspectos hist\u00f3ricos que moldearon la actitud hacendaria, fiscal de la Administraci\u00f3n Provisional; por lo que, seg\u00fan su autor su informe pr\u00e1cticamente constituye una &#8220;exposici\u00f3n pol\u00edtica&#8221;.<\/span><\/p>\n","protected":false},"excerpt":{"rendered":"<p>(22) Memoria de Hacienda que presenta el Secretario de Estado y de Hacienda, en cumplimiento del decreto de 3 de octubre de 1843, present\u00f3 a las c\u00e1maras del Congreso general, y ley\u00f3 en la de diputados en los d\u00edas 3 y 6 de febrero y en la de senadores en 12 y 13 de febrero,<\/p>\n<p><a href=\"https:\/\/memoriasdehacienda.institutomora.edu.mx\/?page_id=589\" class=\"more-link themebutton\">Read More<\/a><\/p>\n","protected":false},"author":2,"featured_media":0,"parent":0,"menu_order":0,"comment_status":"closed","ping_status":"closed","template":"","meta":[],"_links":{"self":[{"href":"https:\/\/memoriasdehacienda.institutomora.edu.mx\/index.php?rest_route=\/wp\/v2\/pages\/589"}],"collection":[{"href":"https:\/\/memoriasdehacienda.institutomora.edu.mx\/index.php?rest_route=\/wp\/v2\/pages"}],"about":[{"href":"https:\/\/memoriasdehacienda.institutomora.edu.mx\/index.php?rest_route=\/wp\/v2\/types\/page"}],"author":[{"embeddable":true,"href":"https:\/\/memoriasdehacienda.institutomora.edu.mx\/index.php?rest_route=\/wp\/v2\/users\/2"}],"replies":[{"embeddable":true,"href":"https:\/\/memoriasdehacienda.institutomora.edu.mx\/index.php?rest_route=%2Fwp%2Fv2%2Fcomments&post=589"}],"version-history":[{"count":7,"href":"https:\/\/memoriasdehacienda.institutomora.edu.mx\/index.php?rest_route=\/wp\/v2\/pages\/589\/revisions"}],"predecessor-version":[{"id":8158,"href":"https:\/\/memoriasdehacienda.institutomora.edu.mx\/index.php?rest_route=\/wp\/v2\/pages\/589\/revisions\/8158"}],"wp:attachment":[{"href":"https:\/\/memoriasdehacienda.institutomora.edu.mx\/index.php?rest_route=%2Fwp%2Fv2%2Fmedia&parent=589"}],"curies":[{"name":"wp","href":"https:\/\/api.w.org\/{rel}","templated":true}]}}