{"id":591,"date":"2016-04-07T12:23:17","date_gmt":"2016-04-07T18:23:17","guid":{"rendered":"http:\/\/memoriasdehacienda.colmex.mx\/mhwp\/?page_id=591"},"modified":"2023-03-16T13:21:38","modified_gmt":"2023-03-16T19:21:38","slug":"memoria-23","status":"publish","type":"page","link":"https:\/\/memoriasdehacienda.institutomora.edu.mx\/?page_id=591","title":{"rendered":"Memoria 23 (1843-1844)"},"content":{"rendered":"<p style=\"text-align: justify;\"><span style=\"font-size: 11pt; color: #ff6600;\"><strong>(23) Memoria de la Hacienda Nacional de la Rep\u00fablica Mexicana, presentada a las C\u00e1maras por el Ministro del ramo, en julio de 1844. Primera Parte. M\u00e9xico, Imprenta de J.M. Lara, [1844], 35 pp., cuadros, tablas.<\/strong><\/span><\/p>\n<p style=\"text-align: justify;\"><span style=\"color: #000000;\">Firmada por Ignacio Trigueros (8 de julio de 1844).<\/span><\/p>\n<p style=\"text-align: justify;\"><span style=\"color: #000000;\">Per\u00edodo: Per\u00edodo: 1843-1844 (1841-1842-1843).<\/span><\/p>\n<p style=\"text-align: justify;\"><span style=\"color: #000000;\">Se localiza:&nbsp;<span class=\"tooltips \" style=\"\" title=\"Biblioteca Nacional de M\u00e9xico-Colecci\u00f3n de Libros Raros y Curiosos, Fondo Reservado, UNAM.\">BNLR<\/span>, <span class=\"tooltips \" style=\"\" title=\"Biblioteca de la Sociedad Mexicana de Geograf\u00eda y Estad\u00edstica.\">BSMGE<\/span>, <span class=\"tooltips \" style=\"\" title=\"Biblioteca &quot;Miguel Lerdo de Tejada&quot;, Secretar\u00eda de Hacienda y Cr\u00e9dito P\u00fablico.\">BH<\/span>, <span class=\"tooltips \" style=\"\" title=\"Biblioteca del Centro de Estudios de Historia de M\u00e9xico, CONDUMEX.\">Bcondumex<\/span>,&nbsp;<span class=\"tooltips \" style=\"\" title=\"Biblioteca del Instituto de Investigaciones Hist\u00f3ricas, UNAM.\">BIIH<\/span>,&nbsp;<span class=\"tooltips \" style=\"\" title=\"Biblioteca del Instituto de Investigaciones &quot;Dr. Jos\u00e9 Mar\u00eda Luis Mora&quot; (material en micropel\u00edcula).\">BIM-Mfilm<\/span>.<\/span><\/p>\n<p style=\"text-align: justify;\"><span style=\"color: #000000;\">&nbsp;<\/span><strong><span style=\"color: #000000;\">Tiene anexos, cuadros y tablas.<\/span><\/strong><\/p>\n<p style=\"text-align: justify;\"><strong><span style=\"color: #000000;\">S\u00edntesis del contenido:<\/span><\/strong><\/p>\n<p style=\"text-align: justify;\"><span style=\"color: #000000;\">Explica la necesidad que tiene el pa\u00eds de aduanas mar\u00edtimas y aranceles al comercio exterior, y enfatiza que dichos ingresos se han incrementado en los tres \u00faltimos a\u00f1os (1841-1843). Destaca la necesidad de mejorar la recaudaci\u00f3n de las alcabalas con un sistema eficaz y no gravoso para evitar el contrabando.<\/span><\/p>\n<p style=\"text-align: justify;\"><span style=\"color: #000000;\">Entre la informaci\u00f3n que proporciona se encuentran las consignaciones al clero debido a la incorporaci\u00f3n del Fondo Piadoso de las Californias; la baja en los ingresos de las rentas por orden de 1,266,627 pesos debido a la independencia de la casa de Moneda de Zacatecas del Gobierno Federal, la enajenaci\u00f3n de las salinas, la alteraci\u00f3n de la renta de la Loter\u00eda y la baja del premio de cambio que tuvieron los bienes nacionales. Por otra parte, se\u00f1ala el aumento del ramo de dep\u00f3sitos a 7.432,171 pesos.<\/span><\/p>\n<p style=\"text-align: justify;\"><span style=\"color: #000000;\">En cuanto a la deuda nacional menciona los arreglos crediticios entre el gobierno nacional, los comisionados Lizardi y C\u00eda. y el Comit\u00e9 de Tenedores de Bonos en Inglaterra. Tambi\u00e9n rese\u00f1a la conversi\u00f3n de la deuda.<\/span><\/p>\n<p style=\"text-align: justify;\"><span style=\"color: #000000;\">Proporciona datos de los derechos de ensaye, quintas y utilidades de la Casa de Moneda de M\u00e9xico en los a\u00f1os de 1777, 1778, 1818 y 1821, as\u00ed como las utilidades de las casas de Moneda y de la del Apartado desde 1821 hasta 1843. Analiza una obra, sin mencionar el autor, titulada De la producci\u00f3n de los metales preciosos en M\u00e9xico, impresa en Par\u00eds a fines de 1843, la cual describe la extracci\u00f3n fraudulenta de barras de plata por la costa mexicana del Pac\u00edfico.<\/span><\/p>\n<p style=\"text-align: justify;\"><span style=\"color: #000000;\">Se queja del breve plazo de 6 meses para la elaboraci\u00f3n de las memorias, pues deber\u00eda de ser de un a\u00f1o por lo complicado e ineficaz el sistema de contabilidad. Insiste, en fin, en que es necesario un sistema de vigilancia sobre las aduanas fronterizas, sobre empresas particulares que componen los caminos y sobre los especuladores en deudas y contratos p\u00fablicos.<\/span>[read more=&#8221;Ver anexos estad\u00edsticos&#8221; less=&#8221;ver menos&#8221;]<\/p>\n<p><strong><span style=\"color: #0000ff;\">Cuadros incluidos en la parte expositiva<\/span><\/strong><br \/>\nCuenta del erario federal, Estado anal\u00edtico de las cuentas de valores, 1841-1843, Doc.&nbsp; <span style=\"color: #0000ff;\"><a style=\"color: #0000ff;\" href=\"https:\/\/memoriasdehacienda.institutomora.edu.mx\/wp-content\/uploads\/001CUENTAERARIOFED-EDOANALITICO1841-44.xls\">1<\/a>&nbsp;<\/span> (Primera parte) (23)<\/p>\n<p>Cuenta del erario federal, Estado comparativo de los productos de los ramos de la Hacienda P\u00fablica de 1811 a 1840, Doc.<span style=\"color: #0000ff;\">&nbsp;<\/span><span style=\"color: #0000ff;\"><a style=\"color: #0000ff;\" href=\"https:\/\/memoriasdehacienda.institutomora.edu.mx\/wp-content\/uploads\/002CUENTAERARIOFEDE-EDOCOMP1841-1842.xls\">2<\/a><\/span> (Primera parte) (23)<\/p>\n<p>Cuenta del erario federal, Estado comparativo de los productos de los ramos de la Hacienda Nacional, 1842 y 1843, Doc. <span style=\"color: #0000ff;\"><a style=\"color: #0000ff;\" href=\"https:\/\/memoriasdehacienda.institutomora.edu.mx\/wp-content\/uploads\/003CUENTAERARIOFED-EDOCOMP1842-1843.xls\">3<\/a><\/span> (Primera parte) (23)<\/p>\n<p>Tabaco, Estado comparativo del valor entero de ingresos, gastos y l\u00edquido sobrante de la renta de, 1842 y 1843, Doc.<span style=\"color: #0000ff;\"><a style=\"color: #0000ff;\" href=\"https:\/\/memoriasdehacienda.institutomora.edu.mx\/wp-content\/uploads\/004TABACO-EDOCOMPARATIVO1842-1843.xls\"> 4<\/a><\/span> (Primera parte) (23)<\/p>\n<p>Papel Sellado, Estado comparativo de la renta de, 1842-1843, Doc.<span style=\"color: #0000ff;\"> <a style=\"color: #0000ff;\" href=\"https:\/\/memoriasdehacienda.institutomora.edu.mx\/wp-content\/uploads\/005PAPELSELLADO-EDOCOMPARATIVO1842-1843.xls\">5<\/a><\/span> (Primera parte) (23)<\/p>\n<p>[\/read]<\/p>\n<div><\/div>\n","protected":false},"excerpt":{"rendered":"<p>(23) Memoria de la Hacienda Nacional de la Rep\u00fablica Mexicana, presentada a las C\u00e1maras por el Ministro del ramo, en julio de 1844. Primera Parte. M\u00e9xico, Imprenta de J.M. Lara, [1844], 35 pp., cuadros, tablas. Firmada por Ignacio Trigueros (8 de julio de 1844). Per\u00edodo: Per\u00edodo: 1843-1844 (1841-1842-1843). Se localiza:&nbsp;, , , ,&nbsp;,&nbsp;. &nbsp;Tiene anexos,<\/p>\n<p><a href=\"https:\/\/memoriasdehacienda.institutomora.edu.mx\/?page_id=591\" class=\"more-link themebutton\">Read More<\/a><\/p>\n","protected":false},"author":2,"featured_media":0,"parent":0,"menu_order":0,"comment_status":"closed","ping_status":"closed","template":"","meta":[],"_links":{"self":[{"href":"https:\/\/memoriasdehacienda.institutomora.edu.mx\/index.php?rest_route=\/wp\/v2\/pages\/591"}],"collection":[{"href":"https:\/\/memoriasdehacienda.institutomora.edu.mx\/index.php?rest_route=\/wp\/v2\/pages"}],"about":[{"href":"https:\/\/memoriasdehacienda.institutomora.edu.mx\/index.php?rest_route=\/wp\/v2\/types\/page"}],"author":[{"embeddable":true,"href":"https:\/\/memoriasdehacienda.institutomora.edu.mx\/index.php?rest_route=\/wp\/v2\/users\/2"}],"replies":[{"embeddable":true,"href":"https:\/\/memoriasdehacienda.institutomora.edu.mx\/index.php?rest_route=%2Fwp%2Fv2%2Fcomments&post=591"}],"version-history":[{"count":12,"href":"https:\/\/memoriasdehacienda.institutomora.edu.mx\/index.php?rest_route=\/wp\/v2\/pages\/591\/revisions"}],"predecessor-version":[{"id":8656,"href":"https:\/\/memoriasdehacienda.institutomora.edu.mx\/index.php?rest_route=\/wp\/v2\/pages\/591\/revisions\/8656"}],"wp:attachment":[{"href":"https:\/\/memoriasdehacienda.institutomora.edu.mx\/index.php?rest_route=%2Fwp%2Fv2%2Fmedia&parent=591"}],"curies":[{"name":"wp","href":"https:\/\/api.w.org\/{rel}","templated":true}]}}