{"id":595,"date":"2016-04-07T12:24:30","date_gmt":"2016-04-07T18:24:30","guid":{"rendered":"http:\/\/memoriasdehacienda.colmex.mx\/mhwp\/?page_id=595"},"modified":"2023-03-16T13:23:11","modified_gmt":"2023-03-16T19:23:11","slug":"memoria-25","status":"publish","type":"page","link":"https:\/\/memoriasdehacienda.institutomora.edu.mx\/?page_id=595","title":{"rendered":"Memoria 25 (1847-1848)"},"content":{"rendered":"<p style=\"text-align: justify;\"><span style=\"font-size: 11pt; color: #ff6600;\"><strong>(25) Exposici\u00f3n que al Congreso General dirige el ministro de Hacienda sobre el estado de la Hacienda P\u00fablica de la Federaci\u00f3n en fin de julio de 1848. M\u00e9xico, Imprenta de Ignacio Cumplido, 1848, 18 pp. + 153 pp. de anexos.<\/strong><\/span><\/p>\n<p><span style=\"color: #000000;\">Firmada por M. Riva Palacio (16 de agosto de 1848).<\/span><\/p>\n<p><span style=\"color: #000000;\">Per\u00edodo: 1847-1848.<\/span><\/p>\n<p><span style=\"color: #000000;\">Se localiza:&nbsp;<span class=\"tooltips \" style=\"\" title=\"Biblioteca de la Sociedad Mexicana de Geograf\u00eda y Estad\u00edstica.\">BSMGE<\/span>,&nbsp;<span class=\"tooltips \" style=\"\" title=\"Biblioteca del Instituto de Investigaciones Hist\u00f3ricas, UNAM.\">BIIH<\/span>, <span class=\"tooltips \" style=\"\" title=\"Biblioteca del Instituto de Investigaciones &quot;Dr. Jos\u00e9 Mar\u00eda Luis Mora&quot; (material en micropel\u00edcula).\">BIM-Mfilm<\/span>. <\/span><\/p>\n<p><strong><span style=\"color: #000000;\">Tiene anexos.<\/span><\/strong><\/p>\n<p style=\"text-align: justify;\"><strong><span style=\"color: #000000;\">S\u00edntesis del contenido:<\/span><\/strong><\/p>\n<p style=\"text-align: justify;\"><span style=\"color: #000000;\">La memoria parte del an\u00e1lisis del decreto del 14 de junio de 1848 que da facultades al Gobierno en el aspecto econ\u00f3mico nacional. El ministro rese\u00f1a las acciones y actitudes que no debieron tomarse en relaci\u00f3n a los ingresos y egresos de Hacienda y que indujeron al uso excesivo del cr\u00e9dito, consider\u00e1ndolo como un mal necesario. De acuerdo con sus estimaciones la deuda extranjera asciende a 56,329,075 pesos y la deuda interior a 22,907,791 pesos hasta el 30 de junio de 1848. A 25 millones de pesos ascienden los sueldos vencidos de empleados, y a 39.606,695 pesos suman los antiguos cr\u00e9ditos que deber\u00edan estar ya totalmente amortizados.<\/span><\/p>\n<p style=\"text-align: justify;\"><span style=\"color: #000000;\">Considera que la precaria situaci\u00f3n hacendaria no es debida exclusivamente a la guerra con los Estados Unidos ni exclusivamente a un partido sino que es culpa de todos ya que las riendas del gobierno han estado en manos de los partidos, en diferentes per\u00edodos, mermando a la Hacienda p\u00fablica antes de la invasi\u00f3n norteamericana.<\/span><\/p>\n<p style=\"text-align: justify;\"><span style=\"color: #000000;\">De los 3 millones de pesos recibidos por cuenta de la indemnizaci\u00f3n de los Estados Unidos, el ministro desglosa la cantidad invertida autorizada por el decreto del 14 de junio de 1848, y afirma que se han gastado 1,751,333 pesos quedando un remanente de 1,248,666 pesos. Por otra parte justifica la asignaci\u00f3n de fondos al Distrito Federal procedentes de los tres millones de pesos que M\u00e9xico recibi\u00f3 como indemnizaci\u00f3n.<\/span><\/p>\n<p style=\"text-align: justify;\"><span style=\"color: #000000;\">Explica la baja en la renta del tabaco administrada, lo cual se debe a que el gobierno dispuso de las ganancias del ramo y de su propio capital: no se pag\u00f3 a cosecheros, la anarqu\u00eda social desalent\u00f3 el consumo, se malversaron los fondos, no se impidi\u00f3 el contrabando, y se perdieron las existencias en aquellas zonas a donde llegaron las tropas invasoras.<\/span><\/p>\n<p style=\"text-align: justify;\"><span style=\"color: #000000;\">En lo administrativo indica que se form\u00f3 una comisi\u00f3n de Hacienda para revisar y clasificar las deudas por sueldos atrasados, indemnizaciones, pensiones, gratificaciones, retiros, cesant\u00edas, jubilaciones, vi\u00e1ticos y dietas de legisladores, pero han sido pocas las personas que han presentado sus documentos con cargos hacia el Estado. El ministro observa el mal estado de los empleados p\u00fablicos a quienes no se les han pagado sueldo; se\u00f1ala que ellos desean que se les pague con parte de los tres millones de pesos mencionados.<\/span><\/p>\n<p style=\"text-align: justify;\"><span style=\"color: #000000;\">Respecto a la deuda se dice que es necesaria ordenar y clasificar la deuda interna para saber los pagos faltantes y las cantidades ya cubiertas para evitar abusos en perjuicio del erario. Propone, entre otras cosas, alentar el estanco del tabaco mediante contratos con particulares sin privatizarlo; se niega a cambiar o suprimir las contribuciones indirectas por otras nuevas; considera indispensable derogar la prohibici\u00f3n de importaci\u00f3n de algod\u00f3n, pues, adem\u00e1s de no cumplir con la ley, se necesita introducir algod\u00f3n para la industria nacional y no se puede vigilar la amplia frontera con los Estados Unidos en su totalidad. Tambi\u00e9n sugiere que para reducir los gastos e igualarlos con los ingresos de las rentas se destine la cantidad restante de la indemnizaci\u00f3n norteamericana. Para ello el Congreso deber\u00eda facultar extraordinariamente al gobierno para designar cantidades fijas a cada ramo y arreglar el cr\u00e9dito p\u00fablico.<\/span><\/p>\n<p style=\"text-align: justify;\"><span style=\"color: #000000;\">Incluye documentos que muestran la deuda del Real Erario de la Nueva Espa\u00f1a hasta 1814 as\u00ed como una serie de cuadros que ofrecen estimaciones de la deuda interna desde la independencia.<\/span>[read more=&#8221;Ver anexos estad\u00edsticos&#8221; less=&#8221;ver menos&#8221;]<\/p>\n<p><strong><span style=\"color: #0000ff;\">Anexos<\/span><\/strong><\/p>\n<p>Deuda p\u00fablica, C\u00e1lculo de la deuda p\u00fablica (externa e interna), acompa\u00f1ado de una raz\u00f3n de la deuda heredada de la Real Hacienda y tres razones m\u00e1s, pp. 19-25, Doc. <span style=\"color: #0000ff;\"><a style=\"color: #0000ff;\" href=\"https:\/\/memoriasdehacienda.institutomora.edu.mx\/wp-content\/uploads\/001DEUDAPUBLICACALCULO1848-1.xls\">1<\/a><\/span> (25)<\/p>\n<p>Cuenta del erario federal, Noticia del ingreso y egreso, elaborada por la Tesorer\u00eda General, junio-julio de 1848, pp. 44-47, Doc. <span style=\"color: #0000ff;\"><a style=\"color: #0000ff;\" href=\"https:\/\/memoriasdehacienda.institutomora.edu.mx\/wp-content\/uploads\/002CUENTAERARIOFEDERALNOTICIA1848-1.xls\">2<\/a> <\/span>(25)<\/p>\n<p>Presupuesto, C\u00e1lculo de los recursos con los que [contar\u00e1] el Supremo Gobierno, pp. 48-52, Doc.<span style=\"color: #0000ff;\"><a style=\"color: #0000ff;\" href=\"https:\/\/memoriasdehacienda.institutomora.edu.mx\/wp-content\/uploads\/003PRESUPUESTROCALCULO1848-1.xls\"> 3<\/a><\/span> (25)<\/p>\n<p>Presupuesto, Expresi\u00f3n (presupuesto detallado) de los gastos y erogaciones que tiene que hacer el gobierno, m\u00e1s un cuadro resumiendo y un ap\u00e9ndice, pp. 53-153, Doc. <span style=\"color: #0000ff;\"><a style=\"color: #0000ff;\" href=\"https:\/\/memoriasdehacienda.institutomora.edu.mx\/wp-content\/uploads\/004PRESUPUESTO1848-1.xls\">4<\/a><\/span> (25)<\/p>\n<p>[\/read]<\/p>\n<div><\/div>\n","protected":false},"excerpt":{"rendered":"<p>(25) Exposici\u00f3n que al Congreso General dirige el ministro de Hacienda sobre el estado de la Hacienda P\u00fablica de la Federaci\u00f3n en fin de julio de 1848. M\u00e9xico, Imprenta de Ignacio Cumplido, 1848, 18 pp. + 153 pp. de anexos. Firmada por M. Riva Palacio (16 de agosto de 1848). Per\u00edodo: 1847-1848. Se localiza:&nbsp;,&nbsp;, .<\/p>\n<p><a href=\"https:\/\/memoriasdehacienda.institutomora.edu.mx\/?page_id=595\" class=\"more-link themebutton\">Read More<\/a><\/p>\n","protected":false},"author":2,"featured_media":0,"parent":0,"menu_order":0,"comment_status":"closed","ping_status":"closed","template":"","meta":[],"_links":{"self":[{"href":"https:\/\/memoriasdehacienda.institutomora.edu.mx\/index.php?rest_route=\/wp\/v2\/pages\/595"}],"collection":[{"href":"https:\/\/memoriasdehacienda.institutomora.edu.mx\/index.php?rest_route=\/wp\/v2\/pages"}],"about":[{"href":"https:\/\/memoriasdehacienda.institutomora.edu.mx\/index.php?rest_route=\/wp\/v2\/types\/page"}],"author":[{"embeddable":true,"href":"https:\/\/memoriasdehacienda.institutomora.edu.mx\/index.php?rest_route=\/wp\/v2\/users\/2"}],"replies":[{"embeddable":true,"href":"https:\/\/memoriasdehacienda.institutomora.edu.mx\/index.php?rest_route=%2Fwp%2Fv2%2Fcomments&post=595"}],"version-history":[{"count":8,"href":"https:\/\/memoriasdehacienda.institutomora.edu.mx\/index.php?rest_route=\/wp\/v2\/pages\/595\/revisions"}],"predecessor-version":[{"id":8659,"href":"https:\/\/memoriasdehacienda.institutomora.edu.mx\/index.php?rest_route=\/wp\/v2\/pages\/595\/revisions\/8659"}],"wp:attachment":[{"href":"https:\/\/memoriasdehacienda.institutomora.edu.mx\/index.php?rest_route=%2Fwp%2Fv2%2Fmedia&parent=595"}],"curies":[{"name":"wp","href":"https:\/\/api.w.org\/{rel}","templated":true}]}}