{"id":599,"date":"2016-04-07T12:25:22","date_gmt":"2016-04-07T18:25:22","guid":{"rendered":"http:\/\/memoriasdehacienda.colmex.mx\/mhwp\/?page_id=599"},"modified":"2017-07-31T17:43:08","modified_gmt":"2017-07-31T23:43:08","slug":"memoria-27","status":"publish","type":"page","link":"https:\/\/memoriasdehacienda.institutomora.edu.mx\/?page_id=599","title":{"rendered":"Memoria 27 (1845)"},"content":{"rendered":"<p style=\"text-align: justify;\"><span style=\"font-size: 11pt; color: #ff6600;\"><strong>(27) Memoria de Hacienda, presentada en 5 de marzo de 1849. [10 pp. incluidas tablas] (manuscrito).<\/strong><\/span><\/p>\n<p style=\"text-align: justify;\"><span style=\"color: #000000;\">Firmada por Manuel Pi\u00f1a y Cuevas (marzo 5 de 1849)<\/span><\/p>\n<p style=\"text-align: justify;\"><span style=\"color: #000000;\">Per\u00edodo: 1845<\/span><\/p>\n<p style=\"text-align: justify;\"><span style=\"color: #000000;\">Se localiza:\u00a0<span class=\"tooltips \" style=\"\" title=\"Biblioteca &quot;Miguel Lerdo de Tejada&quot;, Secretar\u00eda de Hacienda y Cr\u00e9dito P\u00fablico.\">BH<\/span>, <span class=\"tooltips \" style=\"\" title=\"Biblioteca de la Sociedad Mexicana de Geograf\u00eda y Estad\u00edstica.\">BSMGE<\/span>.<\/span><\/p>\n<p style=\"text-align: justify;\"><strong><span style=\"color: #000000;\">Tiene tablas.<\/span><\/strong><\/p>\n<p style=\"text-align: justify;\"><strong><span style=\"color: #000000;\">S\u00edntesis del contenido:<\/span><\/strong><\/p>\n<p style=\"text-align: justify;\"><span style=\"color: #000000;\">Esta memoria esta dedicada a analizar la cuenta general del erario p\u00fablico de 1845. En el an\u00e1lisis se reflexiona en torno a los ingresos y su origen, en ese sentido se presentan datos sobre las importaciones y exportaciones, en este caso de oro, plata y moneda. A su vez son presentados datos sobre la acu\u00f1aci\u00f3n en las Casas de Moneda. Adem\u00e1s se presentan los gastos realizados en dicho a\u00f1o, en cada uno de los ramos de la administraci\u00f3n federal.<\/span>[read more=&#8221;Ver anexos estad\u00edsticos&#8221; less=&#8221;ver menos&#8221;]<\/p>\n<p style=\"text-align: justify;\"><strong><span style=\"color: #0000ff;\"> Cuadros incluidos en la exposici\u00f3n:<\/span><\/strong><\/p>\n<p style=\"text-align: justify;\">Cuenta del erario federal, Cuenta general de los ingresos y egresos, 1845, Doc. 1 (27)<\/p>\n<p>Exportaciones y importaciones, Noticia de las, 1845, Doc. 2 (27)<\/p>\n<p>Acu\u00f1aci\u00f3n, Noticia de las acu\u00f1aciones en las Casas de Moneda, 1845, Doc. 3 (27)<\/p>\n<p>Cuenta del erario federal, Estado general de distribuci\u00f3n de los productos l\u00edquidos, 1845, Doc. 4 (27)<\/p>\n<p>[\/read]<\/p>\n","protected":false},"excerpt":{"rendered":"<p>(27) Memoria de Hacienda, presentada en 5 de marzo de 1849. [10 pp. incluidas tablas] (manuscrito). Firmada por Manuel Pi\u00f1a y Cuevas (marzo 5 de 1849) Per\u00edodo: 1845 Se localiza:\u00a0, . Tiene tablas. S\u00edntesis del contenido: Esta memoria esta dedicada a analizar la cuenta general del erario p\u00fablico de 1845. En el an\u00e1lisis se reflexiona<\/p>\n<p><a href=\"https:\/\/memoriasdehacienda.institutomora.edu.mx\/?page_id=599\" class=\"more-link themebutton\">Read More<\/a><\/p>\n","protected":false},"author":2,"featured_media":0,"parent":0,"menu_order":0,"comment_status":"closed","ping_status":"closed","template":"","meta":[],"_links":{"self":[{"href":"https:\/\/memoriasdehacienda.institutomora.edu.mx\/index.php?rest_route=\/wp\/v2\/pages\/599"}],"collection":[{"href":"https:\/\/memoriasdehacienda.institutomora.edu.mx\/index.php?rest_route=\/wp\/v2\/pages"}],"about":[{"href":"https:\/\/memoriasdehacienda.institutomora.edu.mx\/index.php?rest_route=\/wp\/v2\/types\/page"}],"author":[{"embeddable":true,"href":"https:\/\/memoriasdehacienda.institutomora.edu.mx\/index.php?rest_route=\/wp\/v2\/users\/2"}],"replies":[{"embeddable":true,"href":"https:\/\/memoriasdehacienda.institutomora.edu.mx\/index.php?rest_route=%2Fwp%2Fv2%2Fcomments&post=599"}],"version-history":[{"count":6,"href":"https:\/\/memoriasdehacienda.institutomora.edu.mx\/index.php?rest_route=\/wp\/v2\/pages\/599\/revisions"}],"predecessor-version":[{"id":8200,"href":"https:\/\/memoriasdehacienda.institutomora.edu.mx\/index.php?rest_route=\/wp\/v2\/pages\/599\/revisions\/8200"}],"wp:attachment":[{"href":"https:\/\/memoriasdehacienda.institutomora.edu.mx\/index.php?rest_route=%2Fwp%2Fv2%2Fmedia&parent=599"}],"curies":[{"name":"wp","href":"https:\/\/api.w.org\/{rel}","templated":true}]}}