{"id":601,"date":"2016-04-07T12:25:43","date_gmt":"2016-04-07T18:25:43","guid":{"rendered":"http:\/\/memoriasdehacienda.colmex.mx\/mhwp\/?page_id=601"},"modified":"2023-03-16T13:24:36","modified_gmt":"2023-03-16T19:24:36","slug":"memoria-28","status":"publish","type":"page","link":"https:\/\/memoriasdehacienda.institutomora.edu.mx\/?page_id=601","title":{"rendered":"Memoria 28"},"content":{"rendered":"<p style=\"text-align: justify;\"><span style=\"font-size: 12pt; color: #ff6600;\"><strong>(28) Memoria de la hacienda nacional de la Rep\u00fablica Mexicana, presentada por el secretario del ramo en febrero 1850. M\u00e9jico, Imprenta de Vicente Garc\u00eda Torres, 1850, 12 pp.<\/strong><\/span><\/p>\n<p style=\"text-align: justify;\"><span style=\"color: #000000;\">Presentada por Francisco Elorriaga (12 de febrero de 1850)<\/span><\/p>\n<p style=\"text-align: justify;\"><span style=\"color: #000000;\">Per\u00edodo que cubre: 1848-1849.<\/span><\/p>\n<p style=\"text-align: justify;\"><span style=\"color: #000000;\">Se localiza: <span class=\"tooltips \" style=\"\" title=\"Biblioteca del Archivo General de la Naci\u00f3n, M\u00e9xico.\">BAGN<\/span>, <span class=\"tooltips \" style=\"\" title=\"Biblioteca del Instituto de Investigaciones &quot;Dr. Jos\u00e9 Mar\u00eda Luis Mora&quot; (material en micropel\u00edcula).\">BIM-Mfilm<\/span>.<\/span><\/p>\n<p style=\"text-align: justify;\"><strong><span style=\"color: #000000;\">Tiene anexos.<\/span><\/strong><\/p>\n<p style=\"text-align: justify;\"><span style=\"color: #000000;\"><strong>S\u00edntesis del contenido:<\/strong><\/span><\/p>\n<p style=\"text-align: justify;\"><span style=\"color: #000000;\">Esta memoria corresponde al per\u00edodo que va del 1\u00b0 de enero de 1849 al 30 de junio de 1849. Incluye observaciones generales acerca de las reformas que exige el sistema impositivo, en particular con respecto a los impuestos sobre el comercio exterior, para evitar la total destrucci\u00f3n de las rentas de la naci\u00f3n. En la primera parte muestra los productos que han rendido al erario federal los ramos ordinarios y recursos extraordinarios de Hacienda, los gastos de administraci\u00f3n y su monto l\u00edquido. En la segunda parte se incluye la distribuci\u00f3n del l\u00edquido mencionado. Son los impuestos al comercio extranjero los que rinden la mayor parte de aquel producto l\u00edquido. Plantea que no hay m\u00e1s remedio que la extinci\u00f3n de las prohibiciones y la reducci\u00f3n de los derechos: &#8220;juzgar que la persecuci\u00f3n por medio de numerosos resguardos y fuertes medidas fiscales pueda contener el contrabando, es olvidar los testimonios de la experiencia, desconocer el coraz\u00f3n humano y el poder de la opini\u00f3n, que justa o injusta ha llegado a generalizarse apoyada en el inter\u00e9s&#8221;. Insiste en la necesidad de proteger a la industria de una forma eficaz, levantando el precio de las mercanc\u00edas rivales con moderados impuestos.<\/span><\/p>\n<p style=\"text-align: justify;\"><span style=\"color: #000000;\">Propone, por otro lado, aumentar la importancia del contingente de los estados, que s\u00f3lo ha producido $618,674, en vez del mill\u00f3n y medio que deber\u00eda haber rendido. Respecto al estanco del tabaco informa del contrato de compa\u00f1\u00eda celebrado el 18 de agosto de 1848 y que est\u00e1 pendiente de resoluci\u00f3n en el Congreso General.<\/span>[read more=&#8221;Ver anexos estad\u00edsticos&#8221; less=&#8221;ver menos&#8221;]<\/p>\n<p>&nbsp;<\/p>\n<p><span style=\"color: #0000ff;\"><strong>Anexos<\/strong><\/span><\/p>\n<p>Cuenta del erario federal, Estado general de valores de las rentas que se expresan del erario nacional en el primer a\u00f1o econ\u00f3mico de la segunda \u00e9poca de la Federaci\u00f3n, (enero 1848-junio 1849), Doc. [<span style=\"color: #0000ff;\"><a style=\"color: #0000ff;\" href=\"https:\/\/memoriasdehacienda.institutomora.edu.mx\/wp-content\/uploads\/EDOSGRALES1848-49-1.xls\">0<\/a><\/span>] (<strong>28<\/strong>)<\/p>\n<p>Ingresos<\/p>\n<p>Existencias al 31 de diciembre de 1847, Doc.<span style=\"color: #0000ff;\"> <a style=\"color: #0000ff;\" href=\"https:\/\/memoriasdehacienda.institutomora.edu.mx\/wp-content\/uploads\/001EXISTENCIAS1848-49-1.xls\">1<\/a> <\/span>(<strong>28<\/strong>)<\/p>\n<p>Aduanas mar\u00edtimas y fronterizas, 1848-1849, Doc.<span style=\"color: #0000ff;\"><a style=\"color: #0000ff;\" href=\"https:\/\/memoriasdehacienda.institutomora.edu.mx\/wp-content\/uploads\/002ADUANAS1848-49-1.xls\"> 2<\/a>, <a style=\"color: #0000ff;\" href=\"https:\/\/memoriasdehacienda.institutomora.edu.mx\/wp-content\/uploads\/003ADUANAS1848-49-1.xls\">3<\/a>, <a style=\"color: #0000ff;\" href=\"https:\/\/memoriasdehacienda.institutomora.edu.mx\/wp-content\/uploads\/004ADUANAS1848-49-1.xls\">4<\/a>, <a style=\"color: #0000ff;\" href=\"https:\/\/memoriasdehacienda.institutomora.edu.mx\/wp-content\/uploads\/005ADUANAS1848-49-1.xls\">5<\/a>, <a style=\"color: #0000ff;\" href=\"https:\/\/memoriasdehacienda.institutomora.edu.mx\/wp-content\/uploads\/006ADUANAS1848-49-1.xls\">6<\/a>, <a style=\"color: #0000ff;\" href=\"https:\/\/memoriasdehacienda.institutomora.edu.mx\/wp-content\/uploads\/007ADUANAS1848-49-1.xls\">7<\/a><\/span> (<strong>28<\/strong>)<\/p>\n<p>Importaci\u00f3n, Uno por ciento de, 1848-1849, Doc.<span style=\"color: #0000ff;\"> <a style=\"color: #0000ff;\" href=\"https:\/\/memoriasdehacienda.institutomora.edu.mx\/wp-content\/uploads\/008IMPORTACIONDERECHOSUNOPORCIENTO1848-49-1.xls\">8<\/a><\/span> (<strong>28<\/strong>)<\/p>\n<p>Dos por ciento de aver\u00eda, 1848-1849, Doc. <span style=\"color: #0000ff;\"><a style=\"color: #0000ff;\" href=\"https:\/\/memoriasdehacienda.institutomora.edu.mx\/wp-content\/uploads\/009DOSPORCIENTOPAVERIA1848-49-1.xls\">9<\/a><\/span> (<strong>28<\/strong>)<\/p>\n<p>Importaci\u00f3n, Derecho de consumo sobre efectos extranjeros, 1848-1849, Doc. <span style=\"color: #0000ff;\"><a style=\"color: #0000ff;\" href=\"https:\/\/memoriasdehacienda.institutomora.edu.mx\/wp-content\/uploads\/010IMPORTACION-DERECHOCONSUMO1848-49-1.xls\">10<\/a><\/span> (<strong>28<\/strong>)<\/p>\n<p>Derecho de circulaci\u00f3n de moneda a su entrada en los puertos, 1848-1849, Doc.<span style=\"color: #0000ff;\"> <a style=\"color: #0000ff;\" href=\"https:\/\/memoriasdehacienda.institutomora.edu.mx\/wp-content\/uploads\/011DERECHODECIRCULACIONMONEDA1848-49.xls\">11<\/a><\/span>&nbsp;(<strong>28<\/strong>)<\/p>\n<p>Tabaco, Renta del, 1848-1849, Doc. <span style=\"color: #0000ff;\"><a style=\"color: #0000ff;\" href=\"https:\/\/memoriasdehacienda.institutomora.edu.mx\/wp-content\/uploads\/012TABACO1848-49-1.xls\">12<\/a>, <a style=\"color: #0000ff;\" href=\"https:\/\/memoriasdehacienda.institutomora.edu.mx\/wp-content\/uploads\/013TABACO1848-49-1.xls\">13<\/a><\/span> (<strong>28<\/strong>)<\/p>\n<p>Naipes, Renta de, 1848-1849, Doc. <span style=\"color: #0000ff;\"><a style=\"color: #0000ff;\" href=\"https:\/\/memoriasdehacienda.institutomora.edu.mx\/wp-content\/uploads\/014NAIPES1848-49-1.xls\">14<\/a><\/span> (<strong>28<\/strong>)<\/p>\n<p>Correos, Renta nacional de, 1848-1849, Doc. <span style=\"color: #0000ff;\"><a style=\"color: #0000ff;\" href=\"https:\/\/memoriasdehacienda.institutomora.edu.mx\/wp-content\/uploads\/015CORREOS1848-49-1.xls\">15<\/a><\/span> (<strong>28<\/strong>)<\/p>\n<p>Loter\u00eda, Renta de, 1848-1849, Doc. <span style=\"color: #0000ff;\"><a style=\"color: #0000ff;\" href=\"https:\/\/memoriasdehacienda.institutomora.edu.mx\/wp-content\/uploads\/016LOTERIA1848-49-1.xls\">16<\/a><\/span> (<strong>28<\/strong>)<\/p>\n<p>Papel sellado, Renta de, 1848-1849, Doc.<span style=\"color: #0000ff;\"> <a style=\"color: #0000ff;\" href=\"https:\/\/memoriasdehacienda.institutomora.edu.mx\/wp-content\/uploads\/017PAPELSELLADO1848-49-1.xls\">17<\/a> <\/span>(<strong>28<\/strong>)<\/p>\n<p>Salinas, 1848-1849, Doc. <span style=\"color: #0000ff;\"><a style=\"color: #0000ff;\" href=\"https:\/\/memoriasdehacienda.institutomora.edu.mx\/wp-content\/uploads\/018SALINAS1848-49-1.xls\">18<\/a><\/span> (<strong>28<\/strong>)<\/p>\n<p>Casas de Moneda y Apartado, 1848-1849, Doc. <span style=\"color: #0000ff;\"><a style=\"color: #0000ff;\" href=\"https:\/\/memoriasdehacienda.institutomora.edu.mx\/wp-content\/uploads\/019CASADEMONEDA1848-49-1.xls\">19<\/a><\/span> (<strong>28<\/strong>)<\/p>\n<p>Bienes Nacionales, 1848-1849, Doc. <span style=\"color: #0000ff;\"><a style=\"color: #0000ff;\" href=\"https:\/\/memoriasdehacienda.institutomora.edu.mx\/wp-content\/uploads\/020BIENES1848-49-1.xls\">20<\/a><\/span> (<strong>28<\/strong>)<\/p>\n<p>Contingente de los Estados, 1848-1849, Doc. <span style=\"color: #0000ff;\"><a style=\"color: #0000ff;\" href=\"https:\/\/memoriasdehacienda.institutomora.edu.mx\/wp-content\/uploads\/021CONTINGENTE1848-49-1.xls\">21<\/a><\/span> (<strong>28<\/strong>)<\/p>\n<p>Alcabala, Estado general de, 1848-1849, Doc. <span style=\"color: #0000ff;\"><a style=\"color: #0000ff;\" href=\"https:\/\/memoriasdehacienda.institutomora.edu.mx\/wp-content\/uploads\/022ALCABALA1848-49-1.xls\">22<\/a><\/span> (<strong>28<\/strong>)<\/p>\n<p>Contribuciones directas, estado general de los ramos de, 1848-1849, Doc. <span style=\"color: #0000ff;\"><a style=\"color: #0000ff;\" href=\"https:\/\/memoriasdehacienda.institutomora.edu.mx\/wp-content\/uploads\/023CONTRIBUCIONESDIRECTAS1848-49-1.xls\">23<\/a><\/span> (<strong>28<\/strong>)<\/p>\n<p>Contribuciones directas en el Distrito Federal, corte de caja (ingresos y distribuci\u00f3n) de la Administraci\u00f3n General de, 1848-1849, Doc.<span style=\"color: #0000ff;\"> <a style=\"color: #0000ff;\" href=\"https:\/\/memoriasdehacienda.institutomora.edu.mx\/wp-content\/uploads\/024CONTRIBUCIONESDIRECTAS1848-49-1.xls\">24<\/a><\/span> (<strong>28<\/strong>)<\/p>\n<p>Contribuciones directas en el Territorio de Colima, estado general (ingresos y distribuci\u00f3n) de, 1848-1849, Doc. <span style=\"color: #0000ff;\"><a style=\"color: #0000ff;\" href=\"https:\/\/memoriasdehacienda.institutomora.edu.mx\/wp-content\/uploads\/025CONTRIBUCIONESDIRECTAS1848-49-1.xls\">25<\/a><\/span> (<strong>28<\/strong>)<\/p>\n<p>Contribuciones directas en el Territorio de Tlaxcala (11 de marzo de 1841, 7 de abril de 1842 y 6 de octubre de 1848), recaudaci\u00f3n subalterna de, 1848-1849, Doc. <span style=\"color: #0000ff;\"><a style=\"color: #0000ff;\" href=\"https:\/\/memoriasdehacienda.institutomora.edu.mx\/wp-content\/uploads\/026CONTRIBUCIONESDIRECTAS1848-49-1.xls\">26<\/a><\/span> (<strong>28<\/strong>)<\/p>\n<p>Contribuciones directas en los Estados, estado que manifiesta los ingresos en las oficinas y por los ramos de contribuciones directas que se expresan durante el citado a\u00f1o (1848-1849), 1848-1849, Doc. <span style=\"color: #0000ff;\"><a style=\"color: #0000ff;\" href=\"https:\/\/memoriasdehacienda.institutomora.edu.mx\/wp-content\/uploads\/027CONTRIBUCIONES1848-49-1.xls\">27<\/a><\/span> (<strong>28<\/strong>)<\/p>\n<p>Inv\u00e1lidos, descuento por un centavo por peso para la Casa Nacional de, 1848-1849, Doc. <span style=\"color: #0000ff;\"><a style=\"color: #0000ff;\" href=\"https:\/\/memoriasdehacienda.institutomora.edu.mx\/wp-content\/uploads\/028INVALIDOS1848-49-1.xls\">28<\/a><\/span> (<strong>28<\/strong>)<\/p>\n<p>Montep\u00edo Civil, 1848-1849, Doc. <span style=\"color: #0000ff;\"><a style=\"color: #0000ff;\" href=\"https:\/\/memoriasdehacienda.institutomora.edu.mx\/wp-content\/uploads\/029MONTEPIOCIVIL1848-49-1.xls\">29<\/a><\/span> (<strong>28<\/strong>)<\/p>\n<p>Montep\u00edo Militar, 1848-1849, Doc. <span style=\"color: #0000ff;\"><a style=\"color: #0000ff;\" href=\"https:\/\/memoriasdehacienda.institutomora.edu.mx\/wp-content\/uploads\/030MONTEPIOMILITAR1848-49-1.xls\">30<\/a><\/span> (<strong>28<\/strong>)<\/p>\n<p>Derecho de Fortificaci\u00f3n de Veracruz, 1848-1849, Doc. <span style=\"color: #0000ff;\"><a style=\"color: #0000ff;\" href=\"https:\/\/memoriasdehacienda.institutomora.edu.mx\/wp-content\/uploads\/031DERECHOFORTIFICACION1848-49-1.xls\">31<\/a><\/span> (<strong>28<\/strong>)<\/p>\n<p>Peajes, 1848-1849, Doc. <span style=\"color: #0000ff;\"><a style=\"color: #0000ff;\" href=\"https:\/\/memoriasdehacienda.institutomora.edu.mx\/wp-content\/uploads\/032PEAJES1848-48-1.xls\">32<\/a><\/span> (<strong>28<\/strong>)<\/p>\n<p>Tres por ciento de derechos de ensaye, oro y platas, 1848-1849, Doc. <span style=\"color: #0000ff;\"><a style=\"color: #0000ff;\" href=\"https:\/\/memoriasdehacienda.institutomora.edu.mx\/wp-content\/uploads\/033TRESPORCIENTO1848-49-1.xls\">33<\/a><\/span> (<strong>28<\/strong>)<\/p>\n<p>Medio por ciento para Tribunales Mercantiles, 1848-1849, Doc. <span style=\"color: #0000ff;\"><a style=\"color: #0000ff;\" href=\"https:\/\/memoriasdehacienda.institutomora.edu.mx\/wp-content\/uploads\/034MEDIOPORCIENTO1848-49-1.xls\">34<\/a><\/span> (<strong>28<\/strong>)<\/p>\n<p>Derecho de miner\u00eda, 1848-1849, Doc. <span style=\"color: #0000ff;\"><a style=\"color: #0000ff;\" href=\"https:\/\/memoriasdehacienda.institutomora.edu.mx\/wp-content\/uploads\/035DERECHODEMINERIA1848-49-1.xls\">35<\/a><\/span> (<strong>28<\/strong>)<\/p>\n<p>Derecho municipal (a un real por tercio), 1848-1849, Doc. <span style=\"color: #0000ff;\"><a style=\"color: #0000ff;\" href=\"https:\/\/memoriasdehacienda.institutomora.edu.mx\/wp-content\/uploads\/036DERECHOSMUNICIPAL1848-49-1.xls\">36<\/a><\/span> (<strong>28<\/strong>)<\/p>\n<p>Deuda p\u00fablica, Indeminizaci\u00f3n (6,700,000 pesos) que debe pagar al gobierno mexicano el de los Estados Unidos del Norte (tratados 2 febrero 1848), 1848-1849, Doc. <span style=\"color: #0000ff;\"><a style=\"color: #0000ff;\" href=\"https:\/\/memoriasdehacienda.institutomora.edu.mx\/wp-content\/uploads\/037DEUDAPUBLICAINDEMNIZACION1848-49-1.xls\">37<\/a><\/span> (<strong>28<\/strong>)<\/p>\n<p>Permiso para la exportaci\u00f3n de plata, 1848-1849, Doc. <span style=\"color: #0000ff;\"><a style=\"color: #0000ff;\" href=\"https:\/\/memoriasdehacienda.institutomora.edu.mx\/wp-content\/uploads\/038PERMISOEXPORTACION1848-49-1.xls\">38<\/a><\/span> (<strong>28<\/strong>)<\/p>\n<p>Alcances de cuentas, 1848-1849, Doc. <span style=\"color: #0000ff;\"><a style=\"color: #0000ff;\" href=\"https:\/\/memoriasdehacienda.institutomora.edu.mx\/wp-content\/uploads\/039ALCANCEDECUENTAS1848-49-1.xls\">39<\/a><\/span> (<strong>28<\/strong>)<\/p>\n<p>Aprovechamientos, 1848-1849, Doc. <span style=\"color: #0000ff;\"><a style=\"color: #0000ff;\" href=\"https:\/\/memoriasdehacienda.institutomora.edu.mx\/wp-content\/uploads\/040APROVECHAMIENTOS1848-49-1.xls\">40<\/a>&nbsp;<\/span>(<strong>28<\/strong>)<\/p>\n<p>Comisos, 1848-1849, Doc. <span style=\"color: #0000ff;\"><a style=\"color: #0000ff;\" href=\"https:\/\/memoriasdehacienda.institutomora.edu.mx\/wp-content\/uploads\/041COMISOSHOSPITALES1848-49-1.xls\">41<\/a><\/span> (<strong>28<\/strong>)<\/p>\n<p>Comisos para hospitales, Dos por ciento de, 1848-1849, Doc. <span style=\"color: #0000ff;\"><a style=\"color: #0000ff;\" href=\"https:\/\/memoriasdehacienda.institutomora.edu.mx\/wp-content\/uploads\/042COMISOS1848-49-1.xls\">42<\/a><\/span> (<strong>28<\/strong>)<\/p>\n<p>Cr\u00e9ditos activos, 1848-1849, Doc. <span style=\"color: #0000ff;\"><a style=\"color: #0000ff;\" href=\"https:\/\/memoriasdehacienda.institutomora.edu.mx\/wp-content\/uploads\/043CREDITOSACTIVOS1848-49-1.xls\">43<\/a><\/span> (<strong>28<\/strong>)<\/p>\n<p>Dep\u00f3sitos, 1848-1849, Doc. <span style=\"color: #0000ff;\"><a style=\"color: #0000ff;\" href=\"https:\/\/memoriasdehacienda.institutomora.edu.mx\/wp-content\/uploads\/044DEPOSITOS1848-49-1.xls\">44<\/a><\/span> (<strong>28<\/strong>)<\/p>\n<p>Donativos, 1848-1849, Doc. <span style=\"color: #0000ff;\"><a style=\"color: #0000ff;\" href=\"https:\/\/memoriasdehacienda.institutomora.edu.mx\/wp-content\/uploads\/045DONATIVOS1848-49-1.xls\">45<\/a><\/span> (<strong>28<\/strong>)<\/p>\n<p>Multas, 1848-1849, Doc. <span style=\"color: #0000ff;\"><a style=\"color: #0000ff;\" href=\"https:\/\/memoriasdehacienda.institutomora.edu.mx\/wp-content\/uploads\/046MULTAS1848-49-1.xls\">46<\/a><\/span> (<strong>28<\/strong>)<\/p>\n<p>Impuesto para la Instrucci\u00f3n p\u00fablica, 1848-1849, Doc. <span style=\"color: #0000ff;\"><a style=\"color: #0000ff;\" href=\"https:\/\/memoriasdehacienda.institutomora.edu.mx\/wp-content\/uploads\/047IMPUESTOINSTRUCCION-PUBLICA1848-49-1.xls\">47<\/a><\/span> (<strong>28<\/strong>)<\/p>\n<p>Cambio, Premio de, 1848-1849, Doc. <span style=\"color: #0000ff;\"><a style=\"color: #0000ff;\" href=\"https:\/\/memoriasdehacienda.institutomora.edu.mx\/wp-content\/uploads\/048PREMIODECAMBIO-1848-49-1.xls\">48<\/a><\/span> (<strong>28<\/strong>)<\/p>\n<p>Reintegros, 1848-1849, Doc. <span style=\"color: #0000ff;\"><a style=\"color: #0000ff;\" href=\"https:\/\/memoriasdehacienda.institutomora.edu.mx\/wp-content\/uploads\/049REINTEGROS1848-49-1.xls\">49<\/a><\/span> (<strong>28<\/strong>)<\/p>\n<p>Restituciones secretas, 1848-1849, Doc. <span style=\"color: #0000ff;\"><a style=\"color: #0000ff;\" href=\"https:\/\/memoriasdehacienda.institutomora.edu.mx\/wp-content\/uploads\/050RESTITUCIONES1848-49-1.xls\">50<\/a><\/span> (<strong>28<\/strong>)<\/p>\n<p>Derechos de privilegios exclusivos, 1848-1849, Doc. <span style=\"color: #0000ff;\"><a style=\"color: #0000ff;\" href=\"https:\/\/memoriasdehacienda.institutomora.edu.mx\/wp-content\/uploads\/051DERECHOSDEPRIVILEGIOS1848-49-1.xls\">51<\/a><\/span> (<strong>28<\/strong>)<\/p>\n<p>Herencias transversales, 1848-1849, Doc. <span style=\"color: #0000ff;\"><a style=\"color: #0000ff;\" href=\"https:\/\/memoriasdehacienda.institutomora.edu.mx\/wp-content\/uploads\/052HERENCIAS1848-49-1.xls\">52<\/a><\/span> (<strong>28<\/strong>)<\/p>\n<p>Amortizaci\u00f3n, Quince por ciento de, 1848-1849, Doc. <span style=\"color: #0000ff;\"><a style=\"color: #0000ff;\" href=\"https:\/\/memoriasdehacienda.institutomora.edu.mx\/wp-content\/uploads\/053AMORTIZACION1848-49-1.xls\">53<\/a><\/span> (<strong>28<\/strong>)<\/p>\n<p>Deuda p\u00fablica, Pr\u00e9stamos, 1848-1849, Doc. <span style=\"color: #0000ff;\"><a style=\"color: #0000ff;\" href=\"https:\/\/memoriasdehacienda.institutomora.edu.mx\/wp-content\/uploads\/054DEUDAPUBLICAPRESTAMOS-1848-49-1.xls\">54<\/a> <\/span>(<strong>28<\/strong>)<\/p>\n<p>Contribuci\u00f3n de 1,000,000 de pesos y otras (17 de junio de 1847), 1848-1849, Doc. <span style=\"color: #0000ff;\"><a style=\"color: #0000ff;\" href=\"https:\/\/memoriasdehacienda.institutomora.edu.mx\/wp-content\/uploads\/055CONTRIBUCION1848-49-1.xls\">55<\/a><\/span> (<strong>28<\/strong>)<\/p>\n<p>Cuenta del erario federal, Ingresos generales y extraordinarios de hacienda, 1848-1849, Doc. <span style=\"color: #0000ff;\"><a style=\"color: #0000ff;\" href=\"https:\/\/memoriasdehacienda.institutomora.edu.mx\/wp-content\/uploads\/056CUENTAERARIOFEDERAL848-49-1.xls\">56<\/a><\/span> (<strong>28<\/strong>)<\/p>\n<p>Deuda p\u00fablica, Bonos sobre el fondo del 26%, 1848-1849, Doc. <span style=\"color: #0000ff;\"><a style=\"color: #0000ff;\" href=\"https:\/\/memoriasdehacienda.institutomora.edu.mx\/wp-content\/uploads\/057DEUDAPUBLICABONOS1848-49-1.xls\">57<\/a><\/span> (<strong>28<\/strong>)<\/p>\n<p>Deuda p\u00fablica externa, Conversi\u00f3n de la deuda exterior, 1848-1849, Doc. <span style=\"color: #0000ff;\"><a style=\"color: #0000ff;\" href=\"https:\/\/memoriasdehacienda.institutomora.edu.mx\/wp-content\/uploads\/058DEUDAPUBLICAEXTERNA1848-49-1.xls\">58<\/a><\/span> (<strong>28<\/strong>)<\/p>\n<p>Aduanas mar\u00edtimas y fronterizas, 1848-1849, Doc. <span style=\"color: #0000ff;\"><a style=\"color: #0000ff;\" href=\"https:\/\/memoriasdehacienda.institutomora.edu.mx\/wp-content\/uploads\/059ADUANASMARITIMASY-FRONT1848-49-1.xls\">59<\/a><\/span> (<strong>28<\/strong>)<\/p>\n<p>Acu\u00f1aci\u00f3n, Noticia del oro y plata acu\u00f1ados en las Casas de moneda de la rep\u00fablica, 1848-1849, Doc. [<span style=\"color: #0000ff;\"><a style=\"color: #0000ff;\" href=\"https:\/\/memoriasdehacienda.institutomora.edu.mx\/wp-content\/uploads\/060ACU\u00d1ACIONNOTICIADELORO1848-49-1.xls\">60<\/a><\/span>] (<strong>28<\/strong>)<\/p>\n<p>Gastos<\/p>\n<p>Cuenta del erario federal, Estado general de la distribuci\u00f3n de los productos l\u00edquidos de los ramos (elaborado por tesorer\u00eda general de la federaci\u00f3n, secci\u00f3n de cuenta general), 1848-1849, Doc. [<span style=\"color: #0000ff;\"><a style=\"color: #0000ff;\" href=\"https:\/\/memoriasdehacienda.institutomora.edu.mx\/wp-content\/uploads\/061CUENTAERARIOFEDERALESTADO1848-49-1.xls\">61<\/a><\/span>] (<strong>28<\/strong>)<\/p>\n<p>Existencias, Noticia de las existencias en comisar\u00edas y subcomisar\u00edas, 1848-1849, Doc. [<span style=\"color: #0000ff;\"><a style=\"color: #0000ff;\" href=\"https:\/\/memoriasdehacienda.institutomora.edu.mx\/wp-content\/uploads\/062EXISTENCIASNOTICIA1848-49-1.xls\">62<\/a><\/span>] (<strong>28<\/strong>)<\/p>\n<p>[\/read]<\/p>\n<div><\/div>\n","protected":false},"excerpt":{"rendered":"<p>(28) Memoria de la hacienda nacional de la Rep\u00fablica Mexicana, presentada por el secretario del ramo en febrero 1850. M\u00e9jico, Imprenta de Vicente Garc\u00eda Torres, 1850, 12 pp. Presentada por Francisco Elorriaga (12 de febrero de 1850) Per\u00edodo que cubre: 1848-1849. Se localiza: , . Tiene anexos. S\u00edntesis del contenido: Esta memoria corresponde al per\u00edodo<\/p>\n<p><a href=\"https:\/\/memoriasdehacienda.institutomora.edu.mx\/?page_id=601\" class=\"more-link themebutton\">Read More<\/a><\/p>\n","protected":false},"author":2,"featured_media":0,"parent":0,"menu_order":0,"comment_status":"closed","ping_status":"closed","template":"","meta":[],"_links":{"self":[{"href":"https:\/\/memoriasdehacienda.institutomora.edu.mx\/index.php?rest_route=\/wp\/v2\/pages\/601"}],"collection":[{"href":"https:\/\/memoriasdehacienda.institutomora.edu.mx\/index.php?rest_route=\/wp\/v2\/pages"}],"about":[{"href":"https:\/\/memoriasdehacienda.institutomora.edu.mx\/index.php?rest_route=\/wp\/v2\/types\/page"}],"author":[{"embeddable":true,"href":"https:\/\/memoriasdehacienda.institutomora.edu.mx\/index.php?rest_route=\/wp\/v2\/users\/2"}],"replies":[{"embeddable":true,"href":"https:\/\/memoriasdehacienda.institutomora.edu.mx\/index.php?rest_route=%2Fwp%2Fv2%2Fcomments&post=601"}],"version-history":[{"count":14,"href":"https:\/\/memoriasdehacienda.institutomora.edu.mx\/index.php?rest_route=\/wp\/v2\/pages\/601\/revisions"}],"predecessor-version":[{"id":8660,"href":"https:\/\/memoriasdehacienda.institutomora.edu.mx\/index.php?rest_route=\/wp\/v2\/pages\/601\/revisions\/8660"}],"wp:attachment":[{"href":"https:\/\/memoriasdehacienda.institutomora.edu.mx\/index.php?rest_route=%2Fwp%2Fv2%2Fmedia&parent=601"}],"curies":[{"name":"wp","href":"https:\/\/api.w.org\/{rel}","templated":true}]}}