{"id":605,"date":"2016-04-07T12:27:08","date_gmt":"2016-04-07T18:27:08","guid":{"rendered":"http:\/\/memoriasdehacienda.colmex.mx\/mhwp\/?page_id=605"},"modified":"2023-03-16T13:25:33","modified_gmt":"2023-03-16T19:25:33","slug":"memoria-30","status":"publish","type":"page","link":"https:\/\/memoriasdehacienda.institutomora.edu.mx\/?page_id=605","title":{"rendered":"Memoria 30 (1849-1850)"},"content":{"rendered":"<p style=\"text-align: justify;\"><strong><span style=\"font-size: 11pt; color: #ff6600;\">(30) Memoria de la Hacienda Nacional de la Rep\u00fablica Mexicana presentada por el Secretario del Ramo en julio de 1851. M\u00e9xico, O&#8217;Sullivan y Nolan, Impresores, 1851, 8 [54] pp., cuadros, tablas, 49 estad\u00edsticas.<\/span><\/strong><\/p>\n<p><span style=\"color: #000000;\">Firmada por Manuel Pi\u00f1a y Cuevas (18 de julio de 1851).<\/span><\/p>\n<p><span style=\"color: #000000;\">Per\u00edodo: 1849-1850.<\/span><\/p>\n<p><span style=\"color: #000000;\">Se localiza:&nbsp;<span class=\"tooltips \" style=\"\" title=\"Biblioteca Nacional de M\u00e9xico-Colecci\u00f3n de Libros Raros y Curiosos, Fondo Reservado, UNAM.\">BNLR<\/span>,&nbsp;<span class=\"tooltips \" style=\"\" title=\"Biblioteca Nacional de M\u00e9xico-Colecci\u00f3n Lafragua, Fondo Reservado, UNAM.\">BNCL<\/span>,&nbsp;<span class=\"tooltips \" style=\"\" title=\"Biblioteca de la Sociedad Mexicana de Geograf\u00eda y Estad\u00edstica.\">BSMGE<\/span>, <span class=\"tooltips \" style=\"\" title=\"Biblioteca &quot;Miguel Lerdo de Tejada&quot;, Secretar\u00eda de Hacienda y Cr\u00e9dito P\u00fablico.\">BH<\/span>, <span class=\"tooltips \" style=\"\" title=\"Biblioteca del Centro de Estudios de Historia de M\u00e9xico, CONDUMEX.\">Bcondumex<\/span>,&nbsp;<span class=\"tooltips \" style=\"\" title=\"Biblioteca del Archivo General de la Naci\u00f3n, M\u00e9xico.\">BAGN<\/span>, <span class=\"tooltips \" style=\"\" title=\"Biblioteca del Instituto de Investigaciones &quot;Dr. Jos\u00e9 Mar\u00eda Luis Mora&quot; (material en micropel\u00edcula).\">BIM-Mfilm<\/span>, <span class=\"tooltips \" style=\"\" title=\"Biblioteca &quot;Daniel Cos\u00edo Villegas&quot;, El Colegio de M\u00e9xico (material en micropel\u00edcula).\">BColmex-Mfilm<\/span>,&nbsp;<span class=\"tooltips \" style=\"\" title=\".\">BOB<\/span>.<\/span><\/p>\n<p><strong><span style=\"color: #000000;\">Tiene anexos, cuadros y tablas.<\/span><\/strong><\/p>\n<p><strong><span style=\"color: #000000;\">S\u00edntesis del contenido:<\/span><\/strong><\/p>\n<p><span style=\"color: #000000;\">Pi\u00f1a y Cuevas tom\u00f3 su cargo a fines de mayo y para entonces no se hab\u00eda presentado memoria para el a\u00f1o econ\u00f3mico del 1\u00b0 de julio de 1849 al 30 de junio de 1850, que debi\u00f3 haberse presentado al Congreso en enero de 1851. Informa del producto de las rentas, que a su juicio no aumentar\u00e1n en el corto plazo, mientras los gastos har\u00e1n crecer el d\u00e9ficit. Sobre la deuda exterior menciona que est\u00e1 concluido su arreglo y no deben dejarse de pagar puntualmente los r\u00e9ditos del 3% anual. Respecto a la deuda interior, indica que el gobierno ha propuesto se atenga a las obligaciones contra\u00eddas por la ley del 30 de noviembre de 1850, por el cual se destinan a este fin el 25% de las aduanas mar\u00edtimas y fronterizas y el producto l\u00edquido de la renta del tabaco. Es inevitable, a\u00f1ade, ceder a las presiones de los acreedores.<\/span><\/p>\n<p><span style=\"color: #000000;\">Anuncia un deficiente de 3,237,544 pesos que en a\u00f1os pasados se ha cubierto con el fondo de la indemnizaci\u00f3n norteamericana, que ya se consumi\u00f3. Para aliviar la situaci\u00f3n propuso ante el Congreso un plan impositivo, el cual fue rechazado. Menciona que los Estados no han pagado puntualmente los contingentes correspondientes en muchos casos por falta de recursos. La memoria es complementada con cuadros sobre el estado de los valores de las rentas de la federaci\u00f3n, las existencias en las tesorer\u00edas general de la Federaci\u00f3n y las comisar\u00edas generales de los estados.<\/span>[read more=&#8221;Ver anexos estad\u00edsticos&#8221; less=&#8221;ver menos&#8221;]<\/p>\n<p><strong><span style=\"color: #0000ff;\">Anexos<\/span><\/strong><\/p>\n<p>Ingresos<br \/>\nCuenta del erario federal, Estado general de valores de las rentas que expresan del errio nacional federal en el segundo a\u00f1o econ\u00f3mico de la \u00e9poca de la federaci\u00f3n, jul. 1849-jun. 1850, Doc. [<span style=\"color: #0000ff;\"><a style=\"color: #0000ff;\" href=\"https:\/\/memoriasdehacienda.institutomora.edu.mx\/wp-content\/uploads\/EDOSGRALES1849-50.xls\">0<\/a><\/span>] (30)<\/p>\n<p>Existencias en 30 de junio 1849, Doc. <span style=\"color: #0000ff;\"><a style=\"color: #0000ff;\" href=\"https:\/\/memoriasdehacienda.institutomora.edu.mx\/wp-content\/uploads\/001EXISTENCIAS1849-50.xls\">1<\/a><\/span> (30)<\/p>\n<p>Aduanas Mar\u00edtimas y Fronterizas, jul. 1849-jun. 1850, Doc.<span style=\"color: #0000ff;\"> <a style=\"color: #0000ff;\" href=\"https:\/\/memoriasdehacienda.institutomora.edu.mx\/wp-content\/uploads\/002ADUANAS1849-50.xls\">2<\/a>, <a style=\"color: #0000ff;\" href=\"https:\/\/memoriasdehacienda.institutomora.edu.mx\/wp-content\/uploads\/003ADUANAS1849-50.xls\">3<\/a>, <a style=\"color: #0000ff;\" href=\"https:\/\/memoriasdehacienda.institutomora.edu.mx\/wp-content\/uploads\/004ADUANAS1849-50.xls\">4<\/a>, <a style=\"color: #0000ff;\" href=\"https:\/\/memoriasdehacienda.institutomora.edu.mx\/wp-content\/uploads\/005ADUANAS1849-50.xls\">5<\/a>, <a style=\"color: #0000ff;\" href=\"https:\/\/memoriasdehacienda.institutomora.edu.mx\/wp-content\/uploads\/006ADUANAS1849-50.xls\">6<\/a>, <a style=\"color: #0000ff;\" href=\"https:\/\/memoriasdehacienda.institutomora.edu.mx\/wp-content\/uploads\/007ADUANAS1849-50.xls\">7<\/a> <\/span>(30)<\/p>\n<p>Importaci\u00f3n, Uno por ciento (decreto 31 mayo 1838) de, jul. 1849-jun. 1850, Doc. <span style=\"color: #0000ff;\"><a style=\"color: #0000ff;\" href=\"https:\/\/memoriasdehacienda.institutomora.edu.mx\/wp-content\/uploads\/008IMPORTACIONDERECHOSUNOPORCIENTO1849-50.xls\">8<\/a><\/span> (30)<\/p>\n<p>Dos por ciento de aver\u00eda, (decreto 28 febrero 1843) de, jul. 1849-jun. 1850, Doc. <span style=\"color: #0000ff;\"><a style=\"color: #0000ff;\" href=\"https:\/\/memoriasdehacienda.institutomora.edu.mx\/wp-content\/uploads\/009DOSPORCIENTOAVERIA1849-50.xls\">9<\/a><\/span> (30)<\/p>\n<p>Importaci\u00f3n, Derechos de internaci\u00f3n al cinco y diez por ciento sobre efectos y licores extranjeros, jul. 1849-jun. 1850, Doc. <span style=\"color: #0000ff;\"><a style=\"color: #0000ff;\" href=\"https:\/\/memoriasdehacienda.institutomora.edu.mx\/wp-content\/uploads\/010DERECHOSCINCOYDIEZPORCIENTOLICORES1849-50.xls\">10<\/a><\/span>&nbsp;(30)<\/p>\n<p>Dos por ciento de circulaci\u00f3n de moneda a su entrada a los puertos, jul. 1849-jun. 1850, Doc.<span style=\"color: #0000ff;\"> <a style=\"color: #0000ff;\" href=\"https:\/\/memoriasdehacienda.institutomora.edu.mx\/wp-content\/uploads\/011DERECHODECIRCULACIONMONEDA1849-50.xls\">11<\/a><\/span> (30)<\/p>\n<p>Tabaco, Renta del, jul. 1849-jun. 1850, Doc. <span style=\"color: #0000ff;\"><a style=\"color: #0000ff;\" href=\"https:\/\/memoriasdehacienda.institutomora.edu.mx\/wp-content\/uploads\/012TABACO1849-50.xls\">12<\/a><\/span> (30)<\/p>\n<p>Naipes, Administraci\u00f3n general de la renta de, jul. 1849-jun. 1850, Doc. 13 (30)<\/p>\n<p>Correos, Renta de, jul. 1849-jun. 1850, Doc. <span style=\"color: #0000ff;\"><a style=\"color: #0000ff;\" href=\"https:\/\/memoriasdehacienda.institutomora.edu.mx\/wp-content\/uploads\/014CORREOS1849-50.xls\">14<\/a><\/span> (30)<\/p>\n<p>Loter\u00eda, Renta de, jul. 1849-jun. 1850, Doc. <span style=\"color: #0000ff;\"><a style=\"color: #0000ff;\" href=\"https:\/\/memoriasdehacienda.institutomora.edu.mx\/wp-content\/uploads\/015LOTERIA1849-50.xls\">15<\/a><\/span> (30)<\/p>\n<p>Papel sellado, Renta de Doc.<span style=\"color: #0000ff;\"> <a style=\"color: #0000ff;\" href=\"https:\/\/memoriasdehacienda.institutomora.edu.mx\/wp-content\/uploads\/016PAPELSELLADO1849-50.xls\">16<\/a> <\/span>(30)<\/p>\n<p>Casas de Moneda y Apartado, jul. 1849-jun. 1850, Doc. <span style=\"color: #0000ff;\"><a style=\"color: #0000ff;\" href=\"https:\/\/memoriasdehacienda.institutomora.edu.mx\/wp-content\/uploads\/017CASASDEMONEDA1849-50.xls\">17<\/a><\/span> (30)<\/p>\n<p>Salinas, jul. 1849-jun. 1850, Doc. <span style=\"color: #0000ff;\"><a style=\"color: #0000ff;\" href=\"https:\/\/memoriasdehacienda.institutomora.edu.mx\/wp-content\/uploads\/018SALINAS1849-50.xls\">18<\/a><\/span> (30)<\/p>\n<p>Bienes Nacionales, jul. 1849-jun. 1850, Doc. <span style=\"color: #0000ff;\"><a style=\"color: #0000ff;\" href=\"https:\/\/memoriasdehacienda.institutomora.edu.mx\/wp-content\/uploads\/019BIENESNACIONALES1849-50.xls\">19<\/a><\/span> (30)<\/p>\n<p>Contingente de los Estados, jul. 1849-jun. 1850, Doc. <span style=\"color: #0000ff;\"><a style=\"color: #0000ff;\" href=\"https:\/\/memoriasdehacienda.institutomora.edu.mx\/wp-content\/uploads\/020CONTINGENTE1849-1850.xls\">20<\/a><\/span> (30)<\/p>\n<p>Contribuciones directas, administraci\u00f3n general de, jul. 1849-jun. 1850, Doc. <span style=\"color: #0000ff;\"><a style=\"color: #0000ff;\" href=\"https:\/\/memoriasdehacienda.institutomora.edu.mx\/wp-content\/uploads\/021CONTRIBUCIONESDIRECTAS1849-50.xls\">21<\/a><\/span> (30)<\/p>\n<p>Contribuciones, descuento sobre sueldos y salarios, jul. 1849-jun. 1850, Doc. <span style=\"color: #0000ff;\"><a style=\"color: #0000ff;\" href=\"https:\/\/memoriasdehacienda.institutomora.edu.mx\/wp-content\/uploads\/022CONTRIBUCIONESDIRECTAS1849-50.xls\">22<\/a><\/span> (30)<\/p>\n<p>Inv\u00e1lidos, Un centavo por peso para Establecimiento Nacional de<\/p>\n<p>Inv\u00e1lidos (decreto del 2 de enero de 1842), jul. 1849-jun. 1850, Doc. <span style=\"color: #0000ff;\"><a style=\"color: #0000ff;\" href=\"https:\/\/memoriasdehacienda.institutomora.edu.mx\/wp-content\/uploads\/023INVALIDOS1849-50.xls\">23<\/a><\/span> (30)<\/p>\n<p>Montep\u00edo Civil, jul. 1849-jun. 1850, Doc.<span style=\"color: #0000ff;\"> <a style=\"color: #0000ff;\" href=\"https:\/\/memoriasdehacienda.institutomora.edu.mx\/wp-content\/uploads\/024MONTEPIOCIVIL1849-50.xls\">24<\/a><\/span> (30)<\/p>\n<p>Montep\u00edo Militar, jul. 1849-jun. 1850, Doc. <span style=\"color: #0000ff;\"><a style=\"color: #0000ff;\" href=\"https:\/\/memoriasdehacienda.institutomora.edu.mx\/wp-content\/uploads\/025MONTEPIOMILITAR1849-50.xls\">25<\/a><\/span> (30)<\/p>\n<p>Derecho de Fortificaci\u00f3n de Veracruz, jul. 1849-jun. 1850, Doc. <span style=\"color: #0000ff;\"><a style=\"color: #0000ff;\" href=\"https:\/\/memoriasdehacienda.institutomora.edu.mx\/wp-content\/uploads\/026DERECHOFORTIFICACION1849-50.xls\">26<\/a><\/span> (30)<\/p>\n<p>Peajes, jul. 1849-jun. 1850, Doc. <span style=\"color: #0000ff;\"><a style=\"color: #0000ff;\" href=\"https:\/\/memoriasdehacienda.institutomora.edu.mx\/wp-content\/uploads\/027PEAGES1849-50.xls\">27<\/a><\/span> (30)<\/p>\n<p>Derechos de quintos y ensaye, jul. 1849-jun. 1850, Doc. <span style=\"color: #0000ff;\"><a style=\"color: #0000ff;\" href=\"https:\/\/memoriasdehacienda.institutomora.edu.mx\/wp-content\/uploads\/028DERECHOSQUINTOSYENSAYE1849-50.xls\">28<\/a><\/span> (30)<\/p>\n<p>Derechos de miner\u00eda, jul. 1849-jun. 1850, Doc. <span style=\"color: #0000ff;\"><a style=\"color: #0000ff;\" href=\"https:\/\/memoriasdehacienda.institutomora.edu.mx\/wp-content\/uploads\/029DERECHOSDEMINERIA1849-50.xls\">29<\/a><\/span> (30)<\/p>\n<p>Derecho municipal a un real por tercio (27 de octubre de 1842), jul. 1849-jun. 1850, Doc. <span style=\"color: #0000ff;\"><a style=\"color: #0000ff;\" href=\"https:\/\/memoriasdehacienda.institutomora.edu.mx\/wp-content\/uploads\/030DERECHOMUNICIPAL1849-50.xls\">30<\/a><\/span> (30)<\/p>\n<p>Derechos de pasaportes, cartas de seguridad y certificaciones de firmas, jul. 1849-jun. 1850, Doc. <span style=\"color: #0000ff;\"><a style=\"color: #0000ff;\" href=\"https:\/\/memoriasdehacienda.institutomora.edu.mx\/wp-content\/uploads\/031DERECHOSPASAPORTES1849-50.xls\">31<\/a><\/span> (30)<\/p>\n<p>Deuda p\u00fablica, Indeminizaci\u00f3n de los Estados Unidos del Norte a la Rep\u00fablica Mexicana con arreglo a los tratados celebrados en 2 febrero 1848, jul. 1849-jun. 1850, Doc. <span style=\"color: #0000ff;\"><a style=\"color: #0000ff;\" href=\"https:\/\/memoriasdehacienda.institutomora.edu.mx\/wp-content\/uploads\/032INDEMNIZACION1849-50.xls\">32<\/a><\/span> (30)<\/p>\n<p>Permiso para la exportaci\u00f3n de 2,000,000 de pesos en platas pastas o mixtas, concedido por suprema orden de 18 marzo<\/p>\n<p>1846, jul. 1849-jun. 1850, Doc. <span style=\"color: #0000ff;\"><a style=\"color: #0000ff;\" href=\"https:\/\/memoriasdehacienda.institutomora.edu.mx\/wp-content\/uploads\/033PERMISOEXPORTACION1849-50.xls\">33<\/a><\/span> (30)<\/p>\n<p>Alcances de cuentas, jul. 1849-jun. 1850, Doc. <span style=\"color: #0000ff;\"><a style=\"color: #0000ff;\" href=\"https:\/\/memoriasdehacienda.institutomora.edu.mx\/wp-content\/uploads\/034ALCANCESDECUENTAS1849-50.xls\">34<\/a> <\/span>(30)<\/p>\n<p>Aprovechamientos, jul. 1849-jun. 1850, Doc. <span style=\"color: #0000ff;\"><a style=\"color: #0000ff;\" href=\"https:\/\/memoriasdehacienda.institutomora.edu.mx\/wp-content\/uploads\/035APROVECHAMIENTOS1849-50.xls\">35<\/a><\/span> (30)<\/p>\n<p>Comisos, jul. 1849-jun. 1850, Doc.<span style=\"color: #0000ff;\"> <a style=\"color: #0000ff;\" href=\"https:\/\/memoriasdehacienda.institutomora.edu.mx\/wp-content\/uploads\/036COMISOS1849-50.xls\">36<\/a><\/span> (30)<\/p>\n<p>Hospitales, Dos por cientos para (19 febrero 1845), jul. 1849-jun. 1850, Doc. <span style=\"color: #0000ff;\"><a style=\"color: #0000ff;\" href=\"https:\/\/memoriasdehacienda.institutomora.edu.mx\/wp-content\/uploads\/037DOSPORCIENTOHOSPITALES1849-50.xls\">37<\/a><\/span> (30)<\/p>\n<p>Cr\u00e9ditos activos, jul. 1849-jun. 1850, Doc.<span style=\"color: #0000ff;\"><a style=\"color: #0000ff;\" href=\"https:\/\/memoriasdehacienda.institutomora.edu.mx\/wp-content\/uploads\/038CREDITOSACTIVOS1849-50.xls\"> 38<\/a><\/span> (30)<\/p>\n<p>Dep\u00f3sitos generales, jul. 1849-jun. 1850, Doc. <span style=\"color: #0000ff;\"><a style=\"color: #0000ff;\" href=\"https:\/\/memoriasdehacienda.institutomora.edu.mx\/wp-content\/uploads\/039DEPOSITOSGRALES1849-50.xls\">39<\/a><\/span> (30)<\/p>\n<p>Donativos, jul. 1849-jun. 1850, Doc.<span style=\"color: #0000ff;\"> <a style=\"color: #0000ff;\" href=\"https:\/\/memoriasdehacienda.institutomora.edu.mx\/wp-content\/uploads\/040DONATIVOS1849-50.xls\">40<\/a><\/span> (30)<\/p>\n<p>Multas, jul. 1849-jun. 1850, Doc. <span style=\"color: #0000ff;\"><a style=\"color: #0000ff;\" href=\"https:\/\/memoriasdehacienda.institutomora.edu.mx\/wp-content\/uploads\/041MULTAS1849-50.xls\">41<\/a><\/span> (30)<\/p>\n<p>Premio de Cambio, jul. 1849-jun. 1850, Doc. <span style=\"color: #0000ff;\"><a style=\"color: #0000ff;\" href=\"https:\/\/memoriasdehacienda.institutomora.edu.mx\/wp-content\/uploads\/042PREMIODECAMBIO1849-50.xls\">42<\/a><\/span> (30)<\/p>\n<p>Reintegros, jul. 1849-jun. 1850, Doc. <span style=\"color: #0000ff;\"><a style=\"color: #0000ff;\" href=\"https:\/\/memoriasdehacienda.institutomora.edu.mx\/wp-content\/uploads\/043REINTEGROS1849-50.xls\">43<\/a><\/span> (30)<\/p>\n<p>Derechos de privilegios exclusivos, jul. 1849-jun. 1850, Doc. <span style=\"color: #0000ff;\"><a style=\"color: #0000ff;\" href=\"https:\/\/memoriasdehacienda.institutomora.edu.mx\/wp-content\/uploads\/044DERECHOSDEPRIVILEGIOS1849-50.xls\">44<\/a><\/span> (30)<\/p>\n<p>Deuda p\u00fablica, Pr\u00e9stamos, jul. 1849-jun. 1850, Doc. <span style=\"color: #0000ff;\"><a style=\"color: #0000ff;\" href=\"https:\/\/memoriasdehacienda.institutomora.edu.mx\/wp-content\/uploads\/045PRESTAMOS1849-50.xls\">45<\/a><\/span> (30)<\/p>\n<p>Deuda p\u00fablica externa, Conversi\u00f3n de la deuda exterior, jul. 1849-jun. 1850, Doc. <span style=\"color: #0000ff;\"><a style=\"color: #0000ff;\" href=\"https:\/\/memoriasdehacienda.institutomora.edu.mx\/wp-content\/uploads\/046CONVERSIONDEUDA1849-50.xls\">46<\/a><\/span> (30)<\/p>\n<p>Cuenta del erario federal, Ingresos ordinarios, jul. 1849-jun. 1850, Doc. <span style=\"color: #0000ff;\"><a style=\"color: #0000ff;\" href=\"https:\/\/memoriasdehacienda.institutomora.edu.mx\/wp-content\/uploads\/047INGRESOSESTRAORDINARIOSHDA1849-50.xls\">47<\/a><\/span> (30)<\/p>\n<p>Egresos<br \/>\nCuenta del erario federal, Gastos generales de administraci\u00f3n, jul. 1849-jun. 1850, Doc. <span style=\"color: #0000ff;\"><a style=\"color: #0000ff;\" href=\"https:\/\/memoriasdehacienda.institutomora.edu.mx\/wp-content\/uploads\/048GASTOSADMINISTRACION1849-50-2.xls\">48<\/a><\/span>&nbsp;(30)<\/p>\n<p>Cuenta del erario federal, Distribuci\u00f3n de los productos l\u00edquidos de los ramos que forman el erario nacional, [Doc. 49] (30)<\/p>\n<p>Ministerio de Relaciones, jul. 1849-jun. 1850, [Doc. 49] (30)<\/p>\n<p>Ministerio de Justicia e Instrucci\u00f3n P\u00fablica, jul. 1849-jun. 1850, [Doc. 49] (30)<\/p>\n<p>Ministerio de Guerra y Marina, jul. 1849-jun. 1850, [Doc. 49] (30)<\/p>\n<p>Ministerio de Hacienda, jul. 1849-jun. 1850, [Doc. <span style=\"color: #0000ff;\"><a style=\"color: #0000ff;\" href=\"https:\/\/memoriasdehacienda.institutomora.edu.mx\/wp-content\/uploads\/049HACIENDAres.xls\">49<\/a><\/span>] (30)<\/p>\n<p>Existencias, Noticia de las, junio 1850, [Doc. 50] (30)<\/p>\n<p>Cuenta del erario federal, Noticia de los productos l\u00edquidos de las rentas, jul. 1849-jun. 1850, [Doc.<span style=\"color: #0000ff;\"><a style=\"color: #0000ff;\" href=\"https:\/\/memoriasdehacienda.institutomora.edu.mx\/wp-content\/uploads\/051NOTICIAPRODUCTOSLIQUIDOS1849-50.xls\"> 51<\/a><\/span>] (30)<\/p>\n<p>Presupuesto, Estado general de los gastos para el cuarto a\u00f1o econ\u00f3mico, jul. 1851-jun. 1852, [Doc. 52] (30)<\/p>\n<p>Presupuesto, Ministerio de Relaciones, jul. 1851-jun. 1852, [Doc. 53] (30)<\/p>\n<p>Presupuesto, Ministerio de Justicia, jul. 1851-jun. 1852, [Doc.<span style=\"color: #0000ff;\"> <a style=\"color: #0000ff;\" href=\"https:\/\/memoriasdehacienda.institutomora.edu.mx\/wp-content\/uploads\/054PRESUPUESTOJUSTICIA1851-1852.xls\">54<\/a><\/span>] (30)<\/p>\n<p>Presupuesto, Ministerio de Hacienda, jul. 1851-jun. 1852, [Doc. <span style=\"color: #0000ff;\"><a style=\"color: #0000ff;\" href=\"https:\/\/memoriasdehacienda.institutomora.edu.mx\/wp-content\/uploads\/055PRESUPUESTOHACIENDA1851-1852.xls\">55<\/a><\/span>] (30)<\/p>\n<p>Presupuesto, Ministerio de Guerra y Marina, jul. 1851-jun. 1852, [Doc. <span style=\"color: #0000ff;\"><a style=\"color: #0000ff;\" href=\"https:\/\/memoriasdehacienda.institutomora.edu.mx\/wp-content\/uploads\/056PRESUPUESTOGUERRA1851-1852.xls\">56<\/a><\/span>] (30)<\/p>\n<p>[\/read]<\/p>\n<div><\/div>\n","protected":false},"excerpt":{"rendered":"<p>(30) Memoria de la Hacienda Nacional de la Rep\u00fablica Mexicana presentada por el Secretario del Ramo en julio de 1851. M\u00e9xico, O&#8217;Sullivan y Nolan, Impresores, 1851, 8 [54] pp., cuadros, tablas, 49 estad\u00edsticas. Firmada por Manuel Pi\u00f1a y Cuevas (18 de julio de 1851). Per\u00edodo: 1849-1850. Se localiza:&nbsp;,&nbsp;,&nbsp;, , ,&nbsp;, , ,&nbsp;. Tiene anexos, cuadros<\/p>\n<p><a href=\"https:\/\/memoriasdehacienda.institutomora.edu.mx\/?page_id=605\" class=\"more-link themebutton\">Read More<\/a><\/p>\n","protected":false},"author":2,"featured_media":0,"parent":0,"menu_order":0,"comment_status":"closed","ping_status":"closed","template":"","meta":[],"_links":{"self":[{"href":"https:\/\/memoriasdehacienda.institutomora.edu.mx\/index.php?rest_route=\/wp\/v2\/pages\/605"}],"collection":[{"href":"https:\/\/memoriasdehacienda.institutomora.edu.mx\/index.php?rest_route=\/wp\/v2\/pages"}],"about":[{"href":"https:\/\/memoriasdehacienda.institutomora.edu.mx\/index.php?rest_route=\/wp\/v2\/types\/page"}],"author":[{"embeddable":true,"href":"https:\/\/memoriasdehacienda.institutomora.edu.mx\/index.php?rest_route=\/wp\/v2\/users\/2"}],"replies":[{"embeddable":true,"href":"https:\/\/memoriasdehacienda.institutomora.edu.mx\/index.php?rest_route=%2Fwp%2Fv2%2Fcomments&post=605"}],"version-history":[{"count":19,"href":"https:\/\/memoriasdehacienda.institutomora.edu.mx\/index.php?rest_route=\/wp\/v2\/pages\/605\/revisions"}],"predecessor-version":[{"id":8661,"href":"https:\/\/memoriasdehacienda.institutomora.edu.mx\/index.php?rest_route=\/wp\/v2\/pages\/605\/revisions\/8661"}],"wp:attachment":[{"href":"https:\/\/memoriasdehacienda.institutomora.edu.mx\/index.php?rest_route=%2Fwp%2Fv2%2Fmedia&parent=605"}],"curies":[{"name":"wp","href":"https:\/\/api.w.org\/{rel}","templated":true}]}}