{"id":607,"date":"2016-04-07T13:01:43","date_gmt":"2016-04-07T19:01:43","guid":{"rendered":"http:\/\/memoriasdehacienda.colmex.mx\/mhwp\/?page_id=607"},"modified":"2017-07-31T18:25:34","modified_gmt":"2017-08-01T00:25:34","slug":"memoria-31","status":"publish","type":"page","link":"https:\/\/memoriasdehacienda.institutomora.edu.mx\/?page_id=607","title":{"rendered":"Memoria 31 (1850)"},"content":{"rendered":"<p><span style=\"color: #ff6600;\"><strong><span style=\"font-size: 11pt;\">(31) Exposici\u00f3n que dirige al Excelent\u00edsimo Se\u00f1or Presidente de la Rep\u00fablica, su ministro de Hacienda ciudadano Jos\u00e9 Ignacio Esteva. M\u00e9xico, Imprenta Vicente Garc\u00eda Torres, 1851, 112 pp., cuadros, tablas.<\/span><\/strong><\/span><\/p>\n<p style=\"text-align: justify;\"><span style=\"color: #000000;\">Firmada por Jos\u00e9 Ignacio Esteva (28 de marzo de 1851).<\/span><\/p>\n<p style=\"text-align: justify;\"><span style=\"color: #000000;\">Per\u00edodo: \u00bf1849?-1850.<\/span><\/p>\n<p style=\"text-align: justify;\"><span style=\"color: #000000;\">Se localiza: <span class=\"tooltips \" style=\"\" title=\"Biblioteca Nacional de M\u00e9xico-Colecci\u00f3n de Libros Raros y Curiosos, Fondo Reservado, UNAM.\">BNLR<\/span>, <span class=\"tooltips \" style=\"\" title=\"Biblioteca del Instituto de Investigaciones Hist\u00f3ricas, UNAM.\">BIIH<\/span>.<\/span><\/p>\n<p style=\"text-align: justify;\"><strong><span style=\"color: #000000;\">Tiene anexos, cuadros y tablas.<\/span><\/strong><\/p>\n<p style=\"text-align: justify;\"><strong><span style=\"color: #000000;\">S\u00edntesis del contenido:<\/span><\/strong><\/p>\n<p style=\"text-align: justify;\"><span style=\"color: #000000;\">En este texto del 28 de marzo de 1851, el ministro Esteva hace hincapi\u00e9 en que la Hacienda P\u00fablica est\u00e1 en completa desorganizaci\u00f3n no s\u00f3lo por la falta de recursos sino tambi\u00e9n por las deficiencias en el sistema de recaudaci\u00f3n, la administraci\u00f3n y la inversi\u00f3n de los impuestos. En estas condiciones, y mientras el gobierno no tuviera los medios de subsistencia, resulta vano tratar de asegurar el cr\u00e9dito p\u00fablico porque no existe solvencia.<\/span><\/p>\n<p style=\"text-align: justify;\"><span style=\"color: #000000;\">Seg\u00fan el ministro, los c\u00e1lculos administrativos realizados para el a\u00f1o econ\u00f3mico de 1851-1852 marcan un d\u00e9ficit de m\u00e1s de cuatro millones. Si a \u00e9ste se agrega el existente del a\u00f1o econ\u00f3mico 1850-1851 el d\u00e9ficit del per\u00edodo 1850-1852 ascend\u00eda a m\u00e1s de 13 millones de pesos, cantidad que se podr\u00eda reducir a casi nueve millones si se hac\u00edan los ajustes necesarios.<\/span><\/p>\n<p style=\"text-align: justify;\"><span style=\"color: #000000;\">Para salir de la crisis Esteva propone que se cubra el deficiente se\u00f1alado, pero sin comprometer las rentas actuales del gobierno, de manera que al terminar el a\u00f1o econ\u00f3mico 1851-1852 el Estado est\u00e9 en condiciones de pagar los r\u00e9ditos de la deuda y amortizar la cantidad utilizada para cubrir el deficiente.<\/span><\/p>\n<p style=\"text-align: justify;\"><span style=\"color: #000000;\">La gran opci\u00f3n y la panacea del pa\u00eds ser\u00eda el cr\u00e9dito, pero la misma insolvencia de la naci\u00f3n presupone la poca disposici\u00f3n de los acreedores a colaborar con el gobierno. Este es el caso de Inglaterra y Francia, al igual que de los prestamistas internos. Esteva sugiere que tal vez se tuviera mejor suerte con Estados Unidos, pero no considera que los financieros de ese pa\u00eds est\u00e9n muy interesados al respecto; por otra parte, este apoyo ser\u00eda mal recibido por muchos que lo considerar\u00edan antinacional.<\/span><\/p>\n<p style=\"text-align: justify;\"><span style=\"color: #000000;\">Por este motivo la \u00fanica soluci\u00f3n posible que vislumbra es la suspensi\u00f3n general de todos los pagos sobre la deuda, quedando diferidos por un per\u00edodo de un a\u00f1o en tanto el gobierno se aboque a mejorar la situaci\u00f3n de la Hacienda P\u00fablica.<\/span><\/p>\n<p style=\"text-align: justify;\"><span style=\"color: #000000;\">Sin embargo, esta medida y la de derogaci\u00f3n de prohibiciones no encontraban apoyo en el gabinete, por lo que a la par de su informe Esteva present\u00f3 tambi\u00e9n su dimisi\u00f3n.<\/span>[read more=&#8221;Ver anexos estad\u00edsticos&#8221; less=&#8221;ver menos&#8221;]<\/p>\n<p><span style=\"color: #0000ff;\"><strong>Documentos intercalados en la parte expositiva:<\/strong><\/span><\/p>\n<p>C\u00e1lculos formados por el Ministro de Hacienda y que se hace referencia en la anterior exposici\u00f3n:<\/p>\n<p>Deuda p\u00fablica, C\u00e1lculo de lo que se les deber\u00e1 pagar a los acreedores, con base a la ley de 30 de noviembre de 1850, pp. 25-28, Doc. 1 (31)<\/p>\n<p>Cuenta del erario federal, Fondo de la indemnizaci\u00f3n norteamericana, pp. 29-31, Doc. 2 (31)<\/p>\n<p>Presupuesto de los egresos para el a\u00f1o econ\u00f3mico 1851-1852, destinado al pago de la deuda interior y exterior, pp. 31-35, Doc. 3 (31)<\/p>\n<p>Presupuesto de los ingresos, jul. 1851-jun. 1852, pp. 36-49, Doc. 4 (31)<\/p>\n<p>Presupuesto, C\u00e1lculo del deficiente, jul. 1850-jun. 1851, p. 50, Doc. 5 (31)<\/p>\n<p>Deuda p\u00fablica externa, Cr\u00e9ditos a pagar, marzo 1851, p. 51, Doc. 6 (31)<\/p>\n<p>Deuda p\u00fablica interna, Estado general del deficiente que resultara en la hacienda p{ublica de la conversi\u00f3n de la deuda interior, con arreglo a la ley del 30 de noviembre de 1851, marzo de 1851, pp. 52-53, Doc. 7 (31)<\/p>\n<p>Deuda p\u00fablica, C\u00e1lculo de adeudos a empleados de Hacienda, marzo de 1851, 54-55, Doc. 8 (31)<\/p>\n<p>Presupuesto, C\u00e1lculo de ingresos y egresos, marzo de 1851, pp. 55-57, Doc. 9 (31)<\/p>\n<p>Datos producidos por las oficinas en virtud de ordenes del Ministerio para que sirvieran de base a los c\u00e1lculos del Ministro, marzo de 1851, pp. 59-62, (31)<\/p>\n<p>Deuda p\u00fablica, Noticia que manifiesta el n\u00famero y clases de cr\u00e9ditos a pagar, p. [62 bis], marzo de 1851, Doc. A (31)<\/p>\n<p>Deuda p\u00fablica, C\u00e1lculo de lo consignado de la indemnizaci\u00f3n americana, pp. 63-65, 1851-1852, Doc. B (31)<\/p>\n<p>Deuda p\u00fablica interna, marzo de 1851, pp. 66-68, Doc. C (31)<\/p>\n<p>Deuda p\u00fablica, Noticia de las cantidades que se adeudan por sentencias judiciales, marzo de 1851, pp. 68-69, Doc. D (31)<\/p>\n<p>Cuenta del erario p\u00fablico, Noticia de los ingresos y egresos del erario nacional durante 8 meses, ordenada el 14 de mayo de 1851, sep. 1850-may. 1851, pp. 69-70, Doc. E (31)<\/p>\n<p>Cuenta del erario p\u00fablico, C\u00e1lculo que forma la Tesorer\u00eda General de los ingresos y egresos durante los cuatro \u00faltimos meses, feb.-may. de 1851, p. 70, Doc. F (31)<\/p>\n<p>Deuda p\u00fablica, Liquidaci\u00f3n del fondo de indemnizaci\u00f3n americana, 1851-1852, pp. 72-73, Doc. G (31)<\/p>\n<p>Cuenta del erario federal, Productos l\u00edquidos de las Rentas, 1851-1852, pp. 73-75, Doc. H831)<\/p>\n<p>Presupuesto de los cuatro ministerios, nov. de 1849, pp. 75-76, Doc. I (31)<\/p>\n<p>Deuda p\u00fablica externa, Noticia de los r\u00e9ditos de la, marzo de 1851, pp. 76-77, Doc. J (31)<\/p>\n<p>Deuda p\u00fablica interna, Monto y recursos para su liquidaci\u00f3n, marzo de 1851, p. 78, Doc. K (31)<\/p>\n<p>[\/read]<\/p>\n<div><\/div>\n","protected":false},"excerpt":{"rendered":"<p>(31) Exposici\u00f3n que dirige al Excelent\u00edsimo Se\u00f1or Presidente de la Rep\u00fablica, su ministro de Hacienda ciudadano Jos\u00e9 Ignacio Esteva. M\u00e9xico, Imprenta Vicente Garc\u00eda Torres, 1851, 112 pp., cuadros, tablas. Firmada por Jos\u00e9 Ignacio Esteva (28 de marzo de 1851). Per\u00edodo: \u00bf1849?-1850. Se localiza: , . Tiene anexos, cuadros y tablas. S\u00edntesis del contenido: En este<\/p>\n<p><a href=\"https:\/\/memoriasdehacienda.institutomora.edu.mx\/?page_id=607\" class=\"more-link themebutton\">Read More<\/a><\/p>\n","protected":false},"author":2,"featured_media":0,"parent":0,"menu_order":0,"comment_status":"closed","ping_status":"closed","template":"","meta":[],"_links":{"self":[{"href":"https:\/\/memoriasdehacienda.institutomora.edu.mx\/index.php?rest_route=\/wp\/v2\/pages\/607"}],"collection":[{"href":"https:\/\/memoriasdehacienda.institutomora.edu.mx\/index.php?rest_route=\/wp\/v2\/pages"}],"about":[{"href":"https:\/\/memoriasdehacienda.institutomora.edu.mx\/index.php?rest_route=\/wp\/v2\/types\/page"}],"author":[{"embeddable":true,"href":"https:\/\/memoriasdehacienda.institutomora.edu.mx\/index.php?rest_route=\/wp\/v2\/users\/2"}],"replies":[{"embeddable":true,"href":"https:\/\/memoriasdehacienda.institutomora.edu.mx\/index.php?rest_route=%2Fwp%2Fv2%2Fcomments&post=607"}],"version-history":[{"count":10,"href":"https:\/\/memoriasdehacienda.institutomora.edu.mx\/index.php?rest_route=\/wp\/v2\/pages\/607\/revisions"}],"predecessor-version":[{"id":8219,"href":"https:\/\/memoriasdehacienda.institutomora.edu.mx\/index.php?rest_route=\/wp\/v2\/pages\/607\/revisions\/8219"}],"wp:attachment":[{"href":"https:\/\/memoriasdehacienda.institutomora.edu.mx\/index.php?rest_route=%2Fwp%2Fv2%2Fmedia&parent=607"}],"curies":[{"name":"wp","href":"https:\/\/api.w.org\/{rel}","templated":true}]}}