{"id":609,"date":"2016-04-07T13:01:59","date_gmt":"2016-04-07T19:01:59","guid":{"rendered":"http:\/\/memoriasdehacienda.colmex.mx\/mhwp\/?page_id=609"},"modified":"2017-07-31T18:28:34","modified_gmt":"2017-08-01T00:28:34","slug":"memoria-32","status":"publish","type":"page","link":"https:\/\/memoriasdehacienda.institutomora.edu.mx\/?page_id=609","title":{"rendered":"Memoria 32 (julio de 1850)"},"content":{"rendered":"<p style=\"text-align: justify;\"><span style=\"color: #ff6600;\"><strong><span style=\"font-size: 11pt;\">(32) Exposici\u00f3n que el Ministro de Hacienda dirige a las C\u00e1maras, al darles cuenta de los recursos con que ha contado el gobierno desde el d\u00eda 3 al 25 de julio de 1850, y de las medidas que ha dictado en diversos ramos de los que forman el erario. M\u00e9xico, Imprenta de la Voz de la Religi\u00f3n, 1850, 15 pp.<\/span><\/strong><\/span><\/p>\n<p style=\"text-align: justify;\"><span style=\"color: #000000;\">Firmada por Manuel Payno (25 de julio de 1850).<\/span><\/p>\n<p style=\"text-align: justify;\"><span style=\"color: #000000;\">Per\u00edodo: julio de 1850.<\/span><\/p>\n<p style=\"text-align: justify;\"><span style=\"color: #000000;\">Se localiza: <span class=\"tooltips \" style=\"\" title=\"Biblioteca Nacional de M\u00e9xico-Colecci\u00f3n de Libros Raros y Curiosos, Fondo Reservado, UNAM.\">BNLR<\/span>, <span class=\"tooltips \" style=\"\" title=\"Biblioteca Nacional de M\u00e9xico-Colecci\u00f3n Lafragua, Fondo Reservado, UNAM.\">BNCL<\/span>.<\/span><\/p>\n<p style=\"text-align: justify;\"><span style=\"color: #000000;\"><strong>No tiene anexos.<\/strong><\/span><\/p>\n<p style=\"text-align: justify;\"><span style=\"color: #000000;\"><strong>S\u00edntesis del contenido:<\/strong><\/span><\/p>\n<p style=\"text-align: justify;\"><span style=\"color: #000000;\">En esta exposici\u00f3n Payno refiere que cuando se hizo cargo del ministerio, el 3 de julio, los fondos de \u00e9ste no pasaban de un total de 13 mil pesos, en tanto que las deudas eran enormes. A pesar de que intent\u00f3 solucionar dichos pagos con las libranzas de las aduanas de Veracruz y Tampico, los gastos no s\u00f3lo no disminuyeron sino que aumentaron debido a la epidemia de c\u00f3lera que invadi\u00f3 la capital del pa\u00eds y otros Estados. Ante estas circunstancias, muchos pidieron la suspensi\u00f3n general de pagos de la deuda, y recomendaron refaccionar cr\u00e9ditos y concesionar el negocio de importaci\u00f3n del algod\u00f3n. El gobierno rechaz\u00f3 tales medidas por considerarlas lesivas a la credibilidad y econom\u00eda del pa\u00eds, prefiriendo obtener un pr\u00e9stamo interno de particulares para solventar las necesidades inmediatas. A pesar de lo cr\u00edtico del momento, Payno esperaba que se pudiera lograr el arreglo de la Hacienda con las medidas que estaba llevando a cabo, incluyendo reorganizaci\u00f3n de las aduanas, resguardos en las fronteras, mayor vigilancia en los caminos para evitar el contrabando y reformas de correos y otras rentas.<\/span><\/p>\n","protected":false},"excerpt":{"rendered":"<p>(32) Exposici\u00f3n que el Ministro de Hacienda dirige a las C\u00e1maras, al darles cuenta de los recursos con que ha contado el gobierno desde el d\u00eda 3 al 25 de julio de 1850, y de las medidas que ha dictado en diversos ramos de los que forman el erario. M\u00e9xico, Imprenta de la Voz de<\/p>\n<p><a href=\"https:\/\/memoriasdehacienda.institutomora.edu.mx\/?page_id=609\" class=\"more-link themebutton\">Read More<\/a><\/p>\n","protected":false},"author":2,"featured_media":0,"parent":0,"menu_order":0,"comment_status":"closed","ping_status":"closed","template":"","meta":[],"_links":{"self":[{"href":"https:\/\/memoriasdehacienda.institutomora.edu.mx\/index.php?rest_route=\/wp\/v2\/pages\/609"}],"collection":[{"href":"https:\/\/memoriasdehacienda.institutomora.edu.mx\/index.php?rest_route=\/wp\/v2\/pages"}],"about":[{"href":"https:\/\/memoriasdehacienda.institutomora.edu.mx\/index.php?rest_route=\/wp\/v2\/types\/page"}],"author":[{"embeddable":true,"href":"https:\/\/memoriasdehacienda.institutomora.edu.mx\/index.php?rest_route=\/wp\/v2\/users\/2"}],"replies":[{"embeddable":true,"href":"https:\/\/memoriasdehacienda.institutomora.edu.mx\/index.php?rest_route=%2Fwp%2Fv2%2Fcomments&post=609"}],"version-history":[{"count":7,"href":"https:\/\/memoriasdehacienda.institutomora.edu.mx\/index.php?rest_route=\/wp\/v2\/pages\/609\/revisions"}],"predecessor-version":[{"id":8221,"href":"https:\/\/memoriasdehacienda.institutomora.edu.mx\/index.php?rest_route=\/wp\/v2\/pages\/609\/revisions\/8221"}],"wp:attachment":[{"href":"https:\/\/memoriasdehacienda.institutomora.edu.mx\/index.php?rest_route=%2Fwp%2Fv2%2Fmedia&parent=609"}],"curies":[{"name":"wp","href":"https:\/\/api.w.org\/{rel}","templated":true}]}}