{"id":611,"date":"2016-04-07T13:02:51","date_gmt":"2016-04-07T19:02:51","guid":{"rendered":"http:\/\/memoriasdehacienda.colmex.mx\/mhwp\/?page_id=611"},"modified":"2017-08-01T14:48:50","modified_gmt":"2017-08-01T20:48:50","slug":"memoria-33","status":"publish","type":"page","link":"https:\/\/memoriasdehacienda.institutomora.edu.mx\/?page_id=611","title":{"rendered":"Memoria 33 (julio de 1850)"},"content":{"rendered":"<p><strong><span style=\"font-size: 11pt; color: #ff6600;\">(33) Exposici\u00f3n que dirige a la C\u00e1mara el Ministro de Hacienda, en solicitud de los auxilios indispensables para la marcha de la administraci\u00f3n p\u00fablica. M\u00e9xico, Imprenta a la Voz de la Religi\u00f3n, 1850, 8 pp.<\/span><\/strong><\/p>\n<p style=\"text-align: justify;\"><span style=\"color: #000000;\">Firmada por Manuel Payno (9 de agosto de 1850)<\/span><\/p>\n<p style=\"text-align: justify;\"><span style=\"color: #000000;\">Per\u00edodo: julio de 1850.<\/span><\/p>\n<p style=\"text-align: justify;\"><span style=\"color: #000000;\">Se localiza:\u00a0<span class=\"tooltips \" style=\"\" title=\"Biblioteca Nacional de M\u00e9xico-Colecci\u00f3n de Libros Raros y Curiosos, Fondo Reservado, UNAM.\">BNLR<\/span>, <span class=\"tooltips \" style=\"\" title=\"Biblioteca del Instituto de Investigaciones &quot;Dr. Jos\u00e9 Mar\u00eda Luis Mora&quot; (material en micropel\u00edcula).\">BIM-Mfilm<\/span>,\u00a0<span class=\"tooltips \" style=\"\" title=\"Biblioteca &quot;Daniel Cos\u00edo Villegas&quot;, El Colegio de M\u00e9xico (material en micropel\u00edcula).\">BColmex-Mfilm<\/span>.<\/span><\/p>\n<p style=\"text-align: justify;\"><strong><span style=\"color: #000000;\">No tiene anexos.<\/span><\/strong><\/p>\n<p style=\"text-align: justify;\"><strong><span style=\"color: #000000;\">S\u00edntesis del contenido:<\/span><\/strong><\/p>\n<p style=\"text-align: justify;\"><span style=\"color: #000000;\">Presentada el 9 de agosto de 1850, en ella Manuel Payno se\u00f1ala que los egresos de la administraci\u00f3n eran de m\u00e1s de quinientos mil pesos, pero el erario disponible en los cuarenta d\u00edas anteriores no hab\u00eda sido m\u00e1s que de doscientos mil. Esta diferencia hac\u00eda que desde mayo no se cubrieran buena parte de los gastos de guarniciones y empleados del gobierno en todo el pa\u00eds.<\/span><\/p>\n<p style=\"text-align: justify;\"><span style=\"color: #000000;\">Adem\u00e1s, la situaci\u00f3n se complicaba debido a que Veracruz continuaba invadida por el c\u00f3lera y el v\u00f3mito, Yucat\u00e1n ten\u00eda problemas en la guarnici\u00f3n por falta de dinero y por la guerra contra los mayas, Durango y Chihuahua estaban amenazados por posibles ataques de grupos b\u00e1rbaros. Pese a ello, Payno se\u00f1ala que se conserva la paz interior ya que no hay guerra de hermanos contra hermanos.<\/span><\/p>\n<p style=\"text-align: justify;\"><span style=\"color: #000000;\">Sin embargo, como las conmociones y la crisis pod\u00edan amenazar la estabilidad del pa\u00eds, el ministro se\u00f1ala que para asegurar los cr\u00e9ditos necesarios se manten\u00eda intacto el fondo para el pago de las deudas nacional y extranjera, aparte de que en el primer caso se les otorgaban garant\u00edas con un certificado sobre la indemnizaci\u00f3n de los norteamericanos a M\u00e9xico.<\/span><\/p>\n<p style=\"text-align: justify;\"><span style=\"color: #000000;\">Entre las medidas que servir\u00edan para disminuir la desorganizaci\u00f3n menciona la persecuci\u00f3n del contrabando, un mayor control de las aduanas, y reformas en el manejo de las rentas del tabaco.<\/span><\/p>\n","protected":false},"excerpt":{"rendered":"<p>(33) Exposici\u00f3n que dirige a la C\u00e1mara el Ministro de Hacienda, en solicitud de los auxilios indispensables para la marcha de la administraci\u00f3n p\u00fablica. M\u00e9xico, Imprenta a la Voz de la Religi\u00f3n, 1850, 8 pp. Firmada por Manuel Payno (9 de agosto de 1850) Per\u00edodo: julio de 1850. Se localiza:\u00a0, ,\u00a0. No tiene anexos. S\u00edntesis<\/p>\n<p><a href=\"https:\/\/memoriasdehacienda.institutomora.edu.mx\/?page_id=611\" class=\"more-link themebutton\">Read More<\/a><\/p>\n","protected":false},"author":2,"featured_media":0,"parent":0,"menu_order":0,"comment_status":"closed","ping_status":"closed","template":"","meta":[],"_links":{"self":[{"href":"https:\/\/memoriasdehacienda.institutomora.edu.mx\/index.php?rest_route=\/wp\/v2\/pages\/611"}],"collection":[{"href":"https:\/\/memoriasdehacienda.institutomora.edu.mx\/index.php?rest_route=\/wp\/v2\/pages"}],"about":[{"href":"https:\/\/memoriasdehacienda.institutomora.edu.mx\/index.php?rest_route=\/wp\/v2\/types\/page"}],"author":[{"embeddable":true,"href":"https:\/\/memoriasdehacienda.institutomora.edu.mx\/index.php?rest_route=\/wp\/v2\/users\/2"}],"replies":[{"embeddable":true,"href":"https:\/\/memoriasdehacienda.institutomora.edu.mx\/index.php?rest_route=%2Fwp%2Fv2%2Fcomments&post=611"}],"version-history":[{"count":6,"href":"https:\/\/memoriasdehacienda.institutomora.edu.mx\/index.php?rest_route=\/wp\/v2\/pages\/611\/revisions"}],"predecessor-version":[{"id":8224,"href":"https:\/\/memoriasdehacienda.institutomora.edu.mx\/index.php?rest_route=\/wp\/v2\/pages\/611\/revisions\/8224"}],"wp:attachment":[{"href":"https:\/\/memoriasdehacienda.institutomora.edu.mx\/index.php?rest_route=%2Fwp%2Fv2%2Fmedia&parent=611"}],"curies":[{"name":"wp","href":"https:\/\/api.w.org\/{rel}","templated":true}]}}